{"id":1948,"date":"2024-02-06T16:57:20","date_gmt":"2024-02-06T16:57:20","guid":{"rendered":"https:\/\/allincontainer.eu\/?page_id=1948"},"modified":"2025-09-08T15:55:18","modified_gmt":"2025-09-08T12:55:18","slug":"filtry-workowe-rekawowe","status":"publish","type":"page","link":"https:\/\/allincontainer.eu\/pl\/filtry-workowe-rekawowe\/","title":{"rendered":"Filtry workowe (r\u0119kawowe)"},"content":{"rendered":"<div class=\"wpb-content-wrapper\"><p>[vc_row][vc_column width=&#8221;1\/1&#8243;][vc_custom_heading text_color=&#8221;color-jevc&#8221; heading_semantic=&#8221;h1&#8243; uncode_shortcode_id=&#8221;801134&#8243; text_color_type=&#8221;uncode-palette&#8221;]CZYM S\u0104 FILTRY WORKOWE (R\u0118KAWOWE)?[\/vc_custom_heading][\/vc_column][\/vc_row][vc_row][vc_column width=&#8221;1\/1&#8243;][vc_column_text uncode_shortcode_id=&#8221;166157&#8243;]Filtr workowy (r\u0119kawowy) jest wydajnym urz\u0105dzeniem do czyszczenia cz\u0105stek sta\u0142ych, kontroluj\u0105cym emisj\u0119 dwutlenku siarki oraz innych cz\u0105stek do \u015brodowiska. Urz\u0105dzenia te s\u0105 stosowane w przemy\u015ble oraz mniejszych obiektach spalania energetycznego do usuwania cz\u0105stek sta\u0142ych ze spalin. Stosowanie filtr\u00f3w workowych zapewnia realizacj\u0119 Dyrektywy UE 2015\/2193, kt\u00f3ra ma na celu ograniczenie emisji niekt\u00f3rych zanieczyszcze\u0144 do powietrza ze \u015bredniej wielko\u015bci obiekt\u00f3w energetycznego spalania.<\/p>\n<p>All In Container mo\u017ce dostarcza\u0107 filtry workowe o szerokim zastosowaniu, dopasowane do r\u00f3\u017cnych temperatur, st\u0119\u017cenia spalin lub innych indywidualnych specyfikacji.[\/vc_column_text][vc_button button_color=&#8221;color-115100&#8243; radius=&#8221;btn-round&#8221; border_width=&#8221;0&#8243; link=&#8221;url:https%3A%2F%2Fallincontainer.eu%2Fpl%2Fkontaktai%2F|title:Kontaktai|target:_blank&#8221; button_color_type=&#8221;uncode-palette&#8221; uncode_shortcode_id=&#8221;154822&#8243;]KONTAKT[\/vc_button][\/vc_column][\/vc_row][vc_row][vc_column width=&#8221;1\/2&#8243;][vc_custom_heading text_color=&#8221;color-jevc&#8221; text_size=&#8221;h3&#8243; uncode_shortcode_id=&#8221;173340&#8243; text_color_type=&#8221;uncode-palette&#8221;]ZASADA DZIA\u0141ANIA FILTR\u00d3W WORKOWYCH (R\u0118KAWOWYCH)[\/vc_custom_heading][vc_column_text uncode_shortcode_id=&#8221;644726&#8243;]Nasze filtry workowe (r\u0119kawowe) s\u0105 wykonane z wytrzyma\u0142ej i wysokiej jako\u015bci stali, na przyk\u0142ad, ze stali antykorozyjnej lub kwasoodpornej. Filtr workowy All In Container oddziela cz\u0105stki sta\u0142e od gaz\u00f3w spalinowych, gromadz\u0105c je w medium filtracyjnym. Cz\u0105stki sta\u0142e gromadz\u0105 si\u0119 na powierzchni medium filtracyjnego, na kt\u00f3re oddzia\u0142uje odwr\u00f3cony strumie\u0144 powietrza. Medium filtracyjne filtra workowego jest dobierane indywidualnie, w zale\u017cno\u015bci od zamierzonego przeznaczenia filtra: od wysokiej jako\u015bci poliestru po zaawansowane tworzywo z w\u0142\u00f3kna szklanego.<\/p>\n<p>Spaliny trafiaj\u0105 do g\u00f3rnej cz\u0119\u015bci filtra, gdzie odbywa si\u0119 proces stabilizacji spalin. Ta cz\u0119\u015b\u0107 zapewnia r\u00f3wnomierne wykorzystanie ca\u0142ej powierzchni filtra. Cz\u0105stki sta\u0142e s\u0105 oddzielane od spalin na zewn\u0119trznej powierzchni worka filtracyjnego. W\u00f3wczas czysty gaz trafia do wn\u0119trza worka, sk\u0105d jest wydalany na zewn\u0105trz urz\u0105dzenia. Odseparowane cz\u0105stki sta\u0142e trafiaj\u0105 do dolnej cz\u0119\u015bci filtra, gdzie s\u0105 gromadzone i usuwane na zewn\u0105trz filtra workowego.[\/vc_column_text][\/vc_column][vc_column width=&#8221;1\/2&#8243;][vc_single_image media=&#8221;1526&#8243; media_width_percent=&#8221;95&#8243; alignment=&#8221;center&#8221; uncode_shortcode_id=&#8221;396393&#8243;][\/vc_column][\/vc_row][vc_row][vc_column width=&#8221;1\/2&#8243;][vc_single_image media=&#8221;1354&#8243; media_width_percent=&#8221;85&#8243; media_ratio=&#8221;one-one&#8221; uncode_shortcode_id=&#8221;218311&#8243;][\/vc_column][vc_column width=&#8221;1\/2&#8243;][vc_custom_heading text_color=&#8221;color-jevc&#8221; heading_semantic=&#8221;h3&#8243; text_size=&#8221;h3&#8243; uncode_shortcode_id=&#8221;209040&#8243; text_color_type=&#8221;uncode-palette&#8221;]ZALETY FILTR\u00d3W WORKOWYCH (R\u0118KAWOWYCH)[\/vc_custom_heading][vc_column_text uncode_shortcode_id=&#8221;185180&#8243;]<strong>&gt; CHRONI\u0104 \u015aRODOWISKO.<\/strong> Skuteczno\u015b\u0107 filtr\u00f3w workowych w usuwaniu cz\u0105stek sta\u0142ych wynosi do 99%, natomiast kontrola spalin \u2013 do 5 mg\/m2.<\/p>\n<p><strong>&gt; WYSOKA TEMPERATURA PRACY<\/strong> wynosi do 250\u00b0C.<\/p>\n<p><strong>&gt; TRWA\u0141E ORAZ ELASTYCZNE ROZWI\u0104ZANIE.<\/strong> Produkujemy filtry z trwa\u0142ych i wysokiej jako\u015bci materia\u0142\u00f3w. Poza tym, filtr workowy jest mniejszy w por\u00f3wnaniu z innymi technologiami oczyszczania spalin.<\/p>\n<p><strong>&gt; SZYBKA I \u0141ATWA INSTALACJA.<\/strong> Filtry workowe s\u0105 dostarczane w postaci \u0142atwych w monta\u017cu lub nawet jako w ca\u0142o\u015bci zmontowane komponenty, mo\u017cna je zamontowa\u0107 w nowych lub ju\u017c funkcjonuj\u0105cych kot\u0142owniach przy minimalnym czasie przestoju.<\/p>\n<p><strong>&gt; ZAUTOMATYZOWANE FUNKCJONOWANIE.<\/strong> Zasilacz automatycznie kontroluje proces pracy filtra workowego oraz zapewnia najlepsz\u0105 wydajno\u015b\u0107 czyszczenia.[\/vc_column_text][\/vc_column][\/vc_row]<\/p>\n<\/div>","protected":false},"excerpt":{"rendered":"<p>[vc_row][vc_column width=&#8221;1\/1&#8243;][vc_custom_heading text_color=&#8221;color-jevc&#8221; heading_semantic=&#8221;h1&#8243; uncode_shortcode_id=&#8221;801134&#8243; text_color_type=&#8221;uncode-palette&#8221;]CZYM S\u0104 FILTRY WORKOWE (R\u0118KAWOWE)?[\/vc_custom_heading][\/vc_column][\/vc_row][vc_row][vc_column width=&#8221;1\/1&#8243;][vc_column_text uncode_shortcode_id=&#8221;166157&#8243;]Filtr workowy (r\u0119kawowy) jest wydajnym urz\u0105dzeniem do czyszczenia cz\u0105stek [&hellip;]<\/p>\n","protected":false},"author":1,"featured_media":0,"parent":0,"menu_order":0,"comment_status":"closed","ping_status":"closed","template":"","meta":{"footnotes":""},"class_list":["post-1948","page","type-page","status-publish","hentry"],"yoast_head":"<!-- This site is optimized with the Yoast SEO plugin v27.4 - https:\/\/yoast.com\/product\/yoast-seo-wordpress\/ -->\n<title>Filtry workowe (r\u0119kawowe) - AIC<\/title>\n<meta name=\"description\" content=\"Filtr workowy (r\u0119kawowy) jest wydajnym urz\u0105dzeniem do czyszczenia cz\u0105stek sta\u0142ych, kontroluj\u0105cym emisj\u0119 dwutlenku siarki oraz innych...\" \/>\n<meta name=\"robots\" content=\"index, follow, max-snippet:-1, max-image-preview:large, max-video-preview:-1\" \/>\n<link rel=\"canonical\" href=\"https:\/\/allincontainer.eu\/pl\/filtry-workowe-rekawowe\/\" \/>\n<meta property=\"og:locale\" content=\"pl_PL\" \/>\n<meta property=\"og:type\" content=\"article\" \/>\n<meta property=\"og:title\" content=\"Filtry workowe (r\u0119kawowe) - AIC\" \/>\n<meta property=\"og:description\" content=\"Filtr workowy (r\u0119kawowy) jest wydajnym urz\u0105dzeniem do czyszczenia cz\u0105stek sta\u0142ych, kontroluj\u0105cym emisj\u0119 dwutlenku siarki oraz innych...\" \/>\n<meta property=\"og:url\" content=\"https:\/\/allincontainer.eu\/pl\/filtry-workowe-rekawowe\/\" \/>\n<meta property=\"og:site_name\" content=\"AIC\" \/>\n<meta property=\"article:modified_time\" content=\"2025-09-08T12:55:18+00:00\" \/>\n<meta name=\"twitter:card\" content=\"summary_large_image\" \/>\n<meta name=\"twitter:label1\" content=\"Szacowany czas czytania\" \/>\n\t<meta name=\"twitter:data1\" content=\"3 minuty\" \/>\n<script type=\"application\/ld+json\" class=\"yoast-schema-graph\">{\"@context\":\"https:\\\/\\\/schema.org\",\"@graph\":[{\"@type\":\"WebPage\",\"@id\":\"https:\\\/\\\/allincontainer.eu\\\/pl\\\/filtry-workowe-rekawowe\\\/\",\"url\":\"https:\\\/\\\/allincontainer.eu\\\/pl\\\/filtry-workowe-rekawowe\\\/\",\"name\":\"Filtry workowe (r\u0119kawowe) - AIC\",\"isPartOf\":{\"@id\":\"https:\\\/\\\/allincontainer.eu\\\/#website\"},\"datePublished\":\"2024-02-06T16:57:20+00:00\",\"dateModified\":\"2025-09-08T12:55:18+00:00\",\"description\":\"Filtr workowy (r\u0119kawowy) jest wydajnym urz\u0105dzeniem do czyszczenia cz\u0105stek sta\u0142ych, kontroluj\u0105cym emisj\u0119 dwutlenku siarki oraz innych...\",\"breadcrumb\":{\"@id\":\"https:\\\/\\\/allincontainer.eu\\\/pl\\\/filtry-workowe-rekawowe\\\/#breadcrumb\"},\"inLanguage\":\"pl-PL\",\"potentialAction\":[{\"@type\":\"ReadAction\",\"target\":[\"https:\\\/\\\/allincontainer.eu\\\/pl\\\/filtry-workowe-rekawowe\\\/\"]}]},{\"@type\":\"BreadcrumbList\",\"@id\":\"https:\\\/\\\/allincontainer.eu\\\/pl\\\/filtry-workowe-rekawowe\\\/#breadcrumb\",\"itemListElement\":[{\"@type\":\"ListItem\",\"position\":1,\"name\":\"Home\",\"item\":\"https:\\\/\\\/allincontainer.eu\\\/pl\\\/\"},{\"@type\":\"ListItem\",\"position\":2,\"name\":\"Filtry workowe (r\u0119kawowe)\"}]},{\"@type\":\"WebSite\",\"@id\":\"https:\\\/\\\/allincontainer.eu\\\/#website\",\"url\":\"https:\\\/\\\/allincontainer.eu\\\/\",\"name\":\"AIC\",\"description\":\"Filters and Automation\",\"potentialAction\":[{\"@type\":\"SearchAction\",\"target\":{\"@type\":\"EntryPoint\",\"urlTemplate\":\"https:\\\/\\\/allincontainer.eu\\\/?s={search_term_string}\"},\"query-input\":{\"@type\":\"PropertyValueSpecification\",\"valueRequired\":true,\"valueName\":\"search_term_string\"}}],\"inLanguage\":\"pl-PL\"}]}<\/script>\n<!-- \/ Yoast SEO plugin. -->","yoast_head_json":{"title":"Filtry workowe (r\u0119kawowe) - AIC","description":"Filtr workowy (r\u0119kawowy) jest wydajnym urz\u0105dzeniem do czyszczenia cz\u0105stek sta\u0142ych, kontroluj\u0105cym emisj\u0119 dwutlenku siarki oraz innych...","robots":{"index":"index","follow":"follow","max-snippet":"max-snippet:-1","max-image-preview":"max-image-preview:large","max-video-preview":"max-video-preview:-1"},"canonical":"https:\/\/allincontainer.eu\/pl\/filtry-workowe-rekawowe\/","og_locale":"pl_PL","og_type":"article","og_title":"Filtry workowe (r\u0119kawowe) - AIC","og_description":"Filtr workowy (r\u0119kawowy) jest wydajnym urz\u0105dzeniem do czyszczenia cz\u0105stek sta\u0142ych, kontroluj\u0105cym emisj\u0119 dwutlenku siarki oraz innych...","og_url":"https:\/\/allincontainer.eu\/pl\/filtry-workowe-rekawowe\/","og_site_name":"AIC","article_modified_time":"2025-09-08T12:55:18+00:00","twitter_card":"summary_large_image","twitter_misc":{"Szacowany czas czytania":"3 minuty"},"schema":{"@context":"https:\/\/schema.org","@graph":[{"@type":"WebPage","@id":"https:\/\/allincontainer.eu\/pl\/filtry-workowe-rekawowe\/","url":"https:\/\/allincontainer.eu\/pl\/filtry-workowe-rekawowe\/","name":"Filtry workowe (r\u0119kawowe) - AIC","isPartOf":{"@id":"https:\/\/allincontainer.eu\/#website"},"datePublished":"2024-02-06T16:57:20+00:00","dateModified":"2025-09-08T12:55:18+00:00","description":"Filtr workowy (r\u0119kawowy) jest wydajnym urz\u0105dzeniem do czyszczenia cz\u0105stek sta\u0142ych, kontroluj\u0105cym emisj\u0119 dwutlenku siarki oraz innych...","breadcrumb":{"@id":"https:\/\/allincontainer.eu\/pl\/filtry-workowe-rekawowe\/#breadcrumb"},"inLanguage":"pl-PL","potentialAction":[{"@type":"ReadAction","target":["https:\/\/allincontainer.eu\/pl\/filtry-workowe-rekawowe\/"]}]},{"@type":"BreadcrumbList","@id":"https:\/\/allincontainer.eu\/pl\/filtry-workowe-rekawowe\/#breadcrumb","itemListElement":[{"@type":"ListItem","position":1,"name":"Home","item":"https:\/\/allincontainer.eu\/pl\/"},{"@type":"ListItem","position":2,"name":"Filtry workowe (r\u0119kawowe)"}]},{"@type":"WebSite","@id":"https:\/\/allincontainer.eu\/#website","url":"https:\/\/allincontainer.eu\/","name":"AIC","description":"Filters and Automation","potentialAction":[{"@type":"SearchAction","target":{"@type":"EntryPoint","urlTemplate":"https:\/\/allincontainer.eu\/?s={search_term_string}"},"query-input":{"@type":"PropertyValueSpecification","valueRequired":true,"valueName":"search_term_string"}}],"inLanguage":"pl-PL"}]}},"_links":{"self":[{"href":"https:\/\/allincontainer.eu\/pl\/wp-json\/wp\/v2\/pages\/1948","targetHints":{"allow":["GET"]}}],"collection":[{"href":"https:\/\/allincontainer.eu\/pl\/wp-json\/wp\/v2\/pages"}],"about":[{"href":"https:\/\/allincontainer.eu\/pl\/wp-json\/wp\/v2\/types\/page"}],"author":[{"embeddable":true,"href":"https:\/\/allincontainer.eu\/pl\/wp-json\/wp\/v2\/users\/1"}],"replies":[{"embeddable":true,"href":"https:\/\/allincontainer.eu\/pl\/wp-json\/wp\/v2\/comments?post=1948"}],"version-history":[{"count":4,"href":"https:\/\/allincontainer.eu\/pl\/wp-json\/wp\/v2\/pages\/1948\/revisions"}],"predecessor-version":[{"id":2416,"href":"https:\/\/allincontainer.eu\/pl\/wp-json\/wp\/v2\/pages\/1948\/revisions\/2416"}],"wp:attachment":[{"href":"https:\/\/allincontainer.eu\/pl\/wp-json\/wp\/v2\/media?parent=1948"}],"curies":[{"name":"wp","href":"https:\/\/api.w.org\/{rel}","templated":true}]}}