{"id":1933,"date":"2020-04-06T15:59:26","date_gmt":"2020-04-06T15:59:26","guid":{"rendered":"https:\/\/allincontainer.eu\/produktai\/"},"modified":"2024-02-13T10:40:24","modified_gmt":"2024-02-13T10:40:24","slug":"produkty","status":"publish","type":"page","link":"https:\/\/allincontainer.eu\/pl\/produkty\/","title":{"rendered":"Produkty"},"content":{"rendered":"<div class=\"wpb-content-wrapper\"><p>[vc_row][vc_column column_width_percent=&#8221;100&#8243; align_horizontal=&#8221;align_center&#8221; gutter_size=&#8221;3&#8243; overlay_alpha=&#8221;50&#8243; shift_x=&#8221;0&#8243; shift_y=&#8221;0&#8243; shift_y_down=&#8221;0&#8243; z_index=&#8221;0&#8243; medium_width=&#8221;0&#8243; mobile_width=&#8221;0&#8243; width=&#8221;1\/1&#8243;][vc_empty_space empty_h=&#8221;1&#8243;][vc_column_text uncode_shortcode_id=&#8221;639378&#8243;]Dzi\u0119ki ponad 20 &#8211; letniemu do\u015bwiadczeniu mo\u017cemy dzi\u015b zaoferowa\u0107 niezawodne, sprawdzone, doskonale funkcjonuj\u0105ce produkty in\u017cynieryjne, rozwi\u0105zania oraz urz\u0105dzenia w zakresie oczyszczania spalin, automatyzacji proces\u00f3w oraz programowania sterownik\u00f3w logicznych (PLC). Z powodzeniem zrealizowali\u015bmy projekty na Litwie, \u0141otwie, w Estonii, Polsce, Finlandii i Szwecji.[\/vc_column_text][\/vc_column][\/vc_row][vc_row row_height_percent=&#8221;0&#8243; overlay_alpha=&#8221;50&#8243; equal_height=&#8221;yes&#8221; gutter_size=&#8221;3&#8243; column_width_percent=&#8221;100&#8243; shift_y=&#8221;0&#8243; z_index=&#8221;0&#8243;][vc_column column_width_percent=&#8221;100&#8243; gutter_size=&#8221;2&#8243; overlay_alpha=&#8221;50&#8243; shift_x=&#8221;0&#8243; shift_y=&#8221;0&#8243; shift_y_down=&#8221;0&#8243; z_index=&#8221;0&#8243; medium_width=&#8221;0&#8243; mobile_width=&#8221;0&#8243; shadow=&#8221;std&#8221; width=&#8221;1\/1&#8243;][vc_row_inner row_inner_height_percent=&#8221;0&#8243; overlay_alpha=&#8221;50&#8243; equal_height=&#8221;yes&#8221; gutter_size=&#8221;0&#8243; shift_y=&#8221;0&#8243; z_index=&#8221;0&#8243; limit_content=&#8221;&#8221;][vc_column_inner column_width_percent=&#8221;100&#8243; gutter_size=&#8221;3&#8243; back_image=&#8221;1260&#8243; overlay_alpha=&#8221;50&#8243; shift_x=&#8221;0&#8243; shift_y=&#8221;0&#8243; shift_y_down=&#8221;0&#8243; z_index=&#8221;0&#8243; medium_width=&#8221;0&#8243; mobile_width=&#8221;0&#8243; width=&#8221;1\/2&#8243; uncode_shortcode_id=&#8221;188572&#8243;][\/vc_column_inner][vc_column_inner column_width_percent=&#8221;100&#8243; position_vertical=&#8221;middle&#8221; gutter_size=&#8221;3&#8243; override_padding=&#8221;yes&#8221; column_padding=&#8221;2&#8243; overlay_alpha=&#8221;50&#8243; shift_x=&#8221;0&#8243; shift_y=&#8221;0&#8243; shift_y_down=&#8221;0&#8243; z_index=&#8221;0&#8243; medium_width=&#8221;0&#8243; mobile_width=&#8221;0&#8243; width=&#8221;1\/2&#8243;][vc_custom_heading heading_semantic=&#8221;h3&#8243; text_size=&#8221;h3&#8243; text_height=&#8221;&#8221; uncode_shortcode_id=&#8221;176164&#8243;]EF \u2013 elektrofiltry[\/vc_custom_heading][vc_column_text uncode_shortcode_id=&#8221;621534&#8243;]Elektrofiltr &#8211; to jeden z najbardziej efektywnych oraz niezawodnych sposob\u00f3w kontroli spalin. Nasze technologie pomagaj\u0105 spe\u0142ni\u0107 wymogi Dyrektywy UE 2015\/2193, kt\u00f3ra ma na celu ograniczenie emisji zanieczyszcze\u0144 do powietrza z obiekt\u00f3w energetycznego spalania.[\/vc_column_text][vc_button button_color=&#8221;color-115100&#8243; wide=&#8221;yes&#8221; border_width=&#8221;0&#8243; link=&#8221;url:https%3A%2F%2Fallincontainer.eu%2Fpl%2Felektrofiltry%2F|title:Produktas%20vidinis&#8221; button_color_type=&#8221;uncode-palette&#8221; uncode_shortcode_id=&#8221;108719&#8243;]WI\u0118CEJ[\/vc_button][\/vc_column_inner][\/vc_row_inner][vc_row_inner row_inner_height_percent=&#8221;0&#8243; overlay_alpha=&#8221;50&#8243; equal_height=&#8221;yes&#8221; gutter_size=&#8221;0&#8243; shift_y=&#8221;0&#8243; z_index=&#8221;0&#8243; limit_content=&#8221;&#8221;][vc_column_inner column_width_percent=&#8221;100&#8243; gutter_size=&#8221;3&#8243; back_image=&#8221;1406&#8243; overlay_alpha=&#8221;50&#8243; shift_x=&#8221;0&#8243; shift_y=&#8221;0&#8243; shift_y_down=&#8221;0&#8243; z_index=&#8221;0&#8243; medium_width=&#8221;0&#8243; mobile_width=&#8221;0&#8243; width=&#8221;1\/2&#8243; uncode_shortcode_id=&#8221;151307&#8243;][\/vc_column_inner][vc_column_inner column_width_percent=&#8221;100&#8243; position_vertical=&#8221;middle&#8221; gutter_size=&#8221;3&#8243; override_padding=&#8221;yes&#8221; column_padding=&#8221;2&#8243; overlay_alpha=&#8221;50&#8243; shift_x=&#8221;0&#8243; shift_y=&#8221;0&#8243; shift_y_down=&#8221;0&#8243; z_index=&#8221;0&#8243; medium_width=&#8221;0&#8243; mobile_width=&#8221;0&#8243; width=&#8221;1\/2&#8243;][vc_custom_heading heading_semantic=&#8221;h3&#8243; text_size=&#8221;h3&#8243; text_height=&#8221;&#8221; uncode_shortcode_id=&#8221;316183&#8243;]Filtry workowe (r\u0119kawowe)[\/vc_custom_heading][vc_column_text uncode_shortcode_id=&#8221;712406&#8243;]Filtr workowy jest wydajnym urz\u0105dzeniem do czyszczenia cz\u0105stek sta\u0142ych, kontroluj\u0105cym emisj\u0119 dwutlenku siarki oraz innych cz\u0105stek. All In Container mo\u017ce dostarczy\u0107 r\u00f3\u017cne typy filtr\u00f3w workowych, dopasowanych do r\u00f3\u017cnych temperatur, st\u0119\u017cenia spalin lub innych indywidualnych specyfikacji.[\/vc_column_text][vc_button button_color=&#8221;color-115100&#8243; wide=&#8221;yes&#8221; border_width=&#8221;0&#8243; link=&#8221;url:https%3A%2F%2Fallincontainer.eu%2Fpl%2Ffiltry-workowe-rekawowe%2F|title:Produktas%20vidinis&#8221; button_color_type=&#8221;uncode-palette&#8221; uncode_shortcode_id=&#8221;105077&#8243;]WI\u0118CEJ[\/vc_button][\/vc_column_inner][\/vc_row_inner][vc_row_inner row_inner_height_percent=&#8221;0&#8243; overlay_alpha=&#8221;50&#8243; equal_height=&#8221;yes&#8221; gutter_size=&#8221;0&#8243; shift_y=&#8221;0&#8243; z_index=&#8221;0&#8243; limit_content=&#8221;&#8221;][vc_column_inner column_width_percent=&#8221;100&#8243; gutter_size=&#8221;3&#8243; back_image=&#8221;1367&#8243; overlay_alpha=&#8221;50&#8243; shift_x=&#8221;0&#8243; shift_y=&#8221;0&#8243; shift_y_down=&#8221;0&#8243; z_index=&#8221;0&#8243; medium_width=&#8221;0&#8243; mobile_width=&#8221;0&#8243; width=&#8221;1\/2&#8243; uncode_shortcode_id=&#8221;330763&#8243;][\/vc_column_inner][vc_column_inner column_width_percent=&#8221;100&#8243; position_vertical=&#8221;middle&#8221; gutter_size=&#8221;3&#8243; override_padding=&#8221;yes&#8221; column_padding=&#8221;2&#8243; overlay_alpha=&#8221;50&#8243; shift_x=&#8221;0&#8243; shift_y=&#8221;0&#8243; shift_y_down=&#8221;0&#8243; z_index=&#8221;0&#8243; medium_width=&#8221;0&#8243; mobile_width=&#8221;0&#8243; width=&#8221;1\/2&#8243;][vc_custom_heading heading_semantic=&#8221;h3&#8243; text_size=&#8221;h3&#8243; text_height=&#8221;&#8221; uncode_shortcode_id=&#8221;151466&#8243;]Automatyzacja proces\u00f3w[\/vc_custom_heading][vc_column_text uncode_shortcode_id=&#8221;128210&#8243;]Nasz zesp\u00f3\u0142 tworzy oprogramowanie sterownik\u00f3w logicznych (PLC) &#8211; zasadnicz\u0105 cz\u0119\u015b\u0107 automatyki przemys\u0142owej, kt\u00f3ra umo\u017cliwia opracowywanie i wdra\u017canie program\u00f3w steruj\u0105cych zgodnie z potrzebami Klienta. System sterowania PLC mo\u017ce wykonywa\u0107 wszelkie stosowane w automatyzacji proces\u00f3w funkcje monitorowania i sterowania.[\/vc_column_text][vc_button button_color=&#8221;color-115100&#8243; wide=&#8221;yes&#8221; border_width=&#8221;0&#8243; link=&#8221;url:https%3A%2F%2Fallincontainer.eu%2Fpl%2Fprogramowanie-plc%2F|title:Produktas%20vidinis&#8221; button_color_type=&#8221;uncode-palette&#8221; uncode_shortcode_id=&#8221;160769&#8243;]WI\u0118CEJ[\/vc_button][\/vc_column_inner][\/vc_row_inner][\/vc_column][\/vc_row][vc_row][vc_column width=&#8221;1\/1&#8243;][vc_empty_space empty_h=&#8221;2&#8243;][vc_empty_space empty_h=&#8221;2&#8243;][\/vc_column][\/vc_row]<\/p>\n<\/div>","protected":false},"excerpt":{"rendered":"<p>[vc_row][vc_column column_width_percent=&#8221;100&#8243; align_horizontal=&#8221;align_center&#8221; gutter_size=&#8221;3&#8243; overlay_alpha=&#8221;50&#8243; shift_x=&#8221;0&#8243; shift_y=&#8221;0&#8243; shift_y_down=&#8221;0&#8243; z_index=&#8221;0&#8243; medium_width=&#8221;0&#8243; mobile_width=&#8221;0&#8243; width=&#8221;1\/1&#8243;][vc_empty_space empty_h=&#8221;1&#8243;][vc_column_text uncode_shortcode_id=&#8221;639378&#8243;]Dzi\u0119ki ponad 20 &#8211; letniemu do\u015bwiadczeniu mo\u017cemy [&hellip;]<\/p>\n","protected":false},"author":1,"featured_media":0,"parent":0,"menu_order":0,"comment_status":"closed","ping_status":"closed","template":"","meta":{"footnotes":""},"class_list":["post-1933","page","type-page","status-publish","hentry"],"yoast_head":"<!-- This site is optimized with the Yoast SEO plugin v27.4 - https:\/\/yoast.com\/product\/yoast-seo-wordpress\/ -->\n<title>Produkty - AIC<\/title>\n<meta name=\"description\" content=\"Dzi\u0119ki ponad 20-letniemu do\u015bwiadczeniu mo\u017cemy dzi\u015b zaoferowa\u0107 niezawodne, sprawdzone i najwy\u017cszej jako\u015bci produkty in\u017cynieryjne...\" \/>\n<meta name=\"robots\" content=\"index, follow, max-snippet:-1, max-image-preview:large, max-video-preview:-1\" \/>\n<link rel=\"canonical\" href=\"https:\/\/allincontainer.eu\/products\/\" \/>\n<meta property=\"og:locale\" content=\"pl_PL\" \/>\n<meta property=\"og:type\" content=\"article\" \/>\n<meta property=\"og:title\" content=\"Produkty - AIC\" \/>\n<meta property=\"og:description\" content=\"Dzi\u0119ki ponad 20-letniemu do\u015bwiadczeniu mo\u017cemy dzi\u015b zaoferowa\u0107 niezawodne, sprawdzone i najwy\u017cszej jako\u015bci produkty in\u017cynieryjne...\" \/>\n<meta property=\"og:url\" content=\"https:\/\/allincontainer.eu\/products\/\" \/>\n<meta property=\"og:site_name\" content=\"AIC\" \/>\n<meta property=\"article:modified_time\" content=\"2024-02-13T10:40:24+00:00\" \/>\n<meta name=\"twitter:card\" content=\"summary_large_image\" \/>\n<meta name=\"twitter:label1\" content=\"Szacowany czas czytania\" \/>\n\t<meta name=\"twitter:data1\" content=\"4 minuty\" \/>\n<script type=\"application\/ld+json\" class=\"yoast-schema-graph\">{\"@context\":\"https:\\\/\\\/schema.org\",\"@graph\":[{\"@type\":\"WebPage\",\"@id\":\"https:\\\/\\\/allincontainer.eu\\\/products\\\/\",\"url\":\"https:\\\/\\\/allincontainer.eu\\\/products\\\/\",\"name\":\"Produkty - AIC\",\"isPartOf\":{\"@id\":\"https:\\\/\\\/allincontainer.eu\\\/#website\"},\"datePublished\":\"2020-04-06T15:59:26+00:00\",\"dateModified\":\"2024-02-13T10:40:24+00:00\",\"description\":\"Dzi\u0119ki ponad 20-letniemu do\u015bwiadczeniu mo\u017cemy dzi\u015b zaoferowa\u0107 niezawodne, sprawdzone i najwy\u017cszej jako\u015bci produkty in\u017cynieryjne...\",\"breadcrumb\":{\"@id\":\"https:\\\/\\\/allincontainer.eu\\\/products\\\/#breadcrumb\"},\"inLanguage\":\"pl-PL\",\"potentialAction\":[{\"@type\":\"ReadAction\",\"target\":[\"https:\\\/\\\/allincontainer.eu\\\/products\\\/\"]}]},{\"@type\":\"BreadcrumbList\",\"@id\":\"https:\\\/\\\/allincontainer.eu\\\/products\\\/#breadcrumb\",\"itemListElement\":[{\"@type\":\"ListItem\",\"position\":1,\"name\":\"Home\",\"item\":\"https:\\\/\\\/allincontainer.eu\\\/pl\\\/\"},{\"@type\":\"ListItem\",\"position\":2,\"name\":\"Produkty\"}]},{\"@type\":\"WebSite\",\"@id\":\"https:\\\/\\\/allincontainer.eu\\\/#website\",\"url\":\"https:\\\/\\\/allincontainer.eu\\\/\",\"name\":\"AIC\",\"description\":\"Filters and Automation\",\"potentialAction\":[{\"@type\":\"SearchAction\",\"target\":{\"@type\":\"EntryPoint\",\"urlTemplate\":\"https:\\\/\\\/allincontainer.eu\\\/?s={search_term_string}\"},\"query-input\":{\"@type\":\"PropertyValueSpecification\",\"valueRequired\":true,\"valueName\":\"search_term_string\"}}],\"inLanguage\":\"pl-PL\"}]}<\/script>\n<!-- \/ Yoast SEO plugin. -->","yoast_head_json":{"title":"Produkty - AIC","description":"Dzi\u0119ki ponad 20-letniemu do\u015bwiadczeniu mo\u017cemy dzi\u015b zaoferowa\u0107 niezawodne, sprawdzone i najwy\u017cszej jako\u015bci produkty in\u017cynieryjne...","robots":{"index":"index","follow":"follow","max-snippet":"max-snippet:-1","max-image-preview":"max-image-preview:large","max-video-preview":"max-video-preview:-1"},"canonical":"https:\/\/allincontainer.eu\/products\/","og_locale":"pl_PL","og_type":"article","og_title":"Produkty - AIC","og_description":"Dzi\u0119ki ponad 20-letniemu do\u015bwiadczeniu mo\u017cemy dzi\u015b zaoferowa\u0107 niezawodne, sprawdzone i najwy\u017cszej jako\u015bci produkty in\u017cynieryjne...","og_url":"https:\/\/allincontainer.eu\/products\/","og_site_name":"AIC","article_modified_time":"2024-02-13T10:40:24+00:00","twitter_card":"summary_large_image","twitter_misc":{"Szacowany czas czytania":"4 minuty"},"schema":{"@context":"https:\/\/schema.org","@graph":[{"@type":"WebPage","@id":"https:\/\/allincontainer.eu\/products\/","url":"https:\/\/allincontainer.eu\/products\/","name":"Produkty - AIC","isPartOf":{"@id":"https:\/\/allincontainer.eu\/#website"},"datePublished":"2020-04-06T15:59:26+00:00","dateModified":"2024-02-13T10:40:24+00:00","description":"Dzi\u0119ki ponad 20-letniemu do\u015bwiadczeniu mo\u017cemy dzi\u015b zaoferowa\u0107 niezawodne, sprawdzone i najwy\u017cszej jako\u015bci produkty in\u017cynieryjne...","breadcrumb":{"@id":"https:\/\/allincontainer.eu\/products\/#breadcrumb"},"inLanguage":"pl-PL","potentialAction":[{"@type":"ReadAction","target":["https:\/\/allincontainer.eu\/products\/"]}]},{"@type":"BreadcrumbList","@id":"https:\/\/allincontainer.eu\/products\/#breadcrumb","itemListElement":[{"@type":"ListItem","position":1,"name":"Home","item":"https:\/\/allincontainer.eu\/pl\/"},{"@type":"ListItem","position":2,"name":"Produkty"}]},{"@type":"WebSite","@id":"https:\/\/allincontainer.eu\/#website","url":"https:\/\/allincontainer.eu\/","name":"AIC","description":"Filters and Automation","potentialAction":[{"@type":"SearchAction","target":{"@type":"EntryPoint","urlTemplate":"https:\/\/allincontainer.eu\/?s={search_term_string}"},"query-input":{"@type":"PropertyValueSpecification","valueRequired":true,"valueName":"search_term_string"}}],"inLanguage":"pl-PL"}]}},"_links":{"self":[{"href":"https:\/\/allincontainer.eu\/pl\/wp-json\/wp\/v2\/pages\/1933","targetHints":{"allow":["GET"]}}],"collection":[{"href":"https:\/\/allincontainer.eu\/pl\/wp-json\/wp\/v2\/pages"}],"about":[{"href":"https:\/\/allincontainer.eu\/pl\/wp-json\/wp\/v2\/types\/page"}],"author":[{"embeddable":true,"href":"https:\/\/allincontainer.eu\/pl\/wp-json\/wp\/v2\/users\/1"}],"replies":[{"embeddable":true,"href":"https:\/\/allincontainer.eu\/pl\/wp-json\/wp\/v2\/comments?post=1933"}],"version-history":[{"count":3,"href":"https:\/\/allincontainer.eu\/pl\/wp-json\/wp\/v2\/pages\/1933\/revisions"}],"predecessor-version":[{"id":1984,"href":"https:\/\/allincontainer.eu\/pl\/wp-json\/wp\/v2\/pages\/1933\/revisions\/1984"}],"wp:attachment":[{"href":"https:\/\/allincontainer.eu\/pl\/wp-json\/wp\/v2\/media?parent=1933"}],"curies":[{"name":"wp","href":"https:\/\/api.w.org\/{rel}","templated":true}]}}