{"id":1915,"date":"2020-04-14T20:56:16","date_gmt":"2020-04-14T20:56:16","guid":{"rendered":"https:\/\/allincontainer.eu\/kontaktai\/"},"modified":"2026-05-13T12:01:26","modified_gmt":"2026-05-13T09:01:26","slug":"kontakt","status":"publish","type":"page","link":"https:\/\/allincontainer.eu\/pl\/kontakt\/","title":{"rendered":"Kontakt"},"content":{"rendered":"<div class=\"wpb-content-wrapper\"><p>[vc_row row_height_percent=&#8221;63&#8243; overlay_alpha=&#8221;50&#8243; gutter_size=&#8221;3&#8243; column_width_percent=&#8221;100&#8243; shift_y=&#8221;0&#8243; z_index=&#8221;0&#8243;][vc_column column_width_percent=&#8221;100&#8243; position_vertical=&#8221;middle&#8221; gutter_size=&#8221;3&#8243; overlay_alpha=&#8221;50&#8243; shift_x=&#8221;0&#8243; shift_y=&#8221;0&#8243; shift_y_down=&#8221;0&#8243; z_index=&#8221;0&#8243; medium_width=&#8221;0&#8243; mobile_width=&#8221;0&#8243; width=&#8221;1\/1&#8243;][vc_row_inner row_inner_height_percent=&#8221;0&#8243; overlay_alpha=&#8221;50&#8243; equal_height=&#8221;yes&#8221; gutter_size=&#8221;4&#8243; shift_y=&#8221;0&#8243; z_index=&#8221;0&#8243; limit_content=&#8221;&#8221;][vc_column_inner column_width_percent=&#8221;100&#8243; position_vertical=&#8221;middle&#8221; gutter_size=&#8221;3&#8243; back_color=&#8221;color-lxmt&#8221; overlay_alpha=&#8221;50&#8243; shift_x=&#8221;0&#8243; shift_y=&#8221;0&#8243; shift_y_down=&#8221;0&#8243; z_index=&#8221;0&#8243; medium_width=&#8221;0&#8243; mobile_width=&#8221;0&#8243; width=&#8221;1\/3&#8243;][vc_custom_heading text_size=&#8221;h3&#8243; text_height=&#8221;&#8221; uncode_shortcode_id=&#8221;193388&#8243;]Dane sp\u00f3\u0142ki[\/vc_custom_heading][vc_column_text uncode_shortcode_id=&#8221;104141&#8243;]AIC Tech, UAB<\/p>\n<p>Numer rejestracji sp\u00f3\u0142ki: 302782147<br \/>\nNumer p\u0142atnika VAT: LT100009227713<br \/>\nKierownik Darius Ezerskis, dyrektor[\/vc_column_text][vc_custom_heading text_size=&#8221;h3&#8243; text_height=&#8221;&#8221; uncode_shortcode_id=&#8221;126756&#8243;]Kontakt:[\/vc_custom_heading][vc_column_text uncode_shortcode_id=&#8221;659049&#8243;]Dane kontaktowe<\/p>\n<p class=\"font_8 wixui-rich-text__text\"><span class=\"wixui-rich-text__text\">V. Kr\u0117v\u0117s pr. 129, LT-50312, <\/span>Kowno, Litwa.<br \/>\nNr telefonu kom\u00f3rkowego: +370 687 12656<\/p>\n<p>[\/vc_column_text][\/vc_column_inner][vc_column_inner column_width_percent=&#8221;100&#8243; position_vertical=&#8221;middle&#8221; gutter_size=&#8221;3&#8243; overlay_alpha=&#8221;50&#8243; shift_x=&#8221;0&#8243; shift_y=&#8221;0&#8243; shift_y_down=&#8221;0&#8243; z_index=&#8221;0&#8243; medium_width=&#8221;0&#8243; mobile_width=&#8221;0&#8243; width=&#8221;2\/3&#8243;]\n<div class=\"wpcf7 no-js\" id=\"wpcf7-f1992-o1\" lang=\"en-US\" dir=\"ltr\" data-wpcf7-id=\"1992\">\n<div class=\"screen-reader-response\"><p role=\"status\" aria-live=\"polite\" aria-atomic=\"true\"><\/p> <ul><\/ul><\/div>\n<form action=\"\/pl\/wp-json\/wp\/v2\/pages\/1915#wpcf7-f1992-o1\" method=\"post\" class=\"wpcf7-form init\" aria-label=\"Contact form\" novalidate=\"novalidate\" data-status=\"init\">\n<fieldset class=\"hidden-fields-container\"><input type=\"hidden\" name=\"_wpcf7\" value=\"1992\" \/><input type=\"hidden\" name=\"_wpcf7_version\" value=\"6.1.5\" \/><input type=\"hidden\" name=\"_wpcf7_locale\" value=\"en_US\" \/><input type=\"hidden\" name=\"_wpcf7_unit_tag\" value=\"wpcf7-f1992-o1\" \/><input type=\"hidden\" name=\"_wpcf7_container_post\" value=\"0\" \/><input type=\"hidden\" name=\"_wpcf7_posted_data_hash\" value=\"\" \/>\n<\/fieldset>\n<p><label> Twoje Imi\u0119 (wymagane)<br \/>\n<span class=\"wpcf7-form-control-wrap\" data-name=\"your-name\"><input size=\"40\" maxlength=\"400\" class=\"wpcf7-form-control wpcf7-text wpcf7-validates-as-required\" aria-required=\"true\" aria-invalid=\"false\" value=\"\" type=\"text\" name=\"your-name\" \/><\/span> <\/label>\n<\/p>\n<p><label> Tw\u00f3j Email (wymagane)<br \/>\n<span class=\"wpcf7-form-control-wrap\" data-name=\"your-email\"><input size=\"40\" maxlength=\"400\" class=\"wpcf7-form-control wpcf7-email wpcf7-validates-as-required wpcf7-text wpcf7-validates-as-email\" aria-required=\"true\" aria-invalid=\"false\" value=\"\" type=\"email\" name=\"your-email\" \/><\/span> <\/label>\n<\/p>\n<p><label> Wiadomo\u015b\u0107<br \/>\n<span class=\"wpcf7-form-control-wrap\" data-name=\"your-message\"><textarea cols=\"10\" rows=\"5\" maxlength=\"2000\" class=\"wpcf7-form-control wpcf7-textarea\" aria-invalid=\"false\" name=\"your-message\"><\/textarea><\/span> <\/label>\n<\/p>\n<p><input class=\"wpcf7-form-control wpcf7-submit has-spinner\" type=\"submit\" value=\"Wys\u0142a\u0107\" \/>\n<\/p><div class=\"wpcf7-response-output\" aria-hidden=\"true\"><\/div>\n<\/form>\n<\/div>\n[\/vc_column_inner][\/vc_row_inner][\/vc_column][\/vc_row]<\/p>\n<\/div>","protected":false},"excerpt":{"rendered":"<p>[vc_row row_height_percent=&#8221;63&#8243; overlay_alpha=&#8221;50&#8243; gutter_size=&#8221;3&#8243; column_width_percent=&#8221;100&#8243; shift_y=&#8221;0&#8243; z_index=&#8221;0&#8243;][vc_column column_width_percent=&#8221;100&#8243; position_vertical=&#8221;middle&#8221; gutter_size=&#8221;3&#8243; overlay_alpha=&#8221;50&#8243; shift_x=&#8221;0&#8243; shift_y=&#8221;0&#8243; shift_y_down=&#8221;0&#8243; z_index=&#8221;0&#8243; medium_width=&#8221;0&#8243; mobile_width=&#8221;0&#8243; width=&#8221;1\/1&#8243;][vc_row_inner row_inner_height_percent=&#8221;0&#8243; overlay_alpha=&#8221;50&#8243; [&hellip;]<\/p>\n","protected":false},"author":1,"featured_media":0,"parent":0,"menu_order":0,"comment_status":"closed","ping_status":"closed","template":"","meta":{"footnotes":""},"class_list":["post-1915","page","type-page","status-publish","hentry"],"yoast_head":"<!-- This site is optimized with the Yoast SEO plugin v27.6 - https:\/\/yoast.com\/product\/yoast-seo-wordpress\/ -->\n<title>Kontakt - AIC<\/title>\n<meta name=\"description\" content=\"Ka\u017cdy projekt, du\u017cy czy ma\u0142y, otrzymuje pe\u0142n\u0105 uwag\u0119 naszego zespo\u0142u. Zapewniamy wysokiej jako\u015bci rezultaty od samego pocz\u0105tku wsp\u00f3\u0142pracy z Pa\u0144stwem\u2026\" \/>\n<meta name=\"robots\" content=\"index, follow, max-snippet:-1, max-image-preview:large, max-video-preview:-1\" \/>\n<link rel=\"canonical\" href=\"https:\/\/allincontainer.eu\/pl\/kontakt\/\" \/>\n<meta property=\"og:locale\" content=\"pl_PL\" \/>\n<meta property=\"og:type\" content=\"article\" \/>\n<meta property=\"og:title\" content=\"Kontakt - AIC\" \/>\n<meta property=\"og:description\" content=\"Ka\u017cdy projekt, du\u017cy czy ma\u0142y, otrzymuje pe\u0142n\u0105 uwag\u0119 naszego zespo\u0142u. Zapewniamy wysokiej jako\u015bci rezultaty od samego pocz\u0105tku wsp\u00f3\u0142pracy z Pa\u0144stwem\u2026\" \/>\n<meta property=\"og:url\" content=\"https:\/\/allincontainer.eu\/pl\/kontakt\/\" \/>\n<meta property=\"og:site_name\" content=\"AIC\" \/>\n<meta property=\"article:modified_time\" content=\"2026-05-13T09:01:26+00:00\" \/>\n<meta name=\"twitter:card\" content=\"summary_large_image\" \/>\n<meta name=\"twitter:label1\" content=\"Szacowany czas czytania\" \/>\n\t<meta name=\"twitter:data1\" content=\"1 minuta\" \/>\n<script type=\"application\/ld+json\" class=\"yoast-schema-graph\">{\"@context\":\"https:\\\/\\\/schema.org\",\"@graph\":[{\"@type\":\"WebPage\",\"@id\":\"https:\\\/\\\/allincontainer.eu\\\/pl\\\/kontakt\\\/\",\"url\":\"https:\\\/\\\/allincontainer.eu\\\/pl\\\/kontakt\\\/\",\"name\":\"Kontakt - AIC\",\"isPartOf\":{\"@id\":\"https:\\\/\\\/allincontainer.eu\\\/#website\"},\"datePublished\":\"2020-04-14T20:56:16+00:00\",\"dateModified\":\"2026-05-13T09:01:26+00:00\",\"description\":\"Ka\u017cdy projekt, du\u017cy czy ma\u0142y, otrzymuje pe\u0142n\u0105 uwag\u0119 naszego zespo\u0142u. Zapewniamy wysokiej jako\u015bci rezultaty od samego pocz\u0105tku wsp\u00f3\u0142pracy z Pa\u0144stwem\u2026\",\"breadcrumb\":{\"@id\":\"https:\\\/\\\/allincontainer.eu\\\/pl\\\/kontakt\\\/#breadcrumb\"},\"inLanguage\":\"pl-PL\",\"potentialAction\":[{\"@type\":\"ReadAction\",\"target\":[\"https:\\\/\\\/allincontainer.eu\\\/pl\\\/kontakt\\\/\"]}]},{\"@type\":\"BreadcrumbList\",\"@id\":\"https:\\\/\\\/allincontainer.eu\\\/pl\\\/kontakt\\\/#breadcrumb\",\"itemListElement\":[{\"@type\":\"ListItem\",\"position\":1,\"name\":\"Home\",\"item\":\"https:\\\/\\\/allincontainer.eu\\\/pl\\\/\"},{\"@type\":\"ListItem\",\"position\":2,\"name\":\"Kontakt\"}]},{\"@type\":\"WebSite\",\"@id\":\"https:\\\/\\\/allincontainer.eu\\\/#website\",\"url\":\"https:\\\/\\\/allincontainer.eu\\\/\",\"name\":\"AIC\",\"description\":\"Filters and Automation\",\"potentialAction\":[{\"@type\":\"SearchAction\",\"target\":{\"@type\":\"EntryPoint\",\"urlTemplate\":\"https:\\\/\\\/allincontainer.eu\\\/?s={search_term_string}\"},\"query-input\":{\"@type\":\"PropertyValueSpecification\",\"valueRequired\":true,\"valueName\":\"search_term_string\"}}],\"inLanguage\":\"pl-PL\"}]}<\/script>\n<!-- \/ Yoast SEO plugin. -->","yoast_head_json":{"title":"Kontakt - AIC","description":"Ka\u017cdy projekt, du\u017cy czy ma\u0142y, otrzymuje pe\u0142n\u0105 uwag\u0119 naszego zespo\u0142u. Zapewniamy wysokiej jako\u015bci rezultaty od samego pocz\u0105tku wsp\u00f3\u0142pracy z Pa\u0144stwem\u2026","robots":{"index":"index","follow":"follow","max-snippet":"max-snippet:-1","max-image-preview":"max-image-preview:large","max-video-preview":"max-video-preview:-1"},"canonical":"https:\/\/allincontainer.eu\/pl\/kontakt\/","og_locale":"pl_PL","og_type":"article","og_title":"Kontakt - AIC","og_description":"Ka\u017cdy projekt, du\u017cy czy ma\u0142y, otrzymuje pe\u0142n\u0105 uwag\u0119 naszego zespo\u0142u. Zapewniamy wysokiej jako\u015bci rezultaty od samego pocz\u0105tku wsp\u00f3\u0142pracy z Pa\u0144stwem\u2026","og_url":"https:\/\/allincontainer.eu\/pl\/kontakt\/","og_site_name":"AIC","article_modified_time":"2026-05-13T09:01:26+00:00","twitter_card":"summary_large_image","twitter_misc":{"Szacowany czas czytania":"1 minuta"},"schema":{"@context":"https:\/\/schema.org","@graph":[{"@type":"WebPage","@id":"https:\/\/allincontainer.eu\/pl\/kontakt\/","url":"https:\/\/allincontainer.eu\/pl\/kontakt\/","name":"Kontakt - AIC","isPartOf":{"@id":"https:\/\/allincontainer.eu\/#website"},"datePublished":"2020-04-14T20:56:16+00:00","dateModified":"2026-05-13T09:01:26+00:00","description":"Ka\u017cdy projekt, du\u017cy czy ma\u0142y, otrzymuje pe\u0142n\u0105 uwag\u0119 naszego zespo\u0142u. Zapewniamy wysokiej jako\u015bci rezultaty od samego pocz\u0105tku wsp\u00f3\u0142pracy z Pa\u0144stwem\u2026","breadcrumb":{"@id":"https:\/\/allincontainer.eu\/pl\/kontakt\/#breadcrumb"},"inLanguage":"pl-PL","potentialAction":[{"@type":"ReadAction","target":["https:\/\/allincontainer.eu\/pl\/kontakt\/"]}]},{"@type":"BreadcrumbList","@id":"https:\/\/allincontainer.eu\/pl\/kontakt\/#breadcrumb","itemListElement":[{"@type":"ListItem","position":1,"name":"Home","item":"https:\/\/allincontainer.eu\/pl\/"},{"@type":"ListItem","position":2,"name":"Kontakt"}]},{"@type":"WebSite","@id":"https:\/\/allincontainer.eu\/#website","url":"https:\/\/allincontainer.eu\/","name":"AIC","description":"Filters and Automation","potentialAction":[{"@type":"SearchAction","target":{"@type":"EntryPoint","urlTemplate":"https:\/\/allincontainer.eu\/?s={search_term_string}"},"query-input":{"@type":"PropertyValueSpecification","valueRequired":true,"valueName":"search_term_string"}}],"inLanguage":"pl-PL"}]}},"_links":{"self":[{"href":"https:\/\/allincontainer.eu\/pl\/wp-json\/wp\/v2\/pages\/1915","targetHints":{"allow":["GET"]}}],"collection":[{"href":"https:\/\/allincontainer.eu\/pl\/wp-json\/wp\/v2\/pages"}],"about":[{"href":"https:\/\/allincontainer.eu\/pl\/wp-json\/wp\/v2\/types\/page"}],"author":[{"embeddable":true,"href":"https:\/\/allincontainer.eu\/pl\/wp-json\/wp\/v2\/users\/1"}],"replies":[{"embeddable":true,"href":"https:\/\/allincontainer.eu\/pl\/wp-json\/wp\/v2\/comments?post=1915"}],"version-history":[{"count":6,"href":"https:\/\/allincontainer.eu\/pl\/wp-json\/wp\/v2\/pages\/1915\/revisions"}],"predecessor-version":[{"id":2489,"href":"https:\/\/allincontainer.eu\/pl\/wp-json\/wp\/v2\/pages\/1915\/revisions\/2489"}],"wp:attachment":[{"href":"https:\/\/allincontainer.eu\/pl\/wp-json\/wp\/v2\/media?parent=1915"}],"curies":[{"name":"wp","href":"https:\/\/api.w.org\/{rel}","templated":true}]}}