{"id":1910,"date":"2023-09-05T13:12:05","date_gmt":"2023-09-05T13:12:05","guid":{"rendered":"https:\/\/allincontainer.eu\/plc-integravimas\/"},"modified":"2026-05-13T11:56:20","modified_gmt":"2026-05-13T08:56:20","slug":"integracja-plc","status":"publish","type":"page","link":"https:\/\/allincontainer.eu\/pl\/integracja-plc\/","title":{"rendered":"Integracja PLC"},"content":{"rendered":"<div class=\"wpb-content-wrapper\"><p>[vc_row][vc_column width=&#8221;1\/1&#8243;][vc_custom_heading text_color=&#8221;color-jevc&#8221; heading_semantic=&#8221;h1&#8243; text_font=&#8221;font-555555&#8243; uncode_shortcode_id=&#8221;735575&#8243; text_color_type=&#8221;uncode-palette&#8221;]<\/p>\n<div class=\"group final-completion w-full text-token-text-primary border-b border-black\/10 gizmo:border-0 dark:border-gray-900\/50 gizmo:dark:border-0 bg-gray-50 gizmo:bg-transparent dark:bg-[#444654] gizmo:dark:bg-transparent\" data-testid=\"conversation-turn-23\">\n<div class=\"p-4 justify-center text-base md:gap-6 md:py-6 m-auto\">\n<div class=\"flex flex-1 gap-4 text-base mx-auto md:gap-6 gizmo:gap-3 gizmo:md:px-5 gizmo:lg:px-1 gizmo:xl:px-5 md:max-w-2xl lg:max-w-[38rem] gizmo:md:max-w-3xl gizmo:lg:max-w-[40rem] gizmo:xl:max-w-[48rem] xl:max-w-3xl }\">\n<div class=\"relative flex w-[calc(100%-50px)] flex-col gizmo:w-full lg:w-[calc(100%-115px)] agent-turn\">\n<div class=\"flex-col gap-1 md:gap-3\">\n<div class=\"flex flex-grow flex-col gap-3 max-w-full\">\n<div class=\"min-h-[20px] flex flex-col items-start gap-3 whitespace-pre-wrap break-words overflow-x-auto\">\n<div class=\"markdown prose w-full break-words dark:prose-invert light\">\n<h2>DLACZEGO WARTO WYBRA\u0106 NAS JAKO PARTNERA W INTEGRACJI STEROWNIK\u00d3W PLC?<\/h2>\n<\/div>\n<\/div>\n<\/div>\n<\/div>\n<\/div>\n<\/div>\n<\/div>\n<\/div>\n<p>[\/vc_custom_heading][\/vc_column][\/vc_row][vc_row][vc_column width=&#8221;1\/2&#8243;][vc_column_text uncode_shortcode_id=&#8221;488506&#8243;]Zesp\u00f3\u0142 \u201eAIC Tech\u201c specjalizuje si\u0119 w zarz\u0105dzaniu projektami wytwarzania energii z biomasy, rozwi\u0105zaniach w zakresie ograniczania emisji spalin, kontroli produkcji \u017cywno\u015bci i pasz oraz systemach SCADA. Dzi\u0119ki ponad 25 &#8211; letniemu do\u015bwiadczeniu oferujemy naszym Klientom wiele korzy\u015bci, dlatego nasz zesp\u00f3\u0142 jest doskona\u0142ym partnerem w integracji sterownik\u00f3w PLC. \u201eAIC Tech\u201c doskonale rozumie wyst\u0119puj\u0105c\u0105 w r\u00f3\u017cnych bran\u017cach przemys\u0142u z\u0142o\u017cono\u015b\u0107 kompleksowych projekt\u00f3w i jest w stanie zapewni\u0107 fachowe doradztwo niezale\u017cnie od skomplikowanych potrzeb Twego przedsi\u0119biorstwa. Dzi\u0119ki naszemu do\u015bwiadczeniu potrzeby Twego przedsi\u0119biorstwa zostan\u0105 zaspokojone w oparciu o najwy\u017csze standardy.[\/vc_column_text][vc_button button_color=&#8221;color-115100&#8243; border_width=&#8221;0&#8243; button_color_type=&#8221;uncode-palette&#8221; uncode_shortcode_id=&#8221;140594&#8243; link=&#8221;url:https%3A%2F%2Fallincontainer.eu%2Fpl%2Fkontaktai%2F|title:Kontaktai&#8221;]KONTAKT[\/vc_button][\/vc_column][vc_column width=&#8221;1\/2&#8243;][vc_single_image media=&#8221;1911&#8243; media_width_percent=&#8221;79&#8243; uncode_shortcode_id=&#8221;194402&#8243;][\/vc_column][\/vc_row][vc_row][vc_column width=&#8221;1\/1&#8243;][vc_column_text uncode_shortcode_id=&#8221;212484&#8243;]<\/p>\n<ul>\n<li>Wsp\u00f3\u0142praca z nami niesie wiele korzy\u015bci. Po pierwsze, wyr\u00f3\u017cniamy si\u0119 projektami kontroli proces\u00f3w produkcji \u017cywno\u015bci i pasz. Dzi\u0119ki naszej rozleg\u0142ej wiedzy o procesach, mo\u017cemy fachowo opracowa\u0107 indywidualne rozwi\u0105zania dla przedsi\u0119biorstw z bran\u017cy rolnej i spo\u017cywczej. Rozwi\u0105zania te maj\u0105 na celu zwi\u0119kszenie wydajno\u015bci, zmniejszenie koszt\u00f3w oraz przestrzeganie rygorystycznych standard\u00f3w kontroli jako\u015bci.<\/li>\n<li>Nasze kompetencje obejmuj\u0105 r\u00f3wnie\u017c systemy SCADA (Supervisory control and data acquisition). Doskonale rozumiemy te systemy, dlatego jeste\u015bmy w stanie zapewni\u0107 doradztwo Klientom, poszukuj\u0105cym optymalnej wydajno\u015bci proces\u00f3w, kr\u00f3tszych przestoj\u00f3w produkcyjnych oraz sp\u00f3jnej kontroli jako\u015bci.<\/li>\n<li>\u015awiadczymy r\u00f3wnie\u017c us\u0142ugi wsparcia, kt\u00f3re mog\u0105 by\u0107 \u015bwiadczone zar\u00f3wno na miejscu, jak i zdalnie. Dzi\u0119ki temu Klienci, niezale\u017cnie od ich lokalizacji, mog\u0105 uzyska\u0107 nasz\u0105 pomoc tu i teraz. Nasze us\u0142ugi zdalnego wsparcia s\u0105 doskona\u0142ym sposobem na rozwi\u0105zanie problem\u00f3w i zminimalizowanie wp\u0142ywu dowolnych problem\u00f3w w produkcji.<\/li>\n<li>Wreszcie nasze 25 &#8211; letnie do\u015bwiadczenie w po\u0142\u0105czeniu z m\u0142odym i innowacyjnym zespo\u0142em s\u0105 gwarancj\u0105 tego, \u017ce nasze produkty s\u0105 innowacyjne i niezawodne. Nasi in\u017cynierowie i programi\u015bci stale si\u0119 interesuj\u0105, testuj\u0105 i wdra\u017caj\u0105 r\u00f3\u017cne najnowsze technologie, aby nasze rozwi\u0105zania nadal by\u0142y skuteczne i zgodne z aktualnymi trendami w przemy\u015ble.<\/li>\n<\/ul>\n<p>[\/vc_column_text][\/vc_column][\/vc_row][vc_row][vc_column width=&#8221;1\/2&#8243;][vc_single_image media=&#8221;1941&#8243; media_width_percent=&#8221;100&#8243; uncode_shortcode_id=&#8221;146477&#8243;][\/vc_column][vc_column width=&#8221;1\/2&#8243;][vc_column_text uncode_shortcode_id=&#8221;559648&#8243;]Podsumowuj\u0105c, \u201eAAIC Tech\u201c zapewnia Klientom wiele korzy\u015bci i jest doskona\u0142ym partnerem do integracji sterownik\u00f3w PLC. Obejmuje to specjalistyczn\u0105 wiedzi\u0119 w projektach wytwarzania energii z biomasy, BOP oraz w zakresie oczyszczania gaz\u00f3w spalinowych. Ponadto specjalizujemy si\u0119 w kotroli produkcji \u017cywno\u015bci i pasz, systemach SCADA oraz \u015bwiadczymy wsparcie zar\u00f3wno na miejscu, jak i zdalnie. Nasze 25 &#8211; letnie do\u015bwiadczenie w po\u0142\u0105czeniu z innowacyjnym zespo\u0142em jeszcze bardziej zwi\u0119kszaj\u0105 warto\u015b\u0107 naszej oferty. Je\u017celi poszukujesz niezawodnego partnera, kt\u00f3ry pomo\u017ce Ci jako\u015bciowo zarz\u0105dza\u0107 procesami przemys\u0142owymi, to nasz zesp\u00f3\u0142 jest dla Ciebie doskona\u0142ym wyborem.[\/vc_column_text][vc_button button_color=&#8221;color-115100&#8243; border_width=&#8221;0&#8243; button_color_type=&#8221;uncode-palette&#8221; uncode_shortcode_id=&#8221;109760&#8243; link=&#8221;url:https%3A%2F%2Fallincontainer.eu%2Fpl%2Fzrealizowane-projekty%2F|title:References&#8221;]PLC &gt; ZREALIZOWANE PROJEKTY[\/vc_button][vc_button button_color=&#8221;color-115100&#8243; border_width=&#8221;0&#8243; link=&#8221;url:https%3A%2F%2Fallincontainer.eu%2Fpl%2Fzalety-programowalnych-sterownikow-logicznych%2F|title:Advantages%20of%20Electrostatic%20Precipitators&#8221; button_color_type=&#8221;uncode-palette&#8221; uncode_shortcode_id=&#8221;182070&#8243;]PLC &gt; ZALETY[\/vc_button][\/vc_column][\/vc_row]<\/p>\n<\/div>","protected":false},"excerpt":{"rendered":"<p>[vc_row][vc_column width=&#8221;1\/1&#8243;][vc_custom_heading text_color=&#8221;color-jevc&#8221; heading_semantic=&#8221;h1&#8243; text_font=&#8221;font-555555&#8243; uncode_shortcode_id=&#8221;735575&#8243; text_color_type=&#8221;uncode-palette&#8221;] DLACZEGO WARTO WYBRA\u0106 NAS JAKO PARTNERA W INTEGRACJI STEROWNIK\u00d3W PLC? [\/vc_custom_heading][\/vc_column][\/vc_row][vc_row][vc_column width=&#8221;1\/2&#8243;][vc_column_text uncode_shortcode_id=&#8221;488506&#8243;]Zesp\u00f3\u0142 [&hellip;]<\/p>\n","protected":false},"author":1,"featured_media":0,"parent":0,"menu_order":0,"comment_status":"closed","ping_status":"closed","template":"","meta":{"footnotes":""},"class_list":["post-1910","page","type-page","status-publish","hentry"],"yoast_head":"<!-- This site is optimized with the Yoast SEO plugin v27.6 - https:\/\/yoast.com\/product\/yoast-seo-wordpress\/ -->\n<title>Integracja PLC - AIC<\/title>\n<meta name=\"description\" content=\"Dzi\u0119ki 25-letniemu do\u015bwiadczeniu oferujemy naszym klientom wiele korzy\u015bci, dzi\u0119ki czemu nasz zesp\u00f3\u0142 jest idealnym partnerem w integracji st...\" \/>\n<meta name=\"robots\" content=\"index, follow, max-snippet:-1, max-image-preview:large, max-video-preview:-1\" \/>\n<link rel=\"canonical\" href=\"https:\/\/allincontainer.eu\/pl\/integracja-plc\/\" \/>\n<meta property=\"og:locale\" content=\"pl_PL\" \/>\n<meta property=\"og:type\" content=\"article\" \/>\n<meta property=\"og:title\" content=\"Integracja PLC - AIC\" \/>\n<meta property=\"og:description\" content=\"Dzi\u0119ki 25-letniemu do\u015bwiadczeniu oferujemy naszym klientom wiele korzy\u015bci, dzi\u0119ki czemu nasz zesp\u00f3\u0142 jest idealnym partnerem w integracji st...\" \/>\n<meta property=\"og:url\" content=\"https:\/\/allincontainer.eu\/pl\/integracja-plc\/\" \/>\n<meta property=\"og:site_name\" content=\"AIC\" \/>\n<meta property=\"article:modified_time\" content=\"2026-05-13T08:56:20+00:00\" \/>\n<meta name=\"twitter:card\" content=\"summary_large_image\" \/>\n<meta name=\"twitter:label1\" content=\"Szacowany czas czytania\" \/>\n\t<meta name=\"twitter:data1\" content=\"3 minuty\" \/>\n<script type=\"application\/ld+json\" class=\"yoast-schema-graph\">{\"@context\":\"https:\\\/\\\/schema.org\",\"@graph\":[{\"@type\":\"WebPage\",\"@id\":\"https:\\\/\\\/allincontainer.eu\\\/pl\\\/integracja-plc\\\/\",\"url\":\"https:\\\/\\\/allincontainer.eu\\\/pl\\\/integracja-plc\\\/\",\"name\":\"Integracja PLC - AIC\",\"isPartOf\":{\"@id\":\"https:\\\/\\\/allincontainer.eu\\\/#website\"},\"datePublished\":\"2023-09-05T13:12:05+00:00\",\"dateModified\":\"2026-05-13T08:56:20+00:00\",\"description\":\"Dzi\u0119ki 25-letniemu do\u015bwiadczeniu oferujemy naszym klientom wiele korzy\u015bci, dzi\u0119ki czemu nasz zesp\u00f3\u0142 jest idealnym partnerem w integracji st...\",\"breadcrumb\":{\"@id\":\"https:\\\/\\\/allincontainer.eu\\\/pl\\\/integracja-plc\\\/#breadcrumb\"},\"inLanguage\":\"pl-PL\",\"potentialAction\":[{\"@type\":\"ReadAction\",\"target\":[\"https:\\\/\\\/allincontainer.eu\\\/pl\\\/integracja-plc\\\/\"]}]},{\"@type\":\"BreadcrumbList\",\"@id\":\"https:\\\/\\\/allincontainer.eu\\\/pl\\\/integracja-plc\\\/#breadcrumb\",\"itemListElement\":[{\"@type\":\"ListItem\",\"position\":1,\"name\":\"Home\",\"item\":\"https:\\\/\\\/allincontainer.eu\\\/pl\\\/\"},{\"@type\":\"ListItem\",\"position\":2,\"name\":\"Integracja PLC\"}]},{\"@type\":\"WebSite\",\"@id\":\"https:\\\/\\\/allincontainer.eu\\\/#website\",\"url\":\"https:\\\/\\\/allincontainer.eu\\\/\",\"name\":\"AIC\",\"description\":\"Filters and Automation\",\"potentialAction\":[{\"@type\":\"SearchAction\",\"target\":{\"@type\":\"EntryPoint\",\"urlTemplate\":\"https:\\\/\\\/allincontainer.eu\\\/?s={search_term_string}\"},\"query-input\":{\"@type\":\"PropertyValueSpecification\",\"valueRequired\":true,\"valueName\":\"search_term_string\"}}],\"inLanguage\":\"pl-PL\"}]}<\/script>\n<!-- \/ Yoast SEO plugin. -->","yoast_head_json":{"title":"Integracja PLC - AIC","description":"Dzi\u0119ki 25-letniemu do\u015bwiadczeniu oferujemy naszym klientom wiele korzy\u015bci, dzi\u0119ki czemu nasz zesp\u00f3\u0142 jest idealnym partnerem w integracji st...","robots":{"index":"index","follow":"follow","max-snippet":"max-snippet:-1","max-image-preview":"max-image-preview:large","max-video-preview":"max-video-preview:-1"},"canonical":"https:\/\/allincontainer.eu\/pl\/integracja-plc\/","og_locale":"pl_PL","og_type":"article","og_title":"Integracja PLC - AIC","og_description":"Dzi\u0119ki 25-letniemu do\u015bwiadczeniu oferujemy naszym klientom wiele korzy\u015bci, dzi\u0119ki czemu nasz zesp\u00f3\u0142 jest idealnym partnerem w integracji st...","og_url":"https:\/\/allincontainer.eu\/pl\/integracja-plc\/","og_site_name":"AIC","article_modified_time":"2026-05-13T08:56:20+00:00","twitter_card":"summary_large_image","twitter_misc":{"Szacowany czas czytania":"3 minuty"},"schema":{"@context":"https:\/\/schema.org","@graph":[{"@type":"WebPage","@id":"https:\/\/allincontainer.eu\/pl\/integracja-plc\/","url":"https:\/\/allincontainer.eu\/pl\/integracja-plc\/","name":"Integracja PLC - AIC","isPartOf":{"@id":"https:\/\/allincontainer.eu\/#website"},"datePublished":"2023-09-05T13:12:05+00:00","dateModified":"2026-05-13T08:56:20+00:00","description":"Dzi\u0119ki 25-letniemu do\u015bwiadczeniu oferujemy naszym klientom wiele korzy\u015bci, dzi\u0119ki czemu nasz zesp\u00f3\u0142 jest idealnym partnerem w integracji st...","breadcrumb":{"@id":"https:\/\/allincontainer.eu\/pl\/integracja-plc\/#breadcrumb"},"inLanguage":"pl-PL","potentialAction":[{"@type":"ReadAction","target":["https:\/\/allincontainer.eu\/pl\/integracja-plc\/"]}]},{"@type":"BreadcrumbList","@id":"https:\/\/allincontainer.eu\/pl\/integracja-plc\/#breadcrumb","itemListElement":[{"@type":"ListItem","position":1,"name":"Home","item":"https:\/\/allincontainer.eu\/pl\/"},{"@type":"ListItem","position":2,"name":"Integracja PLC"}]},{"@type":"WebSite","@id":"https:\/\/allincontainer.eu\/#website","url":"https:\/\/allincontainer.eu\/","name":"AIC","description":"Filters and Automation","potentialAction":[{"@type":"SearchAction","target":{"@type":"EntryPoint","urlTemplate":"https:\/\/allincontainer.eu\/?s={search_term_string}"},"query-input":{"@type":"PropertyValueSpecification","valueRequired":true,"valueName":"search_term_string"}}],"inLanguage":"pl-PL"}]}},"_links":{"self":[{"href":"https:\/\/allincontainer.eu\/pl\/wp-json\/wp\/v2\/pages\/1910","targetHints":{"allow":["GET"]}}],"collection":[{"href":"https:\/\/allincontainer.eu\/pl\/wp-json\/wp\/v2\/pages"}],"about":[{"href":"https:\/\/allincontainer.eu\/pl\/wp-json\/wp\/v2\/types\/page"}],"author":[{"embeddable":true,"href":"https:\/\/allincontainer.eu\/pl\/wp-json\/wp\/v2\/users\/1"}],"replies":[{"embeddable":true,"href":"https:\/\/allincontainer.eu\/pl\/wp-json\/wp\/v2\/comments?post=1910"}],"version-history":[{"count":9,"href":"https:\/\/allincontainer.eu\/pl\/wp-json\/wp\/v2\/pages\/1910\/revisions"}],"predecessor-version":[{"id":2485,"href":"https:\/\/allincontainer.eu\/pl\/wp-json\/wp\/v2\/pages\/1910\/revisions\/2485"}],"wp:attachment":[{"href":"https:\/\/allincontainer.eu\/pl\/wp-json\/wp\/v2\/media?parent=1910"}],"curies":[{"name":"wp","href":"https:\/\/api.w.org\/{rel}","templated":true}]}}