{"id":1880,"date":"2020-04-06T17:19:56","date_gmt":"2020-04-06T17:19:56","guid":{"rendered":"https:\/\/allincontainer.eu\/elektrostatiniai-filtrai\/"},"modified":"2026-05-13T11:21:05","modified_gmt":"2026-05-13T08:21:05","slug":"elektrofiltry","status":"publish","type":"page","link":"https:\/\/allincontainer.eu\/pl\/elektrofiltry\/","title":{"rendered":"Elektrofiltry"},"content":{"rendered":"<div class=\"wpb-content-wrapper\"><p>[vc_row][vc_column width=&#8221;1\/1&#8243;][vc_empty_space empty_h=&#8221;2&#8243;][vc_custom_heading text_color=&#8221;color-nhtu&#8221; heading_semantic=&#8221;h1&#8243; uncode_shortcode_id=&#8221;190112&#8243; text_color_type=&#8221;uncode-palette&#8221;]CZYM S\u0104 ELEKTROFILTRY?[\/vc_custom_heading][vc_row_inner row_inner_height_percent=&#8221;0&#8243; overlay_alpha=&#8221;50&#8243; equal_height=&#8221;yes&#8221; gutter_size=&#8221;3&#8243; shift_y=&#8221;0&#8243; z_index=&#8221;0&#8243; limit_content=&#8221;&#8221;][vc_column_inner width=&#8221;1\/2&#8243;][vc_single_image media=&#8221;1464&#8243; media_width_percent=&#8221;100&#8243; media_ratio=&#8221;one-one&#8221; shadow=&#8221;yes&#8221; shadow_weight=&#8221;std&#8221; uncode_shortcode_id=&#8221;351847&#8243;][\/vc_column_inner][vc_column_inner column_width_percent=&#8221;100&#8243; position_vertical=&#8221;middle&#8221; gutter_size=&#8221;3&#8243; overlay_alpha=&#8221;50&#8243; shift_x=&#8221;0&#8243; shift_y=&#8221;0&#8243; shift_y_down=&#8221;0&#8243; z_index=&#8221;0&#8243; medium_width=&#8221;0&#8243; mobile_width=&#8221;0&#8243; width=&#8221;1\/2&#8243;][vc_column_text uncode_shortcode_id=&#8221;233398&#8243;]Elektrofiltry (EF) &#8211; to bardzo skuteczna technologia kontroli zanieczyszczenia powietrza, kt\u00f3ra wykorzystuje \u0142adunek elektrostatyczny do usuwania cz\u0105stek sta\u0142ych ze spalin, powsta\u0142ych w procesie spalania, takich jak py\u0142 i inne zanieczyszczenia. EF s\u0105 szeroko stosowane w kot\u0142owniach, cementowniach i hutach stali oraz innych ga\u0142\u0119ziach przemys\u0142u w celu zmniejszenia emisji cz\u0105stek sta\u0142ych oraz neutralizacji innych szkodliwych substancji zanieczyszczaj\u0105cych.<\/p>\n<p>Ten sprz\u0119t jest szczeg\u00f3lnie skuteczny w urz\u0105dzeniach do spalania biomasy, kt\u00f3re s\u0105 przeznaczone do produkcji energii cieplnej i elektrycznej, gdy\u017c powsta\u0142e tu w procesie spalania gazy spalinowe zazwyczaj zawieraj\u0105 sporo cz\u0105stek sta\u0142ych. W por\u00f3wnaniu do innych technologii kontroli zanieczyszczenia powietrza, EF zapewnia najmniejszy op\u00f3r wobec przep\u0142ywu gaz\u00f3w. Oznacza to ni\u017csze zu\u017cycie energii oraz koszty eksploatacyjne, a tak\u017ce wi\u0119ksz\u0105 niezawodno\u015b\u0107 oraz d\u0142u\u017cszy czas pracy. Poza tym, EF mog\u0105 pracowa\u0107 w wysokich temperaturach, dlatego doskonale nadaj\u0105 si\u0119 do pracy w pobli\u017cu proces\u00f3w wysokotemperaturowych, kt\u00f3re zwykle odbywaj\u0105 si\u0119 w kot\u0142owniach.[\/vc_column_text][vc_button button_color=&#8221;color-115100&#8243; border_width=&#8221;0&#8243; link=&#8221;url:https%3A%2F%2Fallincontainer.eu%2Fpl%2Fkontaktai%2F|title:Kontaktai&#8221; button_color_type=&#8221;uncode-palette&#8221; uncode_shortcode_id=&#8221;594805&#8243;]KONTAKT[\/vc_button][\/vc_column_inner][\/vc_row_inner][vc_empty_space empty_h=&#8221;2&#8243;][\/vc_column][\/vc_row][vc_row row_height_percent=&#8221;0&#8243; back_color=&#8221;color-lxmt&#8221; overlay_alpha=&#8221;50&#8243; gutter_size=&#8221;3&#8243; column_width_percent=&#8221;100&#8243; shift_y=&#8221;0&#8243; z_index=&#8221;0&#8243;][vc_column width=&#8221;1\/1&#8243;][vc_column_text uncode_shortcode_id=&#8221;198570&#8243;]<\/p>\n<h3>ELEKTROFILTR I ZR\u00d3WNOWA\u017bONO\u015a\u0106<\/h3>\n<p>\u201eAIC Tech\u201c specjalizuje si\u0119 w produkcji zaawansowanych elektrofiltr\u00f3w dla kot\u0142owni na biomas\u0119 w bran\u017cy energetycznej i przemys\u0142owej. Nasze EF s\u0105 projektowane tak, aby w pe\u0142ni by\u0142y zgodne z wymogami Dyrektywy UE 2015\/2193, kt\u00f3rej celem jest ograniczenie emisji do powietrza ze \u015bredniej wielko\u015bci kot\u0142owni. W szczeg\u00f3lno\u015bci, nasza technologia pomaga osi\u0105gn\u0105\u0107 st\u0119\u017cenie emisji, kt\u00f3re zazwyczaj nie przekracza 10-50 mg\/Nm\u00b3. A jest to znacznie mniej, ni\u017c st\u0119\u017cenie na wlocie spalin, kt\u00f3re mo\u017ce waha\u0107 si\u0119 od 250 do 1000 (lub nawet 2000) mg\/Nm\u00b3.<\/p>\n<h3>PROJEKT I MATERIA\u0141Y<\/h3>\n<p>Obudowa EF zawiera ma\u0142o ruchomych cz\u0119\u015bci i jest wykonana z mocnych, spawanych blach stalowych. Normalny czas funkcjonowania EF wynosi ponad 20 lat, nie wymaga wymiany podstawowych cz\u0119\u015bci. Specjalna konstrukcja uk\u0142adu EF pozwala na jego eksploatacj\u0119 do 10 lat bez wymiany cz\u0119\u015bci zu\u017cywaj\u0105cych si\u0119. Poza tym, nasz EF jest wyposa\u017cony w ca\u0142kowicie zautomatyzowany system sterowania, umo\u017cliwiaj\u0105cy monitorowanie w czasie rzeczywistym oraz zarz\u0105dzanie procesami urz\u0105dzenia. Zapewnia to optymaln\u0105 wydajno\u015b\u0107 oraz minimalne wymagania konserwacyjne.<\/p>\n<h3>ZASTOSOWANE ROZWI\u0104ZANIA<\/h3>\n<p>W zale\u017cno\u015bci od sk\u0142adu stosowanego paliwa oraz zawarto\u015bci cz\u0105stek sta\u0142ych w spalinach, elektrofiltry mog\u0105 by\u0107 zaprojektowane z jednym, dwoma lub trzema polami elektrycznymi oraz wyposa\u017cone w zautomatyzowany uk\u0142ad sterowania. Mo\u017cemy zaoferowa\u0107 r\u00f3\u017cne rozwi\u0105zania w zakresie uk\u0142adu kot\u0142owni: EF z dnem p\u0142askim, EF z dnem sto\u017ckowym, EF z dnem piramidalnym. Ka\u017cdym przypadkiem zajmujemy si\u0119 wsp\u00f3lnie z Klientem, aby znale\u017a\u0107 najlepsze rozwi\u0105zanie.[\/vc_column_text][vc_button button_color=&#8221;color-115100&#8243; border_width=&#8221;0&#8243; link=&#8221;url:https%3A%2F%2Fallincontainer.eu%2Fpl%2Fzrealizowane-projekty%2F&#8221; button_color_type=&#8221;uncode-palette&#8221; uncode_shortcode_id=&#8221;190893&#8243;]ZREALIZOWANE PROJEKTY[\/vc_button][\/vc_column][\/vc_row][vc_row][vc_column width=&#8221;1\/2&#8243;][vc_single_image media=&#8221;1898&#8243; media_width_percent=&#8221;98&#8243; uncode_shortcode_id=&#8221;439870&#8243;][\/vc_column][vc_column width=&#8221;1\/2&#8243;][vc_column_text uncode_shortcode_id=&#8221;112572&#8243;]Elektrofiltry \u201eAIC Tech\u201c s\u0105 bardzo skutecznym i niezawodnym sposobem kontroli emisji spalin w przemy\u015ble i energetyce. Nasza sp\u00f3\u0142ka oferuje zaawansowane elektrofiltry, kt\u00f3re s\u0105 zgodne z wymogami dyrektyw UE oraz zapewniaj\u0105 optymaln\u0105 wydajno\u015b\u0107 przy minimalnych potrzebach konserwacyjnych oraz kosztach eksploatacyjnych. \u015aci\u015ble wsp\u00f3\u0142pracujemy z naszymi Klientami, aby zapewni\u0107 rozwi\u0105zania dostosowane do konkretnych ich potrzeb. Oferujemy r\u00f3wnie\u017c kompleksowe us\u0142ugi szkoleniowe i serwisowe. Skontaktuj si\u0119 z nami ju\u017c dzi\u015b i dowiedz si\u0119 wi\u0119cej o naszych elektrofiltrach oraz o tym, w jaki spos\u00f3b mog\u0105 by\u0107 korzystne dla Twego przedsi\u0119biorstwa.[\/vc_column_text][vc_button button_color=&#8221;color-115100&#8243; border_width=&#8221;0&#8243; link=&#8221;url:https%3A%2F%2Fallincontainer.eu%2Fpl%2Fzasada-dzialania-elektrofiltru%2F|title:Zasada%20dzia%C5%82ania%20elektrofiltru&#8221; button_color_type=&#8221;uncode-palette&#8221; uncode_shortcode_id=&#8221;421487&#8243;]EF &gt; ZASADA DZIA\u0141ANIA[\/vc_button][vc_button button_color=&#8221;color-115100&#8243; border_width=&#8221;0&#8243; link=&#8221;url:https%3A%2F%2Fallincontainer.eu%2Fpl%2Fzalety-elektrofiltru%2F|title:Zalety%20elektrofiltru&#8221; button_color_type=&#8221;uncode-palette&#8221; uncode_shortcode_id=&#8221;351444&#8243;]EF &gt; ZAPEWNIANE KORZY\u015aCI[\/vc_button][\/vc_column][\/vc_row]<\/p>\n<\/div>","protected":false},"excerpt":{"rendered":"<p>[vc_row][vc_column width=&#8221;1\/1&#8243;][vc_empty_space empty_h=&#8221;2&#8243;][vc_custom_heading text_color=&#8221;color-nhtu&#8221; heading_semantic=&#8221;h1&#8243; uncode_shortcode_id=&#8221;190112&#8243; text_color_type=&#8221;uncode-palette&#8221;]CZYM S\u0104 ELEKTROFILTRY?[\/vc_custom_heading][vc_row_inner row_inner_height_percent=&#8221;0&#8243; overlay_alpha=&#8221;50&#8243; equal_height=&#8221;yes&#8221; gutter_size=&#8221;3&#8243; shift_y=&#8221;0&#8243; z_index=&#8221;0&#8243; limit_content=&#8221;&#8221;][vc_column_inner width=&#8221;1\/2&#8243;][vc_single_image media=&#8221;1464&#8243; media_width_percent=&#8221;100&#8243; media_ratio=&#8221;one-one&#8221; [&hellip;]<\/p>\n","protected":false},"author":1,"featured_media":0,"parent":0,"menu_order":0,"comment_status":"closed","ping_status":"closed","template":"","meta":{"footnotes":""},"class_list":["post-1880","page","type-page","status-publish","hentry"],"yoast_head":"<!-- This site is optimized with the Yoast SEO plugin v27.6 - https:\/\/yoast.com\/product\/yoast-seo-wordpress\/ -->\n<title>AIC Tech | Elektrofiltry<\/title>\n<meta name=\"description\" content=\"Elektrofiltry (EF) - to bardzo skuteczna technologia kontroli zanieczyszczenia powietrza, kt\u00f3ra wykorzystuje \u0142adunek elektrostatyczny do...\" \/>\n<meta name=\"robots\" content=\"index, follow, max-snippet:-1, max-image-preview:large, max-video-preview:-1\" \/>\n<link rel=\"canonical\" href=\"https:\/\/allincontainer.eu\/pl\/elektrofiltry\/\" \/>\n<meta property=\"og:locale\" content=\"pl_PL\" \/>\n<meta property=\"og:type\" content=\"article\" \/>\n<meta property=\"og:title\" content=\"AIC Tech | Elektrofiltry\" \/>\n<meta property=\"og:description\" content=\"Elektrofiltry (EF) - to bardzo skuteczna technologia kontroli zanieczyszczenia powietrza, kt\u00f3ra wykorzystuje \u0142adunek elektrostatyczny do...\" \/>\n<meta property=\"og:url\" content=\"https:\/\/allincontainer.eu\/pl\/elektrofiltry\/\" \/>\n<meta property=\"og:site_name\" content=\"AIC\" \/>\n<meta property=\"article:modified_time\" content=\"2026-05-13T08:21:05+00:00\" \/>\n<meta name=\"twitter:card\" content=\"summary_large_image\" \/>\n<meta name=\"twitter:label1\" content=\"Szacowany czas czytania\" \/>\n\t<meta name=\"twitter:data1\" content=\"4 minuty\" \/>\n<script type=\"application\/ld+json\" class=\"yoast-schema-graph\">{\"@context\":\"https:\\\/\\\/schema.org\",\"@graph\":[{\"@type\":\"WebPage\",\"@id\":\"https:\\\/\\\/allincontainer.eu\\\/pl\\\/elektrofiltry\\\/\",\"url\":\"https:\\\/\\\/allincontainer.eu\\\/pl\\\/elektrofiltry\\\/\",\"name\":\"AIC Tech | Elektrofiltry\",\"isPartOf\":{\"@id\":\"https:\\\/\\\/allincontainer.eu\\\/#website\"},\"datePublished\":\"2020-04-06T17:19:56+00:00\",\"dateModified\":\"2026-05-13T08:21:05+00:00\",\"description\":\"Elektrofiltry (EF) - to bardzo skuteczna technologia kontroli zanieczyszczenia powietrza, kt\u00f3ra wykorzystuje \u0142adunek elektrostatyczny do...\",\"breadcrumb\":{\"@id\":\"https:\\\/\\\/allincontainer.eu\\\/pl\\\/elektrofiltry\\\/#breadcrumb\"},\"inLanguage\":\"pl-PL\",\"potentialAction\":[{\"@type\":\"ReadAction\",\"target\":[\"https:\\\/\\\/allincontainer.eu\\\/pl\\\/elektrofiltry\\\/\"]}]},{\"@type\":\"BreadcrumbList\",\"@id\":\"https:\\\/\\\/allincontainer.eu\\\/pl\\\/elektrofiltry\\\/#breadcrumb\",\"itemListElement\":[{\"@type\":\"ListItem\",\"position\":1,\"name\":\"Home\",\"item\":\"https:\\\/\\\/allincontainer.eu\\\/pl\\\/\"},{\"@type\":\"ListItem\",\"position\":2,\"name\":\"Elektrofiltry\"}]},{\"@type\":\"WebSite\",\"@id\":\"https:\\\/\\\/allincontainer.eu\\\/#website\",\"url\":\"https:\\\/\\\/allincontainer.eu\\\/\",\"name\":\"AIC\",\"description\":\"Filters and Automation\",\"potentialAction\":[{\"@type\":\"SearchAction\",\"target\":{\"@type\":\"EntryPoint\",\"urlTemplate\":\"https:\\\/\\\/allincontainer.eu\\\/?s={search_term_string}\"},\"query-input\":{\"@type\":\"PropertyValueSpecification\",\"valueRequired\":true,\"valueName\":\"search_term_string\"}}],\"inLanguage\":\"pl-PL\"}]}<\/script>\n<!-- \/ Yoast SEO plugin. -->","yoast_head_json":{"title":"AIC Tech | Elektrofiltry","description":"Elektrofiltry (EF) - to bardzo skuteczna technologia kontroli zanieczyszczenia powietrza, kt\u00f3ra wykorzystuje \u0142adunek elektrostatyczny do...","robots":{"index":"index","follow":"follow","max-snippet":"max-snippet:-1","max-image-preview":"max-image-preview:large","max-video-preview":"max-video-preview:-1"},"canonical":"https:\/\/allincontainer.eu\/pl\/elektrofiltry\/","og_locale":"pl_PL","og_type":"article","og_title":"AIC Tech | Elektrofiltry","og_description":"Elektrofiltry (EF) - to bardzo skuteczna technologia kontroli zanieczyszczenia powietrza, kt\u00f3ra wykorzystuje \u0142adunek elektrostatyczny do...","og_url":"https:\/\/allincontainer.eu\/pl\/elektrofiltry\/","og_site_name":"AIC","article_modified_time":"2026-05-13T08:21:05+00:00","twitter_card":"summary_large_image","twitter_misc":{"Szacowany czas czytania":"4 minuty"},"schema":{"@context":"https:\/\/schema.org","@graph":[{"@type":"WebPage","@id":"https:\/\/allincontainer.eu\/pl\/elektrofiltry\/","url":"https:\/\/allincontainer.eu\/pl\/elektrofiltry\/","name":"AIC Tech | Elektrofiltry","isPartOf":{"@id":"https:\/\/allincontainer.eu\/#website"},"datePublished":"2020-04-06T17:19:56+00:00","dateModified":"2026-05-13T08:21:05+00:00","description":"Elektrofiltry (EF) - to bardzo skuteczna technologia kontroli zanieczyszczenia powietrza, kt\u00f3ra wykorzystuje \u0142adunek elektrostatyczny do...","breadcrumb":{"@id":"https:\/\/allincontainer.eu\/pl\/elektrofiltry\/#breadcrumb"},"inLanguage":"pl-PL","potentialAction":[{"@type":"ReadAction","target":["https:\/\/allincontainer.eu\/pl\/elektrofiltry\/"]}]},{"@type":"BreadcrumbList","@id":"https:\/\/allincontainer.eu\/pl\/elektrofiltry\/#breadcrumb","itemListElement":[{"@type":"ListItem","position":1,"name":"Home","item":"https:\/\/allincontainer.eu\/pl\/"},{"@type":"ListItem","position":2,"name":"Elektrofiltry"}]},{"@type":"WebSite","@id":"https:\/\/allincontainer.eu\/#website","url":"https:\/\/allincontainer.eu\/","name":"AIC","description":"Filters and Automation","potentialAction":[{"@type":"SearchAction","target":{"@type":"EntryPoint","urlTemplate":"https:\/\/allincontainer.eu\/?s={search_term_string}"},"query-input":{"@type":"PropertyValueSpecification","valueRequired":true,"valueName":"search_term_string"}}],"inLanguage":"pl-PL"}]}},"_links":{"self":[{"href":"https:\/\/allincontainer.eu\/pl\/wp-json\/wp\/v2\/pages\/1880","targetHints":{"allow":["GET"]}}],"collection":[{"href":"https:\/\/allincontainer.eu\/pl\/wp-json\/wp\/v2\/pages"}],"about":[{"href":"https:\/\/allincontainer.eu\/pl\/wp-json\/wp\/v2\/types\/page"}],"author":[{"embeddable":true,"href":"https:\/\/allincontainer.eu\/pl\/wp-json\/wp\/v2\/users\/1"}],"replies":[{"embeddable":true,"href":"https:\/\/allincontainer.eu\/pl\/wp-json\/wp\/v2\/comments?post=1880"}],"version-history":[{"count":8,"href":"https:\/\/allincontainer.eu\/pl\/wp-json\/wp\/v2\/pages\/1880\/revisions"}],"predecessor-version":[{"id":2468,"href":"https:\/\/allincontainer.eu\/pl\/wp-json\/wp\/v2\/pages\/1880\/revisions\/2468"}],"wp:attachment":[{"href":"https:\/\/allincontainer.eu\/pl\/wp-json\/wp\/v2\/media?parent=1880"}],"curies":[{"name":"wp","href":"https:\/\/api.w.org\/{rel}","templated":true}]}}