{"id":1843,"date":"2020-04-03T19:46:00","date_gmt":"2020-04-03T19:46:00","guid":{"rendered":"https:\/\/allincontainer.eu\/apie-mus\/"},"modified":"2024-02-13T10:38:45","modified_gmt":"2024-02-13T10:38:45","slug":"o-nas","status":"publish","type":"page","link":"https:\/\/allincontainer.eu\/pl\/o-nas\/","title":{"rendered":"O nas"},"content":{"rendered":"<div class=\"wpb-content-wrapper\"><p>[vc_row row_height_percent=&#8221;100&#8243; overlay_alpha=&#8221;50&#8243; gutter_size=&#8221;3&#8243; column_width_percent=&#8221;100&#8243; shift_y=&#8221;0&#8243; z_index=&#8221;0&#8243;][vc_column column_width_percent=&#8221;100&#8243; position_vertical=&#8221;middle&#8221; gutter_size=&#8221;3&#8243; overlay_alpha=&#8221;50&#8243; shift_x=&#8221;0&#8243; shift_y=&#8221;0&#8243; shift_y_down=&#8221;0&#8243; z_index=&#8221;0&#8243; medium_width=&#8221;0&#8243; mobile_width=&#8221;0&#8243; width=&#8221;1\/1&#8243;][vc_row_inner row_inner_height_percent=&#8221;0&#8243; overlay_alpha=&#8221;50&#8243; equal_height=&#8221;yes&#8221; gutter_size=&#8221;4&#8243; shift_y=&#8221;0&#8243; z_index=&#8221;0&#8243; limit_content=&#8221;&#8221;][vc_column_inner column_width_percent=&#8221;100&#8243; position_vertical=&#8221;middle&#8221; gutter_size=&#8221;3&#8243; overlay_alpha=&#8221;50&#8243; shift_x=&#8221;0&#8243; shift_y=&#8221;0&#8243; shift_y_down=&#8221;0&#8243; z_index=&#8221;0&#8243; medium_width=&#8221;0&#8243; mobile_width=&#8221;0&#8243; width=&#8221;1\/2&#8243;][vc_single_image media=&#8221;793&#8243; media_width_percent=&#8221;100&#8243; media_ratio=&#8221;one-one&#8221; alignment=&#8221;center&#8221; uncode_shortcode_id=&#8221;193712&#8243;][\/vc_column_inner][vc_column_inner column_width_percent=&#8221;100&#8243; position_vertical=&#8221;middle&#8221; gutter_size=&#8221;3&#8243; overlay_alpha=&#8221;50&#8243; shift_x=&#8221;0&#8243; shift_y=&#8221;0&#8243; shift_y_down=&#8221;0&#8243; z_index=&#8221;0&#8243; medium_width=&#8221;0&#8243; mobile_width=&#8221;0&#8243; width=&#8221;1\/2&#8243;][vc_column_text uncode_shortcode_id=&#8221;456876&#8243;]Jeste\u015bmy \u201eAll In Container\u201c. Dzi\u0119ki ponad 20 &#8211; letniemu do\u015bwiadczeniu mo\u017cemy dzi\u015b zaoferowa\u0107 niezawodne, sprawdzone, doskonale funkcjonuj\u0105ce urz\u0105dzenia oraz rozwi\u0105zania w <a href=\"https:\/\/allincontainer.eu\/pl\/elektrofiltry\/\">zakresie oczyszczania spalin,<\/a> <a href=\"https:\/\/allincontainer.eu\/pl\/programowanie-plc\/\">automatyzacji proces\u00f3w oraz programowania sterownik\u00f3w PLC<\/a>. Dotychczas z powodzeniem zrealizowali\u015bmy projekty na Litwie, \u0141otwie, w Estonii, Polsce, Szwecji i Finlandii.<\/p>\n<p>\u201eAll In Container\u201c zapewnia dok\u0142adne oraz skuteczne spe\u0142nienie Twych potrzeb. Nasza nazwa odzwierciedla zobowi\u0105zanie do zapewnienia kompleksowego zakresu us\u0142ug w jednym miejscu. W ka\u017cdym projekcie priorytetowo traktujemy rozwi\u0105zania przyjazne dla \u015brodowiska, aby przyczyni\u0107 si\u0119 do bardziej zr\u00f3wnowa\u017conego jutra. Poza tym specjalizujemy si\u0119 w automatyzacji proces\u00f3w, kt\u00f3ra pozwala na usprawnienie proces\u00f3w biznesowych oraz zapewnia sp\u00f3jne i niezawodne wyniki. Naszym celem jest dostarczenie naszym Klientom narz\u0119dzi, dzi\u0119ki kt\u00f3rym praca stanie si\u0119 bardziej p\u0142ynna oraz wydajna.<\/p>\n<p>Ka\u017cdy projekt &#8211; du\u017cy czy ma\u0142y &#8211; otrzymuje bezpo\u015bredni\u0105 uwag\u0119 naszego zespo\u0142u. Zapewniamy wysok\u0105 jako\u015b\u0107 wynik\u00f3w od pocz\u0105tku do ko\u0144ca projektu. Nasi specjali\u015bci s\u0105 tutaj, aby zaoferowa\u0107 sprawne do\u015bwiadczenie, zapewniaj\u0105ce realizacj\u0119 Twoich potrzeb zgodnie z najwy\u017cszymi standardami.[\/vc_column_text][\/vc_column_inner][\/vc_row_inner][\/vc_column][\/vc_row][vc_row][vc_column width=&#8221;1\/1&#8243;][vc_custom_heading heading_semantic=&#8221;h3&#8243; uncode_shortcode_id=&#8221;736400&#8243;]Nasz zesp\u00f3\u0142 zawsze stara si\u0119 kierowa\u0107 nast\u0119puj\u0105cymi warto\u015bciami:[\/vc_custom_heading][vc_column_text uncode_shortcode_id=&#8221;126136&#8243;]<strong>EFEKTYWNO\u015a\u0106<\/strong> \u2013 nasze rozwi\u0105zania z zakresu automatyki oraz programowania PLC s\u0105 stworzone w celu efektywnego zarz\u0105dzania nawet najbardziej z\u0142o\u017conymi zadaniami, z uwzgl\u0119dnieniem potrzeb Klienta. Nasze rozwi\u0105zania maj\u0105 na celu zwi\u0119kszenie wydajno\u015bci, aby zoptymalizowa\u0107 procesy oraz zminimalizowa\u0107 straty. Obecnie, gdy czas &#8211; to pieni\u0105dz, nasze zaawansowane systemy zapewniaj\u0105 osi\u0105gni\u0119cie optymalnych wynik\u00f3w przy mniejszym wysi\u0142ku oraz zwi\u0119kszenie przewagi konkurencyjnej na rynku.<\/p>\n<p><strong>ZR\u00d3WNOWA\u017bONO\u015a\u0106<\/strong> \u2013 nasze rozwi\u0105zania w zakresie oczyszczania dymu s\u0105 przeznaczone do produkcji czystej energii oraz prowadz\u0105 ku zr\u00f3wnowa\u017conej przysz\u0142o\u015bci energetyki. Korzystaj\u0105c z najnowszych technologii, zobowi\u0105zujemy si\u0119 do zmniejszania \u015bladu w\u0119glowego oraz promocji bardziej ekologicznej energii. Zosta\u0144my partnerami oraz inwestujmy w czystsz\u0105 i zdrowsz\u0105 planet\u0119 dla przysz\u0142ych pokole\u0144.<\/p>\n<p><strong>TECHNOLOGIA<\/strong> \u2013 nasi eksperci mog\u0105 zaoferowa\u0107 innowacyjne technologie, kt\u00f3re spe\u0142ni\u0105 Twoje potrzeby biznesowe. Zesp\u00f3\u0142 \u201eAll In Container\u201c stale analizuje oraz dostosowuje najnowsze technologie dla Twojej bran\u017cy. Od rozwi\u0105za\u0144 programowych po tworzenie urz\u0105dze\u0144 in\u017cynieryjnych &#8211; nasz zesp\u00f3\u0142 jest zawsze przygotowany.<\/p>\n<p><strong>JAKO\u015a\u0106<\/strong> \u2013 aktywnie monitorujemy jako\u015b\u0107 naszych rozwi\u0105za\u0144 i us\u0142ug, dlatego mo\u017cemy zaoferowa\u0107 niezawodne, d\u0142ugoterminowe rozwi\u0105zania, kt\u00f3re zostan\u0105 wdro\u017cone szybko i jako\u015bciowo. W naszej pracy zawsze przestrzegamy najwy\u017cszych standard\u00f3w kontroli jako\u015bci.<\/p>\n<p><strong>KONSERWACJA<\/strong> \u2013 oferujemy r\u00f3wnie\u017c us\u0142ugi kontroli, serwisu, naprawy i konserwacji zainstalowanych zar\u00f3wno naszych filtr\u00f3w, jak r\u00f3wnie\u017c nie naszych. Nasze kompleksowe pakiety konserwacji zapewniaj\u0105 trwa\u0142o\u015b\u0107 i wydajno\u015b\u0107 system\u00f3w, oszcz\u0119dzaj\u0105c przysz\u0142e koszty oraz redukuj\u0105c mo\u017cliwe przestoje.<\/p>\n<p><strong>PRACA ZESPO\u0141OWA<\/strong> \u2013 wierzymy, \u017ce silny zesp\u00f3\u0142 oraz niezawodne partnerstwo &#8211; to warto\u015bci, kt\u00f3re umo\u017cliwiaj\u0105 nam rozw\u00f3j oraz osi\u0105ganie najwy\u017cszych cel\u00f3w. Dzia\u0142aj\u0105c wsp\u00f3\u0142nie \u0142\u0105czymy wzajemny szacunek, d\u0105\u017cymy do zbudowania d\u0142ugotrwa\u0142ych relacji z naszymi Klientami oraz stworzenia \u015brodowiska, pozwalaj\u0105cego na osi\u0105ganie najwy\u017cszych cel\u00f3w.[\/vc_column_text][vc_single_image media=&#8221;1303&#8243; media_width_percent=&#8221;100&#8243; uncode_shortcode_id=&#8221;489180&#8243;][\/vc_column][\/vc_row]<\/p>\n<\/div>","protected":false},"excerpt":{"rendered":"<p>[vc_row row_height_percent=&#8221;100&#8243; overlay_alpha=&#8221;50&#8243; gutter_size=&#8221;3&#8243; column_width_percent=&#8221;100&#8243; shift_y=&#8221;0&#8243; z_index=&#8221;0&#8243;][vc_column column_width_percent=&#8221;100&#8243; position_vertical=&#8221;middle&#8221; gutter_size=&#8221;3&#8243; overlay_alpha=&#8221;50&#8243; shift_x=&#8221;0&#8243; shift_y=&#8221;0&#8243; shift_y_down=&#8221;0&#8243; z_index=&#8221;0&#8243; medium_width=&#8221;0&#8243; mobile_width=&#8221;0&#8243; width=&#8221;1\/1&#8243;][vc_row_inner row_inner_height_percent=&#8221;0&#8243; overlay_alpha=&#8221;50&#8243; [&hellip;]<\/p>\n","protected":false},"author":1,"featured_media":0,"parent":0,"menu_order":0,"comment_status":"closed","ping_status":"closed","template":"","meta":{"footnotes":""},"class_list":["post-1843","page","type-page","status-publish","hentry"],"yoast_head":"<!-- This site is optimized with the Yoast SEO plugin v27.5 - https:\/\/yoast.com\/product\/yoast-seo-wordpress\/ -->\n<title>O nas - All In Container<\/title>\n<meta name=\"description\" content=\"Dzi\u0119ki ponad 20 - letniemu do\u015bwiadczeniu mo\u017cemy dzi\u015b zaoferowa\u0107 niezawodne, sprawdzone, doskonale funkcjonuj\u0105ce...\" \/>\n<meta name=\"robots\" content=\"index, follow, max-snippet:-1, max-image-preview:large, max-video-preview:-1\" \/>\n<link rel=\"canonical\" href=\"https:\/\/allincontainer.eu\/about-us\/\" \/>\n<meta property=\"og:locale\" content=\"pl_PL\" \/>\n<meta property=\"og:type\" content=\"article\" \/>\n<meta property=\"og:title\" content=\"O nas - All In Container\" \/>\n<meta property=\"og:description\" content=\"Dzi\u0119ki ponad 20 - letniemu do\u015bwiadczeniu mo\u017cemy dzi\u015b zaoferowa\u0107 niezawodne, sprawdzone, doskonale funkcjonuj\u0105ce...\" \/>\n<meta property=\"og:url\" content=\"https:\/\/allincontainer.eu\/about-us\/\" \/>\n<meta property=\"og:site_name\" content=\"AIC\" \/>\n<meta property=\"article:modified_time\" content=\"2024-02-13T10:38:45+00:00\" \/>\n<meta name=\"twitter:card\" content=\"summary_large_image\" \/>\n<meta name=\"twitter:label1\" content=\"Szacowany czas czytania\" \/>\n\t<meta name=\"twitter:data1\" content=\"1 minuta\" \/>\n<script type=\"application\/ld+json\" class=\"yoast-schema-graph\">{\"@context\":\"https:\\\/\\\/schema.org\",\"@graph\":[{\"@type\":\"WebPage\",\"@id\":\"https:\\\/\\\/allincontainer.eu\\\/about-us\\\/\",\"url\":\"https:\\\/\\\/allincontainer.eu\\\/about-us\\\/\",\"name\":\"O nas - All In Container\",\"isPartOf\":{\"@id\":\"https:\\\/\\\/allincontainer.eu\\\/#website\"},\"datePublished\":\"2020-04-03T19:46:00+00:00\",\"dateModified\":\"2024-02-13T10:38:45+00:00\",\"description\":\"Dzi\u0119ki ponad 20 - letniemu do\u015bwiadczeniu mo\u017cemy dzi\u015b zaoferowa\u0107 niezawodne, sprawdzone, doskonale funkcjonuj\u0105ce...\",\"breadcrumb\":{\"@id\":\"https:\\\/\\\/allincontainer.eu\\\/about-us\\\/#breadcrumb\"},\"inLanguage\":\"pl-PL\",\"potentialAction\":[{\"@type\":\"ReadAction\",\"target\":[\"https:\\\/\\\/allincontainer.eu\\\/about-us\\\/\"]}]},{\"@type\":\"BreadcrumbList\",\"@id\":\"https:\\\/\\\/allincontainer.eu\\\/about-us\\\/#breadcrumb\",\"itemListElement\":[{\"@type\":\"ListItem\",\"position\":1,\"name\":\"Home\",\"item\":\"https:\\\/\\\/allincontainer.eu\\\/pl\\\/\"},{\"@type\":\"ListItem\",\"position\":2,\"name\":\"O nas\"}]},{\"@type\":\"WebSite\",\"@id\":\"https:\\\/\\\/allincontainer.eu\\\/#website\",\"url\":\"https:\\\/\\\/allincontainer.eu\\\/\",\"name\":\"AIC\",\"description\":\"Filters and Automation\",\"potentialAction\":[{\"@type\":\"SearchAction\",\"target\":{\"@type\":\"EntryPoint\",\"urlTemplate\":\"https:\\\/\\\/allincontainer.eu\\\/?s={search_term_string}\"},\"query-input\":{\"@type\":\"PropertyValueSpecification\",\"valueRequired\":true,\"valueName\":\"search_term_string\"}}],\"inLanguage\":\"pl-PL\"}]}<\/script>\n<!-- \/ Yoast SEO plugin. -->","yoast_head_json":{"title":"O nas - All In Container","description":"Dzi\u0119ki ponad 20 - letniemu do\u015bwiadczeniu mo\u017cemy dzi\u015b zaoferowa\u0107 niezawodne, sprawdzone, doskonale funkcjonuj\u0105ce...","robots":{"index":"index","follow":"follow","max-snippet":"max-snippet:-1","max-image-preview":"max-image-preview:large","max-video-preview":"max-video-preview:-1"},"canonical":"https:\/\/allincontainer.eu\/about-us\/","og_locale":"pl_PL","og_type":"article","og_title":"O nas - All In Container","og_description":"Dzi\u0119ki ponad 20 - letniemu do\u015bwiadczeniu mo\u017cemy dzi\u015b zaoferowa\u0107 niezawodne, sprawdzone, doskonale funkcjonuj\u0105ce...","og_url":"https:\/\/allincontainer.eu\/about-us\/","og_site_name":"AIC","article_modified_time":"2024-02-13T10:38:45+00:00","twitter_card":"summary_large_image","twitter_misc":{"Szacowany czas czytania":"1 minuta"},"schema":{"@context":"https:\/\/schema.org","@graph":[{"@type":"WebPage","@id":"https:\/\/allincontainer.eu\/about-us\/","url":"https:\/\/allincontainer.eu\/about-us\/","name":"O nas - All In Container","isPartOf":{"@id":"https:\/\/allincontainer.eu\/#website"},"datePublished":"2020-04-03T19:46:00+00:00","dateModified":"2024-02-13T10:38:45+00:00","description":"Dzi\u0119ki ponad 20 - letniemu do\u015bwiadczeniu mo\u017cemy dzi\u015b zaoferowa\u0107 niezawodne, sprawdzone, doskonale funkcjonuj\u0105ce...","breadcrumb":{"@id":"https:\/\/allincontainer.eu\/about-us\/#breadcrumb"},"inLanguage":"pl-PL","potentialAction":[{"@type":"ReadAction","target":["https:\/\/allincontainer.eu\/about-us\/"]}]},{"@type":"BreadcrumbList","@id":"https:\/\/allincontainer.eu\/about-us\/#breadcrumb","itemListElement":[{"@type":"ListItem","position":1,"name":"Home","item":"https:\/\/allincontainer.eu\/pl\/"},{"@type":"ListItem","position":2,"name":"O nas"}]},{"@type":"WebSite","@id":"https:\/\/allincontainer.eu\/#website","url":"https:\/\/allincontainer.eu\/","name":"AIC","description":"Filters and Automation","potentialAction":[{"@type":"SearchAction","target":{"@type":"EntryPoint","urlTemplate":"https:\/\/allincontainer.eu\/?s={search_term_string}"},"query-input":{"@type":"PropertyValueSpecification","valueRequired":true,"valueName":"search_term_string"}}],"inLanguage":"pl-PL"}]}},"_links":{"self":[{"href":"https:\/\/allincontainer.eu\/pl\/wp-json\/wp\/v2\/pages\/1843","targetHints":{"allow":["GET"]}}],"collection":[{"href":"https:\/\/allincontainer.eu\/pl\/wp-json\/wp\/v2\/pages"}],"about":[{"href":"https:\/\/allincontainer.eu\/pl\/wp-json\/wp\/v2\/types\/page"}],"author":[{"embeddable":true,"href":"https:\/\/allincontainer.eu\/pl\/wp-json\/wp\/v2\/users\/1"}],"replies":[{"embeddable":true,"href":"https:\/\/allincontainer.eu\/pl\/wp-json\/wp\/v2\/comments?post=1843"}],"version-history":[{"count":6,"href":"https:\/\/allincontainer.eu\/pl\/wp-json\/wp\/v2\/pages\/1843\/revisions"}],"predecessor-version":[{"id":1983,"href":"https:\/\/allincontainer.eu\/pl\/wp-json\/wp\/v2\/pages\/1843\/revisions\/1983"}],"wp:attachment":[{"href":"https:\/\/allincontainer.eu\/pl\/wp-json\/wp\/v2\/media?parent=1843"}],"curies":[{"name":"wp","href":"https:\/\/api.w.org\/{rel}","templated":true}]}}