{"id":871,"date":"2020-04-06T17:19:56","date_gmt":"2020-04-06T17:19:56","guid":{"rendered":"http:\/\/linijos.lt\/works\/acheta\/?page_id=871"},"modified":"2026-05-13T11:17:09","modified_gmt":"2026-05-13T08:17:09","slug":"elektrostatiniai-filtrai","status":"publish","type":"page","link":"https:\/\/allincontainer.eu\/lt\/elektrostatiniai-filtrai\/","title":{"rendered":"Elektrostatiniai filtrai"},"content":{"rendered":"<div class=\"wpb-content-wrapper\"><p>[vc_row][vc_column width=&#8221;1\/1&#8243;][vc_empty_space empty_h=&#8221;2&#8243;][vc_custom_heading text_color=&#8221;color-nhtu&#8221; heading_semantic=&#8221;h1&#8243; uncode_shortcode_id=&#8221;143366&#8243; text_color_type=&#8221;uncode-palette&#8221;]KAS YRA ELEKTROSTATINIAI FILTRAI?[\/vc_custom_heading][vc_row_inner row_inner_height_percent=&#8221;0&#8243; overlay_alpha=&#8221;50&#8243; equal_height=&#8221;yes&#8221; gutter_size=&#8221;3&#8243; shift_y=&#8221;0&#8243; z_index=&#8221;0&#8243; limit_content=&#8221;&#8221;][vc_column_inner width=&#8221;1\/2&#8243;][vc_single_image media=&#8221;1464&#8243; media_width_percent=&#8221;100&#8243; media_ratio=&#8221;one-one&#8221; shadow=&#8221;yes&#8221; shadow_weight=&#8221;std&#8221; uncode_shortcode_id=&#8221;351847&#8243;][\/vc_column_inner][vc_column_inner column_width_percent=&#8221;100&#8243; position_vertical=&#8221;middle&#8221; gutter_size=&#8221;3&#8243; overlay_alpha=&#8221;50&#8243; shift_x=&#8221;0&#8243; shift_y=&#8221;0&#8243; shift_y_down=&#8221;0&#8243; z_index=&#8221;0&#8243; medium_width=&#8221;0&#8243; mobile_width=&#8221;0&#8243; width=&#8221;1\/2&#8243;][vc_column_text uncode_shortcode_id=&#8221;158142&#8243;]Elektrostatiniai filtrai (ESF) yra labai efektyvi oro tar\u0161os kontrol\u0117s technologija, kuri naudoja elektrostatin\u012f kr\u016bv\u012f, kad pa\u0161alint\u0173 kiet\u0105sias daleles i\u0161 deginimo metu susidariusi\u0173 duj\u0173, pavyzd\u017eiui, dulk\u0117s ir kiti ter\u0161alai. ESF pla\u010diai naudojami katilin\u0117se, cemento ir plieno gamyklose bei kitose pramon\u0117s \u0161akose, siekiant suma\u017einti kiet\u0173j\u0173 daleli\u0173 i\u0161metimus ir neutralizuoti kitus kenksmingus ter\u0161alus. \u0160i \u012franga yra ypa\u010d veiksminga biomas\u0117s deginimo \u012frenginiuose, kurie skirti terminei \u0161ilumai ar elektros energijai gaminti, nes \u010dia degimo metu susidariusiose dujose da\u017eniausiai yra gausu daleli\u0173.<\/p>\n<p>Palyginti su kitomis oro tar\u0161os kontrol\u0117s technologijomis, ESF suteikia ma\u017eiausiai pasiprie\u0161inimo duj\u0173 srautui. O tai rei\u0161kia ma\u017eesnes energijos s\u0105naudas ir eksploatacines i\u0161laidas, taip pat didesn\u012f patikimum\u0105 ir veikimo laik\u0105. Be to, ESF gali veikti esant auk\u0161tomis temperat\u016bromis, tod\u0117l jie puikiai tinkami dirbti \u0161alia auk\u0161tos temperat\u016bros proces\u0173, kurie da\u017eniausiai vyksta katilin\u0117se.[\/vc_column_text][vc_button button_color=&#8221;color-115100&#8243; border_width=&#8221;0&#8243; link=&#8221;url:https%3A%2F%2Fallincontainer.eu%2Flt%2Fkontaktai%2F|title:Kontaktai&#8221; button_color_type=&#8221;uncode-palette&#8221; uncode_shortcode_id=&#8221;150115&#8243;]Teirautis[\/vc_button][\/vc_column_inner][\/vc_row_inner][vc_empty_space empty_h=&#8221;2&#8243;][\/vc_column][\/vc_row][vc_row row_height_percent=&#8221;0&#8243; back_color=&#8221;color-lxmt&#8221; overlay_alpha=&#8221;50&#8243; gutter_size=&#8221;3&#8243; column_width_percent=&#8221;100&#8243; shift_y=&#8221;0&#8243; z_index=&#8221;0&#8243;][vc_column width=&#8221;1\/1&#8243;][vc_column_text uncode_shortcode_id=&#8221;105673&#8243;]<\/p>\n<h3>ELEKTROSTATINIS FILTRAS IR TVARUMAS<\/h3>\n<p>\u201eAIC Tech\u201c specializuojam\u0117s kuriant pa\u017eangius elektrostatinius filtrus biomas\u0117s katilin\u0117ms, esan\u010dioms energetikos ir pramon\u0117s sektoriuose. M\u016bs\u0173 ESF yra sukurti visi\u0161kai atitikti <a href=\"https:\/\/faolex.fao.org\/docs\/pdf\/eur151025.pdf\">2015\/2193 ES direktyv\u0105<\/a>, kurios tikslas yra riboti ter\u0161al\u0173 i\u0161metim\u0105 \u012f or\u0105 i\u0161 vidutinio dyd\u017eio katilini\u0173. Konkre\u010diai, m\u016bs\u0173 technologija padeda pasiekti emisij\u0173 koncentracij\u0105, kuri paprastai nesiekia 10-50 mg\/Nm\u00b3. O tai yra \u017eymiai ma\u017eiau u\u017e d\u016bm\u0173 \u012f\u0117jimo koncentracij\u0105, kuri gali svyruoti nuo 250 iki 1000 (ar net 2000) mg\/Nm\u00b3.<\/p>\n<h3>DIZAINAS IR MED\u017dIAGOS<\/h3>\n<p>ESF korpuse yra ma\u017eai judan\u010di\u0173 dali\u0173 ir jis yra pagamintas i\u0161 tvirt\u0173 suvirinto plieno lak\u0161t\u0173. \u012eprastas ESF veikimo laikas siekia daugiau nei 20 met\u0173, jam nereikia keisti pagrindini\u0173 dali\u0173. Speciali ESF sistemos konstrukcija leid\u017eia veikti iki 10 met\u0173 be susid\u0117vin\u010di\u0173 dali\u0173 keitimo. Be to, m\u016bs\u0173 ESF turi visi\u0161kai automatizuot\u0105 valdymo sistem\u0105, geban\u010di\u0105 atlikti steb\u0117jimus realiu laiku ir valdyti \u012frenginio procesus. Tai u\u017etikrina optimal\u0173 efektyvum\u0105 ir minimalius prie\u017ei\u016bros poreikius.<\/p>\n<h3>PRITAIKYTI SPRENDIMAI<\/h3>\n<p>Priklausomai nuo naudojamo kuro sud\u0117ties ir kiet\u0173j\u0173 daleli\u0173 skai\u010diaus i\u0161metamosiose dujose, elektrostatiniai filtrai gali b\u016bti suprojektuoti su vienu, dviem arba trimis elektros laukais bei apr\u016bpinti automatizuota valdymo sistema. Galime pasi\u016blyti \u012fvairi\u0173 katilini\u0173 i\u0161planavimo sprendimus: ESF su plok\u0161\u010diu dugnu, ESF su k\u016bgio formos dugnu, ESF su piramid\u0117s formos dugnu. Kiekvien\u0105 atvej\u012f sprend\u017eiame kartu su klientu tam, kad rastume geriausi\u0105 sprendim\u0105.[\/vc_column_text][vc_button button_color=&#8221;color-115100&#8243; border_width=&#8221;0&#8243; link=&#8221;url:https%3A%2F%2Fallincontainer.eu%2Flt%2Fatlikti-projektai%2F|title:Atlikti%20projektai&#8221; button_color_type=&#8221;uncode-palette&#8221; uncode_shortcode_id=&#8221;427527&#8243;]ATLIKTI PROJEKTAI[\/vc_button][\/vc_column][\/vc_row][vc_row][vc_column width=&#8221;1\/2&#8243;][vc_single_image media=&#8221;1567&#8243; media_width_percent=&#8221;98&#8243; uncode_shortcode_id=&#8221;439870&#8243;][\/vc_column][vc_column width=&#8221;1\/2&#8243;][vc_column_text uncode_shortcode_id=&#8221;184809&#8243;]\u201eAIC Tech\u201c elektrostatiniai filtrai yra labai efektyvus ir patikimas b\u016bdas kontroliuoti i\u0161metam\u0105sias dujas pramon\u0117s ir energetikos sektoriuose. M\u016bs\u0173 \u012fmon\u0117 si\u016blo pa\u017eangius elektrostatinius filtrus, kurie atitinka ES direktyvas ir u\u017etikrina optimal\u0173 veikim\u0105 su minimaliais prie\u017ei\u016bros poreikiais bei ma\u017eomis eksploatacijos s\u0105naudomis. Mes glaud\u017eiai bendradarbiaujame su savo klientais, siekdami suteikti pritaikytus sprendimus, atitinkan\u010dius j\u0173 konkre\u010dius poreikius. Taip pat teikiame visapusi\u0161kas apmokymo bei prie\u017ei\u016bros paslaugas. <a href=\"https:\/\/allincontainer.eu\/lt\/kontaktai\/\">Susisiekite su mumis<\/a> \u0161iandien ir su\u017einokite daugiau apie m\u016bs\u0173 elektrostatinius filtrus ir kaip jie gali b\u016bti naudingi j\u016bs\u0173 verslui.[\/vc_column_text][vc_button button_color=&#8221;color-115100&#8243; border_width=&#8221;0&#8243; link=&#8221;url:https%3A%2F%2Fallincontainer.eu%2Flt%2Felektrostatinio-filtro-veikimo-principas%2F|title:Elektrostatinio%20filtro%20veikimo%20principas&#8221; button_color_type=&#8221;uncode-palette&#8221; uncode_shortcode_id=&#8221;525406&#8243;]ESP &gt; VEIKIMO PRINCIPAS[\/vc_button][vc_button button_color=&#8221;color-115100&#8243; border_width=&#8221;0&#8243; link=&#8221;url:https%3A%2F%2Fallincontainer.eu%2Flt%2Felektrostatinio-filtro-naudos%2F|title:Elektrostatinio%20filtro%20naudos&#8221; button_color_type=&#8221;uncode-palette&#8221; uncode_shortcode_id=&#8221;765276&#8243;]ESP &gt; TEIKIAMOS NAUDOS[\/vc_button][\/vc_column][\/vc_row]<\/p>\n<\/div>","protected":false},"excerpt":{"rendered":"<p>[vc_row][vc_column width=&#8221;1\/1&#8243;][vc_empty_space empty_h=&#8221;2&#8243;][vc_custom_heading text_color=&#8221;color-nhtu&#8221; heading_semantic=&#8221;h1&#8243; uncode_shortcode_id=&#8221;143366&#8243; text_color_type=&#8221;uncode-palette&#8221;]KAS YRA ELEKTROSTATINIAI FILTRAI?[\/vc_custom_heading][vc_row_inner row_inner_height_percent=&#8221;0&#8243; overlay_alpha=&#8221;50&#8243; equal_height=&#8221;yes&#8221; gutter_size=&#8221;3&#8243; shift_y=&#8221;0&#8243; z_index=&#8221;0&#8243; limit_content=&#8221;&#8221;][vc_column_inner width=&#8221;1\/2&#8243;][vc_single_image media=&#8221;1464&#8243; media_width_percent=&#8221;100&#8243; [&hellip;]<\/p>\n","protected":false},"author":1,"featured_media":0,"parent":0,"menu_order":0,"comment_status":"closed","ping_status":"closed","template":"","meta":{"footnotes":""},"class_list":["post-871","page","type-page","status-publish","hentry"],"yoast_head":"<!-- This site is optimized with the Yoast SEO plugin v27.6 - https:\/\/yoast.com\/product\/yoast-seo-wordpress\/ -->\n<title>Elektrostatiniai filtrai | AIC Tech<\/title>\n<meta name=\"description\" content=\"Elektrostatiniai filtrai (ESF), naudodami sukelto elektrostatinio kr\u016bvio j\u0117g\u0105, pa\u0161alina kiet\u0105sias daleles i\u0161 i\u0161metam\u0173j\u0173 duj\u0173...\" \/>\n<meta name=\"robots\" content=\"index, follow, max-snippet:-1, max-image-preview:large, max-video-preview:-1\" \/>\n<link rel=\"canonical\" href=\"https:\/\/allincontainer.eu\/lt\/elektrostatiniai-filtrai\/\" \/>\n<meta property=\"og:locale\" content=\"lt_LT\" \/>\n<meta property=\"og:type\" content=\"article\" \/>\n<meta property=\"og:title\" content=\"Elektrostatiniai filtrai | AIC Tech\" \/>\n<meta property=\"og:description\" content=\"Elektrostatiniai filtrai (ESF), naudodami sukelto elektrostatinio kr\u016bvio j\u0117g\u0105, pa\u0161alina kiet\u0105sias daleles i\u0161 i\u0161metam\u0173j\u0173 duj\u0173...\" \/>\n<meta property=\"og:url\" content=\"https:\/\/allincontainer.eu\/lt\/elektrostatiniai-filtrai\/\" \/>\n<meta property=\"og:site_name\" content=\"AIC\" \/>\n<meta property=\"article:modified_time\" content=\"2026-05-13T08:17:09+00:00\" \/>\n<meta name=\"twitter:card\" content=\"summary_large_image\" \/>\n<meta name=\"twitter:label1\" content=\"Est. reading time\" \/>\n\t<meta name=\"twitter:data1\" content=\"4 minut\u0117s\" \/>\n<script type=\"application\/ld+json\" class=\"yoast-schema-graph\">{\"@context\":\"https:\\\/\\\/schema.org\",\"@graph\":[{\"@type\":\"WebPage\",\"@id\":\"https:\\\/\\\/allincontainer.eu\\\/lt\\\/elektrostatiniai-filtrai\\\/\",\"url\":\"https:\\\/\\\/allincontainer.eu\\\/lt\\\/elektrostatiniai-filtrai\\\/\",\"name\":\"Elektrostatiniai filtrai | AIC Tech\",\"isPartOf\":{\"@id\":\"https:\\\/\\\/allincontainer.eu\\\/#website\"},\"datePublished\":\"2020-04-06T17:19:56+00:00\",\"dateModified\":\"2026-05-13T08:17:09+00:00\",\"description\":\"Elektrostatiniai filtrai (ESF), naudodami sukelto elektrostatinio kr\u016bvio j\u0117g\u0105, pa\u0161alina kiet\u0105sias daleles i\u0161 i\u0161metam\u0173j\u0173 duj\u0173...\",\"breadcrumb\":{\"@id\":\"https:\\\/\\\/allincontainer.eu\\\/lt\\\/elektrostatiniai-filtrai\\\/#breadcrumb\"},\"inLanguage\":\"lt-LT\",\"potentialAction\":[{\"@type\":\"ReadAction\",\"target\":[\"https:\\\/\\\/allincontainer.eu\\\/lt\\\/elektrostatiniai-filtrai\\\/\"]}]},{\"@type\":\"BreadcrumbList\",\"@id\":\"https:\\\/\\\/allincontainer.eu\\\/lt\\\/elektrostatiniai-filtrai\\\/#breadcrumb\",\"itemListElement\":[{\"@type\":\"ListItem\",\"position\":1,\"name\":\"Home\",\"item\":\"https:\\\/\\\/allincontainer.eu\\\/lt\\\/\"},{\"@type\":\"ListItem\",\"position\":2,\"name\":\"Elektrostatiniai filtrai\"}]},{\"@type\":\"WebSite\",\"@id\":\"https:\\\/\\\/allincontainer.eu\\\/#website\",\"url\":\"https:\\\/\\\/allincontainer.eu\\\/\",\"name\":\"AIC\",\"description\":\"Filters and Automation\",\"potentialAction\":[{\"@type\":\"SearchAction\",\"target\":{\"@type\":\"EntryPoint\",\"urlTemplate\":\"https:\\\/\\\/allincontainer.eu\\\/?s={search_term_string}\"},\"query-input\":{\"@type\":\"PropertyValueSpecification\",\"valueRequired\":true,\"valueName\":\"search_term_string\"}}],\"inLanguage\":\"lt-LT\"}]}<\/script>\n<!-- \/ Yoast SEO plugin. -->","yoast_head_json":{"title":"Elektrostatiniai filtrai | AIC Tech","description":"Elektrostatiniai filtrai (ESF), naudodami sukelto elektrostatinio kr\u016bvio j\u0117g\u0105, pa\u0161alina kiet\u0105sias daleles i\u0161 i\u0161metam\u0173j\u0173 duj\u0173...","robots":{"index":"index","follow":"follow","max-snippet":"max-snippet:-1","max-image-preview":"max-image-preview:large","max-video-preview":"max-video-preview:-1"},"canonical":"https:\/\/allincontainer.eu\/lt\/elektrostatiniai-filtrai\/","og_locale":"lt_LT","og_type":"article","og_title":"Elektrostatiniai filtrai | AIC Tech","og_description":"Elektrostatiniai filtrai (ESF), naudodami sukelto elektrostatinio kr\u016bvio j\u0117g\u0105, pa\u0161alina kiet\u0105sias daleles i\u0161 i\u0161metam\u0173j\u0173 duj\u0173...","og_url":"https:\/\/allincontainer.eu\/lt\/elektrostatiniai-filtrai\/","og_site_name":"AIC","article_modified_time":"2026-05-13T08:17:09+00:00","twitter_card":"summary_large_image","twitter_misc":{"Est. reading time":"4 minut\u0117s"},"schema":{"@context":"https:\/\/schema.org","@graph":[{"@type":"WebPage","@id":"https:\/\/allincontainer.eu\/lt\/elektrostatiniai-filtrai\/","url":"https:\/\/allincontainer.eu\/lt\/elektrostatiniai-filtrai\/","name":"Elektrostatiniai filtrai | AIC Tech","isPartOf":{"@id":"https:\/\/allincontainer.eu\/#website"},"datePublished":"2020-04-06T17:19:56+00:00","dateModified":"2026-05-13T08:17:09+00:00","description":"Elektrostatiniai filtrai (ESF), naudodami sukelto elektrostatinio kr\u016bvio j\u0117g\u0105, pa\u0161alina kiet\u0105sias daleles i\u0161 i\u0161metam\u0173j\u0173 duj\u0173...","breadcrumb":{"@id":"https:\/\/allincontainer.eu\/lt\/elektrostatiniai-filtrai\/#breadcrumb"},"inLanguage":"lt-LT","potentialAction":[{"@type":"ReadAction","target":["https:\/\/allincontainer.eu\/lt\/elektrostatiniai-filtrai\/"]}]},{"@type":"BreadcrumbList","@id":"https:\/\/allincontainer.eu\/lt\/elektrostatiniai-filtrai\/#breadcrumb","itemListElement":[{"@type":"ListItem","position":1,"name":"Home","item":"https:\/\/allincontainer.eu\/lt\/"},{"@type":"ListItem","position":2,"name":"Elektrostatiniai filtrai"}]},{"@type":"WebSite","@id":"https:\/\/allincontainer.eu\/#website","url":"https:\/\/allincontainer.eu\/","name":"AIC","description":"Filters and Automation","potentialAction":[{"@type":"SearchAction","target":{"@type":"EntryPoint","urlTemplate":"https:\/\/allincontainer.eu\/?s={search_term_string}"},"query-input":{"@type":"PropertyValueSpecification","valueRequired":true,"valueName":"search_term_string"}}],"inLanguage":"lt-LT"}]}},"_links":{"self":[{"href":"https:\/\/allincontainer.eu\/lt\/wp-json\/wp\/v2\/pages\/871","targetHints":{"allow":["GET"]}}],"collection":[{"href":"https:\/\/allincontainer.eu\/lt\/wp-json\/wp\/v2\/pages"}],"about":[{"href":"https:\/\/allincontainer.eu\/lt\/wp-json\/wp\/v2\/types\/page"}],"author":[{"embeddable":true,"href":"https:\/\/allincontainer.eu\/lt\/wp-json\/wp\/v2\/users\/1"}],"replies":[{"embeddable":true,"href":"https:\/\/allincontainer.eu\/lt\/wp-json\/wp\/v2\/comments?post=871"}],"version-history":[{"count":43,"href":"https:\/\/allincontainer.eu\/lt\/wp-json\/wp\/v2\/pages\/871\/revisions"}],"predecessor-version":[{"id":2463,"href":"https:\/\/allincontainer.eu\/lt\/wp-json\/wp\/v2\/pages\/871\/revisions\/2463"}],"wp:attachment":[{"href":"https:\/\/allincontainer.eu\/lt\/wp-json\/wp\/v2\/media?parent=871"}],"curies":[{"name":"wp","href":"https:\/\/api.w.org\/{rel}","templated":true}]}}