{"id":856,"date":"2020-04-06T15:59:26","date_gmt":"2020-04-06T15:59:26","guid":{"rendered":"http:\/\/linijos.lt\/works\/acheta\/?page_id=856"},"modified":"2026-05-13T12:13:26","modified_gmt":"2026-05-13T09:13:26","slug":"produktai","status":"publish","type":"page","link":"https:\/\/allincontainer.eu\/lt\/produktai\/","title":{"rendered":"Produktai"},"content":{"rendered":"<div class=\"wpb-content-wrapper\"><p>[vc_row][vc_column column_width_percent=&#8221;100&#8243; align_horizontal=&#8221;align_center&#8221; gutter_size=&#8221;3&#8243; overlay_alpha=&#8221;50&#8243; shift_x=&#8221;0&#8243; shift_y=&#8221;0&#8243; shift_y_down=&#8221;0&#8243; z_index=&#8221;0&#8243; medium_width=&#8221;0&#8243; mobile_width=&#8221;0&#8243; width=&#8221;1\/1&#8243;][vc_empty_space empty_h=&#8221;1&#8243;][vc_column_text uncode_shortcode_id=&#8221;122699&#8243;]Tur\u0117dami daugiau nei\u00a020 met\u0173 patirt\u012f, \u0161iandien galime pasi\u016blyti patikimus, patikrintus ir geriausiai veikian\u010dius in\u017einerinius produktus, sprendimus bei \u012frang\u0105 i\u0161metam\u0173j\u0173 duj\u0173 valymui, proces\u0173 automatizavimui ir PLC programavimui. Esame s\u0117kmingai \u012fgyvendin\u0119 projektus Lietuvoje, Latvijoje, Estijoje, Lenkijoje, Suomijoje ir \u0160vedijoje.[\/vc_column_text][\/vc_column][\/vc_row][vc_row row_height_percent=&#8221;0&#8243; overlay_alpha=&#8221;50&#8243; equal_height=&#8221;yes&#8221; gutter_size=&#8221;3&#8243; column_width_percent=&#8221;100&#8243; shift_y=&#8221;0&#8243; z_index=&#8221;0&#8243;][vc_column column_width_percent=&#8221;100&#8243; gutter_size=&#8221;2&#8243; overlay_alpha=&#8221;50&#8243; shadow=&#8221;std&#8221; shift_x=&#8221;0&#8243; shift_y=&#8221;0&#8243; shift_y_down=&#8221;0&#8243; z_index=&#8221;0&#8243; medium_width=&#8221;0&#8243; mobile_width=&#8221;0&#8243; width=&#8221;1\/1&#8243;][vc_row_inner row_inner_height_percent=&#8221;0&#8243; overlay_alpha=&#8221;50&#8243; equal_height=&#8221;yes&#8221; gutter_size=&#8221;0&#8243; shift_y=&#8221;0&#8243; z_index=&#8221;0&#8243; limit_content=&#8221;&#8221;][vc_column_inner column_width_percent=&#8221;100&#8243; gutter_size=&#8221;3&#8243; back_image=&#8221;1260&#8243; overlay_alpha=&#8221;50&#8243; shift_x=&#8221;0&#8243; shift_y=&#8221;0&#8243; shift_y_down=&#8221;0&#8243; z_index=&#8221;0&#8243; medium_width=&#8221;0&#8243; mobile_width=&#8221;0&#8243; width=&#8221;1\/2&#8243; uncode_shortcode_id=&#8221;188572&#8243;][\/vc_column_inner][vc_column_inner column_width_percent=&#8221;100&#8243; position_vertical=&#8221;middle&#8221; gutter_size=&#8221;3&#8243; override_padding=&#8221;yes&#8221; column_padding=&#8221;2&#8243; overlay_alpha=&#8221;50&#8243; shift_x=&#8221;0&#8243; shift_y=&#8221;0&#8243; shift_y_down=&#8221;0&#8243; z_index=&#8221;0&#8243; medium_width=&#8221;0&#8243; mobile_width=&#8221;0&#8243; width=&#8221;1\/2&#8243;][vc_custom_heading heading_semantic=&#8221;h3&#8243; text_size=&#8221;h3&#8243; text_height=&#8221;&#8221;]ESF \u2013 elektrostatiniai filtrai[\/vc_custom_heading][vc_column_text uncode_shortcode_id=&#8221;964604&#8243;]Elektrostatinis filtras yra vienas efektyviausi\u0173 ir patikimiausi\u0173 i\u0161metam\u0173j\u0173 duj\u0173 kontrol\u0117s b\u016bd\u0173. M\u016bs\u0173 technologija padeda atitikti 2015\/2193 ES direktyv\u0105, kuria siekiama apriboti kuro deginimo \u012frengini\u0173 i\u0161metam\u0173 ter\u0161al\u0173 kiek\u012f ore.[\/vc_column_text][vc_button button_color=&#8221;color-115100&#8243; wide=&#8221;yes&#8221; border_width=&#8221;0&#8243; link=&#8221;url:https%3A%2F%2Fallincontainer.eu%2Flt%2Felektrostatiniai-filtrai%2F|title:Produktas%20vidinis&#8221; button_color_type=&#8221;uncode-palette&#8221; uncode_shortcode_id=&#8221;569842&#8243;]Pla\u010diau[\/vc_button][\/vc_column_inner][\/vc_row_inner][vc_row_inner row_inner_height_percent=&#8221;0&#8243; overlay_alpha=&#8221;50&#8243; equal_height=&#8221;yes&#8221; gutter_size=&#8221;0&#8243; shift_y=&#8221;0&#8243; z_index=&#8221;0&#8243; limit_content=&#8221;&#8221;][vc_column_inner column_width_percent=&#8221;100&#8243; gutter_size=&#8221;3&#8243; back_image=&#8221;1406&#8243; overlay_alpha=&#8221;50&#8243; shift_x=&#8221;0&#8243; shift_y=&#8221;0&#8243; shift_y_down=&#8221;0&#8243; z_index=&#8221;0&#8243; medium_width=&#8221;0&#8243; mobile_width=&#8221;0&#8243; width=&#8221;1\/2&#8243; uncode_shortcode_id=&#8221;151307&#8243;][\/vc_column_inner][vc_column_inner column_width_percent=&#8221;100&#8243; position_vertical=&#8221;middle&#8221; gutter_size=&#8221;3&#8243; override_padding=&#8221;yes&#8221; column_padding=&#8221;2&#8243; overlay_alpha=&#8221;50&#8243; shift_x=&#8221;0&#8243; shift_y=&#8221;0&#8243; shift_y_down=&#8221;0&#8243; z_index=&#8221;0&#8243; medium_width=&#8221;0&#8243; mobile_width=&#8221;0&#8243; width=&#8221;1\/2&#8243;][vc_custom_heading heading_semantic=&#8221;h3&#8243; text_size=&#8221;h3&#8243; text_height=&#8221;&#8221; uncode_shortcode_id=&#8221;164287&#8243;]Rankoviniai filtrai[\/vc_custom_heading][vc_column_text uncode_shortcode_id=&#8221;210547&#8243;]Rankovinis filtras yra efektyvi kiet\u0173j\u0173 daleli\u0173 valymo \u012franga, kontroliuojanti sieros dioksido ir kit\u0173 daleli\u0173 i\u0161eigas. <strong>AIC Tech <\/strong>gali teikti \u012fvairi\u0173 tip\u0173 rankovinius filtrus, kurie tinka dirbti su skirtingomis temperat\u016bromis, i\u0161metam\u0173j\u0173 duj\u0173 koncentracijomis ar kitoms individualioms specifikacijoms.[\/vc_column_text][vc_button button_color=&#8221;color-115100&#8243; wide=&#8221;yes&#8221; border_width=&#8221;0&#8243; link=&#8221;url:https%3A%2F%2Fallincontainer.eu%2Flt%2Frankoviniai-filtrai%2F|title:Produktas%20vidinis&#8221; button_color_type=&#8221;uncode-palette&#8221; uncode_shortcode_id=&#8221;798750&#8243;]Pla\u010diau[\/vc_button][\/vc_column_inner][\/vc_row_inner][vc_row_inner row_inner_height_percent=&#8221;0&#8243; overlay_alpha=&#8221;50&#8243; equal_height=&#8221;yes&#8221; gutter_size=&#8221;0&#8243; shift_y=&#8221;0&#8243; z_index=&#8221;0&#8243; limit_content=&#8221;&#8221;][vc_column_inner column_width_percent=&#8221;100&#8243; gutter_size=&#8221;3&#8243; back_image=&#8221;1367&#8243; overlay_alpha=&#8221;50&#8243; shift_x=&#8221;0&#8243; shift_y=&#8221;0&#8243; shift_y_down=&#8221;0&#8243; z_index=&#8221;0&#8243; medium_width=&#8221;0&#8243; mobile_width=&#8221;0&#8243; width=&#8221;1\/2&#8243; uncode_shortcode_id=&#8221;330763&#8243;][\/vc_column_inner][vc_column_inner column_width_percent=&#8221;100&#8243; position_vertical=&#8221;middle&#8221; gutter_size=&#8221;3&#8243; override_padding=&#8221;yes&#8221; column_padding=&#8221;2&#8243; overlay_alpha=&#8221;50&#8243; shift_x=&#8221;0&#8243; shift_y=&#8221;0&#8243; shift_y_down=&#8221;0&#8243; z_index=&#8221;0&#8243; medium_width=&#8221;0&#8243; mobile_width=&#8221;0&#8243; width=&#8221;1\/2&#8243;][vc_custom_heading heading_semantic=&#8221;h3&#8243; text_size=&#8221;h3&#8243; text_height=&#8221;&#8221; uncode_shortcode_id=&#8221;544325&#8243;]Proces\u0173 automatizavimas[\/vc_custom_heading][vc_column_text uncode_shortcode_id=&#8221;685886&#8243;]M\u016bs\u0173 komanda kuria logini\u0173 valdikli\u0173 programavim\u0105 (PLC) \u2013 tai yra esmin\u0117 pramon\u0117s automatikos dalis, kuri leid\u017eia kurti ir \u012fdiegti valdymo programas, atsi\u017evelgiant \u012f kliento poreikius. PLC valdymo sistema gali atlikti visas steb\u0117jimo ir valdymo funkcijas, naudojamas proces\u0173 automatizavime.[\/vc_column_text][vc_button button_color=&#8221;color-115100&#8243; wide=&#8221;yes&#8221; border_width=&#8221;0&#8243; link=&#8221;url:https%3A%2F%2Fallincontainer.eu%2Flt%2Fplc-programavimas-2%2F|title:Produktas%20vidinis&#8221; button_color_type=&#8221;uncode-palette&#8221; uncode_shortcode_id=&#8221;208840&#8243;]Pla\u010diau[\/vc_button][\/vc_column_inner][\/vc_row_inner][\/vc_column][\/vc_row][vc_row][vc_column width=&#8221;1\/1&#8243;][vc_empty_space empty_h=&#8221;2&#8243;][vc_empty_space empty_h=&#8221;2&#8243;][\/vc_column][\/vc_row]<\/p>\n<\/div>","protected":false},"excerpt":{"rendered":"<p>[vc_row][vc_column column_width_percent=&#8221;100&#8243; align_horizontal=&#8221;align_center&#8221; gutter_size=&#8221;3&#8243; overlay_alpha=&#8221;50&#8243; shift_x=&#8221;0&#8243; shift_y=&#8221;0&#8243; shift_y_down=&#8221;0&#8243; z_index=&#8221;0&#8243; medium_width=&#8221;0&#8243; mobile_width=&#8221;0&#8243; width=&#8221;1\/1&#8243;][vc_empty_space empty_h=&#8221;1&#8243;][vc_column_text uncode_shortcode_id=&#8221;122699&#8243;]Tur\u0117dami daugiau nei\u00a020 met\u0173 patirt\u012f, \u0161iandien galime [&hellip;]<\/p>\n","protected":false},"author":1,"featured_media":0,"parent":0,"menu_order":0,"comment_status":"closed","ping_status":"closed","template":"","meta":{"footnotes":""},"class_list":["post-856","page","type-page","status-publish","hentry"],"yoast_head":"<!-- This site is optimized with the Yoast SEO plugin v27.6 - https:\/\/yoast.com\/product\/yoast-seo-wordpress\/ -->\n<title>Produktai - AIC<\/title>\n<meta name=\"description\" content=\"Tur\u0117dami daugiau nei\u00a020 met\u0173 patirt\u012f, \u0161iandien galime pasi\u016blyti patikimus, patikrintus ir geriausiai veikian\u010dius in\u017einerinius produktus...\" \/>\n<meta name=\"robots\" content=\"index, follow, max-snippet:-1, max-image-preview:large, max-video-preview:-1\" \/>\n<link rel=\"canonical\" href=\"https:\/\/allincontainer.eu\/lt\/produktai\/\" \/>\n<meta property=\"og:locale\" content=\"lt_LT\" \/>\n<meta property=\"og:type\" content=\"article\" \/>\n<meta property=\"og:title\" content=\"Produktai - AIC\" \/>\n<meta property=\"og:description\" content=\"Tur\u0117dami daugiau nei\u00a020 met\u0173 patirt\u012f, \u0161iandien galime pasi\u016blyti patikimus, patikrintus ir geriausiai veikian\u010dius in\u017einerinius produktus...\" \/>\n<meta property=\"og:url\" content=\"https:\/\/allincontainer.eu\/lt\/produktai\/\" \/>\n<meta property=\"og:site_name\" content=\"AIC\" \/>\n<meta property=\"article:modified_time\" content=\"2026-05-13T09:13:26+00:00\" \/>\n<meta name=\"twitter:card\" content=\"summary_large_image\" \/>\n<meta name=\"twitter:label1\" content=\"Est. reading time\" \/>\n\t<meta name=\"twitter:data1\" content=\"4 minut\u0117s\" \/>\n<script type=\"application\/ld+json\" class=\"yoast-schema-graph\">{\"@context\":\"https:\\\/\\\/schema.org\",\"@graph\":[{\"@type\":\"WebPage\",\"@id\":\"https:\\\/\\\/allincontainer.eu\\\/lt\\\/produktai\\\/\",\"url\":\"https:\\\/\\\/allincontainer.eu\\\/lt\\\/produktai\\\/\",\"name\":\"Produktai - AIC\",\"isPartOf\":{\"@id\":\"https:\\\/\\\/allincontainer.eu\\\/#website\"},\"datePublished\":\"2020-04-06T15:59:26+00:00\",\"dateModified\":\"2026-05-13T09:13:26+00:00\",\"description\":\"Tur\u0117dami daugiau nei\u00a020 met\u0173 patirt\u012f, \u0161iandien galime pasi\u016blyti patikimus, patikrintus ir geriausiai veikian\u010dius in\u017einerinius produktus...\",\"breadcrumb\":{\"@id\":\"https:\\\/\\\/allincontainer.eu\\\/lt\\\/produktai\\\/#breadcrumb\"},\"inLanguage\":\"lt-LT\",\"potentialAction\":[{\"@type\":\"ReadAction\",\"target\":[\"https:\\\/\\\/allincontainer.eu\\\/lt\\\/produktai\\\/\"]}]},{\"@type\":\"BreadcrumbList\",\"@id\":\"https:\\\/\\\/allincontainer.eu\\\/lt\\\/produktai\\\/#breadcrumb\",\"itemListElement\":[{\"@type\":\"ListItem\",\"position\":1,\"name\":\"Home\",\"item\":\"https:\\\/\\\/allincontainer.eu\\\/lt\\\/\"},{\"@type\":\"ListItem\",\"position\":2,\"name\":\"Produktai\"}]},{\"@type\":\"WebSite\",\"@id\":\"https:\\\/\\\/allincontainer.eu\\\/#website\",\"url\":\"https:\\\/\\\/allincontainer.eu\\\/\",\"name\":\"AIC\",\"description\":\"Filters and Automation\",\"potentialAction\":[{\"@type\":\"SearchAction\",\"target\":{\"@type\":\"EntryPoint\",\"urlTemplate\":\"https:\\\/\\\/allincontainer.eu\\\/?s={search_term_string}\"},\"query-input\":{\"@type\":\"PropertyValueSpecification\",\"valueRequired\":true,\"valueName\":\"search_term_string\"}}],\"inLanguage\":\"lt-LT\"}]}<\/script>\n<!-- \/ Yoast SEO plugin. -->","yoast_head_json":{"title":"Produktai - AIC","description":"Tur\u0117dami daugiau nei\u00a020 met\u0173 patirt\u012f, \u0161iandien galime pasi\u016blyti patikimus, patikrintus ir geriausiai veikian\u010dius in\u017einerinius produktus...","robots":{"index":"index","follow":"follow","max-snippet":"max-snippet:-1","max-image-preview":"max-image-preview:large","max-video-preview":"max-video-preview:-1"},"canonical":"https:\/\/allincontainer.eu\/lt\/produktai\/","og_locale":"lt_LT","og_type":"article","og_title":"Produktai - AIC","og_description":"Tur\u0117dami daugiau nei\u00a020 met\u0173 patirt\u012f, \u0161iandien galime pasi\u016blyti patikimus, patikrintus ir geriausiai veikian\u010dius in\u017einerinius produktus...","og_url":"https:\/\/allincontainer.eu\/lt\/produktai\/","og_site_name":"AIC","article_modified_time":"2026-05-13T09:13:26+00:00","twitter_card":"summary_large_image","twitter_misc":{"Est. reading time":"4 minut\u0117s"},"schema":{"@context":"https:\/\/schema.org","@graph":[{"@type":"WebPage","@id":"https:\/\/allincontainer.eu\/lt\/produktai\/","url":"https:\/\/allincontainer.eu\/lt\/produktai\/","name":"Produktai - AIC","isPartOf":{"@id":"https:\/\/allincontainer.eu\/#website"},"datePublished":"2020-04-06T15:59:26+00:00","dateModified":"2026-05-13T09:13:26+00:00","description":"Tur\u0117dami daugiau nei\u00a020 met\u0173 patirt\u012f, \u0161iandien galime pasi\u016blyti patikimus, patikrintus ir geriausiai veikian\u010dius in\u017einerinius produktus...","breadcrumb":{"@id":"https:\/\/allincontainer.eu\/lt\/produktai\/#breadcrumb"},"inLanguage":"lt-LT","potentialAction":[{"@type":"ReadAction","target":["https:\/\/allincontainer.eu\/lt\/produktai\/"]}]},{"@type":"BreadcrumbList","@id":"https:\/\/allincontainer.eu\/lt\/produktai\/#breadcrumb","itemListElement":[{"@type":"ListItem","position":1,"name":"Home","item":"https:\/\/allincontainer.eu\/lt\/"},{"@type":"ListItem","position":2,"name":"Produktai"}]},{"@type":"WebSite","@id":"https:\/\/allincontainer.eu\/#website","url":"https:\/\/allincontainer.eu\/","name":"AIC","description":"Filters and Automation","potentialAction":[{"@type":"SearchAction","target":{"@type":"EntryPoint","urlTemplate":"https:\/\/allincontainer.eu\/?s={search_term_string}"},"query-input":{"@type":"PropertyValueSpecification","valueRequired":true,"valueName":"search_term_string"}}],"inLanguage":"lt-LT"}]}},"_links":{"self":[{"href":"https:\/\/allincontainer.eu\/lt\/wp-json\/wp\/v2\/pages\/856","targetHints":{"allow":["GET"]}}],"collection":[{"href":"https:\/\/allincontainer.eu\/lt\/wp-json\/wp\/v2\/pages"}],"about":[{"href":"https:\/\/allincontainer.eu\/lt\/wp-json\/wp\/v2\/types\/page"}],"author":[{"embeddable":true,"href":"https:\/\/allincontainer.eu\/lt\/wp-json\/wp\/v2\/users\/1"}],"replies":[{"embeddable":true,"href":"https:\/\/allincontainer.eu\/lt\/wp-json\/wp\/v2\/comments?post=856"}],"version-history":[{"count":37,"href":"https:\/\/allincontainer.eu\/lt\/wp-json\/wp\/v2\/pages\/856\/revisions"}],"predecessor-version":[{"id":2500,"href":"https:\/\/allincontainer.eu\/lt\/wp-json\/wp\/v2\/pages\/856\/revisions\/2500"}],"wp:attachment":[{"href":"https:\/\/allincontainer.eu\/lt\/wp-json\/wp\/v2\/media?parent=856"}],"curies":[{"name":"wp","href":"https:\/\/api.w.org\/{rel}","templated":true}]}}