{"id":1757,"date":"2023-09-05T13:12:05","date_gmt":"2023-09-05T13:12:05","guid":{"rendered":"https:\/\/allincontainer.eu\/partner-for-plc-integration\/"},"modified":"2026-05-13T11:31:05","modified_gmt":"2026-05-13T08:31:05","slug":"plc-integravimas","status":"publish","type":"page","link":"https:\/\/allincontainer.eu\/lt\/plc-integravimas\/","title":{"rendered":"Kod\u0117l pasirinkti mus PLC integracijai?"},"content":{"rendered":"<div class=\"wpb-content-wrapper\"><p>[vc_row][vc_column width=&#8221;1\/2&#8243;][vc_column_text uncode_shortcode_id=&#8221;136754&#8243;]\u201eAIC Tech\u201c komanda specializuojasi biomas\u0117s energijos gamybos projekt\u0173 valdyme, i\u0161metam\u0173j\u0173 duj\u0173 ma\u017einimo sprendimuose, maisto ir pa\u0161ar\u0173 gamybos kontrol\u0117je bei SCADA sistemose. Tur\u0117dami daugiau nei 25 met\u0173 patirties, si\u016blome daugyb\u0119 privalum\u0173 savo klientams, tod\u0117l m\u016bs\u0173 komanda yra puikus partneris PLC integracijai. <a href=\"https:\/\/allincontainer.eu\/lt\/apie-mus\/\">\u201eAIC Tech\u201c<\/a> puikiai supranta kompleksini\u0173 projekt\u0173 sud\u0117tingum\u0105, kuris gali b\u016bti \u012fvairiose pramon\u0117s \u0161akose ir nepaisant sud\u0117ting\u0173 j\u016bs\u0173 verslo poreiki\u0173 galime teikti ekspertines konsultacijas. M\u016bs\u0173 patirtis u\u017etikrina, kad j\u016bs\u0173 verslo poreikiai bus patenkinti remiantis auk\u0161\u010diausiais standartais.[\/vc_column_text][vc_button button_color=&#8221;color-115100&#8243; border_width=&#8221;0&#8243; button_color_type=&#8221;uncode-palette&#8221; uncode_shortcode_id=&#8221;156421&#8243; link=&#8221;url:https%3A%2F%2Fallincontainer.eu%2Flt%2Fkontaktai%2F|title:Kontaktai&#8221;]SUSISIEKITE[\/vc_button][\/vc_column][vc_column width=&#8221;1\/2&#8243;][vc_single_image media=&#8221;1655&#8243; media_width_percent=&#8221;79&#8243; uncode_shortcode_id=&#8221;194402&#8243;][\/vc_column][\/vc_row][vc_row][vc_column width=&#8221;1\/1&#8243;][vc_column_text uncode_shortcode_id=&#8221;505372&#8243;]<\/p>\n<ul>\n<li>Darbas su m\u016bs\u0173 organizacija suteikia daugyb\u0117 privalum\u0173. Pirma, mes i\u0161siskiriame maisto ir pa\u0161ar\u0173 gamybos proces\u0173 kontrol\u0117s projektais. Pasinaudodami m\u016bs\u0173 pla\u010diomis proces\u0173 \u017einiomis, galime kompetentingai sukurti pritaikytus sprendimus verslams, esantiems \u017eem\u0117s \u016bkio ir maisto pramon\u0117se. \u0160ie sprendimai siekia didinti efektyvum\u0105, ma\u017einti i\u0161laidas ir laikytis grie\u017et\u0173 kokyb\u0117s kontrol\u0117s standart\u0173.<\/li>\n<li>Be to, m\u016bs\u0173 kompetencija apima ir SCADA sistemas (Supervisory control and data acquisition). Mes puikiai suprantame \u0161ias sistemas, tod\u0117l galime teikti konsultacijas klientams, kurie siekia optimalaus proces\u0173 efektyvumo, ma\u017eesni\u0173 gamybos prastov\u0173 ir nuoseklios kokyb\u0117s kontrol\u0117s.<\/li>\n<li>Mes suteikiame ir aptarnavimo paslaugas, kurios gali b\u016bti tiek vietoje, tiek nuotoliniu b\u016bdu. Tai u\u017etikrina, kad klientai, nepriklausomai nuo j\u0173 vietov\u0117s, gali gauti m\u016bs\u0173 pagalb\u0105 \u010dia ir dabar. M\u016bs\u0173 nuotolin\u0117s pagalbos paslaugos yra puikus b\u016bdas spr\u0119sti problemas ir suma\u017einti bet koki\u0173 gamybos problem\u0173 poveik\u012f.<\/li>\n<li>Galiausiai, m\u016bs\u0173 turima 25 met\u0173 patirtis yra derinama su jauna ir novatori\u0161ka komanda, o tai u\u017etikrina, kad m\u016bs\u0173 produktai b\u016bt\u0173 inovatyv\u016bs ir patikimi. M\u016bs\u0173 in\u017einieriai ir programuotojai nuolat domisi ir testuoja bei pritaiko \u012fvairias naujausias technologijas tam, kad m\u016bs\u0173 sprendimai ir toliau b\u016bt\u0173 veiksmingi ir atitikt\u0173 pramon\u0117s dabartines tendencijas.<\/li>\n<\/ul>\n<p>[\/vc_column_text][\/vc_column][\/vc_row][vc_row][vc_column width=&#8221;1\/2&#8243;][vc_single_image media=&#8221;1631&#8243; media_width_percent=&#8221;100&#8243; uncode_shortcode_id=&#8221;146477&#8243;][\/vc_column][vc_column width=&#8221;1\/2&#8243;][vc_column_text uncode_shortcode_id=&#8221;171202&#8243;]Apibendrinant, \u201eAIC Tech\u201c teikia daugyb\u0119 privalum\u0173 klientams ir yra puikus partneris <a href=\"https:\/\/allincontainer.eu\/lt\/plc-programavimas-2\/\">PLC integracijai<\/a>. Tai apima kompetencij\u0105 biomas\u0117s energetikos projektuose, BOP ir i\u0161metam\u0173j\u0173 duj\u0173 valymo srityse. Be to, mes i\u0161siskiriame maisto ir pa\u0161ar\u0173 gamybos kontrol\u0117je, SCADA sistemose ir teikiame pagalb\u0105 tiek vietoje, tiek nuotoliniu b\u016bdu. M\u016bs\u0173 turima 25 met\u0173 patirtis, kartu su novatori\u0161ka komanda, dar labiau padidina m\u016bs\u0173 pasi\u016blym\u0173 vert\u0119. Jei ie\u0161kote patikimo partnerio, kuris pad\u0117t\u0173 jums kokybi\u0161kai valgyti pramon\u0117s procesus, tada m\u016bs\u0173 komanda yra puikus j\u016bs\u0173 pasirinkimas.[\/vc_column_text][vc_button button_color=&#8221;color-115100&#8243; border_width=&#8221;0&#8243; button_color_type=&#8221;uncode-palette&#8221; uncode_shortcode_id=&#8221;242568&#8243; link=&#8221;url:https%3A%2F%2Fallincontainer.eu%2Flt%2Fatlikti-projektai%2F|title:References&#8221;]PLC &gt; ATLIKTI PROJEKTAI[\/vc_button][vc_button button_color=&#8221;color-115100&#8243; border_width=&#8221;0&#8243; link=&#8221;url:https%3A%2F%2Fallincontainer.eu%2Flt%2Fprogramuojamu-loginiu-valdikliu-naudos%2F|title:Advantages%20of%20Electrostatic%20Precipitators&#8221; button_color_type=&#8221;uncode-palette&#8221; uncode_shortcode_id=&#8221;184208&#8243;]PLC &gt; NAUDOS[\/vc_button][\/vc_column][\/vc_row]<\/p>\n<\/div>","protected":false},"excerpt":{"rendered":"<p>[vc_row][vc_column width=&#8221;1\/2&#8243;][vc_column_text uncode_shortcode_id=&#8221;136754&#8243;]\u201eAIC Tech\u201c komanda specializuojasi biomas\u0117s energijos gamybos projekt\u0173 valdyme, i\u0161metam\u0173j\u0173 duj\u0173 ma\u017einimo sprendimuose, maisto ir pa\u0161ar\u0173 gamybos kontrol\u0117je [&hellip;]<\/p>\n","protected":false},"author":1,"featured_media":0,"parent":0,"menu_order":0,"comment_status":"closed","ping_status":"closed","template":"","meta":{"footnotes":""},"class_list":["post-1757","page","type-page","status-publish","hentry"],"yoast_head":"<!-- This site is optimized with the Yoast SEO plugin v27.6 - https:\/\/yoast.com\/product\/yoast-seo-wordpress\/ -->\n<title>PLC integravimas - AIC<\/title>\n<meta name=\"description\" content=\"Tur\u0117dami 25 met\u0173 patirt\u012f, si\u016blome daugyb\u0119 privalum\u0173 savo klientams, tod\u0117l m\u016bs\u0173 komanda yra puikus partneris PLC integracijai...\" \/>\n<meta name=\"robots\" content=\"index, follow, max-snippet:-1, max-image-preview:large, max-video-preview:-1\" \/>\n<link rel=\"canonical\" href=\"https:\/\/allincontainer.eu\/lt\/plc-integravimas\/\" \/>\n<meta property=\"og:locale\" content=\"lt_LT\" \/>\n<meta property=\"og:type\" content=\"article\" \/>\n<meta property=\"og:title\" content=\"PLC integravimas - AIC\" \/>\n<meta property=\"og:description\" content=\"Tur\u0117dami 25 met\u0173 patirt\u012f, si\u016blome daugyb\u0119 privalum\u0173 savo klientams, tod\u0117l m\u016bs\u0173 komanda yra puikus partneris PLC integracijai...\" \/>\n<meta property=\"og:url\" content=\"https:\/\/allincontainer.eu\/lt\/plc-integravimas\/\" \/>\n<meta property=\"og:site_name\" content=\"AIC\" \/>\n<meta property=\"article:modified_time\" content=\"2026-05-13T08:31:05+00:00\" \/>\n<meta name=\"twitter:card\" content=\"summary_large_image\" \/>\n<meta name=\"twitter:label1\" content=\"Est. reading time\" \/>\n\t<meta name=\"twitter:data1\" content=\"3 minut\u0117s\" \/>\n<script type=\"application\/ld+json\" class=\"yoast-schema-graph\">{\"@context\":\"https:\\\/\\\/schema.org\",\"@graph\":[{\"@type\":\"WebPage\",\"@id\":\"https:\\\/\\\/allincontainer.eu\\\/lt\\\/plc-integravimas\\\/\",\"url\":\"https:\\\/\\\/allincontainer.eu\\\/lt\\\/plc-integravimas\\\/\",\"name\":\"PLC integravimas - AIC\",\"isPartOf\":{\"@id\":\"https:\\\/\\\/allincontainer.eu\\\/#website\"},\"datePublished\":\"2023-09-05T13:12:05+00:00\",\"dateModified\":\"2026-05-13T08:31:05+00:00\",\"description\":\"Tur\u0117dami 25 met\u0173 patirt\u012f, si\u016blome daugyb\u0119 privalum\u0173 savo klientams, tod\u0117l m\u016bs\u0173 komanda yra puikus partneris PLC integracijai...\",\"breadcrumb\":{\"@id\":\"https:\\\/\\\/allincontainer.eu\\\/lt\\\/plc-integravimas\\\/#breadcrumb\"},\"inLanguage\":\"lt-LT\",\"potentialAction\":[{\"@type\":\"ReadAction\",\"target\":[\"https:\\\/\\\/allincontainer.eu\\\/lt\\\/plc-integravimas\\\/\"]}]},{\"@type\":\"BreadcrumbList\",\"@id\":\"https:\\\/\\\/allincontainer.eu\\\/lt\\\/plc-integravimas\\\/#breadcrumb\",\"itemListElement\":[{\"@type\":\"ListItem\",\"position\":1,\"name\":\"Home\",\"item\":\"https:\\\/\\\/allincontainer.eu\\\/lt\\\/\"},{\"@type\":\"ListItem\",\"position\":2,\"name\":\"Kod\u0117l pasirinkti mus PLC integracijai?\"}]},{\"@type\":\"WebSite\",\"@id\":\"https:\\\/\\\/allincontainer.eu\\\/#website\",\"url\":\"https:\\\/\\\/allincontainer.eu\\\/\",\"name\":\"AIC\",\"description\":\"Filters and Automation\",\"potentialAction\":[{\"@type\":\"SearchAction\",\"target\":{\"@type\":\"EntryPoint\",\"urlTemplate\":\"https:\\\/\\\/allincontainer.eu\\\/?s={search_term_string}\"},\"query-input\":{\"@type\":\"PropertyValueSpecification\",\"valueRequired\":true,\"valueName\":\"search_term_string\"}}],\"inLanguage\":\"lt-LT\"}]}<\/script>\n<!-- \/ Yoast SEO plugin. -->","yoast_head_json":{"title":"PLC integravimas - AIC","description":"Tur\u0117dami 25 met\u0173 patirt\u012f, si\u016blome daugyb\u0119 privalum\u0173 savo klientams, tod\u0117l m\u016bs\u0173 komanda yra puikus partneris PLC integracijai...","robots":{"index":"index","follow":"follow","max-snippet":"max-snippet:-1","max-image-preview":"max-image-preview:large","max-video-preview":"max-video-preview:-1"},"canonical":"https:\/\/allincontainer.eu\/lt\/plc-integravimas\/","og_locale":"lt_LT","og_type":"article","og_title":"PLC integravimas - AIC","og_description":"Tur\u0117dami 25 met\u0173 patirt\u012f, si\u016blome daugyb\u0119 privalum\u0173 savo klientams, tod\u0117l m\u016bs\u0173 komanda yra puikus partneris PLC integracijai...","og_url":"https:\/\/allincontainer.eu\/lt\/plc-integravimas\/","og_site_name":"AIC","article_modified_time":"2026-05-13T08:31:05+00:00","twitter_card":"summary_large_image","twitter_misc":{"Est. reading time":"3 minut\u0117s"},"schema":{"@context":"https:\/\/schema.org","@graph":[{"@type":"WebPage","@id":"https:\/\/allincontainer.eu\/lt\/plc-integravimas\/","url":"https:\/\/allincontainer.eu\/lt\/plc-integravimas\/","name":"PLC integravimas - AIC","isPartOf":{"@id":"https:\/\/allincontainer.eu\/#website"},"datePublished":"2023-09-05T13:12:05+00:00","dateModified":"2026-05-13T08:31:05+00:00","description":"Tur\u0117dami 25 met\u0173 patirt\u012f, si\u016blome daugyb\u0119 privalum\u0173 savo klientams, tod\u0117l m\u016bs\u0173 komanda yra puikus partneris PLC integracijai...","breadcrumb":{"@id":"https:\/\/allincontainer.eu\/lt\/plc-integravimas\/#breadcrumb"},"inLanguage":"lt-LT","potentialAction":[{"@type":"ReadAction","target":["https:\/\/allincontainer.eu\/lt\/plc-integravimas\/"]}]},{"@type":"BreadcrumbList","@id":"https:\/\/allincontainer.eu\/lt\/plc-integravimas\/#breadcrumb","itemListElement":[{"@type":"ListItem","position":1,"name":"Home","item":"https:\/\/allincontainer.eu\/lt\/"},{"@type":"ListItem","position":2,"name":"Kod\u0117l pasirinkti mus PLC integracijai?"}]},{"@type":"WebSite","@id":"https:\/\/allincontainer.eu\/#website","url":"https:\/\/allincontainer.eu\/","name":"AIC","description":"Filters and Automation","potentialAction":[{"@type":"SearchAction","target":{"@type":"EntryPoint","urlTemplate":"https:\/\/allincontainer.eu\/?s={search_term_string}"},"query-input":{"@type":"PropertyValueSpecification","valueRequired":true,"valueName":"search_term_string"}}],"inLanguage":"lt-LT"}]}},"_links":{"self":[{"href":"https:\/\/allincontainer.eu\/lt\/wp-json\/wp\/v2\/pages\/1757","targetHints":{"allow":["GET"]}}],"collection":[{"href":"https:\/\/allincontainer.eu\/lt\/wp-json\/wp\/v2\/pages"}],"about":[{"href":"https:\/\/allincontainer.eu\/lt\/wp-json\/wp\/v2\/types\/page"}],"author":[{"embeddable":true,"href":"https:\/\/allincontainer.eu\/lt\/wp-json\/wp\/v2\/users\/1"}],"replies":[{"embeddable":true,"href":"https:\/\/allincontainer.eu\/lt\/wp-json\/wp\/v2\/comments?post=1757"}],"version-history":[{"count":12,"href":"https:\/\/allincontainer.eu\/lt\/wp-json\/wp\/v2\/pages\/1757\/revisions"}],"predecessor-version":[{"id":2480,"href":"https:\/\/allincontainer.eu\/lt\/wp-json\/wp\/v2\/pages\/1757\/revisions\/2480"}],"wp:attachment":[{"href":"https:\/\/allincontainer.eu\/lt\/wp-json\/wp\/v2\/media?parent=1757"}],"curies":[{"name":"wp","href":"https:\/\/api.w.org\/{rel}","templated":true}]}}