{"id":1740,"date":"2023-10-18T07:52:11","date_gmt":"2023-10-18T07:52:11","guid":{"rendered":"https:\/\/allincontainer.eu\/?page_id=1740"},"modified":"2026-05-13T12:05:24","modified_gmt":"2026-05-13T09:05:24","slug":"plc-programavimas-2","status":"publish","type":"page","link":"https:\/\/allincontainer.eu\/lt\/plc-programavimas-2\/","title":{"rendered":"PLC programavimas"},"content":{"rendered":"<div class=\"wpb-content-wrapper\"><p>[vc_row][vc_column width=&#8221;1\/1&#8243;][vc_custom_heading text_color=&#8221;color-jevc&#8221; heading_semantic=&#8221;h1&#8243; uncode_shortcode_id=&#8221;130809&#8243; text_color_type=&#8221;uncode-palette&#8221;]KAS YRA PROGRAMUOJAMAS LOGINIS VALDIKLIS (PLC)?[\/vc_custom_heading][\/vc_column][\/vc_row][vc_row][vc_column width=&#8221;1\/2&#8243;][vc_column_text uncode_shortcode_id=&#8221;767511&#8243;]\u201eAIC Tech\u201c komanda kuria programin\u0119 \u012frang\u0105, kuri yra pritaikyta PLC programavimui (Programuojamiems Loginiams Valdikliams). PLC yra viena i\u0161 esmini\u0173 pramon\u0117s automatizacijos ir valdymo sistem\u0173 dali\u0173. \u0160i \u012franga suteikia galimyb\u0119 klientams projektuoti ir diegti valdymo programas, kurios atlieps konkre\u010dius verslo poreikius. PLC naudojimas proces\u0173 valdyme yra lyg asmeninio kompiuterio naudojimas biure.<\/p>\n<p>Ilgus metus \u201eAIC Tech\u201c kuria auk\u0161\u010diausios kokyb\u0117s PLC programavim\u0105, kuris i\u0161skiria m\u016bs\u0173 organizacij\u0105 kaip patikim\u0105 partner\u012f proceso kontrol\u0117s srityje. M\u016bs\u0173 specializacijos sritys: energetika, maisto ir pa\u0161ar\u0173 gamyba, recept\u016bros pagrindo (partin\u0117) gamyba.[\/vc_column_text][vc_button button_color=&#8221;color-115100&#8243; radius=&#8221;btn-square&#8221; border_width=&#8221;0&#8243; link=&#8221;url:https%3A%2F%2Fallincontainer.eu%2Flt%2Fkontaktai%2F|title:Contact%20us&#8221; button_color_type=&#8221;uncode-palette&#8221; uncode_shortcode_id=&#8221;141124&#8243;]SUSISIEKITE[\/vc_button][\/vc_column][vc_column width=&#8221;1\/2&#8243;][vc_single_image media=&#8221;1734&#8243; media_width_percent=&#8221;100&#8243; alignment=&#8221;center&#8221; uncode_shortcode_id=&#8221;261989&#8243;][\/vc_column][\/vc_row][vc_row][vc_column width=&#8221;1\/2&#8243;][vc_custom_heading text_color=&#8221;color-jevc&#8221; text_size=&#8221;h3&#8243; uncode_shortcode_id=&#8221;582134&#8243; text_color_type=&#8221;uncode-palette&#8221;]PLC programavimas yra taikomas \u012fvairiose pramon\u0117s srityse:[\/vc_custom_heading][vc_column_text uncode_shortcode_id=&#8221;971641&#8243;]<\/p>\n<ul>\n<li>Energetikos gamyba ir tiekimas<\/li>\n<li>Maisto ir g\u0117rim\u0173 gamyba<\/li>\n<li>Gamybos ir surinkimo linijos<\/li>\n<li>Pakuot\u0117s ir med\u017eiag\u0173 tvarkymo sistemos<\/li>\n<li>Chemijos pramon\u0117<\/li>\n<\/ul>\n<p>PLC programavimas yra atsakingas u\u017e \u012fvairi\u0173 funkcij\u0173 steb\u0117jim\u0105 ir valdym\u0105 realiuoju laiku, tuo pa\u010diu u\u017etikrindamas, kad gamybos procesas vykt\u0173 skland\u017eiai ir efektyviai. D\u0117l \u0161ios prie\u017easties PLC viduje yra tekstini\u0173 ar grafikini\u0173 programavimo kalb\u0173, leid\u017eian\u010di\u0173 vartotojams kurti nestandartin\u0119 logik\u0105 konkre\u010dioms pramonin\u0117ms aplikacijoms. Didel\u0117 dalis programavimo kalb\u0173 gali b\u016bti naudojamos PLC programavimui, \u012fskaitant:\u00a0Ladder Logic, Function Block Diagram (FBD), Structured Text (ST), Instruction List (IL), Sequential Function Chart (SFC).[\/vc_column_text][vc_button button_color=&#8221;color-115100&#8243; border_width=&#8221;0&#8243; link=&#8221;url:https%3A%2F%2Fallincontainer.eu%2Flt%2Fatlikti-projektai%2F|title:References&#8221; button_color_type=&#8221;uncode-palette&#8221; uncode_shortcode_id=&#8221;213728&#8243;]PLC &gt; PROJEKTAI[\/vc_button][\/vc_column][vc_column width=&#8221;1\/2&#8243;][vc_single_image media=&#8221;1541&#8243; media_width_percent=&#8221;100&#8243; uncode_shortcode_id=&#8221;575661&#8243;][\/vc_column][\/vc_row][vc_row][vc_column width=&#8221;1\/2&#8243;][vc_single_image media=&#8221;1386&#8243; media_width_percent=&#8221;100&#8243; alignment=&#8221;center&#8221; uncode_shortcode_id=&#8221;147444&#8243;][\/vc_column][vc_column width=&#8221;1\/2&#8243;][vc_custom_heading text_color=&#8221;color-jevc&#8221; heading_semantic=&#8221;h3&#8243; text_size=&#8221;h3&#8243; uncode_shortcode_id=&#8221;354450&#8243; text_color_type=&#8221;uncode-palette&#8221;]KOD\u0116L VERTA NAUDOTI PLC PROGRAMAVIM\u0104 PRAMON\u0116S AUTOMATIZACIJOJE?[\/vc_custom_heading][vc_column_text uncode_shortcode_id=&#8221;169262&#8243;]<\/p>\n<ul>\n<li><strong>\u201eAIC Tech\u201c<\/strong> PLC programin\u0117 \u012franga suteikia klientams patogi\u0105 priemon\u0119 j\u0173 verslo sistem\u0173 programavimui. Programin\u0117 \u012franga yra prieinama tiek patyrusiems programuotojams, tiek pradedantiesiems pramonin\u0117s automatizacijos srityje. Su m\u016bs\u0173 komandos pagalba industrijos \u012fmon\u0117s gali gauti pagal j\u0173 poreikius pritaikyt\u0105 logik\u0105, \u0161is procesas nereikalauja ilg\u0173 mokymo ar speciali\u0173 \u017eini\u0173.<\/li>\n<li>Be to, PLC programavimas yra sukurtas siekiant padidinti na\u0161um\u0105. Programin\u0117 \u012franga yra optimizuota realiuoju laiku veikian\u010dioms operacijoms. Taigi, tai u\u017etikrina, kad PLC gali greitai reaguoti \u012f poky\u010dius gamybos procese. \u0160is greitis ypa\u010d svarbus pramon\u0117se, kur net nedidel\u0117s u\u017elaikymo trukm\u0117s gali tur\u0117ti \u012ftakos produktyvumui.<\/li>\n<li>Kitas svarbus \u201eAIC Tech<strong>\u201c<\/strong> <a href=\"https:\/\/allincontainer.eu\/lt\/advantages-of-programmable-logic-controllers\/\">programin\u0117s \u012frangos prana\u0161umas<\/a> yra jos patikimumas. Nuolatos testuojame savo sprendimus, siekdami u\u017etikrinti skland\u0173 veikim\u0105 pa\u010diose sud\u0117tingiausiose pramonin\u0117s aplinkose. \u0160ie testai taip pat padeda nustatyti ir i\u0161spr\u0119sti galimas problemas iki j\u0173 atsiradimo, o tai ma\u017eina prastovas ir didina produktyvum\u0105.<\/li>\n<\/ul>\n<p>[\/vc_column_text][\/vc_column][\/vc_row][vc_row][vc_column width=&#8221;1\/1&#8243;][vc_column_text uncode_shortcode_id=&#8221;754518&#8243;]M\u016bs\u0173 tiekiamas PLC programavimas yra galingas \u012frankis verslams, kurie siekia efektyvaus gamybos proces\u0173 valdymo. \u00a0M\u016bs\u0173 komandos specializacija yra energetika, maisto, pa\u0161ar\u0173 gamyba ir recept\u016bros (partin\u0117) gamyba. Jei norite optimizuoti savo naujos sistemos valdym\u0105 ar optimizuoti esam\u0105, \u201eAIC Tech\u201c gali jums pad\u0117ti pasiekti savo tiksl\u0173 greitai ir efektyviai.[\/vc_column_text][\/vc_column][\/vc_row][vc_row][vc_column width=&#8221;1\/1&#8243;][vc_button button_color=&#8221;color-115100&#8243; border_width=&#8221;0&#8243; button_color_type=&#8221;uncode-palette&#8221; uncode_shortcode_id=&#8221;136531&#8243; link=&#8221;url:https%3A%2F%2Fallincontainer.eu%2Flt%2Fprogramuojamu-loginiu-valdikliu-naudos%2F|title:Advantages%20of%20Programmable%20Logic%20Controllers&#8221;]PLC &gt; NAUDOS[\/vc_button][vc_button button_color=&#8221;color-115100&#8243; border_width=&#8221;0&#8243; button_color_type=&#8221;uncode-palette&#8221; uncode_shortcode_id=&#8221;144832&#8243; link=&#8221;url:https%3A%2F%2Fallincontainer.eu%2Flt%2Fplc-integravimas%2F|title:Why%20choose%20us%20as%20partner%20for%20PLC%20integration%3F&#8221;]PLC &gt; KOD\u0116L PASIRINKTI MUS?[\/vc_button][\/vc_column][\/vc_row]<\/p>\n<\/div>","protected":false},"excerpt":{"rendered":"<p>[vc_row][vc_column width=&#8221;1\/1&#8243;][vc_custom_heading text_color=&#8221;color-jevc&#8221; heading_semantic=&#8221;h1&#8243; uncode_shortcode_id=&#8221;130809&#8243; text_color_type=&#8221;uncode-palette&#8221;]KAS YRA PROGRAMUOJAMAS LOGINIS VALDIKLIS (PLC)?[\/vc_custom_heading][\/vc_column][\/vc_row][vc_row][vc_column width=&#8221;1\/2&#8243;][vc_column_text uncode_shortcode_id=&#8221;767511&#8243;]\u201eAIC Tech\u201c komanda kuria programin\u0119 \u012frang\u0105, kuri yra [&hellip;]<\/p>\n","protected":false},"author":1,"featured_media":0,"parent":0,"menu_order":0,"comment_status":"closed","ping_status":"closed","template":"","meta":{"footnotes":""},"class_list":["post-1740","page","type-page","status-publish","hentry"],"yoast_head":"<!-- This site is optimized with the Yoast SEO plugin v27.6 - https:\/\/yoast.com\/product\/yoast-seo-wordpress\/ -->\n<title>PLC programavimas - AIC<\/title>\n<meta name=\"description\" content=\"PLC programavimas - yra viena i\u0161 esmini\u0173 pramon\u0117s automatizacijos ir valdymo sistem\u0173 dali\u0173. \u0160i \u012franga suteikia galimyb\u0119...\" \/>\n<meta name=\"robots\" content=\"index, follow, max-snippet:-1, max-image-preview:large, max-video-preview:-1\" \/>\n<link rel=\"canonical\" href=\"https:\/\/allincontainer.eu\/lt\/plc-programavimas-2\/\" \/>\n<meta property=\"og:locale\" content=\"lt_LT\" \/>\n<meta property=\"og:type\" content=\"article\" \/>\n<meta property=\"og:title\" content=\"PLC programavimas - AIC\" \/>\n<meta property=\"og:description\" content=\"PLC programavimas - yra viena i\u0161 esmini\u0173 pramon\u0117s automatizacijos ir valdymo sistem\u0173 dali\u0173. \u0160i \u012franga suteikia galimyb\u0119...\" \/>\n<meta property=\"og:url\" content=\"https:\/\/allincontainer.eu\/lt\/plc-programavimas-2\/\" \/>\n<meta property=\"og:site_name\" content=\"AIC\" \/>\n<meta property=\"article:modified_time\" content=\"2026-05-13T09:05:24+00:00\" \/>\n<meta name=\"twitter:card\" content=\"summary_large_image\" \/>\n<meta name=\"twitter:label1\" content=\"Est. reading time\" \/>\n\t<meta name=\"twitter:data1\" content=\"4 minut\u0117s\" \/>\n<script type=\"application\/ld+json\" class=\"yoast-schema-graph\">{\"@context\":\"https:\\\/\\\/schema.org\",\"@graph\":[{\"@type\":\"WebPage\",\"@id\":\"https:\\\/\\\/allincontainer.eu\\\/lt\\\/plc-programavimas-2\\\/\",\"url\":\"https:\\\/\\\/allincontainer.eu\\\/lt\\\/plc-programavimas-2\\\/\",\"name\":\"PLC programavimas - AIC\",\"isPartOf\":{\"@id\":\"https:\\\/\\\/allincontainer.eu\\\/#website\"},\"datePublished\":\"2023-10-18T07:52:11+00:00\",\"dateModified\":\"2026-05-13T09:05:24+00:00\",\"description\":\"PLC programavimas - yra viena i\u0161 esmini\u0173 pramon\u0117s automatizacijos ir valdymo sistem\u0173 dali\u0173. \u0160i \u012franga suteikia galimyb\u0119...\",\"breadcrumb\":{\"@id\":\"https:\\\/\\\/allincontainer.eu\\\/lt\\\/plc-programavimas-2\\\/#breadcrumb\"},\"inLanguage\":\"lt-LT\",\"potentialAction\":[{\"@type\":\"ReadAction\",\"target\":[\"https:\\\/\\\/allincontainer.eu\\\/lt\\\/plc-programavimas-2\\\/\"]}]},{\"@type\":\"BreadcrumbList\",\"@id\":\"https:\\\/\\\/allincontainer.eu\\\/lt\\\/plc-programavimas-2\\\/#breadcrumb\",\"itemListElement\":[{\"@type\":\"ListItem\",\"position\":1,\"name\":\"Home\",\"item\":\"https:\\\/\\\/allincontainer.eu\\\/lt\\\/\"},{\"@type\":\"ListItem\",\"position\":2,\"name\":\"PLC programavimas\"}]},{\"@type\":\"WebSite\",\"@id\":\"https:\\\/\\\/allincontainer.eu\\\/#website\",\"url\":\"https:\\\/\\\/allincontainer.eu\\\/\",\"name\":\"AIC\",\"description\":\"Filters and Automation\",\"potentialAction\":[{\"@type\":\"SearchAction\",\"target\":{\"@type\":\"EntryPoint\",\"urlTemplate\":\"https:\\\/\\\/allincontainer.eu\\\/?s={search_term_string}\"},\"query-input\":{\"@type\":\"PropertyValueSpecification\",\"valueRequired\":true,\"valueName\":\"search_term_string\"}}],\"inLanguage\":\"lt-LT\"}]}<\/script>\n<!-- \/ Yoast SEO plugin. -->","yoast_head_json":{"title":"PLC programavimas - AIC","description":"PLC programavimas - yra viena i\u0161 esmini\u0173 pramon\u0117s automatizacijos ir valdymo sistem\u0173 dali\u0173. \u0160i \u012franga suteikia galimyb\u0119...","robots":{"index":"index","follow":"follow","max-snippet":"max-snippet:-1","max-image-preview":"max-image-preview:large","max-video-preview":"max-video-preview:-1"},"canonical":"https:\/\/allincontainer.eu\/lt\/plc-programavimas-2\/","og_locale":"lt_LT","og_type":"article","og_title":"PLC programavimas - AIC","og_description":"PLC programavimas - yra viena i\u0161 esmini\u0173 pramon\u0117s automatizacijos ir valdymo sistem\u0173 dali\u0173. \u0160i \u012franga suteikia galimyb\u0119...","og_url":"https:\/\/allincontainer.eu\/lt\/plc-programavimas-2\/","og_site_name":"AIC","article_modified_time":"2026-05-13T09:05:24+00:00","twitter_card":"summary_large_image","twitter_misc":{"Est. reading time":"4 minut\u0117s"},"schema":{"@context":"https:\/\/schema.org","@graph":[{"@type":"WebPage","@id":"https:\/\/allincontainer.eu\/lt\/plc-programavimas-2\/","url":"https:\/\/allincontainer.eu\/lt\/plc-programavimas-2\/","name":"PLC programavimas - AIC","isPartOf":{"@id":"https:\/\/allincontainer.eu\/#website"},"datePublished":"2023-10-18T07:52:11+00:00","dateModified":"2026-05-13T09:05:24+00:00","description":"PLC programavimas - yra viena i\u0161 esmini\u0173 pramon\u0117s automatizacijos ir valdymo sistem\u0173 dali\u0173. \u0160i \u012franga suteikia galimyb\u0119...","breadcrumb":{"@id":"https:\/\/allincontainer.eu\/lt\/plc-programavimas-2\/#breadcrumb"},"inLanguage":"lt-LT","potentialAction":[{"@type":"ReadAction","target":["https:\/\/allincontainer.eu\/lt\/plc-programavimas-2\/"]}]},{"@type":"BreadcrumbList","@id":"https:\/\/allincontainer.eu\/lt\/plc-programavimas-2\/#breadcrumb","itemListElement":[{"@type":"ListItem","position":1,"name":"Home","item":"https:\/\/allincontainer.eu\/lt\/"},{"@type":"ListItem","position":2,"name":"PLC programavimas"}]},{"@type":"WebSite","@id":"https:\/\/allincontainer.eu\/#website","url":"https:\/\/allincontainer.eu\/","name":"AIC","description":"Filters and Automation","potentialAction":[{"@type":"SearchAction","target":{"@type":"EntryPoint","urlTemplate":"https:\/\/allincontainer.eu\/?s={search_term_string}"},"query-input":{"@type":"PropertyValueSpecification","valueRequired":true,"valueName":"search_term_string"}}],"inLanguage":"lt-LT"}]}},"_links":{"self":[{"href":"https:\/\/allincontainer.eu\/lt\/wp-json\/wp\/v2\/pages\/1740","targetHints":{"allow":["GET"]}}],"collection":[{"href":"https:\/\/allincontainer.eu\/lt\/wp-json\/wp\/v2\/pages"}],"about":[{"href":"https:\/\/allincontainer.eu\/lt\/wp-json\/wp\/v2\/types\/page"}],"author":[{"embeddable":true,"href":"https:\/\/allincontainer.eu\/lt\/wp-json\/wp\/v2\/users\/1"}],"replies":[{"embeddable":true,"href":"https:\/\/allincontainer.eu\/lt\/wp-json\/wp\/v2\/comments?post=1740"}],"version-history":[{"count":15,"href":"https:\/\/allincontainer.eu\/lt\/wp-json\/wp\/v2\/pages\/1740\/revisions"}],"predecessor-version":[{"id":2492,"href":"https:\/\/allincontainer.eu\/lt\/wp-json\/wp\/v2\/pages\/1740\/revisions\/2492"}],"wp:attachment":[{"href":"https:\/\/allincontainer.eu\/lt\/wp-json\/wp\/v2\/media?parent=1740"}],"curies":[{"name":"wp","href":"https:\/\/api.w.org\/{rel}","templated":true}]}}