{"id":1723,"date":"2023-07-11T07:33:28","date_gmt":"2023-07-11T07:33:28","guid":{"rendered":"https:\/\/allincontainer.eu\/operating-principle-of-an-electrostatic-precipitator\/"},"modified":"2024-12-02T06:49:38","modified_gmt":"2024-12-02T06:49:38","slug":"elektrostatinio-filtro-veikimo-principas","status":"publish","type":"page","link":"https:\/\/allincontainer.eu\/lt\/elektrostatinio-filtro-veikimo-principas\/","title":{"rendered":"Elektrostatinio filtro veikimo principas"},"content":{"rendered":"<div class=\"wpb-content-wrapper\"><p>[vc_row][vc_column width=&#8221;1\/1&#8243;][vc_custom_heading text_color=&#8221;color-jevc&#8221; heading_semantic=&#8221;h1&#8243; uncode_shortcode_id=&#8221;149871&#8243; text_color_type=&#8221;uncode-palette&#8221;]ELEKTROSTATINIO FILTRO VEIKIMO PRINCIPAS[\/vc_custom_heading][\/vc_column][\/vc_row][vc_row][vc_column width=&#8221;1\/2&#8243;][vc_column_text uncode_shortcode_id=&#8221;191081&#8243;]Elektrostatinis filtras yra itin efektyvus \u012frenginys, skirtas valdyti oro tar\u0161\u0105 \u012fvairiose pramon\u0117s srityse. \u0160ie \u012frenginiai naudoja elektrostatin\u012f kr\u016bv\u012f tam, kad pa\u0161alint\u0173 kiet\u0105sias daleles i\u0161 degimo duj\u0173. Be to, \u0161is sprendimas u\u017etikrina didel\u012f surinkimo efektyvum\u0105 su ma\u017eomis energijos s\u0105naudomis. ESF ypa\u010d naudingi biomas\u0117s degimo \u012frenginiuose, kur jie gali pa\u0161alinti didelius kiet\u0173j\u0173 daleli\u0173 kiekius i\u0161 degimo metu susidariusi\u0173 duj\u0173. \u0160iame tekste papasakosime daugiau apie <a href=\"https:\/\/allincontainer.eu\/lt\/elektrostatinio-filtro-veikimo-principas\/\">elektrostatinio filtro<\/a> veikimo princip\u0105.<\/p>\n<p>\u201e<a href=\"https:\/\/allincontainer.eu\/lt\/apie-mus\/\">All In Container<\/a>\u201c mes specializuojam\u0117s kurdami pa\u017eangius elektrostatinius filtrus energetikos ir pramon\u0117s sektoriams. M\u016bs\u0173 ESF yra suprojektuoti pilnam ES direktyv\u0173 u\u017etikrinimui. Elektrostatiniai filtrai pasi\u017eymi auk\u0161ta kokybe ir reikalauja minimalios prie\u017ei\u016bros ir ma\u017e\u0173 eksploatacijos i\u0161laid\u0173. Gamindami ESF naudojame auk\u0161tos kokyb\u0117s med\u017eiagas ir komponentus, kad pasiektume geriausi\u0105 rezultat\u0105. Be to, si\u016blome pritaikytus duj\u0173 valymo sprendimus \u012fvairioms pramon\u0117s \u0161akoms ir \u012frangos i\u0161d\u0117stymams.[\/vc_column_text][vc_button button_color=&#8221;color-115100&#8243; border_width=&#8221;0&#8243; link=&#8221;url:https%3A%2F%2Fallincontainer.eu%2Flt%2Fkontaktai%2F|title:Contact%20us&#8221; button_color_type=&#8221;uncode-palette&#8221; uncode_shortcode_id=&#8221;156048&#8243;]SUSISIEKIME[\/vc_button][\/vc_column][vc_column width=&#8221;1\/2&#8243;][vc_single_image media=&#8221;1439&#8243; media_width_percent=&#8221;100&#8243; uncode_shortcode_id=&#8221;985942&#8243;][\/vc_column][\/vc_row][vc_row][vc_column width=&#8221;1\/2&#8243;][vc_gallery el_id=&#8221;gallery-816531&#8243; medias=&#8221;1525,1522&#8243; gutter_size=&#8221;3&#8243; screen_lg=&#8221;1000&#8243; screen_md=&#8221;600&#8243; screen_sm=&#8221;480&#8243; single_overlay_opacity=&#8221;50&#8243; single_padding=&#8221;2&#8243; uncode_shortcode_id=&#8221;199542&#8243;][\/vc_column][vc_column width=&#8221;1\/2&#8243;][vc_custom_heading text_size=&#8221;h3&#8243; uncode_shortcode_id=&#8221;294890&#8243;]VEIKIMO PRINCIPAS[\/vc_custom_heading][vc_column_text uncode_shortcode_id=&#8221;172655&#8243;]<\/p>\n<ul>\n<li>Elektrostatinis filtras susideda i\u0161 keli\u0173 perforuot\u0173 profiliuot\u0173 plok\u0161\u010di\u0173 eili\u0173 ir i\u0161krovos elektrod\u0173, esan\u010di\u0173 \u0161i\u0173 eili\u0173 viduryje. I\u0161metamosios dujos keliauja i\u0161ilgai per \u0161ias eilutes. Kai i\u0161metamosios dujos keliauja per ESF, kietosios dalel\u0117s \u012fgyja neigiam\u0105 kr\u016bv\u012f d\u0117l i\u0161krovos elektrod\u0173 veiklos. Tai atsitinka tod\u0117l, jog i\u0161krovos elektrod\u0173 skleid\u017eiami elektronai kaupiasi ant kiet\u0173j\u0173 daleli\u0173.<\/li>\n<li>Neigiamai \u012fkrautos dalel\u0117s elektriniame lauke juda \u012f teigiamai \u012fkrautas surinkimo plok\u0161teles. Kietosios dalel\u0117s nus\u0117da ant teigiamo kr\u016bvio surinkimo plok\u0161\u010di\u0173 ir sudaro sluoksn\u012f. Periodi\u0161kai \u0161ios plok\u0161t\u0117s yra nupurtomos, o dalel\u0117s nukrenta ant ESF dugno. Kiet\u0173j\u0173 daleli\u0173 surinkimo sistema pa\u0161alina \u0161ias daleles i\u0161 ESF.<\/li>\n<li>I\u0161metam\u0173j\u0173 duj\u0173 paskirstymo ekranai, esantys prie \u012fleidimo ir i\u0161leidimo ang\u0173, u\u017etikrina geriausi\u0105 valymo efektyvum\u0105 ir tolygiai paskirsto dujas per ESF skerspj\u016bv\u012f. Elektros laukas sukuriamas naudojant auk\u0161tos \u012ftampos transformatori\u0173, kuris yra svarbiausia ESP dalis. <span style=\"font-family: -apple-system, BlinkMacSystemFont, 'Segoe UI', Roboto, Oxygen-Sans, Ubuntu, Cantarell, 'Helvetica Neue', sans-serif;\">\u0160ioje mes srityje bendradarbiaujame su \u0160vedijos kompanija <\/span><a style=\"font-family: -apple-system, BlinkMacSystemFont, 'Segoe UI', Roboto, Oxygen-Sans, Ubuntu, Cantarell, 'Helvetica Neue', sans-serif;\" href=\"https:\/\/kraftpowercon.com\/\">KRAFT Powercon<\/a><span style=\"font-family: -apple-system, BlinkMacSystemFont, 'Segoe UI', Roboto, Oxygen-Sans, Ubuntu, Cantarell, 'Helvetica Neue', sans-serif;\">.<\/span><\/li>\n<\/ul>\n<p>[\/vc_column_text][\/vc_column][\/vc_row][vc_row][vc_column width=&#8221;1\/1&#8243;][vc_column_text uncode_shortcode_id=&#8221;543984&#8243;]M\u016bs\u0173 ekspert\u0173 komanda glaud\u017eiai bendradarbiauja su klientais, siekdama suprasti j\u0173 specifinius poreikius ir teikti pritaikytus sprendimus, kurie atitikt\u0173 j\u0173 aplinkosaugos tikslus. Jei norite su\u017einoti daugiau apie m\u016bs\u0173 elektrostatinius filtrus ir kaip jie gali b\u016bti naudingi j\u016bs\u0173 verslui, nedvejokite ir susisiekite su mumis \u0161iandien.[\/vc_column_text][\/vc_column][\/vc_row][vc_row][vc_column width=&#8221;1\/1&#8243;][vc_button button_color=&#8221;color-115100&#8243; border_width=&#8221;0&#8243; button_color_type=&#8221;uncode-palette&#8221; uncode_shortcode_id=&#8221;107986&#8243; link=&#8221;url:https%3A%2F%2Fallincontainer.eu%2Flt%2Fatlikti-projektai%2F|title:Atlikti%20darbai&#8221;]ESF &gt; ATLIKTI PROJEKTAI[\/vc_button][\/vc_column][\/vc_row]<\/p>\n<\/div>","protected":false},"excerpt":{"rendered":"<p>[vc_row][vc_column width=&#8221;1\/1&#8243;][vc_custom_heading text_color=&#8221;color-jevc&#8221; heading_semantic=&#8221;h1&#8243; uncode_shortcode_id=&#8221;149871&#8243; text_color_type=&#8221;uncode-palette&#8221;]ELEKTROSTATINIO FILTRO VEIKIMO PRINCIPAS[\/vc_custom_heading][\/vc_column][\/vc_row][vc_row][vc_column width=&#8221;1\/2&#8243;][vc_column_text uncode_shortcode_id=&#8221;191081&#8243;]Elektrostatinis filtras yra itin efektyvus \u012frenginys, skirtas valdyti oro tar\u0161\u0105 [&hellip;]<\/p>\n","protected":false},"author":1,"featured_media":0,"parent":0,"menu_order":0,"comment_status":"closed","ping_status":"closed","template":"","meta":{"footnotes":""},"class_list":["post-1723","page","type-page","status-publish","hentry"],"yoast_head":"<!-- This site is optimized with the Yoast SEO plugin v27.4 - https:\/\/yoast.com\/product\/yoast-seo-wordpress\/ -->\n<title>Elektrostatinio filtro veikimo principas - AIC<\/title>\n<meta name=\"description\" content=\"Elektrostatinio filtro veikimo principas - naudoja elektrostatin\u012f kr\u016bv\u012f tam, kad pa\u0161alint\u0173 kiet\u0105sias daleles i\u0161 degimo duj\u0173...\" \/>\n<meta name=\"robots\" content=\"index, follow, max-snippet:-1, max-image-preview:large, max-video-preview:-1\" \/>\n<link rel=\"canonical\" href=\"https:\/\/allincontainer.eu\/lt\/elektrostatinio-filtro-veikimo-principas\/\" \/>\n<meta property=\"og:locale\" content=\"lt_LT\" \/>\n<meta property=\"og:type\" content=\"article\" \/>\n<meta property=\"og:title\" content=\"Elektrostatinio filtro veikimo principas - AIC\" \/>\n<meta property=\"og:description\" content=\"Elektrostatinio filtro veikimo principas - naudoja elektrostatin\u012f kr\u016bv\u012f tam, kad pa\u0161alint\u0173 kiet\u0105sias daleles i\u0161 degimo duj\u0173...\" \/>\n<meta property=\"og:url\" content=\"https:\/\/allincontainer.eu\/lt\/elektrostatinio-filtro-veikimo-principas\/\" \/>\n<meta property=\"og:site_name\" content=\"AIC\" \/>\n<meta property=\"article:modified_time\" content=\"2024-12-02T06:49:38+00:00\" \/>\n<meta name=\"twitter:card\" content=\"summary_large_image\" \/>\n<meta name=\"twitter:label1\" content=\"Est. reading time\" \/>\n\t<meta name=\"twitter:data1\" content=\"3 minut\u0117s\" \/>\n<script type=\"application\/ld+json\" class=\"yoast-schema-graph\">{\"@context\":\"https:\\\/\\\/schema.org\",\"@graph\":[{\"@type\":\"WebPage\",\"@id\":\"https:\\\/\\\/allincontainer.eu\\\/lt\\\/elektrostatinio-filtro-veikimo-principas\\\/\",\"url\":\"https:\\\/\\\/allincontainer.eu\\\/lt\\\/elektrostatinio-filtro-veikimo-principas\\\/\",\"name\":\"Elektrostatinio filtro veikimo principas - AIC\",\"isPartOf\":{\"@id\":\"https:\\\/\\\/allincontainer.eu\\\/#website\"},\"datePublished\":\"2023-07-11T07:33:28+00:00\",\"dateModified\":\"2024-12-02T06:49:38+00:00\",\"description\":\"Elektrostatinio filtro veikimo principas - naudoja elektrostatin\u012f kr\u016bv\u012f tam, kad pa\u0161alint\u0173 kiet\u0105sias daleles i\u0161 degimo duj\u0173...\",\"breadcrumb\":{\"@id\":\"https:\\\/\\\/allincontainer.eu\\\/lt\\\/elektrostatinio-filtro-veikimo-principas\\\/#breadcrumb\"},\"inLanguage\":\"lt-LT\",\"potentialAction\":[{\"@type\":\"ReadAction\",\"target\":[\"https:\\\/\\\/allincontainer.eu\\\/lt\\\/elektrostatinio-filtro-veikimo-principas\\\/\"]}]},{\"@type\":\"BreadcrumbList\",\"@id\":\"https:\\\/\\\/allincontainer.eu\\\/lt\\\/elektrostatinio-filtro-veikimo-principas\\\/#breadcrumb\",\"itemListElement\":[{\"@type\":\"ListItem\",\"position\":1,\"name\":\"Home\",\"item\":\"https:\\\/\\\/allincontainer.eu\\\/lt\\\/\"},{\"@type\":\"ListItem\",\"position\":2,\"name\":\"Elektrostatinio filtro veikimo principas\"}]},{\"@type\":\"WebSite\",\"@id\":\"https:\\\/\\\/allincontainer.eu\\\/#website\",\"url\":\"https:\\\/\\\/allincontainer.eu\\\/\",\"name\":\"AIC\",\"description\":\"Filters and Automation\",\"potentialAction\":[{\"@type\":\"SearchAction\",\"target\":{\"@type\":\"EntryPoint\",\"urlTemplate\":\"https:\\\/\\\/allincontainer.eu\\\/?s={search_term_string}\"},\"query-input\":{\"@type\":\"PropertyValueSpecification\",\"valueRequired\":true,\"valueName\":\"search_term_string\"}}],\"inLanguage\":\"lt-LT\"}]}<\/script>\n<!-- \/ Yoast SEO plugin. -->","yoast_head_json":{"title":"Elektrostatinio filtro veikimo principas - AIC","description":"Elektrostatinio filtro veikimo principas - naudoja elektrostatin\u012f kr\u016bv\u012f tam, kad pa\u0161alint\u0173 kiet\u0105sias daleles i\u0161 degimo duj\u0173...","robots":{"index":"index","follow":"follow","max-snippet":"max-snippet:-1","max-image-preview":"max-image-preview:large","max-video-preview":"max-video-preview:-1"},"canonical":"https:\/\/allincontainer.eu\/lt\/elektrostatinio-filtro-veikimo-principas\/","og_locale":"lt_LT","og_type":"article","og_title":"Elektrostatinio filtro veikimo principas - AIC","og_description":"Elektrostatinio filtro veikimo principas - naudoja elektrostatin\u012f kr\u016bv\u012f tam, kad pa\u0161alint\u0173 kiet\u0105sias daleles i\u0161 degimo duj\u0173...","og_url":"https:\/\/allincontainer.eu\/lt\/elektrostatinio-filtro-veikimo-principas\/","og_site_name":"AIC","article_modified_time":"2024-12-02T06:49:38+00:00","twitter_card":"summary_large_image","twitter_misc":{"Est. reading time":"3 minut\u0117s"},"schema":{"@context":"https:\/\/schema.org","@graph":[{"@type":"WebPage","@id":"https:\/\/allincontainer.eu\/lt\/elektrostatinio-filtro-veikimo-principas\/","url":"https:\/\/allincontainer.eu\/lt\/elektrostatinio-filtro-veikimo-principas\/","name":"Elektrostatinio filtro veikimo principas - AIC","isPartOf":{"@id":"https:\/\/allincontainer.eu\/#website"},"datePublished":"2023-07-11T07:33:28+00:00","dateModified":"2024-12-02T06:49:38+00:00","description":"Elektrostatinio filtro veikimo principas - naudoja elektrostatin\u012f kr\u016bv\u012f tam, kad pa\u0161alint\u0173 kiet\u0105sias daleles i\u0161 degimo duj\u0173...","breadcrumb":{"@id":"https:\/\/allincontainer.eu\/lt\/elektrostatinio-filtro-veikimo-principas\/#breadcrumb"},"inLanguage":"lt-LT","potentialAction":[{"@type":"ReadAction","target":["https:\/\/allincontainer.eu\/lt\/elektrostatinio-filtro-veikimo-principas\/"]}]},{"@type":"BreadcrumbList","@id":"https:\/\/allincontainer.eu\/lt\/elektrostatinio-filtro-veikimo-principas\/#breadcrumb","itemListElement":[{"@type":"ListItem","position":1,"name":"Home","item":"https:\/\/allincontainer.eu\/lt\/"},{"@type":"ListItem","position":2,"name":"Elektrostatinio filtro veikimo principas"}]},{"@type":"WebSite","@id":"https:\/\/allincontainer.eu\/#website","url":"https:\/\/allincontainer.eu\/","name":"AIC","description":"Filters and Automation","potentialAction":[{"@type":"SearchAction","target":{"@type":"EntryPoint","urlTemplate":"https:\/\/allincontainer.eu\/?s={search_term_string}"},"query-input":{"@type":"PropertyValueSpecification","valueRequired":true,"valueName":"search_term_string"}}],"inLanguage":"lt-LT"}]}},"_links":{"self":[{"href":"https:\/\/allincontainer.eu\/lt\/wp-json\/wp\/v2\/pages\/1723","targetHints":{"allow":["GET"]}}],"collection":[{"href":"https:\/\/allincontainer.eu\/lt\/wp-json\/wp\/v2\/pages"}],"about":[{"href":"https:\/\/allincontainer.eu\/lt\/wp-json\/wp\/v2\/types\/page"}],"author":[{"embeddable":true,"href":"https:\/\/allincontainer.eu\/lt\/wp-json\/wp\/v2\/users\/1"}],"replies":[{"embeddable":true,"href":"https:\/\/allincontainer.eu\/lt\/wp-json\/wp\/v2\/comments?post=1723"}],"version-history":[{"count":10,"href":"https:\/\/allincontainer.eu\/lt\/wp-json\/wp\/v2\/pages\/1723\/revisions"}],"predecessor-version":[{"id":2145,"href":"https:\/\/allincontainer.eu\/lt\/wp-json\/wp\/v2\/pages\/1723\/revisions\/2145"}],"wp:attachment":[{"href":"https:\/\/allincontainer.eu\/lt\/wp-json\/wp\/v2\/media?parent=1723"}],"curies":[{"name":"wp","href":"https:\/\/api.w.org\/{rel}","templated":true}]}}