{"id":1713,"date":"2023-09-05T12:43:00","date_gmt":"2023-09-05T12:43:00","guid":{"rendered":"https:\/\/allincontainer.eu\/advantages-of-programmable-logic-controllers\/"},"modified":"2026-05-13T12:16:44","modified_gmt":"2026-05-13T09:16:44","slug":"programuojamu-loginiu-valdikliu-naudos","status":"publish","type":"page","link":"https:\/\/allincontainer.eu\/lt\/programuojamu-loginiu-valdikliu-naudos\/","title":{"rendered":"Programuojam\u0173 logini\u0173 valdikli\u0173 naudos"},"content":{"rendered":"<div class=\"wpb-content-wrapper\"><p>[vc_row][vc_column width=&#8221;1\/1&#8243;][vc_custom_heading text_color=&#8221;color-jevc&#8221; heading_semantic=&#8221;h1&#8243; uncode_shortcode_id=&#8221;887462&#8243; text_color_type=&#8221;uncode-palette&#8221;]PROGRAMUOJAM\u0172 LOGINI\u0172 VALDIKLI\u0172 NAUDOS[\/vc_custom_heading][\/vc_column][\/vc_row][vc_row][vc_column width=&#8221;1\/2&#8243;][vc_column_text uncode_shortcode_id=&#8221;895022&#8243;]Programuojami loginiai valdikliai (PLC) egzistuoja jau de\u0161imtme\u010dius ir yra b\u016btinas sprendimas tiems, kurie ie\u0161ko kokybi\u0161ko gamybos proces\u0173 valdymo \u012fvairiose pramon\u0117s \u0161akose. \u201eAIC Tech\u201c yra patikimas partneris dalies pramon\u0117s \u012fmoni\u0173, kurios nusprend\u0117 automatizuoti savo procesus. Sutelkdami m\u016bs\u0173 komandos d\u0117mes\u012f \u012f energijos, maisto ir pa\u0161ar\u0173 gamybos pramon\u0117s \u0161akas, mes \u012fsitvirtinome kaip profesionalai, teikiantys auk\u0161tos kokyb\u0117s sprendimus, pritaikytus konkretiems pramon\u0117s reikalavimams. \u0160iame straipsnyje aptarsime pagrindinius <a href=\"https:\/\/allincontainer.eu\/lt\/plc-programavimas\/\">programuojam\u0173 logini\u0173 valdikli\u0173<\/a> naudojimo privalumus.[\/vc_column_text][vc_button button_color=&#8221;color-115100&#8243; border_width=&#8221;0&#8243; link=&#8221;url:https%3A%2F%2Fallincontainer.eu%2Flt%2Fkontaktai%2F|title:Contact%20us&#8221; button_color_type=&#8221;uncode-palette&#8221; uncode_shortcode_id=&#8221;123702&#8243;]SUSISIEKITE[\/vc_button][vc_button button_color=&#8221;color-115100&#8243; border_width=&#8221;0&#8243; link=&#8221;url:https%3A%2F%2Fallincontainer.eu%2Flt%2Fatlikti-projektai%2F|title:References&#8221; button_color_type=&#8221;uncode-palette&#8221; uncode_shortcode_id=&#8221;133330&#8243;]ATLIKTI PROJEKTAI[\/vc_button][\/vc_column][vc_column width=&#8221;1\/2&#8243;][vc_single_image media=&#8221;1633&#8243; media_width_percent=&#8221;100&#8243; uncode_shortcode_id=&#8221;100271&#8243;][\/vc_column][\/vc_row][vc_row][vc_column width=&#8221;1\/1&#8243;][vc_column_text uncode_shortcode_id=&#8221;208470&#8243;]<\/p>\n<h3>EFEKTYVUMAS<\/h3>\n<p><a href=\"https:\/\/allincontainer.eu\/lt\/plc-programavimas-2\/\">PLC<\/a> i\u0161siskiria sugeb\u0117jimu konsoliduoti ir valdyti visas su procesu susijusias technologines dalis. \u0160i \u012franga kontroliuoja jutiklius, variklius, vo\u017etuvus ir kit\u0105 \u012frang\u0105, integruodami \u0161iuos elementus \u012f viening\u0105 sistem\u0105, siekian\u010di\u0105 pagerinti viso proceso efektyvum\u0105 ir patikimum\u0105.<\/p>\n<h3>GERESN\u0116 KOKYB\u0116S KONTROL\u0116<\/h3>\n<p>PLC sistemos veikia automati\u0161kai, o tai leid\u017eia minimizuoti \u017emogi\u0161k\u0105sias klaidas, kurios da\u017enu atveju gali atsieti daug laiko ir papildom\u0173 resurs\u0173. Programuojam\u0173 logini\u0173 valdikli\u0173 patikimumas u\u017etikrina ilgalaik\u012f veikim\u0105 be da\u017enos prie\u017ei\u016bros ar remonto.<\/p>\n<h3>PATOGUMAS<\/h3>\n<p>\u0160ios sistemos pasi\u017eymi vartotojui draugi\u0161komis s\u0105sajomis, o tai padeda su\u017einoti apie sistemos b\u016bsen\u0105, gauti ai\u0161kius \u012fsp\u0117jimus ir atlikti gedim\u0173 steb\u0117jimui. Sistema atvaizduoja esminius duomenis ir \u012fsp\u0117jimus, lengvinan\u010dius problem\u0173 nustatym\u0105 ir sprendim\u0105, didina efektyvum\u0105 bei minimizuojant klaidas ar galimas \u012frengini\u0173 prastovas.<\/p>\n<h3>KOKYB\u0116<\/h3>\n<p>PLC atlaiko sunkias s\u0105lygas, tokias kaip dulk\u0117s, dr\u0117gm\u0117 ir \u0161iluma, tad jie puikiai tinka pramonin\u0117ms aplinkoms. J\u0173 pla\u010dios \u012fvesties\/i\u0161vesties (I\/O) galimyb\u0117s leid\u017eia kontroliuoti ir steb\u0117ti \u012fvairi\u0105 \u012frang\u0105, aptarnaujant \u012fvairias pramon\u0117s \u0161akas.<\/p>\n<h3>MINIMALIOS PRIE\u017dI\u016aROS I\u0160LAIDOS<\/h3>\n<p>PLC simuliacija leid\u017eia ankstyv\u0105 testavim\u0105 ir klaid\u0173 taisym\u0105, nustatant ir sprend\u017eiant potencialias problemas prie\u0161 j\u0173 pasirei\u0161kim\u0105. O tai padeda su taupyti laiko ir suma\u017einti i\u0161laidas. In\u017einieriai ir technikai gali i\u0161bandyti \u012fvairius scenarijus ir optimizuoti procesus prie\u0161 pradedant real\u0173 darb\u0105.[\/vc_column_text][\/vc_column][\/vc_row][vc_row][vc_column width=&#8221;1\/2&#8243;][vc_single_image media=&#8221;1637&#8243; media_width_percent=&#8221;100&#8243; uncode_shortcode_id=&#8221;531262&#8243;][\/vc_column][vc_column width=&#8221;1\/2&#8243;][vc_column_text uncode_shortcode_id=&#8221;154836&#8243;]\u201eAIC Tech\u201c programuojami loginiai valdikliai (PLC) yra universal\u016bs ir galingi proces\u0173 valdymo \u012frankiai, turintys daug privalum\u0173. Pavyzd\u017eiui, jie gali sujungti ir valdyti visus technologinio proceso elementus ir taip i\u0161vengti \u017emogi\u0161k\u0173j\u0173 klaid\u0173 atsiradimo. Taip pat jie turi patogi\u0105 vartotojo s\u0105saj\u0105, kurios d\u0117ka \u012franga yra lengva naudoti. PLC yra atspar\u016bs sunkioms aplinkos s\u0105lygoms, \u0161is funkcionalumas leid\u017eia u\u017etikrinti j\u0173 ilgaam\u017ei\u0161kum\u0105. Be to, \u0161ie PLC turi specialias saugumo, testavimo bei simuliacijos sistemas, u\u017etikrinan\u010dios patikim\u0105 \u012frangos veikim\u0105. Jei ie\u0161kote efektyvaus ir patikimo b\u016bdo valdyti pramoninius procesus, ypa\u010d energetikoje, maisto ir pa\u0161ar\u0173 gamyboje arba partij\u0173 gamybos pramon\u0117je, <a href=\"https:\/\/allincontainer.eu\/lt\/kontaktai\/\">m\u016bs\u0173 \u012fmon\u0117 yra puikus pasirinkimas jums<\/a>.[\/vc_column_text][vc_button button_color=&#8221;color-115100&#8243; border_width=&#8221;0&#8243; button_color_type=&#8221;uncode-palette&#8221; uncode_shortcode_id=&#8221;277471&#8243; link=&#8221;url:https%3A%2F%2Fallincontainer.eu%2Flt%2Fplc-integravimas%2F|title:Why%20choose%20us%20as%20partner%20for%20PLC%20integration%3F&#8221;]PLC &gt; KOD\u0116L PASIRINKTI MUS?[\/vc_button][\/vc_column][\/vc_row]<\/p>\n<\/div>","protected":false},"excerpt":{"rendered":"<p>[vc_row][vc_column width=&#8221;1\/1&#8243;][vc_custom_heading text_color=&#8221;color-jevc&#8221; heading_semantic=&#8221;h1&#8243; uncode_shortcode_id=&#8221;887462&#8243; text_color_type=&#8221;uncode-palette&#8221;]PROGRAMUOJAM\u0172 LOGINI\u0172 VALDIKLI\u0172 NAUDOS[\/vc_custom_heading][\/vc_column][\/vc_row][vc_row][vc_column width=&#8221;1\/2&#8243;][vc_column_text uncode_shortcode_id=&#8221;895022&#8243;]Programuojami loginiai valdikliai (PLC) egzistuoja jau de\u0161imtme\u010dius ir yra b\u016btinas [&hellip;]<\/p>\n","protected":false},"author":1,"featured_media":0,"parent":0,"menu_order":0,"comment_status":"closed","ping_status":"closed","template":"","meta":{"footnotes":""},"class_list":["post-1713","page","type-page","status-publish","hentry"],"yoast_head":"<!-- This site is optimized with the Yoast SEO plugin v27.6 - https:\/\/yoast.com\/product\/yoast-seo-wordpress\/ -->\n<title>Programuojam\u0173 logini\u0173 valdikli\u0173 naudos - AIC<\/title>\n<meta name=\"description\" content=\"Programuojam\u0173 logini\u0173 valdikli\u0173 naudos i\u0161siskiria vartotojui draugi\u0161komis s\u0105sajomis, o tai padeda su\u017einoti apie sistemos b\u016bsen\u0105...\" \/>\n<meta name=\"robots\" content=\"index, follow, max-snippet:-1, max-image-preview:large, max-video-preview:-1\" \/>\n<link rel=\"canonical\" href=\"https:\/\/allincontainer.eu\/lt\/programuojamu-loginiu-valdikliu-naudos\/\" \/>\n<meta property=\"og:locale\" content=\"lt_LT\" \/>\n<meta property=\"og:type\" content=\"article\" \/>\n<meta property=\"og:title\" content=\"Programuojam\u0173 logini\u0173 valdikli\u0173 naudos - AIC\" \/>\n<meta property=\"og:description\" content=\"Programuojam\u0173 logini\u0173 valdikli\u0173 naudos i\u0161siskiria vartotojui draugi\u0161komis s\u0105sajomis, o tai padeda su\u017einoti apie sistemos b\u016bsen\u0105...\" \/>\n<meta property=\"og:url\" content=\"https:\/\/allincontainer.eu\/lt\/programuojamu-loginiu-valdikliu-naudos\/\" \/>\n<meta property=\"og:site_name\" content=\"AIC\" \/>\n<meta property=\"article:modified_time\" content=\"2026-05-13T09:16:44+00:00\" \/>\n<meta name=\"twitter:card\" content=\"summary_large_image\" \/>\n<meta name=\"twitter:label1\" content=\"Est. reading time\" \/>\n\t<meta name=\"twitter:data1\" content=\"3 minut\u0117s\" \/>\n<script type=\"application\/ld+json\" class=\"yoast-schema-graph\">{\"@context\":\"https:\\\/\\\/schema.org\",\"@graph\":[{\"@type\":\"WebPage\",\"@id\":\"https:\\\/\\\/allincontainer.eu\\\/lt\\\/programuojamu-loginiu-valdikliu-naudos\\\/\",\"url\":\"https:\\\/\\\/allincontainer.eu\\\/lt\\\/programuojamu-loginiu-valdikliu-naudos\\\/\",\"name\":\"Programuojam\u0173 logini\u0173 valdikli\u0173 naudos - AIC\",\"isPartOf\":{\"@id\":\"https:\\\/\\\/allincontainer.eu\\\/#website\"},\"datePublished\":\"2023-09-05T12:43:00+00:00\",\"dateModified\":\"2026-05-13T09:16:44+00:00\",\"description\":\"Programuojam\u0173 logini\u0173 valdikli\u0173 naudos i\u0161siskiria vartotojui draugi\u0161komis s\u0105sajomis, o tai padeda su\u017einoti apie sistemos b\u016bsen\u0105...\",\"breadcrumb\":{\"@id\":\"https:\\\/\\\/allincontainer.eu\\\/lt\\\/programuojamu-loginiu-valdikliu-naudos\\\/#breadcrumb\"},\"inLanguage\":\"lt-LT\",\"potentialAction\":[{\"@type\":\"ReadAction\",\"target\":[\"https:\\\/\\\/allincontainer.eu\\\/lt\\\/programuojamu-loginiu-valdikliu-naudos\\\/\"]}]},{\"@type\":\"BreadcrumbList\",\"@id\":\"https:\\\/\\\/allincontainer.eu\\\/lt\\\/programuojamu-loginiu-valdikliu-naudos\\\/#breadcrumb\",\"itemListElement\":[{\"@type\":\"ListItem\",\"position\":1,\"name\":\"Home\",\"item\":\"https:\\\/\\\/allincontainer.eu\\\/lt\\\/\"},{\"@type\":\"ListItem\",\"position\":2,\"name\":\"Programuojam\u0173 logini\u0173 valdikli\u0173 naudos\"}]},{\"@type\":\"WebSite\",\"@id\":\"https:\\\/\\\/allincontainer.eu\\\/#website\",\"url\":\"https:\\\/\\\/allincontainer.eu\\\/\",\"name\":\"AIC\",\"description\":\"Filters and Automation\",\"potentialAction\":[{\"@type\":\"SearchAction\",\"target\":{\"@type\":\"EntryPoint\",\"urlTemplate\":\"https:\\\/\\\/allincontainer.eu\\\/?s={search_term_string}\"},\"query-input\":{\"@type\":\"PropertyValueSpecification\",\"valueRequired\":true,\"valueName\":\"search_term_string\"}}],\"inLanguage\":\"lt-LT\"}]}<\/script>\n<!-- \/ Yoast SEO plugin. -->","yoast_head_json":{"title":"Programuojam\u0173 logini\u0173 valdikli\u0173 naudos - AIC","description":"Programuojam\u0173 logini\u0173 valdikli\u0173 naudos i\u0161siskiria vartotojui draugi\u0161komis s\u0105sajomis, o tai padeda su\u017einoti apie sistemos b\u016bsen\u0105...","robots":{"index":"index","follow":"follow","max-snippet":"max-snippet:-1","max-image-preview":"max-image-preview:large","max-video-preview":"max-video-preview:-1"},"canonical":"https:\/\/allincontainer.eu\/lt\/programuojamu-loginiu-valdikliu-naudos\/","og_locale":"lt_LT","og_type":"article","og_title":"Programuojam\u0173 logini\u0173 valdikli\u0173 naudos - AIC","og_description":"Programuojam\u0173 logini\u0173 valdikli\u0173 naudos i\u0161siskiria vartotojui draugi\u0161komis s\u0105sajomis, o tai padeda su\u017einoti apie sistemos b\u016bsen\u0105...","og_url":"https:\/\/allincontainer.eu\/lt\/programuojamu-loginiu-valdikliu-naudos\/","og_site_name":"AIC","article_modified_time":"2026-05-13T09:16:44+00:00","twitter_card":"summary_large_image","twitter_misc":{"Est. reading time":"3 minut\u0117s"},"schema":{"@context":"https:\/\/schema.org","@graph":[{"@type":"WebPage","@id":"https:\/\/allincontainer.eu\/lt\/programuojamu-loginiu-valdikliu-naudos\/","url":"https:\/\/allincontainer.eu\/lt\/programuojamu-loginiu-valdikliu-naudos\/","name":"Programuojam\u0173 logini\u0173 valdikli\u0173 naudos - AIC","isPartOf":{"@id":"https:\/\/allincontainer.eu\/#website"},"datePublished":"2023-09-05T12:43:00+00:00","dateModified":"2026-05-13T09:16:44+00:00","description":"Programuojam\u0173 logini\u0173 valdikli\u0173 naudos i\u0161siskiria vartotojui draugi\u0161komis s\u0105sajomis, o tai padeda su\u017einoti apie sistemos b\u016bsen\u0105...","breadcrumb":{"@id":"https:\/\/allincontainer.eu\/lt\/programuojamu-loginiu-valdikliu-naudos\/#breadcrumb"},"inLanguage":"lt-LT","potentialAction":[{"@type":"ReadAction","target":["https:\/\/allincontainer.eu\/lt\/programuojamu-loginiu-valdikliu-naudos\/"]}]},{"@type":"BreadcrumbList","@id":"https:\/\/allincontainer.eu\/lt\/programuojamu-loginiu-valdikliu-naudos\/#breadcrumb","itemListElement":[{"@type":"ListItem","position":1,"name":"Home","item":"https:\/\/allincontainer.eu\/lt\/"},{"@type":"ListItem","position":2,"name":"Programuojam\u0173 logini\u0173 valdikli\u0173 naudos"}]},{"@type":"WebSite","@id":"https:\/\/allincontainer.eu\/#website","url":"https:\/\/allincontainer.eu\/","name":"AIC","description":"Filters and Automation","potentialAction":[{"@type":"SearchAction","target":{"@type":"EntryPoint","urlTemplate":"https:\/\/allincontainer.eu\/?s={search_term_string}"},"query-input":{"@type":"PropertyValueSpecification","valueRequired":true,"valueName":"search_term_string"}}],"inLanguage":"lt-LT"}]}},"_links":{"self":[{"href":"https:\/\/allincontainer.eu\/lt\/wp-json\/wp\/v2\/pages\/1713","targetHints":{"allow":["GET"]}}],"collection":[{"href":"https:\/\/allincontainer.eu\/lt\/wp-json\/wp\/v2\/pages"}],"about":[{"href":"https:\/\/allincontainer.eu\/lt\/wp-json\/wp\/v2\/types\/page"}],"author":[{"embeddable":true,"href":"https:\/\/allincontainer.eu\/lt\/wp-json\/wp\/v2\/users\/1"}],"replies":[{"embeddable":true,"href":"https:\/\/allincontainer.eu\/lt\/wp-json\/wp\/v2\/comments?post=1713"}],"version-history":[{"count":13,"href":"https:\/\/allincontainer.eu\/lt\/wp-json\/wp\/v2\/pages\/1713\/revisions"}],"predecessor-version":[{"id":2509,"href":"https:\/\/allincontainer.eu\/lt\/wp-json\/wp\/v2\/pages\/1713\/revisions\/2509"}],"wp:attachment":[{"href":"https:\/\/allincontainer.eu\/lt\/wp-json\/wp\/v2\/media?parent=1713"}],"curies":[{"name":"wp","href":"https:\/\/api.w.org\/{rel}","templated":true}]}}