{"id":1683,"date":"2023-10-05T13:34:22","date_gmt":"2023-10-05T13:34:22","guid":{"rendered":"https:\/\/allincontainer.eu\/?page_id=1683"},"modified":"2024-12-02T06:53:23","modified_gmt":"2024-12-02T06:53:23","slug":"elektrostatinio-filtro-naudos","status":"publish","type":"page","link":"https:\/\/allincontainer.eu\/lt\/elektrostatinio-filtro-naudos\/","title":{"rendered":"Elektrostatinio filtro naudos"},"content":{"rendered":"<div class=\"wpb-content-wrapper\"><p>[vc_row][vc_column width=&#8221;1\/1&#8243;][vc_custom_heading text_color=&#8221;color-jevc&#8221; heading_semantic=&#8221;h1&#8243; uncode_shortcode_id=&#8221;559293&#8243; text_color_type=&#8221;uncode-palette&#8221;]ELEKTROSTATINIO FILTRO NAUDOS[\/vc_custom_heading][\/vc_column][\/vc_row][vc_row][vc_column width=&#8221;1\/2&#8243;][vc_column_text uncode_shortcode_id=&#8221;164205&#8243;]Elektrostatiniai filtrai (ESF) yra pa\u017eangios technologijos, kurios si\u016blo daug privalum\u0173 kontroliuojant oro tar\u0161\u0105 \u012fvairiose pramon\u0117s srityse. \u0160i \u012franga naudoja elektrostatin\u012f kr\u016bv\u012f, kad pa\u0161alint\u0173 kiet\u0105sias daleles i\u0161 degimo metu susidariusi\u0173 duj\u0173. Elektrostatinio filtro naudos nulemia auk\u0161t\u0105 surinkimo efektyvum\u0105 su nedidel\u0117mis energijos s\u0105naudomis. ESF sprendimas yra ypa\u010d veiksmingas \u0161ilumos ir elektros biomas\u0117s deginimo katilin\u0117se, nes proceso metu susidariusiose degimo dujose paprastai yra daug kiet\u0173j\u0173 daleli\u0173.[\/vc_column_text][vc_button button_color=&#8221;color-115100&#8243; border_width=&#8221;0&#8243; link=&#8221;url:https%3A%2F%2Fallincontainer.eu%2Flt%2Felektrostatinio-filtro-veikimo-principas%2F|title:Operating%20principle%20of%20an%20electrostatic%20precipitator&#8221; button_color_type=&#8221;uncode-palette&#8221; uncode_shortcode_id=&#8221;208360&#8243; button_color_solid=&#8221;#ff0000&#8243;]ESF > VEIKIMO PRINCIPAS[\/vc_button][\/vc_column][vc_column width=&#8221;1\/2&#8243;][vc_gallery el_id=&#8221;gallery-144079&#8243; medias=&#8221;1558,1560&#8243; gutter_size=&#8221;3&#8243; screen_lg=&#8221;1000&#8243; screen_md=&#8221;600&#8243; screen_sm=&#8221;480&#8243; single_overlay_opacity=&#8221;50&#8243; single_padding=&#8221;2&#8243; uncode_shortcode_id=&#8221;664702&#8243;][\/vc_column][\/vc_row][vc_row][vc_column width=&#8221;1\/1&#8243;][vc_column_text uncode_shortcode_id=&#8221;174314&#8243;]<\/p>\n<h3>MA\u017dINA ORO TAR\u0160\u0104<\/h3>\n<p>Su dideliu i\u0161metam\u0173j\u0173 duj\u0173 valymo efektyvumu, ESP gali pasiekti iki 99% kiet\u0173j\u0173 daleli\u0173 i\u0161valym\u0105. Tod\u0117l \u0161is sprendimas yra labai veiksmingas ma\u017einant oro tar\u0161\u0105, kuri\u0105 sukelia i\u0161metamosios dujos. I\u0161metimo lygis po elektrostatinio filtro da\u017eniausiai siekia vos 10 mg\/m\u00b3. Tai rodo \u0161ios \u012frangos puik\u0173 geb\u0117jim\u0105 efektyviai pa\u0161alinti kiet\u0105sias daleles i\u0161 degimo metu susidariusi\u0173 duj\u0173.<\/p>\n<h3><strong>AUK\u0160TOS EKSPLOATACIJOS TEMPERAT\u016aROS<\/strong><\/h3>\n<p>Dar viena stipri elektrostatinio filtro savyb\u0117 yra jo geb\u0117jimas dirbti esant temperat\u016brai, kuri vir\u0161ija 250\u00b0C. Tai padaro elektrostatinius filtrus idealiu sprendimu energijos ir pramon\u0117s sektoriaus \u012fmon\u0117ms, kurios savo proces\u0173 metu gauna itin kar\u0161tas degimo metu susidariusias dujas. Be to, \u0161i savyb\u0117 leid\u017eia j\u012f naudoti \u012fvairiose srityse, tokiose kaip elektrin\u0117s ar atliek\u0173 deginimo \u012fmon\u0117s, kuriose vyrauja auk\u0161tos temperat\u016bros.<\/p>\n<h3>KOKYB\u0116 IR TOLERANCIJA<\/h3>\n<p>ESP speciali plienin\u0117 konstrukcija toleruoja daugiau nesudegusi\u0173 daleli\u0173, tod\u0117l jis yra idealus dalinio kuro degimui, pvz., atliek\u0173 deginime. \u0160io \u012frenginio patvarus dizainas u\u017etikrina ilgesn\u0119 nei 20 met\u0173 eksploatacij\u0105 be pagrindini\u0173 dali\u0173 keitimo. ESF visi\u0161kai automatizuota veikla yra dar vienas didelis privalumas. Auk\u0161tos \u012ftampos maitinimo \u0161altinis automati\u0161kai valdo elektros lauk\u0105 ESF viduje, kuris vykdo kiet\u0173j\u0173 daleli\u0173 valym\u0105. \u0160i automatizacija i\u0161laiko \u0161io \u012frenginio efektyvum\u0105 be papildomo \u017emogaus \u012fsitraukimo.<\/p>\n<h3>GREITAI IR PAPRASTAI<\/h3>\n<p>Elektrostatinio filtro montavimas da\u017eniausiai nereikalauja dideli\u0173 laiko s\u0105naud\u0173, nes ESF pristatomas \u012f viet\u0105 i\u0161 anksto pagamintomis ir dalinai surinktomis dalimis. \u0160i\u0105 \u012frang\u0105 galima \u012fdiegti naujose ar jau veikian\u010diose katilin\u0117se, u\u017etikrinant minimalias prastovas. Be to, elektrostatinis filtras reikalauja minimalios periodin\u0117s komponent\u0173 prie\u017ei\u016bros, suma\u017eindamas prastovas ir su prie\u017ei\u016bra susijusias i\u0161laidas. Tai daro j\u012f ekonomi\u0161kai naudinga ir efektyvia oro tar\u0161os valdymo priemone pramon\u0117s procesuose. \u0160i \u012franga tinka tiek naujiems, tiek esamiems objektams, nes jis turi ma\u017e\u0105 sl\u0117gio kritim\u0105 palyginti su kitomis i\u0161metimo kontrol\u0117s technologijomis. Tai rei\u0161kia, kad j\u012f galima lengvai integruoti \u012f esamas sistemas su minimaliomis investicijomis, tod\u0117l tai prakti\u0161ka galimyb\u0117 atnaujinti ar modernizuoti j\u016bs\u0173 versl\u0105.[\/vc_column_text][\/vc_column][\/vc_row][vc_row][vc_column width=&#8221;2\/3&#8243;][vc_single_image media=&#8221;1566&#8243; media_width_percent=&#8221;81&#8243; uncode_shortcode_id=&#8221;199198&#8243;][\/vc_column][vc_column width=&#8221;1\/3&#8243;][vc_column_text uncode_shortcode_id=&#8221;192188&#8243;]Pagrindin\u0117s elektrostatinio filtro naudos j\u012f paver\u010dia ekologi\u0161ku ir ekonomi\u0161kai naudingu \u012frenginiu. Jis pasi\u017eymi auk\u0161tu i\u0161metam\u0173j\u0173 duj\u0173 valymo efektyvumu, gal\u0117jimu dirbti esant auk\u0161toms temperat\u016broms ir toleruoja nesudegusias daleles. Be to, jis u\u017etikrina ilg\u0105 eksploatacijos laikotarp\u012f su minimaliomis prie\u017ei\u016bros i\u0161laidomis. Taip pat si\u016blo greit\u0105 ir paprast\u0105 montavim\u0105, veikia visi\u0161kai automatizuotai ir tinka tiek naujiems, tiek jau veikiantiems objektams. \u0160ie i\u0161skirtiniai bruo\u017eai padaro j\u012f puiku pasirinkimu kontroliuojant oro tar\u0161\u0105 \u012fvairiuose pramon\u0117s procesuose. Nedvejodami kreipkit\u0117s \u012f mus d\u0117l pa\u017eangaus ir j\u016bs\u0173 verslui pritaikyto elektrostatinio filtro sprendimo.[\/vc_column_text][vc_button button_color=&#8221;color-115100&#8243; border_width=&#8221;0&#8243; link=&#8221;url:https%3A%2F%2Fallincontainer.eu%2Flt%2Fkontaktai%2F|title:Contact%20us&#8221; button_color_type=&#8221;uncode-palette&#8221; uncode_shortcode_id=&#8221;125248&#8243;]SUSISIEKITE[\/vc_button][\/vc_column][\/vc_row]<\/p>\n<\/div>","protected":false},"excerpt":{"rendered":"<p>[vc_row][vc_column width=&#8221;1\/1&#8243;][vc_custom_heading text_color=&#8221;color-jevc&#8221; heading_semantic=&#8221;h1&#8243; uncode_shortcode_id=&#8221;559293&#8243; text_color_type=&#8221;uncode-palette&#8221;]ELEKTROSTATINIO FILTRO NAUDOS[\/vc_custom_heading][\/vc_column][\/vc_row][vc_row][vc_column width=&#8221;1\/2&#8243;][vc_column_text uncode_shortcode_id=&#8221;164205&#8243;]Elektrostatiniai filtrai (ESF) yra pa\u017eangios technologijos, kurios si\u016blo daug privalum\u0173 kontroliuojant [&hellip;]<\/p>\n","protected":false},"author":1,"featured_media":0,"parent":0,"menu_order":0,"comment_status":"closed","ping_status":"closed","template":"","meta":{"footnotes":""},"class_list":["post-1683","page","type-page","status-publish","hentry"],"yoast_head":"<!-- This site is optimized with the Yoast SEO plugin v27.4 - https:\/\/yoast.com\/product\/yoast-seo-wordpress\/ -->\n<title>Elektrostatinio filtro naudos - AIC<\/title>\n<meta name=\"description\" content=\"Elektrostatinio filtro naudos i\u0161siskiria ekologija ir ekonomi\u0161ku naudingumu. Jis pasi\u017eymi auk\u0161tu i\u0161metam\u0173j\u0173 duj\u0173 valymo efektyvumu.\" \/>\n<meta name=\"robots\" content=\"index, follow, max-snippet:-1, max-image-preview:large, max-video-preview:-1\" \/>\n<link rel=\"canonical\" href=\"https:\/\/allincontainer.eu\/advantages-of-electrostatic-precipitators\/\" \/>\n<meta property=\"og:locale\" content=\"lt_LT\" \/>\n<meta property=\"og:type\" content=\"article\" \/>\n<meta property=\"og:title\" content=\"Elektrostatinio filtro naudos - AIC\" \/>\n<meta property=\"og:description\" content=\"Elektrostatinio filtro naudos i\u0161siskiria ekologija ir ekonomi\u0161ku naudingumu. Jis pasi\u017eymi auk\u0161tu i\u0161metam\u0173j\u0173 duj\u0173 valymo efektyvumu.\" \/>\n<meta property=\"og:url\" content=\"https:\/\/allincontainer.eu\/advantages-of-electrostatic-precipitators\/\" \/>\n<meta property=\"og:site_name\" content=\"AIC\" \/>\n<meta property=\"article:modified_time\" content=\"2024-12-02T06:53:23+00:00\" \/>\n<meta name=\"twitter:card\" content=\"summary_large_image\" \/>\n<meta name=\"twitter:label1\" content=\"Est. reading time\" \/>\n\t<meta name=\"twitter:data1\" content=\"4 minut\u0117s\" \/>\n<script type=\"application\/ld+json\" class=\"yoast-schema-graph\">{\"@context\":\"https:\\\/\\\/schema.org\",\"@graph\":[{\"@type\":\"WebPage\",\"@id\":\"https:\\\/\\\/allincontainer.eu\\\/advantages-of-electrostatic-precipitators\\\/\",\"url\":\"https:\\\/\\\/allincontainer.eu\\\/advantages-of-electrostatic-precipitators\\\/\",\"name\":\"Elektrostatinio filtro naudos - AIC\",\"isPartOf\":{\"@id\":\"https:\\\/\\\/allincontainer.eu\\\/#website\"},\"datePublished\":\"2023-10-05T13:34:22+00:00\",\"dateModified\":\"2024-12-02T06:53:23+00:00\",\"description\":\"Elektrostatinio filtro naudos i\u0161siskiria ekologija ir ekonomi\u0161ku naudingumu. Jis pasi\u017eymi auk\u0161tu i\u0161metam\u0173j\u0173 duj\u0173 valymo efektyvumu.\",\"breadcrumb\":{\"@id\":\"https:\\\/\\\/allincontainer.eu\\\/advantages-of-electrostatic-precipitators\\\/#breadcrumb\"},\"inLanguage\":\"lt-LT\",\"potentialAction\":[{\"@type\":\"ReadAction\",\"target\":[\"https:\\\/\\\/allincontainer.eu\\\/advantages-of-electrostatic-precipitators\\\/\"]}]},{\"@type\":\"BreadcrumbList\",\"@id\":\"https:\\\/\\\/allincontainer.eu\\\/advantages-of-electrostatic-precipitators\\\/#breadcrumb\",\"itemListElement\":[{\"@type\":\"ListItem\",\"position\":1,\"name\":\"Home\",\"item\":\"https:\\\/\\\/allincontainer.eu\\\/lt\\\/\"},{\"@type\":\"ListItem\",\"position\":2,\"name\":\"Elektrostatinio filtro naudos\"}]},{\"@type\":\"WebSite\",\"@id\":\"https:\\\/\\\/allincontainer.eu\\\/#website\",\"url\":\"https:\\\/\\\/allincontainer.eu\\\/\",\"name\":\"AIC\",\"description\":\"Filters and Automation\",\"potentialAction\":[{\"@type\":\"SearchAction\",\"target\":{\"@type\":\"EntryPoint\",\"urlTemplate\":\"https:\\\/\\\/allincontainer.eu\\\/?s={search_term_string}\"},\"query-input\":{\"@type\":\"PropertyValueSpecification\",\"valueRequired\":true,\"valueName\":\"search_term_string\"}}],\"inLanguage\":\"lt-LT\"}]}<\/script>\n<!-- \/ Yoast SEO plugin. -->","yoast_head_json":{"title":"Elektrostatinio filtro naudos - AIC","description":"Elektrostatinio filtro naudos i\u0161siskiria ekologija ir ekonomi\u0161ku naudingumu. Jis pasi\u017eymi auk\u0161tu i\u0161metam\u0173j\u0173 duj\u0173 valymo efektyvumu.","robots":{"index":"index","follow":"follow","max-snippet":"max-snippet:-1","max-image-preview":"max-image-preview:large","max-video-preview":"max-video-preview:-1"},"canonical":"https:\/\/allincontainer.eu\/advantages-of-electrostatic-precipitators\/","og_locale":"lt_LT","og_type":"article","og_title":"Elektrostatinio filtro naudos - AIC","og_description":"Elektrostatinio filtro naudos i\u0161siskiria ekologija ir ekonomi\u0161ku naudingumu. Jis pasi\u017eymi auk\u0161tu i\u0161metam\u0173j\u0173 duj\u0173 valymo efektyvumu.","og_url":"https:\/\/allincontainer.eu\/advantages-of-electrostatic-precipitators\/","og_site_name":"AIC","article_modified_time":"2024-12-02T06:53:23+00:00","twitter_card":"summary_large_image","twitter_misc":{"Est. reading time":"4 minut\u0117s"},"schema":{"@context":"https:\/\/schema.org","@graph":[{"@type":"WebPage","@id":"https:\/\/allincontainer.eu\/advantages-of-electrostatic-precipitators\/","url":"https:\/\/allincontainer.eu\/advantages-of-electrostatic-precipitators\/","name":"Elektrostatinio filtro naudos - AIC","isPartOf":{"@id":"https:\/\/allincontainer.eu\/#website"},"datePublished":"2023-10-05T13:34:22+00:00","dateModified":"2024-12-02T06:53:23+00:00","description":"Elektrostatinio filtro naudos i\u0161siskiria ekologija ir ekonomi\u0161ku naudingumu. Jis pasi\u017eymi auk\u0161tu i\u0161metam\u0173j\u0173 duj\u0173 valymo efektyvumu.","breadcrumb":{"@id":"https:\/\/allincontainer.eu\/advantages-of-electrostatic-precipitators\/#breadcrumb"},"inLanguage":"lt-LT","potentialAction":[{"@type":"ReadAction","target":["https:\/\/allincontainer.eu\/advantages-of-electrostatic-precipitators\/"]}]},{"@type":"BreadcrumbList","@id":"https:\/\/allincontainer.eu\/advantages-of-electrostatic-precipitators\/#breadcrumb","itemListElement":[{"@type":"ListItem","position":1,"name":"Home","item":"https:\/\/allincontainer.eu\/lt\/"},{"@type":"ListItem","position":2,"name":"Elektrostatinio filtro naudos"}]},{"@type":"WebSite","@id":"https:\/\/allincontainer.eu\/#website","url":"https:\/\/allincontainer.eu\/","name":"AIC","description":"Filters and Automation","potentialAction":[{"@type":"SearchAction","target":{"@type":"EntryPoint","urlTemplate":"https:\/\/allincontainer.eu\/?s={search_term_string}"},"query-input":{"@type":"PropertyValueSpecification","valueRequired":true,"valueName":"search_term_string"}}],"inLanguage":"lt-LT"}]}},"_links":{"self":[{"href":"https:\/\/allincontainer.eu\/lt\/wp-json\/wp\/v2\/pages\/1683","targetHints":{"allow":["GET"]}}],"collection":[{"href":"https:\/\/allincontainer.eu\/lt\/wp-json\/wp\/v2\/pages"}],"about":[{"href":"https:\/\/allincontainer.eu\/lt\/wp-json\/wp\/v2\/types\/page"}],"author":[{"embeddable":true,"href":"https:\/\/allincontainer.eu\/lt\/wp-json\/wp\/v2\/users\/1"}],"replies":[{"embeddable":true,"href":"https:\/\/allincontainer.eu\/lt\/wp-json\/wp\/v2\/comments?post=1683"}],"version-history":[{"count":19,"href":"https:\/\/allincontainer.eu\/lt\/wp-json\/wp\/v2\/pages\/1683\/revisions"}],"predecessor-version":[{"id":2146,"href":"https:\/\/allincontainer.eu\/lt\/wp-json\/wp\/v2\/pages\/1683\/revisions\/2146"}],"wp:attachment":[{"href":"https:\/\/allincontainer.eu\/lt\/wp-json\/wp\/v2\/media?parent=1683"}],"curies":[{"name":"wp","href":"https:\/\/api.w.org\/{rel}","templated":true}]}}