{"id":1495,"date":"2022-08-10T08:24:32","date_gmt":"2022-08-10T08:24:32","guid":{"rendered":"https:\/\/allincontainer.eu\/?page_id=1495"},"modified":"2026-05-13T12:20:23","modified_gmt":"2026-05-13T09:20:23","slug":"rankoviniai-filtrai","status":"publish","type":"page","link":"https:\/\/allincontainer.eu\/lt\/rankoviniai-filtrai\/","title":{"rendered":"Rankoviniai filtrai"},"content":{"rendered":"<div class=\"wpb-content-wrapper\"><p>[vc_row][vc_column width=&#8221;1\/1&#8243;][vc_custom_heading text_color=&#8221;color-jevc&#8221; heading_semantic=&#8221;h1&#8243; uncode_shortcode_id=&#8221;199228&#8243; text_color_type=&#8221;uncode-palette&#8221;]KAS YRA RANKOVINIAI FILTRAI?[\/vc_custom_heading][\/vc_column][\/vc_row][vc_row][vc_column width=&#8221;1\/1&#8243;][vc_column_text uncode_shortcode_id=&#8221;909651&#8243;]Rankoviniai filtrai yra efektyvi kiet\u0173j\u0173 daleli\u0173 valymo \u012franga, kontroliuojanti sieros dioksido ir kit\u0173 daleli\u0173 i\u0161metim\u0105 \u012f aplink\u0105. \u0160ia \u012franga pramon\u0117s sektoriuje ir ma\u017eesnio dyd\u017eio deginimo \u012frenginiuose siekiama pa\u0161alinti kiet\u0105sias daleles i\u0161 i\u0161metam\u0173j\u0173 duj\u0173. Rankovini\u0173 filtr\u0173 naudojimas u\u017etikrina 2015\/2193 ES direktyvos \u012fgyvendinim\u0105, kuria siekiama apriboti tam tikr\u0173 ter\u0161al\u0173 i\u0161metim\u0105 \u012f or\u0105 i\u0161 vidutinio kuro deginimo \u012frengini\u0173.<\/p>\n<p>AIC Tech gali tiekti plataus pritaikymo rankovinius filtrus, kurie tinka dirbti su skirtingomis temperat\u016broms, i\u0161metam\u0173j\u0173 duj\u0173 koncentracija ar kitoms individualioms specifikacijoms.[\/vc_column_text][vc_button button_color=&#8221;color-115100&#8243; radius=&#8221;btn-round&#8221; border_width=&#8221;0&#8243; link=&#8221;url:https%3A%2F%2Fallincontainer.eu%2Flt%2Fkontaktai%2F|title:Kontaktai|target:_blank&#8221; button_color_type=&#8221;uncode-palette&#8221; uncode_shortcode_id=&#8221;181453&#8243;]Susisiekime![\/vc_button][\/vc_column][\/vc_row][vc_row][vc_column width=&#8221;1\/2&#8243;][vc_custom_heading text_color=&#8221;color-jevc&#8221; text_size=&#8221;h3&#8243; uncode_shortcode_id=&#8221;976328&#8243; text_color_type=&#8221;uncode-palette&#8221;]RANKOVINI\u0172 FILTR\u0172 VEIKIMO PRINCIPAS[\/vc_custom_heading][vc_column_text uncode_shortcode_id=&#8221;547728&#8243;]M\u016bs\u0173 rankoviniai filtrai yra pagaminti i\u0161 ilgaam\u017eio ir kokybi\u0161ko plieno, pavyzd\u017eiui, antikorozinio arba r\u016bg\u0161tims atsparaus plieno. AIC Tech\u00a0rankovinio filtravimo \u012franga atskiria kiet\u0105sias daleles nuo i\u0161metam\u0173j\u0173 duj\u0173, surinkdama jas \u012f filtravimo terp\u0119. Kietosios dalel\u0117s kaupiasi ant filtravimo terp\u0117s pavir\u0161iaus, kur\u012f veikia atvirk\u0161tinis oro srautas. Filtravimo terp\u0117s rankovinis filtras parenkamas individualiai, atsi\u017evelgiant \u012f paskirt\u012f, kuriai numatomas filtras: nuo auk\u0161tos kokyb\u0117s poliesterio iki pa\u017eangios stiklo pluo\u0161to med\u017eiagos.<\/p>\n<p>I\u0161metamos dujos keliauja \u012f vir\u0161utin\u0119 filtro dal\u012f, \u010dia vyksta i\u0161metam\u0173j\u0173 duj\u0173 stabilizavimo procesas. \u0160i dalis u\u017etikrina vienod\u0105 viso filtro srities panaudojim\u0105. Kietosios dalel\u0117s nuo i\u0161metam\u0173j\u0173 duj\u0173 atsiskiria i\u0161orin\u0117je filtravimo mai\u0161elio srityje. Tada \u0161varios dujos patenka \u012f vidin\u012f mai\u0161el\u012f, kur jos i\u0161leid\u017eiamos u\u017e prietaiso rib\u0173. Atskirtos kietosios dalel\u0117s patenka \u012f apatin\u0119 filtro dal\u012f, kur jos surenkamos ir transportuojamos i\u0161 rankovinio filtro rib\u0173.[\/vc_column_text][\/vc_column][vc_column width=&#8221;1\/2&#8243;][vc_single_image media=&#8221;1526&#8243; media_width_percent=&#8221;95&#8243; alignment=&#8221;center&#8221; uncode_shortcode_id=&#8221;396393&#8243;][\/vc_column][\/vc_row][vc_row][vc_column width=&#8221;1\/2&#8243;][vc_single_image media=&#8221;1354&#8243; media_width_percent=&#8221;85&#8243; media_ratio=&#8221;one-one&#8221; uncode_shortcode_id=&#8221;218311&#8243;][\/vc_column][vc_column width=&#8221;1\/2&#8243;][vc_custom_heading text_color=&#8221;color-jevc&#8221; heading_semantic=&#8221;h3&#8243; text_size=&#8221;h3&#8243; uncode_shortcode_id=&#8221;110962&#8243; text_color_type=&#8221;uncode-palette&#8221;]RANKOVINI\u0172 FILTR\u0172 PRIVALUMAI[\/vc_custom_heading][vc_column_text uncode_shortcode_id=&#8221;172293&#8243;]<strong>&gt; TAUSOJA APLINK\u0104.<\/strong> Rankovini\u0173 filtr\u0173 efektyvumas kiet\u0173j\u0173 daleli\u0173 \u0161alinime siekia iki 99%, o i\u0161metam\u0173j\u0173 ter\u0161al\u0173 kontrol\u0117 &#8211; iki 5 mg\/m2.<\/p>\n<p><strong>&gt; AUK\u0160TA DARBIN\u0116 TEMPERAT\u016aRA<\/strong> siekia iki 250\u00b0C.<\/p>\n<p><strong>&gt; ILGAAM\u017dI\u0160KAS IR LANKSTUS SPRENDIMAS<\/strong>. Mes gaminame filtrus i\u0161 ilgaam\u017ei\u0173 ir kokybi\u0161k\u0173 med\u017eiag\u0173. Taip pat rankovinis filtras yra ma\u017eesnio dyd\u017eio, lyginant su kitomis i\u0161metam\u0173j\u0173 duj\u0173 valymo technologijomis.<\/p>\n<p><strong>&gt; GREITAS IR LENGVAS MONTAVIMAS.<\/strong> Rankoviniai filtrai tiekiami lengvai surenkamais arba net pilnai surinktais komponentais bei montuojami naujose arba esamose katilin\u0117se u\u017etikrinant minimalias prastovas.<\/p>\n<p><strong>&gt; AUTOMATIZUOTAS VEIKIMAS.<\/strong> Maitinimo \u0161altinis automati\u0161kai kontroliuoja rankovinio filtro darbo proces\u0105 ir u\u017etikrina geriausi\u0105 valymo efektyvum\u0105.[\/vc_column_text][\/vc_column][\/vc_row]<\/p>\n<\/div>","protected":false},"excerpt":{"rendered":"<p>[vc_row][vc_column width=&#8221;1\/1&#8243;][vc_custom_heading text_color=&#8221;color-jevc&#8221; heading_semantic=&#8221;h1&#8243; uncode_shortcode_id=&#8221;199228&#8243; text_color_type=&#8221;uncode-palette&#8221;]KAS YRA RANKOVINIAI FILTRAI?[\/vc_custom_heading][\/vc_column][\/vc_row][vc_row][vc_column width=&#8221;1\/1&#8243;][vc_column_text uncode_shortcode_id=&#8221;909651&#8243;]Rankoviniai filtrai yra efektyvi kiet\u0173j\u0173 daleli\u0173 valymo \u012franga, kontroliuojanti sieros [&hellip;]<\/p>\n","protected":false},"author":1,"featured_media":0,"parent":0,"menu_order":0,"comment_status":"closed","ping_status":"closed","template":"","meta":{"footnotes":""},"class_list":["post-1495","page","type-page","status-publish","hentry"],"yoast_head":"<!-- This site is optimized with the Yoast SEO plugin v27.6 - https:\/\/yoast.com\/product\/yoast-seo-wordpress\/ -->\n<title>Rankoviniai filtrai - AIC<\/title>\n<meta name=\"description\" content=\"Rankoviniai filtrai yra efektyvi kiet\u0173j\u0173 daleli\u0173 valymo \u012franga, kontroliuojanti sieros dioksido ir kit\u0173 daleli\u0173 i\u0161metim\u0105 \u012f aplink\u0105...\" \/>\n<meta name=\"robots\" content=\"index, follow, max-snippet:-1, max-image-preview:large, max-video-preview:-1\" \/>\n<link rel=\"canonical\" href=\"https:\/\/allincontainer.eu\/lt\/rankoviniai-filtrai\/\" \/>\n<meta property=\"og:locale\" content=\"lt_LT\" \/>\n<meta property=\"og:type\" content=\"article\" \/>\n<meta property=\"og:title\" content=\"Rankoviniai filtrai - AIC\" \/>\n<meta property=\"og:description\" content=\"Rankoviniai filtrai yra efektyvi kiet\u0173j\u0173 daleli\u0173 valymo \u012franga, kontroliuojanti sieros dioksido ir kit\u0173 daleli\u0173 i\u0161metim\u0105 \u012f aplink\u0105...\" \/>\n<meta property=\"og:url\" content=\"https:\/\/allincontainer.eu\/lt\/rankoviniai-filtrai\/\" \/>\n<meta property=\"og:site_name\" content=\"AIC\" \/>\n<meta property=\"article:modified_time\" content=\"2026-05-13T09:20:23+00:00\" \/>\n<meta name=\"twitter:card\" content=\"summary_large_image\" \/>\n<meta name=\"twitter:label1\" content=\"Est. reading time\" \/>\n\t<meta name=\"twitter:data1\" content=\"3 minut\u0117s\" \/>\n<script type=\"application\/ld+json\" class=\"yoast-schema-graph\">{\"@context\":\"https:\\\/\\\/schema.org\",\"@graph\":[{\"@type\":\"WebPage\",\"@id\":\"https:\\\/\\\/allincontainer.eu\\\/lt\\\/rankoviniai-filtrai\\\/\",\"url\":\"https:\\\/\\\/allincontainer.eu\\\/lt\\\/rankoviniai-filtrai\\\/\",\"name\":\"Rankoviniai filtrai - AIC\",\"isPartOf\":{\"@id\":\"https:\\\/\\\/allincontainer.eu\\\/#website\"},\"datePublished\":\"2022-08-10T08:24:32+00:00\",\"dateModified\":\"2026-05-13T09:20:23+00:00\",\"description\":\"Rankoviniai filtrai yra efektyvi kiet\u0173j\u0173 daleli\u0173 valymo \u012franga, kontroliuojanti sieros dioksido ir kit\u0173 daleli\u0173 i\u0161metim\u0105 \u012f aplink\u0105...\",\"breadcrumb\":{\"@id\":\"https:\\\/\\\/allincontainer.eu\\\/lt\\\/rankoviniai-filtrai\\\/#breadcrumb\"},\"inLanguage\":\"lt-LT\",\"potentialAction\":[{\"@type\":\"ReadAction\",\"target\":[\"https:\\\/\\\/allincontainer.eu\\\/lt\\\/rankoviniai-filtrai\\\/\"]}]},{\"@type\":\"BreadcrumbList\",\"@id\":\"https:\\\/\\\/allincontainer.eu\\\/lt\\\/rankoviniai-filtrai\\\/#breadcrumb\",\"itemListElement\":[{\"@type\":\"ListItem\",\"position\":1,\"name\":\"Home\",\"item\":\"https:\\\/\\\/allincontainer.eu\\\/lt\\\/\"},{\"@type\":\"ListItem\",\"position\":2,\"name\":\"Rankoviniai filtrai\"}]},{\"@type\":\"WebSite\",\"@id\":\"https:\\\/\\\/allincontainer.eu\\\/#website\",\"url\":\"https:\\\/\\\/allincontainer.eu\\\/\",\"name\":\"AIC\",\"description\":\"Filters and Automation\",\"potentialAction\":[{\"@type\":\"SearchAction\",\"target\":{\"@type\":\"EntryPoint\",\"urlTemplate\":\"https:\\\/\\\/allincontainer.eu\\\/?s={search_term_string}\"},\"query-input\":{\"@type\":\"PropertyValueSpecification\",\"valueRequired\":true,\"valueName\":\"search_term_string\"}}],\"inLanguage\":\"lt-LT\"}]}<\/script>\n<!-- \/ Yoast SEO plugin. -->","yoast_head_json":{"title":"Rankoviniai filtrai - AIC","description":"Rankoviniai filtrai yra efektyvi kiet\u0173j\u0173 daleli\u0173 valymo \u012franga, kontroliuojanti sieros dioksido ir kit\u0173 daleli\u0173 i\u0161metim\u0105 \u012f aplink\u0105...","robots":{"index":"index","follow":"follow","max-snippet":"max-snippet:-1","max-image-preview":"max-image-preview:large","max-video-preview":"max-video-preview:-1"},"canonical":"https:\/\/allincontainer.eu\/lt\/rankoviniai-filtrai\/","og_locale":"lt_LT","og_type":"article","og_title":"Rankoviniai filtrai - AIC","og_description":"Rankoviniai filtrai yra efektyvi kiet\u0173j\u0173 daleli\u0173 valymo \u012franga, kontroliuojanti sieros dioksido ir kit\u0173 daleli\u0173 i\u0161metim\u0105 \u012f aplink\u0105...","og_url":"https:\/\/allincontainer.eu\/lt\/rankoviniai-filtrai\/","og_site_name":"AIC","article_modified_time":"2026-05-13T09:20:23+00:00","twitter_card":"summary_large_image","twitter_misc":{"Est. reading time":"3 minut\u0117s"},"schema":{"@context":"https:\/\/schema.org","@graph":[{"@type":"WebPage","@id":"https:\/\/allincontainer.eu\/lt\/rankoviniai-filtrai\/","url":"https:\/\/allincontainer.eu\/lt\/rankoviniai-filtrai\/","name":"Rankoviniai filtrai - AIC","isPartOf":{"@id":"https:\/\/allincontainer.eu\/#website"},"datePublished":"2022-08-10T08:24:32+00:00","dateModified":"2026-05-13T09:20:23+00:00","description":"Rankoviniai filtrai yra efektyvi kiet\u0173j\u0173 daleli\u0173 valymo \u012franga, kontroliuojanti sieros dioksido ir kit\u0173 daleli\u0173 i\u0161metim\u0105 \u012f aplink\u0105...","breadcrumb":{"@id":"https:\/\/allincontainer.eu\/lt\/rankoviniai-filtrai\/#breadcrumb"},"inLanguage":"lt-LT","potentialAction":[{"@type":"ReadAction","target":["https:\/\/allincontainer.eu\/lt\/rankoviniai-filtrai\/"]}]},{"@type":"BreadcrumbList","@id":"https:\/\/allincontainer.eu\/lt\/rankoviniai-filtrai\/#breadcrumb","itemListElement":[{"@type":"ListItem","position":1,"name":"Home","item":"https:\/\/allincontainer.eu\/lt\/"},{"@type":"ListItem","position":2,"name":"Rankoviniai filtrai"}]},{"@type":"WebSite","@id":"https:\/\/allincontainer.eu\/#website","url":"https:\/\/allincontainer.eu\/","name":"AIC","description":"Filters and Automation","potentialAction":[{"@type":"SearchAction","target":{"@type":"EntryPoint","urlTemplate":"https:\/\/allincontainer.eu\/?s={search_term_string}"},"query-input":{"@type":"PropertyValueSpecification","valueRequired":true,"valueName":"search_term_string"}}],"inLanguage":"lt-LT"}]}},"_links":{"self":[{"href":"https:\/\/allincontainer.eu\/lt\/wp-json\/wp\/v2\/pages\/1495","targetHints":{"allow":["GET"]}}],"collection":[{"href":"https:\/\/allincontainer.eu\/lt\/wp-json\/wp\/v2\/pages"}],"about":[{"href":"https:\/\/allincontainer.eu\/lt\/wp-json\/wp\/v2\/types\/page"}],"author":[{"embeddable":true,"href":"https:\/\/allincontainer.eu\/lt\/wp-json\/wp\/v2\/users\/1"}],"replies":[{"embeddable":true,"href":"https:\/\/allincontainer.eu\/lt\/wp-json\/wp\/v2\/comments?post=1495"}],"version-history":[{"count":13,"href":"https:\/\/allincontainer.eu\/lt\/wp-json\/wp\/v2\/pages\/1495\/revisions"}],"predecessor-version":[{"id":2515,"href":"https:\/\/allincontainer.eu\/lt\/wp-json\/wp\/v2\/pages\/1495\/revisions\/2515"}],"wp:attachment":[{"href":"https:\/\/allincontainer.eu\/lt\/wp-json\/wp\/v2\/media?parent=1495"}],"curies":[{"name":"wp","href":"https:\/\/api.w.org\/{rel}","templated":true}]}}