{"id":2303,"date":"2022-06-30T13:56:11","date_gmt":"2022-06-30T13:56:11","guid":{"rendered":"https:\/\/allincontainer.eu\/bag-filters\/"},"modified":"2025-09-04T15:37:23","modified_gmt":"2025-09-04T12:37:23","slug":"gewebefilter","status":"publish","type":"page","link":"https:\/\/allincontainer.eu\/de\/gewebefilter\/","title":{"rendered":"GEWEBEFILTER"},"content":{"rendered":"<div class=\"wpb-content-wrapper\"><p>[vc_row][vc_column width=&#8220;1\/1&#8243;][vc_custom_heading text_color=&#8220;color-jevc&#8220; heading_semantic=&#8220;h1&#8243; uncode_shortcode_id=&#8220;203339&#8243; text_color_type=&#8220;uncode-palette&#8220;]WAS SIND GEWEBEFILTER?[\/vc_custom_heading][\/vc_column][\/vc_row][vc_row][vc_column width=&#8220;1\/1&#8243;][vc_column_text uncode_shortcode_id=&#8220;178311&#8243;]Gewebefilter sind wirksame Partikelreinigungsanlagen, die den Aussto\u00df von Schwefeldioxid und anderen Partikeln in die Umwelt kontrollieren. Diese Anlagen werden im Industriesektor und in kleineren Verbrennungsanlagen eingesetzt, um Partikel aus Abgasen zu entfernen. Der Einsatz von Gewebefiltern gew\u00e4hrleistet die Umsetzung der EU-Richtlinie 2015\/2193, die darauf abzielt, den Aussto\u00df bestimmter Schadstoffe in die Luft aus mittelgro\u00dfen Verbrennungsanlagen zu begrenzen. &#8222;All In Container&#8220; kann eine breite Palette von Gewebefiltern liefern, die f\u00fcr den Betrieb mit unterschiedlichen Temperaturen, Abgaskonzentrationen oder anderen individuellen Spezifikationen geeignet sind.[\/vc_column_text][vc_button button_color=&#8220;color-115100&#8243; size=&#8220;btn-lg&#8220; radius=&#8220;btn-square&#8220; border_width=&#8220;0&#8243; link=&#8220;url:https%3A%2F%2Fallincontainer.eu%2Fde%2Fkontaktieren-sie-uns%2F|title:KONTAKTIEREN%20SIE%20UNS&#8220; button_color_type=&#8220;uncode-palette&#8220; uncode_shortcode_id=&#8220;158247&#8243;]KONTAKTIEREN SIE UNS[\/vc_button][\/vc_column][\/vc_row][vc_row][vc_column width=&#8220;1\/2&#8243;][vc_custom_heading text_color=&#8220;color-jevc&#8220; heading_semantic=&#8220;h3&#8243; text_size=&#8220;h3&#8243; uncode_shortcode_id=&#8220;510494&#8243; text_color_type=&#8220;uncode-palette&#8220;]FUNKTIONSPRINZIP VON GEWEBEFILTER[\/vc_custom_heading][vc_column_text uncode_shortcode_id=&#8220;144260&#8243;]Unsere Gewebefilter bestehen aus langlebigem und hochwertigem Stahl, beispielsweise korrosionsbest\u00e4ndigem oder s\u00e4urebest\u00e4ndigem Stahl. Die Gewebefilteranlage von &#8222;All In Container&#8220; trennt feste Partikel aus Abgasen, indem sie diese an dem Filtermedium sammelt. Feste Partikel sammeln sich auf der Oberfl\u00e4che des Filtermediums, die durch den R\u00fcckluftstrom beeinflusst wird. Der Gewebefilter wird individuell unter Ber\u00fccksichtigung des Verwendungszwecks des Filters ausgew\u00e4hlt: von hochwertigem Polyester bis hin zu modernem Glasfasermaterial. Die Abgase gelangen in den oberen Teil des Filters, wo der Abgasstabilisierungsprozess stattfindet. Dieser Teil gew\u00e4hrleistet eine gleichm\u00e4\u00dfige Ausnutzung der gesamten Filterfl\u00e4che. Feste Partikel werden im \u00e4u\u00dferen Bereich des Filterbeutels von den Abgasen getrennt. Das saubere Gas gelangt dann in den inneren Beutel, wo es au\u00dferhalb der Anlage abgef\u00fchrt wird. Die abgetrennten festen Partikel gelangen in den unteren Teil des Filters, wo sie gesammelt und vom Gewebefilter abtransportiert werden.[\/vc_column_text][\/vc_column][vc_column width=&#8220;1\/2&#8243;][vc_single_image media=&#8220;1525&#8243; media_width_percent=&#8220;79&#8243; uncode_shortcode_id=&#8220;196993&#8243;][\/vc_column][\/vc_row][vc_row][vc_column width=&#8220;1\/2&#8243;][vc_single_image media=&#8220;1353&#8243; media_width_percent=&#8220;80&#8243; alignment=&#8220;center&#8220; uncode_shortcode_id=&#8220;249853&#8243;][\/vc_column][vc_column width=&#8220;1\/2&#8243;][vc_custom_heading text_color=&#8220;color-jevc&#8220; heading_semantic=&#8220;h3&#8243; text_size=&#8220;h3&#8243; uncode_shortcode_id=&#8220;958973&#8243; text_color_type=&#8220;uncode-palette&#8220;]VORTEILE VON GEWEBEFILTERN[\/vc_custom_heading][vc_column_text uncode_shortcode_id=&#8220;207868&#8243;]<\/p>\n<table style=\"height: 565px;\" width=\"515\">\n<tbody>\n<tr>\n<td width=\"267\">&gt; UMWELTFREUNDLICH. Gewebefilter haben eine Effizienz von bis zu 99 % bei der Entfernung von Partikeln und die Emissionskontrolle liegt bei bis zu 5 mg\/m2.<\/td>\n<\/tr>\n<tr>\n<td width=\"267\">&gt; HOHE ARBEITSTEMPERATUR erreicht bis 250 \u00b0C.<\/td>\n<\/tr>\n<tr>\n<td width=\"267\">&gt; LANGLEBIGE UND FLEXIBLE L\u00d6SUNG. Wir fertigen Filter aus langlebigen und hochwertigen Materialien. Au\u00dferdem ist der Gewebefilter im Vergleich zu anderen Abgasreinigungstechnologien kleiner.<\/td>\n<\/tr>\n<tr>\n<td width=\"267\">&gt; SCHNELLE UND EINFACHE INSTALLATION. Gewebefilter werden in leicht montierbaren oder sogar komplett montierten Komponenten geliefert und in neuen oder vorhandenen Heizr\u00e4umen installiert, wodurch minimale Ausfallzeiten gew\u00e4hrleistet werden.<\/td>\n<\/tr>\n<tr>\n<td width=\"267\">&gt; AUTOMATISIERTER VORGANG. Die Stromversorgung steuert den Arbeitsvorgang des Hosenlfilters automatisch und sorgt f\u00fcr optimale Reinigungseffizienz.<\/td>\n<\/tr>\n<\/tbody>\n<\/table>\n<p>[\/vc_column_text][\/vc_column][\/vc_row]<\/p>\n<\/div>","protected":false},"excerpt":{"rendered":"<p>[vc_row][vc_column width=&#8220;1\/1&#8243;][vc_custom_heading text_color=&#8220;color-jevc&#8220; heading_semantic=&#8220;h1&#8243; uncode_shortcode_id=&#8220;203339&#8243; text_color_type=&#8220;uncode-palette&#8220;]WAS SIND GEWEBEFILTER?[\/vc_custom_heading][\/vc_column][\/vc_row][vc_row][vc_column width=&#8220;1\/1&#8243;][vc_column_text uncode_shortcode_id=&#8220;178311&#8243;]Gewebefilter sind wirksame Partikelreinigungsanlagen, die den Aussto\u00df von Schwefeldioxid und anderen [&hellip;]<\/p>\n","protected":false},"author":1,"featured_media":0,"parent":0,"menu_order":0,"comment_status":"closed","ping_status":"closed","template":"","meta":{"footnotes":""},"class_list":["post-2303","page","type-page","status-publish","hentry"],"yoast_head":"<!-- This site is optimized with the Yoast SEO plugin v27.5 - https:\/\/yoast.com\/product\/yoast-seo-wordpress\/ -->\n<title>GEWEBEFILTER- UMWELTFREUNDLICH - All In Container<\/title>\n<meta name=\"description\" content=\"Gewebefilter sind wirksame Partikelreinigungsanlagen, die den Aussto\u00df von Schwefeldioxid und anderen Partikeln in die Umwelt kontrollieren...\" \/>\n<meta name=\"robots\" content=\"index, follow, max-snippet:-1, max-image-preview:large, max-video-preview:-1\" \/>\n<link rel=\"canonical\" href=\"https:\/\/allincontainer.eu\/de\/gewebefilter\/\" \/>\n<meta property=\"og:locale\" content=\"de_DE\" \/>\n<meta property=\"og:type\" content=\"article\" \/>\n<meta property=\"og:title\" content=\"GEWEBEFILTER- UMWELTFREUNDLICH - All In Container\" \/>\n<meta property=\"og:description\" content=\"Gewebefilter sind wirksame Partikelreinigungsanlagen, die den Aussto\u00df von Schwefeldioxid und anderen Partikeln in die Umwelt kontrollieren...\" \/>\n<meta property=\"og:url\" content=\"https:\/\/allincontainer.eu\/de\/gewebefilter\/\" \/>\n<meta property=\"og:site_name\" content=\"AIC\" \/>\n<meta property=\"article:modified_time\" content=\"2025-09-04T12:37:23+00:00\" \/>\n<meta name=\"twitter:card\" content=\"summary_large_image\" \/>\n<meta name=\"twitter:label1\" content=\"Gesch\u00e4tzte Lesezeit\" \/>\n\t<meta name=\"twitter:data1\" content=\"3\u00a0Minuten\" \/>\n<script type=\"application\/ld+json\" class=\"yoast-schema-graph\">{\"@context\":\"https:\\\/\\\/schema.org\",\"@graph\":[{\"@type\":\"WebPage\",\"@id\":\"https:\\\/\\\/allincontainer.eu\\\/de\\\/gewebefilter\\\/\",\"url\":\"https:\\\/\\\/allincontainer.eu\\\/de\\\/gewebefilter\\\/\",\"name\":\"GEWEBEFILTER- UMWELTFREUNDLICH - All In Container\",\"isPartOf\":{\"@id\":\"https:\\\/\\\/allincontainer.eu\\\/#website\"},\"datePublished\":\"2022-06-30T13:56:11+00:00\",\"dateModified\":\"2025-09-04T12:37:23+00:00\",\"description\":\"Gewebefilter sind wirksame Partikelreinigungsanlagen, die den Aussto\u00df von Schwefeldioxid und anderen Partikeln in die Umwelt kontrollieren...\",\"breadcrumb\":{\"@id\":\"https:\\\/\\\/allincontainer.eu\\\/de\\\/gewebefilter\\\/#breadcrumb\"},\"inLanguage\":\"de\",\"potentialAction\":[{\"@type\":\"ReadAction\",\"target\":[\"https:\\\/\\\/allincontainer.eu\\\/de\\\/gewebefilter\\\/\"]}]},{\"@type\":\"BreadcrumbList\",\"@id\":\"https:\\\/\\\/allincontainer.eu\\\/de\\\/gewebefilter\\\/#breadcrumb\",\"itemListElement\":[{\"@type\":\"ListItem\",\"position\":1,\"name\":\"Home\",\"item\":\"https:\\\/\\\/allincontainer.eu\\\/de\\\/\"},{\"@type\":\"ListItem\",\"position\":2,\"name\":\"GEWEBEFILTER\"}]},{\"@type\":\"WebSite\",\"@id\":\"https:\\\/\\\/allincontainer.eu\\\/#website\",\"url\":\"https:\\\/\\\/allincontainer.eu\\\/\",\"name\":\"AIC\",\"description\":\"Filters and Automation\",\"potentialAction\":[{\"@type\":\"SearchAction\",\"target\":{\"@type\":\"EntryPoint\",\"urlTemplate\":\"https:\\\/\\\/allincontainer.eu\\\/?s={search_term_string}\"},\"query-input\":{\"@type\":\"PropertyValueSpecification\",\"valueRequired\":true,\"valueName\":\"search_term_string\"}}],\"inLanguage\":\"de\"}]}<\/script>\n<!-- \/ Yoast SEO plugin. -->","yoast_head_json":{"title":"GEWEBEFILTER- UMWELTFREUNDLICH - All In Container","description":"Gewebefilter sind wirksame Partikelreinigungsanlagen, die den Aussto\u00df von Schwefeldioxid und anderen Partikeln in die Umwelt kontrollieren...","robots":{"index":"index","follow":"follow","max-snippet":"max-snippet:-1","max-image-preview":"max-image-preview:large","max-video-preview":"max-video-preview:-1"},"canonical":"https:\/\/allincontainer.eu\/de\/gewebefilter\/","og_locale":"de_DE","og_type":"article","og_title":"GEWEBEFILTER- UMWELTFREUNDLICH - All In Container","og_description":"Gewebefilter sind wirksame Partikelreinigungsanlagen, die den Aussto\u00df von Schwefeldioxid und anderen Partikeln in die Umwelt kontrollieren...","og_url":"https:\/\/allincontainer.eu\/de\/gewebefilter\/","og_site_name":"AIC","article_modified_time":"2025-09-04T12:37:23+00:00","twitter_card":"summary_large_image","twitter_misc":{"Gesch\u00e4tzte Lesezeit":"3\u00a0Minuten"},"schema":{"@context":"https:\/\/schema.org","@graph":[{"@type":"WebPage","@id":"https:\/\/allincontainer.eu\/de\/gewebefilter\/","url":"https:\/\/allincontainer.eu\/de\/gewebefilter\/","name":"GEWEBEFILTER- UMWELTFREUNDLICH - All In Container","isPartOf":{"@id":"https:\/\/allincontainer.eu\/#website"},"datePublished":"2022-06-30T13:56:11+00:00","dateModified":"2025-09-04T12:37:23+00:00","description":"Gewebefilter sind wirksame Partikelreinigungsanlagen, die den Aussto\u00df von Schwefeldioxid und anderen Partikeln in die Umwelt kontrollieren...","breadcrumb":{"@id":"https:\/\/allincontainer.eu\/de\/gewebefilter\/#breadcrumb"},"inLanguage":"de","potentialAction":[{"@type":"ReadAction","target":["https:\/\/allincontainer.eu\/de\/gewebefilter\/"]}]},{"@type":"BreadcrumbList","@id":"https:\/\/allincontainer.eu\/de\/gewebefilter\/#breadcrumb","itemListElement":[{"@type":"ListItem","position":1,"name":"Home","item":"https:\/\/allincontainer.eu\/de\/"},{"@type":"ListItem","position":2,"name":"GEWEBEFILTER"}]},{"@type":"WebSite","@id":"https:\/\/allincontainer.eu\/#website","url":"https:\/\/allincontainer.eu\/","name":"AIC","description":"Filters and Automation","potentialAction":[{"@type":"SearchAction","target":{"@type":"EntryPoint","urlTemplate":"https:\/\/allincontainer.eu\/?s={search_term_string}"},"query-input":{"@type":"PropertyValueSpecification","valueRequired":true,"valueName":"search_term_string"}}],"inLanguage":"de"}]}},"_links":{"self":[{"href":"https:\/\/allincontainer.eu\/de\/wp-json\/wp\/v2\/pages\/2303","targetHints":{"allow":["GET"]}}],"collection":[{"href":"https:\/\/allincontainer.eu\/de\/wp-json\/wp\/v2\/pages"}],"about":[{"href":"https:\/\/allincontainer.eu\/de\/wp-json\/wp\/v2\/types\/page"}],"author":[{"embeddable":true,"href":"https:\/\/allincontainer.eu\/de\/wp-json\/wp\/v2\/users\/1"}],"replies":[{"embeddable":true,"href":"https:\/\/allincontainer.eu\/de\/wp-json\/wp\/v2\/comments?post=2303"}],"version-history":[{"count":4,"href":"https:\/\/allincontainer.eu\/de\/wp-json\/wp\/v2\/pages\/2303\/revisions"}],"predecessor-version":[{"id":2377,"href":"https:\/\/allincontainer.eu\/de\/wp-json\/wp\/v2\/pages\/2303\/revisions\/2377"}],"wp:attachment":[{"href":"https:\/\/allincontainer.eu\/de\/wp-json\/wp\/v2\/media?parent=2303"}],"curies":[{"name":"wp","href":"https:\/\/api.w.org\/{rel}","templated":true}]}}