{"id":2298,"date":"2023-09-05T13:12:05","date_gmt":"2023-09-05T13:12:05","guid":{"rendered":"https:\/\/allincontainer.eu\/partner-for-plc-integration\/"},"modified":"2026-05-13T11:55:21","modified_gmt":"2026-05-13T08:55:21","slug":"partner-fuer-die-sps-integration","status":"publish","type":"page","link":"https:\/\/allincontainer.eu\/de\/partner-fuer-die-sps-integration\/","title":{"rendered":"WARUM SOLLTE MANN UNS F\u00dcR DIE SPS-INTEGRATION W\u00c4HLEN?"},"content":{"rendered":"<div class=\"wpb-content-wrapper\"><p>[vc_row][vc_column width=&#8220;1\/1&#8243;][vc_custom_heading text_color=&#8220;color-jevc&#8220; heading_semantic=&#8220;h1&#8243; uncode_shortcode_id=&#8220;137851&#8243; text_color_type=&#8220;uncode-palette&#8220;]WARUM SOLLTE MANN UNS F\u00dcR DIE SPS-INTEGRATION W\u00c4HLEN?[\/vc_custom_heading][\/vc_column][\/vc_row][vc_row][vc_column width=&#8220;1\/2&#8243;][vc_column_text uncode_shortcode_id=&#8220;184666&#8243;]Das &#8222;AIC Tech&#8220; Team ist spezialisiert auf SPS-Programml\u00f6sungen f\u00fcr Biomasseenergie, L\u00f6sungen zur Emissionsreduzierung, Produktionssteuerung f\u00fcr Lebensmittel und Tierfutter sowie SCADA\/HMI-Systeme. Mit \u00fcber 25 Jahren Erfahrung bieten wir unseren Kunden zahlreiche Vorteile und sind damit der perfekte Partner f\u00fcr die SPS-Integration. &#8222;AIC Tech&#8220; versteht die Komplexit\u00e4t der Projekte in verschiedenen Branchen und bietet Ihnen kompetente Beratung, unabh\u00e4ngig von der Komplexit\u00e4t Ihrer Gesch\u00e4ftsanforderungen. Unsere Erfahrung stellt sicher, dass Ihre Gesch\u00e4ftsanforderungen auf h\u00f6chstem Niveau erf\u00fcllt werden.[\/vc_column_text][vc_button button_color=&#8220;color-115100&#8243; border_width=&#8220;0&#8243; button_color_type=&#8220;uncode-palette&#8220; uncode_shortcode_id=&#8220;173827&#8243; link=&#8220;url:https%3A%2F%2Fallincontainer.eu%2Fde%2Fkontaktieren-sie-uns%2F|title:Why%20choose%20us%20as%20partner%20for%20PLC%20integration%3F&#8220;]KONTAKTIEREN SIE UNS[\/vc_button][\/vc_column][vc_column width=&#8220;1\/2&#8243;][vc_single_image media=&#8220;2299&#8243; media_width_percent=&#8220;100&#8243; uncode_shortcode_id=&#8220;132651&#8243;][\/vc_column][\/vc_row][vc_row][vc_column width=&#8220;1\/1&#8243;][vc_column_text uncode_shortcode_id=&#8220;193506&#8243;]Die Zusammenarbeit mit unserem Unternehmen bietet viele Vorteile. Wir sind Experten f\u00fcr Projekte zur Prozesssteuerung in der Lebensmittel- und Futtermittelproduktion. Dank unseres umfassenden Prozesswissens entwickeln wir kompetent angepasste L\u00f6sungen f\u00fcr Unternehmen der Agrar- und Lebensmittelindustrie. Diese L\u00f6sungen zielen darauf ab, die Effizienz zu steigern, Kosten zu senken und strenge Qualit\u00e4tskontrollstandards einzuhalten. Dar\u00fcber hinaus umfasst unser Know-how auch SCADA-Systeme (Supervisory Control and Data Acquisition).<\/p>\n<p>Wir verf\u00fcgen \u00fcber umfassende Kenntnisse dieser Systeme und k\u00f6nnen Kunden beraten, wenn es um optimale Prozesseffizienz, reduzierte Produktionsausfallzeiten und eine konsistente Qualit\u00e4tskontrolle geht. Wir bieten au\u00dferdem Serviceleistungen sowohl vor Ort als auch per Fernzugriff an. So k\u00f6nnen Kunden unabh\u00e4ngig von ihrem Standort sofort und direkt von uns unterst\u00fctzt werden. Unsere Remote-Support-Services sind eine hervorragende M\u00f6glichkeit, Probleme zu l\u00f6sen und die Auswirkungen von Produktionsproblemen zu minimieren.<\/p>\n<p>Unsere 25-j\u00e4hrige Erfahrung, kombiniert mit einem jungen und innovativen Team, gew\u00e4hrleistet die Innovationskraft und Zuverl\u00e4ssigkeit unserer Produkte. Unsere Ingenieure und Programmierer sind st\u00e4ndig an der Erprobung sowie Anwendung neuester Technologien interessiert, damit unsere L\u00f6sungen stets effektiv sind und den aktuellen Branchentrends entsprechen.[\/vc_column_text][\/vc_column][\/vc_row][vc_row][vc_column width=&#8220;1\/2&#8243;][vc_single_image media=&#8220;2291&#8243; media_width_percent=&#8220;100&#8243; uncode_shortcode_id=&#8220;146477&#8243;][\/vc_column][vc_column width=&#8220;1\/2&#8243;][vc_column_text uncode_shortcode_id=&#8220;101842&#8243;]Zusammenfassend bietet &#8222;AIC Tech&#8220; seinen Kunden zahlreiche Vorteile und ist ein hervorragender Partner f\u00fcr die SPS-Integration. Dazu geh\u00f6rt Expertise in Biomasse-Energieprojekten, BOP und Rauchgasreinigung. Dar\u00fcber hinaus sind wir Experten in der Lebensmittel- und Futtermittelproduktionssteuerung, in SCADA-Systemen und bieten sowohl Vor-Ort- als auch Remote-Support. Unsere 25-j\u00e4hrige Erfahrung, kombiniert mit einem innovativen Team, steigert den Wert unserer Angebote zus\u00e4tzlich. Wenn Sie einen zuverl\u00e4ssigen Partner f\u00fcr die hochwertige Steuerung Ihrer industriellen Prozesse suchen, ist unser Team die perfekte Wahl f\u00fcr Sie.[\/vc_column_text][vc_button button_color=&#8220;color-115100&#8243; border_width=&#8220;0&#8243; button_color_type=&#8220;uncode-palette&#8220; uncode_shortcode_id=&#8220;496764&#8243; link=&#8220;url:https%3A%2F%2Fallincontainer.eu%2Fde%2Fabgeschlossene-projekte%2F|title:References|&#8220;]SPS &gt; ABGESCHLOSSENE PROJEKTE[\/vc_button][vc_button button_color=&#8220;color-115100&#8243; border_width=&#8220;0&#8243; link=&#8220;url:https%3A%2F%2Fallincontainer.eu%2Fde%2Fvorteile-von-speicherprogrammierbarer-steuerungen%2F|title:Advantages%20of%20Electrostatic%20Precipitators|&#8220; button_color_type=&#8220;uncode-palette&#8220; uncode_shortcode_id=&#8220;923166&#8243;]SPS &gt; VORTEILE[\/vc_button][\/vc_column][\/vc_row]<\/p>\n<\/div>","protected":false},"excerpt":{"rendered":"<p>[vc_row][vc_column width=&#8220;1\/1&#8243;][vc_custom_heading text_color=&#8220;color-jevc&#8220; heading_semantic=&#8220;h1&#8243; uncode_shortcode_id=&#8220;137851&#8243; text_color_type=&#8220;uncode-palette&#8220;]WARUM SOLLTE MANN UNS F\u00dcR DIE SPS-INTEGRATION W\u00c4HLEN?[\/vc_custom_heading][\/vc_column][\/vc_row][vc_row][vc_column width=&#8220;1\/2&#8243;][vc_column_text uncode_shortcode_id=&#8220;184666&#8243;]Das &#8222;AIC Tech&#8220; Team ist spezialisiert [&hellip;]<\/p>\n","protected":false},"author":1,"featured_media":0,"parent":0,"menu_order":0,"comment_status":"closed","ping_status":"closed","template":"","meta":{"footnotes":""},"class_list":["post-2298","page","type-page","status-publish","hentry"],"yoast_head":"<!-- This site is optimized with the Yoast SEO plugin v27.6 - https:\/\/yoast.com\/product\/yoast-seo-wordpress\/ -->\n<title>Partner f\u00fcr die SPS-Integration - AIC<\/title>\n<meta name=\"description\" content=\"Partner f\u00fcr die SPS-Integration \u2013 AIC Tech mit mehr als 25 Jahren Erfahrung, kombiniert mit einem jungen und innovativen...\" \/>\n<meta name=\"robots\" content=\"index, follow, max-snippet:-1, max-image-preview:large, max-video-preview:-1\" \/>\n<link rel=\"canonical\" href=\"https:\/\/allincontainer.eu\/de\/partner-fuer-die-sps-integration\/\" \/>\n<meta property=\"og:locale\" content=\"de_DE\" \/>\n<meta property=\"og:type\" content=\"article\" \/>\n<meta property=\"og:title\" content=\"Partner f\u00fcr die SPS-Integration - AIC\" \/>\n<meta property=\"og:description\" content=\"Partner f\u00fcr die SPS-Integration \u2013 AIC Tech mit mehr als 25 Jahren Erfahrung, kombiniert mit einem jungen und innovativen...\" \/>\n<meta property=\"og:url\" content=\"https:\/\/allincontainer.eu\/de\/partner-fuer-die-sps-integration\/\" \/>\n<meta property=\"og:site_name\" content=\"AIC\" \/>\n<meta property=\"article:modified_time\" content=\"2026-05-13T08:55:21+00:00\" \/>\n<meta name=\"twitter:card\" content=\"summary_large_image\" \/>\n<meta name=\"twitter:label1\" content=\"Gesch\u00e4tzte Lesezeit\" \/>\n\t<meta name=\"twitter:data1\" content=\"3\u00a0Minuten\" \/>\n<script type=\"application\/ld+json\" class=\"yoast-schema-graph\">{\"@context\":\"https:\\\/\\\/schema.org\",\"@graph\":[{\"@type\":\"WebPage\",\"@id\":\"https:\\\/\\\/allincontainer.eu\\\/de\\\/partner-fuer-die-sps-integration\\\/\",\"url\":\"https:\\\/\\\/allincontainer.eu\\\/de\\\/partner-fuer-die-sps-integration\\\/\",\"name\":\"Partner f\u00fcr die SPS-Integration - AIC\",\"isPartOf\":{\"@id\":\"https:\\\/\\\/allincontainer.eu\\\/#website\"},\"datePublished\":\"2023-09-05T13:12:05+00:00\",\"dateModified\":\"2026-05-13T08:55:21+00:00\",\"description\":\"Partner f\u00fcr die SPS-Integration \u2013 AIC Tech mit mehr als 25 Jahren Erfahrung, kombiniert mit einem jungen und innovativen...\",\"breadcrumb\":{\"@id\":\"https:\\\/\\\/allincontainer.eu\\\/de\\\/partner-fuer-die-sps-integration\\\/#breadcrumb\"},\"inLanguage\":\"de\",\"potentialAction\":[{\"@type\":\"ReadAction\",\"target\":[\"https:\\\/\\\/allincontainer.eu\\\/de\\\/partner-fuer-die-sps-integration\\\/\"]}]},{\"@type\":\"BreadcrumbList\",\"@id\":\"https:\\\/\\\/allincontainer.eu\\\/de\\\/partner-fuer-die-sps-integration\\\/#breadcrumb\",\"itemListElement\":[{\"@type\":\"ListItem\",\"position\":1,\"name\":\"Home\",\"item\":\"https:\\\/\\\/allincontainer.eu\\\/de\\\/\"},{\"@type\":\"ListItem\",\"position\":2,\"name\":\"WARUM SOLLTE MANN UNS F\u00dcR DIE SPS-INTEGRATION W\u00c4HLEN?\"}]},{\"@type\":\"WebSite\",\"@id\":\"https:\\\/\\\/allincontainer.eu\\\/#website\",\"url\":\"https:\\\/\\\/allincontainer.eu\\\/\",\"name\":\"AIC\",\"description\":\"Filters and Automation\",\"potentialAction\":[{\"@type\":\"SearchAction\",\"target\":{\"@type\":\"EntryPoint\",\"urlTemplate\":\"https:\\\/\\\/allincontainer.eu\\\/?s={search_term_string}\"},\"query-input\":{\"@type\":\"PropertyValueSpecification\",\"valueRequired\":true,\"valueName\":\"search_term_string\"}}],\"inLanguage\":\"de\"}]}<\/script>\n<!-- \/ Yoast SEO plugin. -->","yoast_head_json":{"title":"Partner f\u00fcr die SPS-Integration - AIC","description":"Partner f\u00fcr die SPS-Integration \u2013 AIC Tech mit mehr als 25 Jahren Erfahrung, kombiniert mit einem jungen und innovativen...","robots":{"index":"index","follow":"follow","max-snippet":"max-snippet:-1","max-image-preview":"max-image-preview:large","max-video-preview":"max-video-preview:-1"},"canonical":"https:\/\/allincontainer.eu\/de\/partner-fuer-die-sps-integration\/","og_locale":"de_DE","og_type":"article","og_title":"Partner f\u00fcr die SPS-Integration - AIC","og_description":"Partner f\u00fcr die SPS-Integration \u2013 AIC Tech mit mehr als 25 Jahren Erfahrung, kombiniert mit einem jungen und innovativen...","og_url":"https:\/\/allincontainer.eu\/de\/partner-fuer-die-sps-integration\/","og_site_name":"AIC","article_modified_time":"2026-05-13T08:55:21+00:00","twitter_card":"summary_large_image","twitter_misc":{"Gesch\u00e4tzte Lesezeit":"3\u00a0Minuten"},"schema":{"@context":"https:\/\/schema.org","@graph":[{"@type":"WebPage","@id":"https:\/\/allincontainer.eu\/de\/partner-fuer-die-sps-integration\/","url":"https:\/\/allincontainer.eu\/de\/partner-fuer-die-sps-integration\/","name":"Partner f\u00fcr die SPS-Integration - AIC","isPartOf":{"@id":"https:\/\/allincontainer.eu\/#website"},"datePublished":"2023-09-05T13:12:05+00:00","dateModified":"2026-05-13T08:55:21+00:00","description":"Partner f\u00fcr die SPS-Integration \u2013 AIC Tech mit mehr als 25 Jahren Erfahrung, kombiniert mit einem jungen und innovativen...","breadcrumb":{"@id":"https:\/\/allincontainer.eu\/de\/partner-fuer-die-sps-integration\/#breadcrumb"},"inLanguage":"de","potentialAction":[{"@type":"ReadAction","target":["https:\/\/allincontainer.eu\/de\/partner-fuer-die-sps-integration\/"]}]},{"@type":"BreadcrumbList","@id":"https:\/\/allincontainer.eu\/de\/partner-fuer-die-sps-integration\/#breadcrumb","itemListElement":[{"@type":"ListItem","position":1,"name":"Home","item":"https:\/\/allincontainer.eu\/de\/"},{"@type":"ListItem","position":2,"name":"WARUM SOLLTE MANN UNS F\u00dcR DIE SPS-INTEGRATION W\u00c4HLEN?"}]},{"@type":"WebSite","@id":"https:\/\/allincontainer.eu\/#website","url":"https:\/\/allincontainer.eu\/","name":"AIC","description":"Filters and Automation","potentialAction":[{"@type":"SearchAction","target":{"@type":"EntryPoint","urlTemplate":"https:\/\/allincontainer.eu\/?s={search_term_string}"},"query-input":{"@type":"PropertyValueSpecification","valueRequired":true,"valueName":"search_term_string"}}],"inLanguage":"de"}]}},"_links":{"self":[{"href":"https:\/\/allincontainer.eu\/de\/wp-json\/wp\/v2\/pages\/2298","targetHints":{"allow":["GET"]}}],"collection":[{"href":"https:\/\/allincontainer.eu\/de\/wp-json\/wp\/v2\/pages"}],"about":[{"href":"https:\/\/allincontainer.eu\/de\/wp-json\/wp\/v2\/types\/page"}],"author":[{"embeddable":true,"href":"https:\/\/allincontainer.eu\/de\/wp-json\/wp\/v2\/users\/1"}],"replies":[{"embeddable":true,"href":"https:\/\/allincontainer.eu\/de\/wp-json\/wp\/v2\/comments?post=2298"}],"version-history":[{"count":9,"href":"https:\/\/allincontainer.eu\/de\/wp-json\/wp\/v2\/pages\/2298\/revisions"}],"predecessor-version":[{"id":2483,"href":"https:\/\/allincontainer.eu\/de\/wp-json\/wp\/v2\/pages\/2298\/revisions\/2483"}],"wp:attachment":[{"href":"https:\/\/allincontainer.eu\/de\/wp-json\/wp\/v2\/media?parent=2298"}],"curies":[{"name":"wp","href":"https:\/\/api.w.org\/{rel}","templated":true}]}}