{"id":2290,"date":"2023-09-05T12:43:00","date_gmt":"2023-09-05T12:43:00","guid":{"rendered":"https:\/\/allincontainer.eu\/advantages-of-programmable-logic-controllers\/"},"modified":"2025-09-08T15:43:55","modified_gmt":"2025-09-08T12:43:55","slug":"vorteile-von-speicherprogrammierbarer-steuerungen","status":"publish","type":"page","link":"https:\/\/allincontainer.eu\/de\/vorteile-von-speicherprogrammierbarer-steuerungen\/","title":{"rendered":"VORTEILE VON SPEICHERPROGRAMMIERBARER STEUERUNGEN"},"content":{"rendered":"<div class=\"wpb-content-wrapper\"><p>[vc_row][vc_column width=&#8220;1\/1&#8243;][vc_custom_heading text_color=&#8220;color-nhtu&#8220; heading_semantic=&#8220;h1&#8243; uncode_shortcode_id=&#8220;547629&#8243; text_color_type=&#8220;uncode-palette&#8220;]VORTEILE VON SPEICHERPROGRAMMIERBARER STEUERUNGEN[\/vc_custom_heading][\/vc_column][\/vc_row][vc_row][vc_column width=&#8220;1\/2&#8243;][vc_column_text uncode_shortcode_id=&#8220;111391&#8243;]Speicherprogrammierbare Steuerungen (SPS) gibt es seit Jahrzehnten und sie sind eine unverzichtbare L\u00f6sung f\u00fcr alle, die in verschiedenen Branchen die Effizienz und Qualit\u00e4tskontrolle von Produktionsprozessen anstreben. &#8222;All In Container&#8220; ist ein zuverl\u00e4ssiger Partner f\u00fcr zahlreiche Industrieunternehmen, die sich f\u00fcr die Automatisierung ihrer Prozesse entschieden haben. Mit unserem Fokus auf die Energie-, Lebensmittel- und Futtermittelindustrie haben wir uns als Experten f\u00fcr hochwertige, branchenspezifische L\u00f6sungen etabliert. In diesem Artikel erl\u00e4utern wir die wichtigsten Vorteile des Einsatzes speicherprogrammierbarer Steuerungen.[\/vc_column_text][vc_button button_color=&#8220;color-115100&#8243; border_width=&#8220;0&#8243; link=&#8220;url:https%3A%2F%2Fallincontainer.eu%2Fde%2Fkontaktieren-sie-uns%2F|title:Contact%20us&#8220; button_color_type=&#8220;uncode-palette&#8220; uncode_shortcode_id=&#8220;206717&#8243;]KONTAKTIEREN SIE UNS[\/vc_button][vc_button button_color=&#8220;color-115100&#8243; border_width=&#8220;0&#8243; link=&#8220;url:https%3A%2F%2Fallincontainer.eu%2Fde%2Fabgeschlossene-projekte%2F|title:References|&#8220; button_color_type=&#8220;uncode-palette&#8220; uncode_shortcode_id=&#8220;147109&#8243;]ABGESCHLOSSENE PROJEKTE[\/vc_button][\/vc_column][vc_column width=&#8220;1\/2&#8243;][vc_single_image media=&#8220;1632&#8243; media_width_percent=&#8220;100&#8243; uncode_shortcode_id=&#8220;100271&#8243;][\/vc_column][\/vc_row][vc_row][vc_column width=&#8220;1\/1&#8243;][vc_column_text uncode_shortcode_id=&#8220;160249&#8243;]<\/p>\n<h3>EFFIZIENZ<\/h3>\n<p>SPS zeichnen sich durch ihre F\u00e4higkeit aus, alle technologischen Teile eines Prozesses zu konsolidieren und zu steuern. Diese Ger\u00e4te steuern Sensoren, Motoren, Ventile und andere Ger\u00e4te und integrieren diese Elemente in ein einheitliches System, das die Effizienz und Zuverl\u00e4ssigkeit des gesamten Prozesses verbessert.<\/p>\n<h3>BESSERE QUALIT\u00c4TSKONTROLLE<\/h3>\n<p>SPS-Systeme arbeiten automatisch, wodurch menschliche Fehler, die oft viel Zeit und Ressourcen kosten, minimiert werden. Die Zuverl\u00e4ssigkeit speicherprogrammierbarer Steuerungen gew\u00e4hrleistet einen langfristigen Betrieb ohne h\u00e4ufige Wartung oder Reparaturen.<\/p>\n<h3>BEQUEMLICHKEIT<\/h3>\n<p>Diese Systeme verf\u00fcgen \u00fcber benutzerfreundliche Schnittstellen, die helfen, den Systemstatus zu erfahren, klare Warnmeldungen zu erhalten und eine Fehler\u00fcberwachung durchzuf\u00fchren. Das System zeigt wichtige Daten und Warnmeldungen an, die die Problemerkennung und -l\u00f6sung erleichtern, die Effizienz steigern und Fehler oder potenzielle Ger\u00e4teausfallzeiten minimieren.<\/p>\n<h3>QUALIT\u00c4T<\/h3>\n<p>SPS halten rauen Bedingungen wie Staub, Feuchtigkeit und Hitze stand und eignen sich daher ideal f\u00fcr industrielle Umgebungen. Dank ihrer umfangreichen Ein-\/Ausgabefunktionen k\u00f6nnen sie eine Vielzahl von Ger\u00e4ten steuern und \u00fcberwachen und so in unterschiedlichen Branchen eingesetzt werden.<\/p>\n<h3>MINIMALE WARTUNGSKOSTEN<\/h3>\n<p>Die SPS-Simulation erm\u00f6glicht fr\u00fchzeitiges Testen und Fehlerkorrektur und erkennt sowie behebt potenzielle Probleme, bevor sie auftreten. Das spart Zeit und Kosten. Ingenieure und Techniker k\u00f6nnen verschiedene Szenarien testen und Prozesse optimieren, bevor sie mit der eigentlichen Arbeit beginnen.[\/vc_column_text][\/vc_column][\/vc_row][vc_row][vc_column width=&#8220;1\/2&#8243;][vc_single_image media=&#8220;1636&#8243; media_width_percent=&#8220;100&#8243; uncode_shortcode_id=&#8220;531262&#8243;][\/vc_column][vc_column width=&#8220;1\/2&#8243;][vc_column_text uncode_shortcode_id=&#8220;670744&#8243;]&#8220;All-in-Container&#8220; speicherprogrammierbare Steuerungen (SPS) sind vielseitige und leistungsstarke Prozesssteuerungswerkzeuge mit vielen Vorteilen. Sie k\u00f6nnen beispielsweise alle Elemente eines technologischen Prozesses verbinden und steuern und so menschliche Fehler vermeiden. Sie verf\u00fcgen au\u00dferdem \u00fcber eine benutzerfreundliche Schnittstellen, die die Bedienung der Ger\u00e4te erleichtert. SPS sind widerstandsf\u00e4hig gegen raue Umgebungsbedingungen, was ihre Langlebigkeit gew\u00e4hrleistet. Dar\u00fcber hinaus verf\u00fcgen diese SPS \u00fcber spezielle Sicherheits-, Test- und Simulationssysteme, die einen zuverl\u00e4ssigen Betrieb der Ger\u00e4te gew\u00e4hrleisten. Wenn Sie nach einer effizienten und zuverl\u00e4ssigen M\u00f6glichkeit zur Steuerung industrieller Prozesse suchen, insbesondere in der Energie-, Lebensmittel- und Futtermittelproduktion oder der Chargenfertigung, sind Sie bei uns genau richtig.[\/vc_column_text][vc_button button_color=&#8220;color-115100&#8243; border_width=&#8220;0&#8243; button_color_type=&#8220;uncode-palette&#8220; uncode_shortcode_id=&#8220;751411&#8243; link=&#8220;url:https%3A%2F%2Fallincontainer.eu%2Fde%2Fpartner-fuer-die-sps-integration%2F|title:Why%20choose%20us%20as%20partner%20for%20PLC%20integration%3F&#8220;]SPS &gt;WARUM SOLLTEN SIE UNS W\u00c4HLEN?[\/vc_button][\/vc_column][\/vc_row]<\/p>\n<\/div>","protected":false},"excerpt":{"rendered":"<p>[vc_row][vc_column width=&#8220;1\/1&#8243;][vc_custom_heading text_color=&#8220;color-nhtu&#8220; heading_semantic=&#8220;h1&#8243; uncode_shortcode_id=&#8220;547629&#8243; text_color_type=&#8220;uncode-palette&#8220;]VORTEILE VON SPEICHERPROGRAMMIERBARER STEUERUNGEN[\/vc_custom_heading][\/vc_column][\/vc_row][vc_row][vc_column width=&#8220;1\/2&#8243;][vc_column_text uncode_shortcode_id=&#8220;111391&#8243;]Speicherprogrammierbare Steuerungen (SPS) gibt es seit Jahrzehnten und sie sind [&hellip;]<\/p>\n","protected":false},"author":1,"featured_media":0,"parent":0,"menu_order":0,"comment_status":"closed","ping_status":"closed","template":"","meta":{"footnotes":""},"class_list":["post-2290","page","type-page","status-publish","hentry"],"yoast_head":"<!-- This site is optimized with the Yoast SEO plugin v27.5 - https:\/\/yoast.com\/product\/yoast-seo-wordpress\/ -->\n<title>VORTEILE VON SPEICHERSPEICHERSTEUERUNG (SPS) - AIC<\/title>\n<meta name=\"description\" content=\"SPEICHERSPEICHERSTEUERUNG (SPS) zeichnen sich durch ihre F\u00e4higkeit aus, alle technologischen Teile eines Prozesses zu...\" \/>\n<meta name=\"robots\" content=\"index, follow, max-snippet:-1, max-image-preview:large, max-video-preview:-1\" \/>\n<link rel=\"canonical\" href=\"https:\/\/allincontainer.eu\/de\/vorteile-von-speicherprogrammierbarer-steuerungen\/\" \/>\n<meta property=\"og:locale\" content=\"de_DE\" \/>\n<meta property=\"og:type\" content=\"article\" \/>\n<meta property=\"og:title\" content=\"VORTEILE VON SPEICHERSPEICHERSTEUERUNG (SPS) - AIC\" \/>\n<meta property=\"og:description\" content=\"SPEICHERSPEICHERSTEUERUNG (SPS) zeichnen sich durch ihre F\u00e4higkeit aus, alle technologischen Teile eines Prozesses zu...\" \/>\n<meta property=\"og:url\" content=\"https:\/\/allincontainer.eu\/de\/vorteile-von-speicherprogrammierbarer-steuerungen\/\" \/>\n<meta property=\"og:site_name\" content=\"AIC\" \/>\n<meta property=\"article:modified_time\" content=\"2025-09-08T12:43:55+00:00\" \/>\n<meta name=\"twitter:card\" content=\"summary_large_image\" \/>\n<meta name=\"twitter:label1\" content=\"Gesch\u00e4tzte Lesezeit\" \/>\n\t<meta name=\"twitter:data1\" content=\"3\u00a0Minuten\" \/>\n<script type=\"application\/ld+json\" class=\"yoast-schema-graph\">{\"@context\":\"https:\\\/\\\/schema.org\",\"@graph\":[{\"@type\":\"WebPage\",\"@id\":\"https:\\\/\\\/allincontainer.eu\\\/de\\\/vorteile-von-speicherprogrammierbarer-steuerungen\\\/\",\"url\":\"https:\\\/\\\/allincontainer.eu\\\/de\\\/vorteile-von-speicherprogrammierbarer-steuerungen\\\/\",\"name\":\"VORTEILE VON SPEICHERSPEICHERSTEUERUNG (SPS) - AIC\",\"isPartOf\":{\"@id\":\"https:\\\/\\\/allincontainer.eu\\\/#website\"},\"datePublished\":\"2023-09-05T12:43:00+00:00\",\"dateModified\":\"2025-09-08T12:43:55+00:00\",\"description\":\"SPEICHERSPEICHERSTEUERUNG (SPS) zeichnen sich durch ihre F\u00e4higkeit aus, alle technologischen Teile eines Prozesses zu...\",\"breadcrumb\":{\"@id\":\"https:\\\/\\\/allincontainer.eu\\\/de\\\/vorteile-von-speicherprogrammierbarer-steuerungen\\\/#breadcrumb\"},\"inLanguage\":\"de\",\"potentialAction\":[{\"@type\":\"ReadAction\",\"target\":[\"https:\\\/\\\/allincontainer.eu\\\/de\\\/vorteile-von-speicherprogrammierbarer-steuerungen\\\/\"]}]},{\"@type\":\"BreadcrumbList\",\"@id\":\"https:\\\/\\\/allincontainer.eu\\\/de\\\/vorteile-von-speicherprogrammierbarer-steuerungen\\\/#breadcrumb\",\"itemListElement\":[{\"@type\":\"ListItem\",\"position\":1,\"name\":\"Home\",\"item\":\"https:\\\/\\\/allincontainer.eu\\\/de\\\/\"},{\"@type\":\"ListItem\",\"position\":2,\"name\":\"VORTEILE VON SPEICHERPROGRAMMIERBARER STEUERUNGEN\"}]},{\"@type\":\"WebSite\",\"@id\":\"https:\\\/\\\/allincontainer.eu\\\/#website\",\"url\":\"https:\\\/\\\/allincontainer.eu\\\/\",\"name\":\"AIC\",\"description\":\"Filters and Automation\",\"potentialAction\":[{\"@type\":\"SearchAction\",\"target\":{\"@type\":\"EntryPoint\",\"urlTemplate\":\"https:\\\/\\\/allincontainer.eu\\\/?s={search_term_string}\"},\"query-input\":{\"@type\":\"PropertyValueSpecification\",\"valueRequired\":true,\"valueName\":\"search_term_string\"}}],\"inLanguage\":\"de\"}]}<\/script>\n<!-- \/ Yoast SEO plugin. -->","yoast_head_json":{"title":"VORTEILE VON SPEICHERSPEICHERSTEUERUNG (SPS) - AIC","description":"SPEICHERSPEICHERSTEUERUNG (SPS) zeichnen sich durch ihre F\u00e4higkeit aus, alle technologischen Teile eines Prozesses zu...","robots":{"index":"index","follow":"follow","max-snippet":"max-snippet:-1","max-image-preview":"max-image-preview:large","max-video-preview":"max-video-preview:-1"},"canonical":"https:\/\/allincontainer.eu\/de\/vorteile-von-speicherprogrammierbarer-steuerungen\/","og_locale":"de_DE","og_type":"article","og_title":"VORTEILE VON SPEICHERSPEICHERSTEUERUNG (SPS) - AIC","og_description":"SPEICHERSPEICHERSTEUERUNG (SPS) zeichnen sich durch ihre F\u00e4higkeit aus, alle technologischen Teile eines Prozesses zu...","og_url":"https:\/\/allincontainer.eu\/de\/vorteile-von-speicherprogrammierbarer-steuerungen\/","og_site_name":"AIC","article_modified_time":"2025-09-08T12:43:55+00:00","twitter_card":"summary_large_image","twitter_misc":{"Gesch\u00e4tzte Lesezeit":"3\u00a0Minuten"},"schema":{"@context":"https:\/\/schema.org","@graph":[{"@type":"WebPage","@id":"https:\/\/allincontainer.eu\/de\/vorteile-von-speicherprogrammierbarer-steuerungen\/","url":"https:\/\/allincontainer.eu\/de\/vorteile-von-speicherprogrammierbarer-steuerungen\/","name":"VORTEILE VON SPEICHERSPEICHERSTEUERUNG (SPS) - AIC","isPartOf":{"@id":"https:\/\/allincontainer.eu\/#website"},"datePublished":"2023-09-05T12:43:00+00:00","dateModified":"2025-09-08T12:43:55+00:00","description":"SPEICHERSPEICHERSTEUERUNG (SPS) zeichnen sich durch ihre F\u00e4higkeit aus, alle technologischen Teile eines Prozesses zu...","breadcrumb":{"@id":"https:\/\/allincontainer.eu\/de\/vorteile-von-speicherprogrammierbarer-steuerungen\/#breadcrumb"},"inLanguage":"de","potentialAction":[{"@type":"ReadAction","target":["https:\/\/allincontainer.eu\/de\/vorteile-von-speicherprogrammierbarer-steuerungen\/"]}]},{"@type":"BreadcrumbList","@id":"https:\/\/allincontainer.eu\/de\/vorteile-von-speicherprogrammierbarer-steuerungen\/#breadcrumb","itemListElement":[{"@type":"ListItem","position":1,"name":"Home","item":"https:\/\/allincontainer.eu\/de\/"},{"@type":"ListItem","position":2,"name":"VORTEILE VON SPEICHERPROGRAMMIERBARER STEUERUNGEN"}]},{"@type":"WebSite","@id":"https:\/\/allincontainer.eu\/#website","url":"https:\/\/allincontainer.eu\/","name":"AIC","description":"Filters and Automation","potentialAction":[{"@type":"SearchAction","target":{"@type":"EntryPoint","urlTemplate":"https:\/\/allincontainer.eu\/?s={search_term_string}"},"query-input":{"@type":"PropertyValueSpecification","valueRequired":true,"valueName":"search_term_string"}}],"inLanguage":"de"}]}},"_links":{"self":[{"href":"https:\/\/allincontainer.eu\/de\/wp-json\/wp\/v2\/pages\/2290","targetHints":{"allow":["GET"]}}],"collection":[{"href":"https:\/\/allincontainer.eu\/de\/wp-json\/wp\/v2\/pages"}],"about":[{"href":"https:\/\/allincontainer.eu\/de\/wp-json\/wp\/v2\/types\/page"}],"author":[{"embeddable":true,"href":"https:\/\/allincontainer.eu\/de\/wp-json\/wp\/v2\/users\/1"}],"replies":[{"embeddable":true,"href":"https:\/\/allincontainer.eu\/de\/wp-json\/wp\/v2\/comments?post=2290"}],"version-history":[{"count":7,"href":"https:\/\/allincontainer.eu\/de\/wp-json\/wp\/v2\/pages\/2290\/revisions"}],"predecessor-version":[{"id":2409,"href":"https:\/\/allincontainer.eu\/de\/wp-json\/wp\/v2\/pages\/2290\/revisions\/2409"}],"wp:attachment":[{"href":"https:\/\/allincontainer.eu\/de\/wp-json\/wp\/v2\/media?parent=2290"}],"curies":[{"name":"wp","href":"https:\/\/api.w.org\/{rel}","templated":true}]}}