{"id":2285,"date":"2022-07-11T11:39:22","date_gmt":"2022-07-11T11:39:22","guid":{"rendered":"https:\/\/allincontainer.eu\/plc-programming\/"},"modified":"2025-09-08T15:12:00","modified_gmt":"2025-09-08T12:12:00","slug":"speicherspeichersteuerung-sps","status":"publish","type":"page","link":"https:\/\/allincontainer.eu\/de\/speicherspeichersteuerung-sps\/","title":{"rendered":"SPEICHERSPEICHERSTEUERUNG (SPS)"},"content":{"rendered":"<div class=\"wpb-content-wrapper\"><p>[vc_row][vc_column width=&#8220;1\/1&#8243;][vc_custom_heading text_color=&#8220;color-jevc&#8220; heading_semantic=&#8220;h1&#8243; uncode_shortcode_id=&#8220;647989&#8243; text_color_type=&#8220;uncode-palette&#8220;]PLC PROGAMAVIMAS[\/vc_custom_heading][\/vc_column][\/vc_row][vc_row][vc_column width=&#8220;1\/2&#8243;][vc_column_text uncode_shortcode_id=&#8220;712826&#8243;]Das Team von &#8222;All In Container&#8220; entwickelt Software, die f\u00fcr die SPS (speicherprogrammierbare Steuerungen). SPS sind ein wesentlicher Bestandteil industrieller Automatisierungs- und Steuerungssysteme. Mit dieser Ausr\u00fcstung k\u00f6nnen Kunden Steuerungsprogramme entwerfen und implementieren, die spezifische Gesch\u00e4ftsanforderungen erf\u00fcllen. Die Verwendung von SPS in der Prozesssteuerung ist wie die Verwendung eines PCs im B\u00fcro. <a href=\"https:\/\/allincontainer.eu\/de\/ueber-uns\/\">&#8222;All In Container&#8220;<\/a> entwickelt seit vielen Jahren SPS-Programmierung von h\u00f6chster Qualit\u00e4t, was unser Unternehmen als zuverl\u00e4ssigen Partner im Bereich der Prozesssteuerung auszeichnet. Unsere Spezialgebiete: Energie, Lebensmittel- und Futtermittelproduktion, rezeptbasierte nach NE33 oder SS88 Produktion.[\/vc_column_text][vc_button button_color=&#8220;color-115100&#8243; radius=&#8220;btn-square&#8220; border_width=&#8220;0&#8243; link=&#8220;url:https%3A%2F%2Fallincontainer.eu%2Fde%2Fkontaktieren-sie-uns%2F|title:Kontaktieren%20sie%20uns&#8220; button_color_type=&#8220;uncode-palette&#8220; uncode_shortcode_id=&#8220;385219&#8243;]Kontaktieren sie uns[\/vc_button][\/vc_column][vc_column width=&#8220;1\/2&#8243;][vc_single_image media=&#8220;1731&#8243; media_width_percent=&#8220;100&#8243; alignment=&#8220;center&#8220; uncode_shortcode_id=&#8220;261989&#8243;][\/vc_column][\/vc_row][vc_row][vc_column width=&#8220;1\/2&#8243;][vc_custom_heading text_color=&#8220;color-jevc&#8220; text_size=&#8220;h3&#8243; uncode_shortcode_id=&#8220;892857&#8243; text_color_type=&#8220;uncode-palette&#8220;]SPS-Programmierung wird in zahlreichen Industriebereichen eingesetzt:[\/vc_custom_heading][vc_column_text uncode_shortcode_id=&#8220;150809&#8243;]<\/p>\n<ul>\n<li>Energieerzeugung und -versorgung<\/li>\n<li>Lebensmittel- und Getr\u00e4nkeproduktion<\/li>\n<li>Produktions- und Flie\u00dfb\u00e4nder<\/li>\n<li>Verpackungs- und Materialtransportsysteme<\/li>\n<li>Chemische Industrie<\/li>\n<\/ul>\n<p>Die SPS-Programmierung ist f\u00fcr die \u00dcberwachung und Steuerung verschiedener Funktionen in Echtzeit verantwortlich und stellt gleichzeitig sicher, dass der Produktionsprozess reibungslos und effizient abl\u00e4uft. Aus diesem Grund enthalten SPS textbasierte oder grafische Programmiersprachen, mit denen Benutzer nicht standardm\u00e4\u00dfige Logik f\u00fcr bestimmte Industrieanwendungen erstellen k\u00f6nnen. F\u00fcr die SPS-Programmierung kann eine gro\u00dfe Anzahl von Programmiersprachen verwendet werden, darunter Ladder Logic, Function Block Diagram (FBD), Structured Text (ST), Instruction List (IL), Sequential Function Chart (SFC).[\/vc_column_text][vc_button button_color=&#8220;color-115100&#8243; border_width=&#8220;0&#8243; link=&#8220;url:https%3A%2F%2Fallincontainer.eu%2Fde%2Fabgeschlossene-projekte%2F|title:References|&#8220; button_color_type=&#8220;uncode-palette&#8220; uncode_shortcode_id=&#8220;171578&#8243;]SPS &gt; PROJEKTE[\/vc_button][\/vc_column][vc_column width=&#8220;1\/2&#8243;][vc_single_image media=&#8220;1542&#8243; media_width_percent=&#8220;100&#8243; uncode_shortcode_id=&#8220;575661&#8243;][\/vc_column][\/vc_row][vc_row][vc_column width=&#8220;1\/2&#8243;][vc_single_image media=&#8220;1385&#8243; media_width_percent=&#8220;100&#8243; alignment=&#8220;center&#8220; uncode_shortcode_id=&#8220;147444&#8243;][\/vc_column][vc_column width=&#8220;1\/2&#8243;][vc_custom_heading text_color=&#8220;color-jevc&#8220; heading_semantic=&#8220;h3&#8243; text_size=&#8220;h3&#8243; uncode_shortcode_id=&#8220;326990&#8243; text_color_type=&#8220;uncode-palette&#8220;]WARUM LOHNT SICH SICH SPS-PROGRAMMIERUNG IN DER INDUSTRIELLEN AUTOMATISIERUNG?[\/vc_custom_heading][vc_column_text uncode_shortcode_id=&#8220;454278&#8243;]Mit Hilfe unseres Teams k\u00f6nnen Industrieunternehmen eine auf ihre Bed\u00fcrfnisse zugeschnittene Logik erhalten. Die SPS-Programmierung ist darauf ausgelegt, die Produktivit\u00e4t zu steigern. Die Software ist f\u00fcr Echtzeitbetrieb optimiert. Dadurch wird sichergestellt, dass die SPS schnell auf \u00c4nderungen im Produktionsprozess reagieren kann. Diese Geschwindigkeit ist besonders wichtig in Branchen, in denen selbst kleine Verz\u00f6gerungen die Produktivit\u00e4t beeintr\u00e4chtigen k\u00f6nnen.<\/p>\n<p>Ein weiterer wichtiger Vorteil der &#8222;All in Container&#8220; Software ist ihre Zuverl\u00e4ssigkeit. Wir testen unsere L\u00f6sungen st\u00e4ndig, um einen reibungslosen Betrieb in den komplexesten Industrieumgebungen zu gew\u00e4hrleisten. Diese Tests helfen auch dabei, potenzielle Probleme zu erkennen und zu l\u00f6sen, bevor sie auftreten, und das reduziert Ausfallzeiten und steigert die Produktivit\u00e4t.[\/vc_column_text][\/vc_column][\/vc_row][vc_row][vc_column width=&#8220;1\/1&#8243;][vc_column_text uncode_shortcode_id=&#8220;572597&#8243;]&#8220;All In Container&#8220; bietet SPS-Programmierung als leistungsstarke Dienstleistung f\u00fcr Unternehmen, die ihre Produktionsprozesse effizient steuern m\u00f6chten. Unser Team ist spezialisiert auf die Energie-, Lebensmittel-, Futtermittel- und Rezepturproduktion. Ob Sie die Steuerung Ihres neuen oder Ihres bestehenden Systems optimieren m\u00f6chten \u2013 &#8222;All In Container&#8220; hilft Ihnen, Ihre Ziele schnell und effizient zu erreichen.[\/vc_column_text][\/vc_column][\/vc_row][vc_row][vc_column width=&#8220;1\/1&#8243;][vc_button button_color=&#8220;color-115100&#8243; border_width=&#8220;0&#8243; button_color_type=&#8220;uncode-palette&#8220; uncode_shortcode_id=&#8220;113122&#8243; link=&#8220;url:https%3A%2F%2Fallincontainer.eu%2Fde%2Fvorteile-von-speicherprogrammierbarer-steuerungen%2F|title:Advantages%20of%20Programmable%20Logic%20Controllers|&#8220;]SPS &gt; VORTEILE[\/vc_button][vc_button button_color=&#8220;color-115100&#8243; border_width=&#8220;0&#8243; button_color_type=&#8220;uncode-palette&#8220; uncode_shortcode_id=&#8220;113681&#8243; link=&#8220;url:https%3A%2F%2Fallincontainer.eu%2Fde%2Fpartner-fuer-die-sps-integration%2F|title:Why%20choose%20us%20as%20partner%20for%20PLC%20integration%3F|&#8220;]SPS &gt; WARUM SOLLTEN SIE UNS W\u00c4HLEN?[\/vc_button][\/vc_column][\/vc_row]<\/p>\n<\/div>","protected":false},"excerpt":{"rendered":"<p>[vc_row][vc_column width=&#8220;1\/1&#8243;][vc_custom_heading text_color=&#8220;color-jevc&#8220; heading_semantic=&#8220;h1&#8243; uncode_shortcode_id=&#8220;647989&#8243; text_color_type=&#8220;uncode-palette&#8220;]PLC PROGAMAVIMAS[\/vc_custom_heading][\/vc_column][\/vc_row][vc_row][vc_column width=&#8220;1\/2&#8243;][vc_column_text uncode_shortcode_id=&#8220;712826&#8243;]Das Team von &#8222;All In Container&#8220; entwickelt Software, die f\u00fcr die SPS [&hellip;]<\/p>\n","protected":false},"author":1,"featured_media":0,"parent":0,"menu_order":0,"comment_status":"closed","ping_status":"closed","template":"","meta":{"footnotes":""},"class_list":["post-2285","page","type-page","status-publish","hentry"],"yoast_head":"<!-- This site is optimized with the Yoast SEO plugin v27.5 - https:\/\/yoast.com\/product\/yoast-seo-wordpress\/ -->\n<title>SPEICHERSPEICHERSTEUERUNG (SPS) - AIC<\/title>\n<meta name=\"description\" content=\"Das Team von &quot;All In Container&quot; entwickelt Software, die f\u00fcr die SPS (speicherprogrammierbare Steuerungen)...\" \/>\n<meta name=\"robots\" content=\"index, follow, max-snippet:-1, max-image-preview:large, max-video-preview:-1\" \/>\n<link rel=\"canonical\" href=\"https:\/\/allincontainer.eu\/de\/speicherspeichersteuerung-sps\/\" \/>\n<meta property=\"og:locale\" content=\"de_DE\" \/>\n<meta property=\"og:type\" content=\"article\" \/>\n<meta property=\"og:title\" content=\"SPEICHERSPEICHERSTEUERUNG (SPS) - AIC\" \/>\n<meta property=\"og:description\" content=\"Das Team von &quot;All In Container&quot; entwickelt Software, die f\u00fcr die SPS (speicherprogrammierbare Steuerungen)...\" \/>\n<meta property=\"og:url\" content=\"https:\/\/allincontainer.eu\/de\/speicherspeichersteuerung-sps\/\" \/>\n<meta property=\"og:site_name\" content=\"AIC\" \/>\n<meta property=\"article:modified_time\" content=\"2025-09-08T12:12:00+00:00\" \/>\n<meta name=\"twitter:card\" content=\"summary_large_image\" \/>\n<meta name=\"twitter:label1\" content=\"Gesch\u00e4tzte Lesezeit\" \/>\n\t<meta name=\"twitter:data1\" content=\"4\u00a0Minuten\" \/>\n<script type=\"application\/ld+json\" class=\"yoast-schema-graph\">{\"@context\":\"https:\\\/\\\/schema.org\",\"@graph\":[{\"@type\":\"WebPage\",\"@id\":\"https:\\\/\\\/allincontainer.eu\\\/de\\\/speicherspeichersteuerung-sps\\\/\",\"url\":\"https:\\\/\\\/allincontainer.eu\\\/de\\\/speicherspeichersteuerung-sps\\\/\",\"name\":\"SPEICHERSPEICHERSTEUERUNG (SPS) - AIC\",\"isPartOf\":{\"@id\":\"https:\\\/\\\/allincontainer.eu\\\/#website\"},\"datePublished\":\"2022-07-11T11:39:22+00:00\",\"dateModified\":\"2025-09-08T12:12:00+00:00\",\"description\":\"Das Team von \\\"All In Container\\\" entwickelt Software, die f\u00fcr die SPS (speicherprogrammierbare Steuerungen)...\",\"breadcrumb\":{\"@id\":\"https:\\\/\\\/allincontainer.eu\\\/de\\\/speicherspeichersteuerung-sps\\\/#breadcrumb\"},\"inLanguage\":\"de\",\"potentialAction\":[{\"@type\":\"ReadAction\",\"target\":[\"https:\\\/\\\/allincontainer.eu\\\/de\\\/speicherspeichersteuerung-sps\\\/\"]}]},{\"@type\":\"BreadcrumbList\",\"@id\":\"https:\\\/\\\/allincontainer.eu\\\/de\\\/speicherspeichersteuerung-sps\\\/#breadcrumb\",\"itemListElement\":[{\"@type\":\"ListItem\",\"position\":1,\"name\":\"Home\",\"item\":\"https:\\\/\\\/allincontainer.eu\\\/de\\\/\"},{\"@type\":\"ListItem\",\"position\":2,\"name\":\"SPEICHERSPEICHERSTEUERUNG (SPS)\"}]},{\"@type\":\"WebSite\",\"@id\":\"https:\\\/\\\/allincontainer.eu\\\/#website\",\"url\":\"https:\\\/\\\/allincontainer.eu\\\/\",\"name\":\"AIC\",\"description\":\"Filters and Automation\",\"potentialAction\":[{\"@type\":\"SearchAction\",\"target\":{\"@type\":\"EntryPoint\",\"urlTemplate\":\"https:\\\/\\\/allincontainer.eu\\\/?s={search_term_string}\"},\"query-input\":{\"@type\":\"PropertyValueSpecification\",\"valueRequired\":true,\"valueName\":\"search_term_string\"}}],\"inLanguage\":\"de\"}]}<\/script>\n<!-- \/ Yoast SEO plugin. -->","yoast_head_json":{"title":"SPEICHERSPEICHERSTEUERUNG (SPS) - AIC","description":"Das Team von \"All In Container\" entwickelt Software, die f\u00fcr die SPS (speicherprogrammierbare Steuerungen)...","robots":{"index":"index","follow":"follow","max-snippet":"max-snippet:-1","max-image-preview":"max-image-preview:large","max-video-preview":"max-video-preview:-1"},"canonical":"https:\/\/allincontainer.eu\/de\/speicherspeichersteuerung-sps\/","og_locale":"de_DE","og_type":"article","og_title":"SPEICHERSPEICHERSTEUERUNG (SPS) - AIC","og_description":"Das Team von \"All In Container\" entwickelt Software, die f\u00fcr die SPS (speicherprogrammierbare Steuerungen)...","og_url":"https:\/\/allincontainer.eu\/de\/speicherspeichersteuerung-sps\/","og_site_name":"AIC","article_modified_time":"2025-09-08T12:12:00+00:00","twitter_card":"summary_large_image","twitter_misc":{"Gesch\u00e4tzte Lesezeit":"4\u00a0Minuten"},"schema":{"@context":"https:\/\/schema.org","@graph":[{"@type":"WebPage","@id":"https:\/\/allincontainer.eu\/de\/speicherspeichersteuerung-sps\/","url":"https:\/\/allincontainer.eu\/de\/speicherspeichersteuerung-sps\/","name":"SPEICHERSPEICHERSTEUERUNG (SPS) - AIC","isPartOf":{"@id":"https:\/\/allincontainer.eu\/#website"},"datePublished":"2022-07-11T11:39:22+00:00","dateModified":"2025-09-08T12:12:00+00:00","description":"Das Team von \"All In Container\" entwickelt Software, die f\u00fcr die SPS (speicherprogrammierbare Steuerungen)...","breadcrumb":{"@id":"https:\/\/allincontainer.eu\/de\/speicherspeichersteuerung-sps\/#breadcrumb"},"inLanguage":"de","potentialAction":[{"@type":"ReadAction","target":["https:\/\/allincontainer.eu\/de\/speicherspeichersteuerung-sps\/"]}]},{"@type":"BreadcrumbList","@id":"https:\/\/allincontainer.eu\/de\/speicherspeichersteuerung-sps\/#breadcrumb","itemListElement":[{"@type":"ListItem","position":1,"name":"Home","item":"https:\/\/allincontainer.eu\/de\/"},{"@type":"ListItem","position":2,"name":"SPEICHERSPEICHERSTEUERUNG (SPS)"}]},{"@type":"WebSite","@id":"https:\/\/allincontainer.eu\/#website","url":"https:\/\/allincontainer.eu\/","name":"AIC","description":"Filters and Automation","potentialAction":[{"@type":"SearchAction","target":{"@type":"EntryPoint","urlTemplate":"https:\/\/allincontainer.eu\/?s={search_term_string}"},"query-input":{"@type":"PropertyValueSpecification","valueRequired":true,"valueName":"search_term_string"}}],"inLanguage":"de"}]}},"_links":{"self":[{"href":"https:\/\/allincontainer.eu\/de\/wp-json\/wp\/v2\/pages\/2285","targetHints":{"allow":["GET"]}}],"collection":[{"href":"https:\/\/allincontainer.eu\/de\/wp-json\/wp\/v2\/pages"}],"about":[{"href":"https:\/\/allincontainer.eu\/de\/wp-json\/wp\/v2\/types\/page"}],"author":[{"embeddable":true,"href":"https:\/\/allincontainer.eu\/de\/wp-json\/wp\/v2\/users\/1"}],"replies":[{"embeddable":true,"href":"https:\/\/allincontainer.eu\/de\/wp-json\/wp\/v2\/comments?post=2285"}],"version-history":[{"count":8,"href":"https:\/\/allincontainer.eu\/de\/wp-json\/wp\/v2\/pages\/2285\/revisions"}],"predecessor-version":[{"id":2390,"href":"https:\/\/allincontainer.eu\/de\/wp-json\/wp\/v2\/pages\/2285\/revisions\/2390"}],"wp:attachment":[{"href":"https:\/\/allincontainer.eu\/de\/wp-json\/wp\/v2\/media?parent=2285"}],"curies":[{"name":"wp","href":"https:\/\/api.w.org\/{rel}","templated":true}]}}