{"id":2255,"date":"2021-04-30T11:38:02","date_gmt":"2021-04-30T11:38:02","guid":{"rendered":"https:\/\/allincontainer.eu\/electrostatic-precipitator\/"},"modified":"2025-09-03T15:45:27","modified_gmt":"2025-09-03T12:45:27","slug":"elektrofilter","status":"publish","type":"page","link":"https:\/\/allincontainer.eu\/de\/elektrofilter\/","title":{"rendered":"ELEKTROFILTER"},"content":{"rendered":"<div class=\"wpb-content-wrapper\"><p>[vc_row][vc_column width=&#8220;1\/1&#8243;][vc_empty_space empty_h=&#8220;2&#8243;][vc_custom_heading text_color=&#8220;color-nhtu&#8220; heading_semantic=&#8220;h1&#8243; uncode_shortcode_id=&#8220;210646&#8243; text_color_type=&#8220;uncode-palette&#8220;]WAS SIND ELEKTROFILTER?[\/vc_custom_heading][vc_row_inner row_inner_height_percent=&#8220;0&#8243; overlay_alpha=&#8220;50&#8243; equal_height=&#8220;yes&#8220; gutter_size=&#8220;3&#8243; shift_y=&#8220;0&#8243; z_index=&#8220;0&#8243; limit_content=&#8220;&#8220;][vc_column_inner width=&#8220;1\/2&#8243;][vc_single_image media=&#8220;1464&#8243; media_width_percent=&#8220;100&#8243; media_ratio=&#8220;one-one&#8220; shadow=&#8220;yes&#8220; shadow_weight=&#8220;std&#8220; uncode_shortcode_id=&#8220;351847&#8243;][\/vc_column_inner][vc_column_inner column_width_percent=&#8220;100&#8243; position_vertical=&#8220;middle&#8220; gutter_size=&#8220;3&#8243; overlay_alpha=&#8220;50&#8243; shift_x=&#8220;0&#8243; shift_y=&#8220;0&#8243; shift_y_down=&#8220;0&#8243; z_index=&#8220;0&#8243; medium_width=&#8220;0&#8243; mobile_width=&#8220;0&#8243; width=&#8220;1\/2&#8243;][vc_column_text uncode_shortcode_id=&#8220;483275&#8243;]Elektrofilter (ESF) sind eine hochwirksame Technologie zur Luftreinhaltung, die elektrostatische Ladungen nutzt, um Partikel wie Staub und andere Festschadstoffe aus Verbrennungsgasen zu entfernen. ESF werden h\u00e4ufig in Strom- und W\u00e4rmekraftwerken, Zement- und Stahlwerken sowie anderen Industriezweigen eingesetzt, um Partikelemissionen zu reduzieren und andere Festschadstoffe zu neutralisieren. Diese Ausr\u00fcstung ist besonders effektiv in Biomassefeuerungsanlagen zur W\u00e4rme- oder Stromerzeugung, deren Verbrennungsgase in der Regel reich an Partikeln sind.[\/vc_column_text][vc_button button_color=&#8220;color-115100&#8243; border_width=&#8220;0&#8243; link=&#8220;url:https%3A%2F%2Fallincontainer.eu%2Fde%2Fkontaktieren-sie-uns%2F|title:Kontaktai|&#8220; button_color_type=&#8220;uncode-palette&#8220; uncode_shortcode_id=&#8220;424066&#8243;]ERKUNDIGEN[\/vc_button][\/vc_column_inner][\/vc_row_inner][vc_empty_space empty_h=&#8220;2&#8243;][\/vc_column][\/vc_row][vc_row row_height_percent=&#8220;0&#8243; back_color=&#8220;color-lxmt&#8220; overlay_alpha=&#8220;50&#8243; gutter_size=&#8220;3&#8243; column_width_percent=&#8220;100&#8243; shift_y=&#8220;0&#8243; z_index=&#8220;0&#8243;][vc_column width=&#8220;1\/1&#8243;][vc_column_text uncode_shortcode_id=&#8220;947829&#8243;]<\/p>\n<h3>ELEKTROFILTER UND NACHHALTIGKEIT<\/h3>\n<p>Bei &#8222;All In Container&#8220; sind wir auf die Entwicklung fortschrittlicher Elektrofilter f\u00fcr Biomassekessel im Energie- und Industriesektor spezialisiert. Unsere Elektrofilter entsprechen vollst\u00e4ndig der EU-Richtlinie 2015\/2193 zur Begrenzung der Emissionen mittelgro\u00dfer Kessel in die Luft. Konkret tr\u00e4gt unsere Technologie dazu bei, Emissionskonzentrationen zu erreichen, die typischerweise unter 10\u201350 mg\/Nm\u00b3 liegen. Dies ist deutlich niedriger als die Rauchgaseintrittskonzentration, die zwischen 250 und 1000 (oder sogar 2000) mg\/Nm\u00b3 liegen kann.<\/p>\n<h3>DESIGN UND MATERIALIEN<\/h3>\n<p>Das ESF Geh\u00e4use besteht aus stabilen, geschwei\u00dften Stahlblechen und verf\u00fcgt \u00fcber wenige bewegliche Teile. Die typische Lebensdauer eines ESF betr\u00e4gt \u00fcber 20 Jahre, ohne dass wichtigsten Teile ausgetauscht werden m\u00fcssen. Die spezielle Konstruktion des ESF-Systems erm\u00f6glicht einen Betrieb von bis zu 10 Jahren ohne Austausch von Verschlei\u00dfteilen. Dar\u00fcber hinaus verf\u00fcgt unser ESF \u00fcber ein vollautomatisches Steuerungssystem, das die Anlagenprozesse in Echtzeit \u00fcberwacht und steuert. Dies gew\u00e4hrleistet optimale Effizienz und minimalen Wartungsaufwand.<\/p>\n<h3>ANGEPASSTE L\u00d6SUNGEN<\/h3>\n<p>Je nach Brennstoffzusammensetzung und Feststoffanteil im Abgas k\u00f6nnen Elektrofilter mit einem, zwei oder drei elektrischen Feldern und einer automatisierten Steuerung ausgestattet werden. Wir bieten verschiedene Kesselrauml\u00f6sungen an: Elektrofilter mit Flachboden, Elektrofilter mit Trapezboden und Elektrofilter mit Pyramidenboden. Wir besprechen jeden Fall gemeinsam mit dem Kunden, um die optimale L\u00f6sung zu finden.[\/vc_column_text][vc_button button_color=&#8220;color-115100&#8243; border_width=&#8220;0&#8243; link=&#8220;url:https%3A%2F%2Fallincontainer.eu%2Fde%2Fabgeschlossene-projekte%2F|title:Atlikti%20projektai|&#8220; button_color_type=&#8220;uncode-palette&#8220; uncode_shortcode_id=&#8220;879041&#8243;]ABGESCHLOSSENE PROJEKTE[\/vc_button][\/vc_column][\/vc_row][vc_row][vc_column width=&#8220;1\/2&#8243;][vc_single_image media=&#8220;1567&#8243; media_width_percent=&#8220;98&#8243; uncode_shortcode_id=&#8220;439870&#8243;][\/vc_column][vc_column width=&#8220;1\/2&#8243;][vc_column_text uncode_shortcode_id=&#8220;103733&#8243;]Die Elektrofilter von &#8222;All in Container&#8220; bieten eine hocheffiziente und zuverl\u00e4ssige L\u00f6sung zur Abgaskontrolle in den Industrie- und Energiesektoren. Unser Unternehmen bietet fortschrittliche Elektrofilter, die den EU-Richtlinien entsprechen und optimale Leistung bei minimalem Wartungsaufwand und niedrigen Betriebskosten gew\u00e4hrleisten. Wir arbeiten eng mit unseren Kunden zusammen, um ma\u00dfgeschneiderte L\u00f6sungen f\u00fcr ihre spezifischen Anforderungen zu entwickeln. Dar\u00fcber hinaus bieten wir umfassende Schulungen und Wartungsservices an. Kontaktieren Sie uns noch heute, um mehr \u00fcber unsere Elektrofilter und deren Vorteile f\u00fcr Ihr Unternehmen zu erfahren.[\/vc_column_text][vc_button button_color=&#8220;color-115100&#8243; border_width=&#8220;0&#8243; link=&#8220;url:https%3A%2F%2Fallincontainer.eu%2Fde%2Ffunktionsprinzip-des-elektrofilters%2F|title:Elektrostatinio%20filtro%20veikimo%20principas|&#8220; button_color_type=&#8220;uncode-palette&#8220; uncode_shortcode_id=&#8220;170226&#8243;]ESP > Funktionsprinzip[\/vc_button][vc_button button_color=&#8220;color-115100&#8243; border_width=&#8220;0&#8243; link=&#8220;url:https%3A%2F%2Fallincontainer.eu%2Fde%2Fvorteile-des-elektrofilters%2F|title:Elektrostatinio%20filtro%20naudos|&#8220; button_color_type=&#8220;uncode-palette&#8220; uncode_shortcode_id=&#8220;618539&#8243;]ESP > Angebotene Leistungen[\/vc_button][\/vc_column][\/vc_row]<\/p>\n<\/div>","protected":false},"excerpt":{"rendered":"<p>[vc_row][vc_column width=&#8220;1\/1&#8243;][vc_empty_space empty_h=&#8220;2&#8243;][vc_custom_heading text_color=&#8220;color-nhtu&#8220; heading_semantic=&#8220;h1&#8243; uncode_shortcode_id=&#8220;210646&#8243; text_color_type=&#8220;uncode-palette&#8220;]WAS SIND ELEKTROFILTER?[\/vc_custom_heading][vc_row_inner row_inner_height_percent=&#8220;0&#8243; overlay_alpha=&#8220;50&#8243; equal_height=&#8220;yes&#8220; gutter_size=&#8220;3&#8243; shift_y=&#8220;0&#8243; z_index=&#8220;0&#8243; limit_content=&#8220;&#8220;][vc_column_inner width=&#8220;1\/2&#8243;][vc_single_image media=&#8220;1464&#8243; media_width_percent=&#8220;100&#8243; media_ratio=&#8220;one-one&#8220; [&hellip;]<\/p>\n","protected":false},"author":1,"featured_media":0,"parent":0,"menu_order":0,"comment_status":"closed","ping_status":"closed","template":"","meta":{"footnotes":""},"class_list":["post-2255","page","type-page","status-publish","hentry"],"yoast_head":"<!-- This site is optimized with the Yoast SEO plugin v27.5 - https:\/\/yoast.com\/product\/yoast-seo-wordpress\/ -->\n<title>ELEKTROFILTER - All In Container<\/title>\n<meta name=\"description\" content=\"Elektrofilter (ESF) sind eine hochwirksame Technologie zur Luftreinhaltung, die elektrostatische Ladungen nutzt, um Partikel wie Staub und...\" \/>\n<meta name=\"robots\" content=\"index, follow, max-snippet:-1, max-image-preview:large, max-video-preview:-1\" \/>\n<link rel=\"canonical\" href=\"https:\/\/allincontainer.eu\/de\/elektrofilter\/\" \/>\n<meta property=\"og:locale\" content=\"de_DE\" \/>\n<meta property=\"og:type\" content=\"article\" \/>\n<meta property=\"og:title\" content=\"ELEKTROFILTER - All In Container\" \/>\n<meta property=\"og:description\" content=\"Elektrofilter (ESF) sind eine hochwirksame Technologie zur Luftreinhaltung, die elektrostatische Ladungen nutzt, um Partikel wie Staub und...\" \/>\n<meta property=\"og:url\" content=\"https:\/\/allincontainer.eu\/de\/elektrofilter\/\" \/>\n<meta property=\"og:site_name\" content=\"AIC\" \/>\n<meta property=\"article:modified_time\" content=\"2025-09-03T12:45:27+00:00\" \/>\n<meta name=\"twitter:card\" content=\"summary_large_image\" \/>\n<meta name=\"twitter:label1\" content=\"Gesch\u00e4tzte Lesezeit\" \/>\n\t<meta name=\"twitter:data1\" content=\"3\u00a0Minuten\" \/>\n<script type=\"application\/ld+json\" class=\"yoast-schema-graph\">{\"@context\":\"https:\\\/\\\/schema.org\",\"@graph\":[{\"@type\":\"WebPage\",\"@id\":\"https:\\\/\\\/allincontainer.eu\\\/de\\\/elektrofilter\\\/\",\"url\":\"https:\\\/\\\/allincontainer.eu\\\/de\\\/elektrofilter\\\/\",\"name\":\"ELEKTROFILTER - All In Container\",\"isPartOf\":{\"@id\":\"https:\\\/\\\/allincontainer.eu\\\/#website\"},\"datePublished\":\"2021-04-30T11:38:02+00:00\",\"dateModified\":\"2025-09-03T12:45:27+00:00\",\"description\":\"Elektrofilter (ESF) sind eine hochwirksame Technologie zur Luftreinhaltung, die elektrostatische Ladungen nutzt, um Partikel wie Staub und...\",\"breadcrumb\":{\"@id\":\"https:\\\/\\\/allincontainer.eu\\\/de\\\/elektrofilter\\\/#breadcrumb\"},\"inLanguage\":\"de\",\"potentialAction\":[{\"@type\":\"ReadAction\",\"target\":[\"https:\\\/\\\/allincontainer.eu\\\/de\\\/elektrofilter\\\/\"]}]},{\"@type\":\"BreadcrumbList\",\"@id\":\"https:\\\/\\\/allincontainer.eu\\\/de\\\/elektrofilter\\\/#breadcrumb\",\"itemListElement\":[{\"@type\":\"ListItem\",\"position\":1,\"name\":\"Home\",\"item\":\"https:\\\/\\\/allincontainer.eu\\\/de\\\/\"},{\"@type\":\"ListItem\",\"position\":2,\"name\":\"ELEKTROFILTER\"}]},{\"@type\":\"WebSite\",\"@id\":\"https:\\\/\\\/allincontainer.eu\\\/#website\",\"url\":\"https:\\\/\\\/allincontainer.eu\\\/\",\"name\":\"AIC\",\"description\":\"Filters and Automation\",\"potentialAction\":[{\"@type\":\"SearchAction\",\"target\":{\"@type\":\"EntryPoint\",\"urlTemplate\":\"https:\\\/\\\/allincontainer.eu\\\/?s={search_term_string}\"},\"query-input\":{\"@type\":\"PropertyValueSpecification\",\"valueRequired\":true,\"valueName\":\"search_term_string\"}}],\"inLanguage\":\"de\"}]}<\/script>\n<!-- \/ Yoast SEO plugin. -->","yoast_head_json":{"title":"ELEKTROFILTER - All In Container","description":"Elektrofilter (ESF) sind eine hochwirksame Technologie zur Luftreinhaltung, die elektrostatische Ladungen nutzt, um Partikel wie Staub und...","robots":{"index":"index","follow":"follow","max-snippet":"max-snippet:-1","max-image-preview":"max-image-preview:large","max-video-preview":"max-video-preview:-1"},"canonical":"https:\/\/allincontainer.eu\/de\/elektrofilter\/","og_locale":"de_DE","og_type":"article","og_title":"ELEKTROFILTER - All In Container","og_description":"Elektrofilter (ESF) sind eine hochwirksame Technologie zur Luftreinhaltung, die elektrostatische Ladungen nutzt, um Partikel wie Staub und...","og_url":"https:\/\/allincontainer.eu\/de\/elektrofilter\/","og_site_name":"AIC","article_modified_time":"2025-09-03T12:45:27+00:00","twitter_card":"summary_large_image","twitter_misc":{"Gesch\u00e4tzte Lesezeit":"3\u00a0Minuten"},"schema":{"@context":"https:\/\/schema.org","@graph":[{"@type":"WebPage","@id":"https:\/\/allincontainer.eu\/de\/elektrofilter\/","url":"https:\/\/allincontainer.eu\/de\/elektrofilter\/","name":"ELEKTROFILTER - All In Container","isPartOf":{"@id":"https:\/\/allincontainer.eu\/#website"},"datePublished":"2021-04-30T11:38:02+00:00","dateModified":"2025-09-03T12:45:27+00:00","description":"Elektrofilter (ESF) sind eine hochwirksame Technologie zur Luftreinhaltung, die elektrostatische Ladungen nutzt, um Partikel wie Staub und...","breadcrumb":{"@id":"https:\/\/allincontainer.eu\/de\/elektrofilter\/#breadcrumb"},"inLanguage":"de","potentialAction":[{"@type":"ReadAction","target":["https:\/\/allincontainer.eu\/de\/elektrofilter\/"]}]},{"@type":"BreadcrumbList","@id":"https:\/\/allincontainer.eu\/de\/elektrofilter\/#breadcrumb","itemListElement":[{"@type":"ListItem","position":1,"name":"Home","item":"https:\/\/allincontainer.eu\/de\/"},{"@type":"ListItem","position":2,"name":"ELEKTROFILTER"}]},{"@type":"WebSite","@id":"https:\/\/allincontainer.eu\/#website","url":"https:\/\/allincontainer.eu\/","name":"AIC","description":"Filters and Automation","potentialAction":[{"@type":"SearchAction","target":{"@type":"EntryPoint","urlTemplate":"https:\/\/allincontainer.eu\/?s={search_term_string}"},"query-input":{"@type":"PropertyValueSpecification","valueRequired":true,"valueName":"search_term_string"}}],"inLanguage":"de"}]}},"_links":{"self":[{"href":"https:\/\/allincontainer.eu\/de\/wp-json\/wp\/v2\/pages\/2255","targetHints":{"allow":["GET"]}}],"collection":[{"href":"https:\/\/allincontainer.eu\/de\/wp-json\/wp\/v2\/pages"}],"about":[{"href":"https:\/\/allincontainer.eu\/de\/wp-json\/wp\/v2\/types\/page"}],"author":[{"embeddable":true,"href":"https:\/\/allincontainer.eu\/de\/wp-json\/wp\/v2\/users\/1"}],"replies":[{"embeddable":true,"href":"https:\/\/allincontainer.eu\/de\/wp-json\/wp\/v2\/comments?post=2255"}],"version-history":[{"count":7,"href":"https:\/\/allincontainer.eu\/de\/wp-json\/wp\/v2\/pages\/2255\/revisions"}],"predecessor-version":[{"id":2360,"href":"https:\/\/allincontainer.eu\/de\/wp-json\/wp\/v2\/pages\/2255\/revisions\/2360"}],"wp:attachment":[{"href":"https:\/\/allincontainer.eu\/de\/wp-json\/wp\/v2\/media?parent=2255"}],"curies":[{"name":"wp","href":"https:\/\/api.w.org\/{rel}","templated":true}]}}