{"id":2249,"date":"2021-04-30T11:31:42","date_gmt":"2021-04-30T11:31:42","guid":{"rendered":"https:\/\/allincontainer.eu\/products\/"},"modified":"2026-05-13T12:14:46","modified_gmt":"2026-05-13T09:14:46","slug":"produkte","status":"publish","type":"page","link":"https:\/\/allincontainer.eu\/de\/produkte\/","title":{"rendered":"PRODUKTE"},"content":{"rendered":"<div class=\"wpb-content-wrapper\"><p>[vc_row][vc_column column_width_percent=&#8220;100&#8243; align_horizontal=&#8220;align_center&#8220; gutter_size=&#8220;3&#8243; overlay_alpha=&#8220;50&#8243; shift_x=&#8220;0&#8243; shift_y=&#8220;0&#8243; shift_y_down=&#8220;0&#8243; z_index=&#8220;0&#8243; medium_width=&#8220;0&#8243; mobile_width=&#8220;0&#8243; width=&#8220;1\/1&#8243;][vc_empty_space empty_h=&#8220;1&#8243;][vc_column_text uncode_shortcode_id=&#8220;132850&#8243;]Mit \u00fcber 20 Jahren Erfahrung bieten wir heute zuverl\u00e4ssige, bew\u00e4hrte und leistungsstarke technische Produkte, L\u00f6sungen und Anlagen f\u00fcr die Abgasreinigung, Prozessautomatisierung und SPS-Programmierung. Wir haben erfolgreich Projekte in Litauen, Lettland, Estland, Polen, Finnland und Schweden umgesetzt.[\/vc_column_text][\/vc_column][\/vc_row][vc_row row_height_percent=&#8220;0&#8243; overlay_alpha=&#8220;50&#8243; equal_height=&#8220;yes&#8220; gutter_size=&#8220;3&#8243; column_width_percent=&#8220;100&#8243; shift_y=&#8220;0&#8243; z_index=&#8220;0&#8243;][vc_column column_width_percent=&#8220;100&#8243; gutter_size=&#8220;2&#8243; overlay_alpha=&#8220;50&#8243; shadow=&#8220;std&#8220; shift_x=&#8220;0&#8243; shift_y=&#8220;0&#8243; shift_y_down=&#8220;0&#8243; z_index=&#8220;0&#8243; medium_width=&#8220;0&#8243; mobile_width=&#8220;0&#8243; width=&#8220;1\/1&#8243;][vc_row_inner row_inner_height_percent=&#8220;0&#8243; overlay_alpha=&#8220;50&#8243; equal_height=&#8220;yes&#8220; gutter_size=&#8220;0&#8243; shift_y=&#8220;0&#8243; z_index=&#8220;0&#8243; limit_content=&#8220;&#8220;][vc_column_inner column_width_percent=&#8220;100&#8243; gutter_size=&#8220;3&#8243; back_image=&#8220;2370&#8243; overlay_alpha=&#8220;50&#8243; shift_x=&#8220;0&#8243; shift_y=&#8220;0&#8243; shift_y_down=&#8220;0&#8243; z_index=&#8220;0&#8243; medium_width=&#8220;0&#8243; mobile_width=&#8220;0&#8243; width=&#8220;1\/2&#8243; uncode_shortcode_id=&#8220;188572&#8243;][\/vc_column_inner][vc_column_inner column_width_percent=&#8220;100&#8243; position_vertical=&#8220;middle&#8220; gutter_size=&#8220;3&#8243; override_padding=&#8220;yes&#8220; column_padding=&#8220;2&#8243; overlay_alpha=&#8220;50&#8243; shift_x=&#8220;0&#8243; shift_y=&#8220;0&#8243; shift_y_down=&#8220;0&#8243; z_index=&#8220;0&#8243; medium_width=&#8220;0&#8243; mobile_width=&#8220;0&#8243; width=&#8220;1\/2&#8243;][vc_custom_heading heading_semantic=&#8220;h3&#8243; text_size=&#8220;h3&#8243; text_height=&#8220;&#8220; uncode_shortcode_id=&#8220;278431&#8243;]ESF \u2013 Elektrofilter[\/vc_custom_heading][vc_column_text uncode_shortcode_id=&#8220;479554&#8243;]Elektrofilter z\u00e4hlen zu den effektivsten und zuverl\u00e4ssigsten Methoden der Abgasreinigung. Unsere Technologie tr\u00e4gt zur Einhaltung der EU-Richtlinie 2015\/2193 zur Begrenzung von Emissionen aus Brennstoffverbrennungsanlagen in die Luft bei.[\/vc_column_text][vc_button button_color=&#8220;color-115100&#8243; wide=&#8220;yes&#8220; border_width=&#8220;0&#8243; link=&#8220;url:https%3A%2F%2Fallincontainer.eu%2Fde%2Felektrofilter%2F|title:Produktas%20vidinis&#8220; button_color_type=&#8220;uncode-palette&#8220; uncode_shortcode_id=&#8220;147346&#8243;]AUSF\u00dcHRLICHER[\/vc_button][\/vc_column_inner][\/vc_row_inner][vc_row_inner row_inner_height_percent=&#8220;0&#8243; overlay_alpha=&#8220;50&#8243; equal_height=&#8220;yes&#8220; gutter_size=&#8220;0&#8243; shift_y=&#8220;0&#8243; z_index=&#8220;0&#8243; limit_content=&#8220;&#8220;][vc_column_inner column_width_percent=&#8220;100&#8243; gutter_size=&#8220;3&#8243; back_image=&#8220;2316&#8243; overlay_alpha=&#8220;50&#8243; shift_x=&#8220;0&#8243; shift_y=&#8220;0&#8243; shift_y_down=&#8220;0&#8243; z_index=&#8220;0&#8243; medium_width=&#8220;0&#8243; mobile_width=&#8220;0&#8243; width=&#8220;1\/2&#8243; uncode_shortcode_id=&#8220;151307&#8243;][\/vc_column_inner][vc_column_inner column_width_percent=&#8220;100&#8243; position_vertical=&#8220;middle&#8220; gutter_size=&#8220;3&#8243; override_padding=&#8220;yes&#8220; column_padding=&#8220;2&#8243; overlay_alpha=&#8220;50&#8243; shift_x=&#8220;0&#8243; shift_y=&#8220;0&#8243; shift_y_down=&#8220;0&#8243; z_index=&#8220;0&#8243; medium_width=&#8220;0&#8243; mobile_width=&#8220;0&#8243; width=&#8220;1\/2&#8243;][vc_custom_heading heading_semantic=&#8220;h3&#8243; text_size=&#8220;h3&#8243; text_height=&#8220;&#8220; uncode_shortcode_id=&#8220;229370&#8243;]Gewebefilter[\/vc_custom_heading][vc_column_text uncode_shortcode_id=&#8220;714343&#8243;]Gewebefilter sind effektive Partikelfilter, die den Aussto\u00df von Schwefeldioxid und anderen Partikeln kontrollieren. AIC Tech bietet verschiedene Gewebefiltertypen an, die f\u00fcr unterschiedliche Temperaturen, Abgaskonzentrationen oder andere individuelle Anforderungen geeignet sind.[\/vc_column_text][vc_button button_color=&#8220;color-115100&#8243; wide=&#8220;yes&#8220; border_width=&#8220;0&#8243; link=&#8220;url:https%3A%2F%2Fallincontainer.eu%2Fde%2Fgewebefilter%2F|title:Produktas%20vidinis&#8220; button_color_type=&#8220;uncode-palette&#8220; uncode_shortcode_id=&#8220;148214&#8243;]AUSF\u00dcHRLICHER[\/vc_button][\/vc_column_inner][\/vc_row_inner][vc_row_inner row_inner_height_percent=&#8220;0&#8243; overlay_alpha=&#8220;50&#8243; equal_height=&#8220;yes&#8220; gutter_size=&#8220;0&#8243; shift_y=&#8220;0&#8243; z_index=&#8220;0&#8243; limit_content=&#8220;&#8220;][vc_column_inner column_width_percent=&#8220;100&#8243; gutter_size=&#8220;3&#8243; back_image=&#8220;2226&#8243; overlay_alpha=&#8220;50&#8243; shift_x=&#8220;0&#8243; shift_y=&#8220;0&#8243; shift_y_down=&#8220;0&#8243; z_index=&#8220;0&#8243; medium_width=&#8220;0&#8243; mobile_width=&#8220;0&#8243; width=&#8220;1\/2&#8243; uncode_shortcode_id=&#8220;330763&#8243;][\/vc_column_inner][vc_column_inner column_width_percent=&#8220;100&#8243; position_vertical=&#8220;middle&#8220; gutter_size=&#8220;3&#8243; override_padding=&#8220;yes&#8220; column_padding=&#8220;2&#8243; overlay_alpha=&#8220;50&#8243; shift_x=&#8220;0&#8243; shift_y=&#8220;0&#8243; shift_y_down=&#8220;0&#8243; z_index=&#8220;0&#8243; medium_width=&#8220;0&#8243; mobile_width=&#8220;0&#8243; width=&#8220;1\/2&#8243;][vc_custom_heading heading_semantic=&#8220;h3&#8243; text_size=&#8220;h3&#8243; text_height=&#8220;&#8220; uncode_shortcode_id=&#8220;202211&#8243;]Prozessautomatisierung[\/vc_custom_heading][vc_column_text uncode_shortcode_id=&#8220;428842&#8243;]Unser Team entwickelt Software f\u00fcr speicherprogrammierbare Steuerungen (SPS) \u2013 einen wesentlichen Bestandteil der industriellen Automatisierung, die erm\u00f6glicht die Erstellung und Implementierung von Steuerungsprogrammen nach Kundenwunsch. Ein SPS-Steuerungssystem kann alle in der Prozessautomatisierung verwendeten \u00dcberwachungs- und Steuerungsfunktionen \u00fcbernehmen.[\/vc_column_text][vc_button button_color=&#8220;color-115100&#8243; wide=&#8220;yes&#8220; border_width=&#8220;0&#8243; link=&#8220;url:https%3A%2F%2Fallincontainer.eu%2Fde%2Fspeicherspeichersteuerung-sps%2F|title:Produktas%20vidinis|&#8220; button_color_type=&#8220;uncode-palette&#8220; uncode_shortcode_id=&#8220;198595&#8243;]AUSF\u00dcHRLICHER[\/vc_button][\/vc_column_inner][\/vc_row_inner][\/vc_column][\/vc_row][vc_row][vc_column width=&#8220;1\/1&#8243;][vc_empty_space empty_h=&#8220;2&#8243;][vc_empty_space empty_h=&#8220;2&#8243;][\/vc_column][\/vc_row]<\/p>\n<\/div>","protected":false},"excerpt":{"rendered":"<p>[vc_row][vc_column column_width_percent=&#8220;100&#8243; align_horizontal=&#8220;align_center&#8220; gutter_size=&#8220;3&#8243; overlay_alpha=&#8220;50&#8243; shift_x=&#8220;0&#8243; shift_y=&#8220;0&#8243; shift_y_down=&#8220;0&#8243; z_index=&#8220;0&#8243; medium_width=&#8220;0&#8243; mobile_width=&#8220;0&#8243; width=&#8220;1\/1&#8243;][vc_empty_space empty_h=&#8220;1&#8243;][vc_column_text uncode_shortcode_id=&#8220;132850&#8243;]Mit \u00fcber 20 Jahren Erfahrung bieten wir [&hellip;]<\/p>\n","protected":false},"author":1,"featured_media":0,"parent":0,"menu_order":0,"comment_status":"closed","ping_status":"closed","template":"","meta":{"footnotes":""},"class_list":["post-2249","page","type-page","status-publish","hentry"],"yoast_head":"<!-- This site is optimized with the Yoast SEO plugin v27.6 - https:\/\/yoast.com\/product\/yoast-seo-wordpress\/ -->\n<title>Produkte - AIC<\/title>\n<meta name=\"description\" content=\"Mit \u00fcber 20 Jahren Erfahrung bieten wir heute zuverl\u00e4ssige, bew\u00e4hrte und leistungsstarke technische Produkte, L\u00f6sungen und Anlagen...\" \/>\n<meta name=\"robots\" content=\"index, follow, max-snippet:-1, max-image-preview:large, max-video-preview:-1\" \/>\n<link rel=\"canonical\" href=\"https:\/\/allincontainer.eu\/de\/produkte\/\" \/>\n<meta property=\"og:locale\" content=\"de_DE\" \/>\n<meta property=\"og:type\" content=\"article\" \/>\n<meta property=\"og:title\" content=\"Produkte - AIC\" \/>\n<meta property=\"og:description\" content=\"Mit \u00fcber 20 Jahren Erfahrung bieten wir heute zuverl\u00e4ssige, bew\u00e4hrte und leistungsstarke technische Produkte, L\u00f6sungen und Anlagen...\" \/>\n<meta property=\"og:url\" content=\"https:\/\/allincontainer.eu\/de\/produkte\/\" \/>\n<meta property=\"og:site_name\" content=\"AIC\" \/>\n<meta property=\"article:modified_time\" content=\"2026-05-13T09:14:46+00:00\" \/>\n<meta name=\"twitter:card\" content=\"summary_large_image\" \/>\n<meta name=\"twitter:label1\" content=\"Gesch\u00e4tzte Lesezeit\" \/>\n\t<meta name=\"twitter:data1\" content=\"4\u00a0Minuten\" \/>\n<script type=\"application\/ld+json\" class=\"yoast-schema-graph\">{\"@context\":\"https:\\\/\\\/schema.org\",\"@graph\":[{\"@type\":\"WebPage\",\"@id\":\"https:\\\/\\\/allincontainer.eu\\\/de\\\/produkte\\\/\",\"url\":\"https:\\\/\\\/allincontainer.eu\\\/de\\\/produkte\\\/\",\"name\":\"Produkte - AIC\",\"isPartOf\":{\"@id\":\"https:\\\/\\\/allincontainer.eu\\\/#website\"},\"datePublished\":\"2021-04-30T11:31:42+00:00\",\"dateModified\":\"2026-05-13T09:14:46+00:00\",\"description\":\"Mit \u00fcber 20 Jahren Erfahrung bieten wir heute zuverl\u00e4ssige, bew\u00e4hrte und leistungsstarke technische Produkte, L\u00f6sungen und Anlagen...\",\"breadcrumb\":{\"@id\":\"https:\\\/\\\/allincontainer.eu\\\/de\\\/produkte\\\/#breadcrumb\"},\"inLanguage\":\"de\",\"potentialAction\":[{\"@type\":\"ReadAction\",\"target\":[\"https:\\\/\\\/allincontainer.eu\\\/de\\\/produkte\\\/\"]}]},{\"@type\":\"BreadcrumbList\",\"@id\":\"https:\\\/\\\/allincontainer.eu\\\/de\\\/produkte\\\/#breadcrumb\",\"itemListElement\":[{\"@type\":\"ListItem\",\"position\":1,\"name\":\"Home\",\"item\":\"https:\\\/\\\/allincontainer.eu\\\/de\\\/\"},{\"@type\":\"ListItem\",\"position\":2,\"name\":\"PRODUKTE\"}]},{\"@type\":\"WebSite\",\"@id\":\"https:\\\/\\\/allincontainer.eu\\\/#website\",\"url\":\"https:\\\/\\\/allincontainer.eu\\\/\",\"name\":\"AIC\",\"description\":\"Filters and Automation\",\"potentialAction\":[{\"@type\":\"SearchAction\",\"target\":{\"@type\":\"EntryPoint\",\"urlTemplate\":\"https:\\\/\\\/allincontainer.eu\\\/?s={search_term_string}\"},\"query-input\":{\"@type\":\"PropertyValueSpecification\",\"valueRequired\":true,\"valueName\":\"search_term_string\"}}],\"inLanguage\":\"de\"}]}<\/script>\n<!-- \/ Yoast SEO plugin. -->","yoast_head_json":{"title":"Produkte - AIC","description":"Mit \u00fcber 20 Jahren Erfahrung bieten wir heute zuverl\u00e4ssige, bew\u00e4hrte und leistungsstarke technische Produkte, L\u00f6sungen und Anlagen...","robots":{"index":"index","follow":"follow","max-snippet":"max-snippet:-1","max-image-preview":"max-image-preview:large","max-video-preview":"max-video-preview:-1"},"canonical":"https:\/\/allincontainer.eu\/de\/produkte\/","og_locale":"de_DE","og_type":"article","og_title":"Produkte - AIC","og_description":"Mit \u00fcber 20 Jahren Erfahrung bieten wir heute zuverl\u00e4ssige, bew\u00e4hrte und leistungsstarke technische Produkte, L\u00f6sungen und Anlagen...","og_url":"https:\/\/allincontainer.eu\/de\/produkte\/","og_site_name":"AIC","article_modified_time":"2026-05-13T09:14:46+00:00","twitter_card":"summary_large_image","twitter_misc":{"Gesch\u00e4tzte Lesezeit":"4\u00a0Minuten"},"schema":{"@context":"https:\/\/schema.org","@graph":[{"@type":"WebPage","@id":"https:\/\/allincontainer.eu\/de\/produkte\/","url":"https:\/\/allincontainer.eu\/de\/produkte\/","name":"Produkte - AIC","isPartOf":{"@id":"https:\/\/allincontainer.eu\/#website"},"datePublished":"2021-04-30T11:31:42+00:00","dateModified":"2026-05-13T09:14:46+00:00","description":"Mit \u00fcber 20 Jahren Erfahrung bieten wir heute zuverl\u00e4ssige, bew\u00e4hrte und leistungsstarke technische Produkte, L\u00f6sungen und Anlagen...","breadcrumb":{"@id":"https:\/\/allincontainer.eu\/de\/produkte\/#breadcrumb"},"inLanguage":"de","potentialAction":[{"@type":"ReadAction","target":["https:\/\/allincontainer.eu\/de\/produkte\/"]}]},{"@type":"BreadcrumbList","@id":"https:\/\/allincontainer.eu\/de\/produkte\/#breadcrumb","itemListElement":[{"@type":"ListItem","position":1,"name":"Home","item":"https:\/\/allincontainer.eu\/de\/"},{"@type":"ListItem","position":2,"name":"PRODUKTE"}]},{"@type":"WebSite","@id":"https:\/\/allincontainer.eu\/#website","url":"https:\/\/allincontainer.eu\/","name":"AIC","description":"Filters and Automation","potentialAction":[{"@type":"SearchAction","target":{"@type":"EntryPoint","urlTemplate":"https:\/\/allincontainer.eu\/?s={search_term_string}"},"query-input":{"@type":"PropertyValueSpecification","valueRequired":true,"valueName":"search_term_string"}}],"inLanguage":"de"}]}},"_links":{"self":[{"href":"https:\/\/allincontainer.eu\/de\/wp-json\/wp\/v2\/pages\/2249","targetHints":{"allow":["GET"]}}],"collection":[{"href":"https:\/\/allincontainer.eu\/de\/wp-json\/wp\/v2\/pages"}],"about":[{"href":"https:\/\/allincontainer.eu\/de\/wp-json\/wp\/v2\/types\/page"}],"author":[{"embeddable":true,"href":"https:\/\/allincontainer.eu\/de\/wp-json\/wp\/v2\/users\/1"}],"replies":[{"embeddable":true,"href":"https:\/\/allincontainer.eu\/de\/wp-json\/wp\/v2\/comments?post=2249"}],"version-history":[{"count":9,"href":"https:\/\/allincontainer.eu\/de\/wp-json\/wp\/v2\/pages\/2249\/revisions"}],"predecessor-version":[{"id":2502,"href":"https:\/\/allincontainer.eu\/de\/wp-json\/wp\/v2\/pages\/2249\/revisions\/2502"}],"wp:attachment":[{"href":"https:\/\/allincontainer.eu\/de\/wp-json\/wp\/v2\/media?parent=2249"}],"curies":[{"name":"wp","href":"https:\/\/api.w.org\/{rel}","templated":true}]}}