{"id":2243,"date":"2021-04-30T11:27:03","date_gmt":"2021-04-30T11:27:03","guid":{"rendered":"https:\/\/allincontainer.eu\/about-us\/"},"modified":"2026-05-13T11:13:28","modified_gmt":"2026-05-13T08:13:28","slug":"ueber-uns","status":"publish","type":"page","link":"https:\/\/allincontainer.eu\/de\/ueber-uns\/","title":{"rendered":"\u00dcBER UNS"},"content":{"rendered":"<div class=\"wpb-content-wrapper\"><p>[vc_row row_height_percent=&#8220;100&#8243; overlay_alpha=&#8220;50&#8243; gutter_size=&#8220;3&#8243; column_width_percent=&#8220;100&#8243; shift_y=&#8220;0&#8243; z_index=&#8220;0&#8243;][vc_column column_width_percent=&#8220;100&#8243; position_vertical=&#8220;middle&#8220; gutter_size=&#8220;3&#8243; overlay_alpha=&#8220;50&#8243; shift_x=&#8220;0&#8243; shift_y=&#8220;0&#8243; shift_y_down=&#8220;0&#8243; z_index=&#8220;0&#8243; medium_width=&#8220;0&#8243; mobile_width=&#8220;0&#8243; width=&#8220;1\/1&#8243;][vc_row_inner row_inner_height_percent=&#8220;0&#8243; overlay_alpha=&#8220;50&#8243; equal_height=&#8220;yes&#8220; gutter_size=&#8220;4&#8243; shift_y=&#8220;0&#8243; z_index=&#8220;0&#8243; limit_content=&#8220;&#8220;][vc_column_inner column_width_percent=&#8220;100&#8243; position_vertical=&#8220;middle&#8220; gutter_size=&#8220;3&#8243; overlay_alpha=&#8220;50&#8243; shift_x=&#8220;0&#8243; shift_y=&#8220;0&#8243; shift_y_down=&#8220;0&#8243; z_index=&#8220;0&#8243; medium_width=&#8220;0&#8243; mobile_width=&#8220;0&#8243; width=&#8220;1\/2&#8243;][vc_single_image media=&#8220;2245&#8243; media_width_percent=&#8220;100&#8243; media_ratio=&#8220;one-one&#8220; alignment=&#8220;center&#8220; uncode_shortcode_id=&#8220;795061&#8243;][\/vc_column_inner][vc_column_inner column_width_percent=&#8220;100&#8243; position_vertical=&#8220;middle&#8220; gutter_size=&#8220;3&#8243; overlay_alpha=&#8220;50&#8243; shift_x=&#8220;0&#8243; shift_y=&#8220;0&#8243; shift_y_down=&#8220;0&#8243; z_index=&#8220;0&#8243; medium_width=&#8220;0&#8243; mobile_width=&#8220;0&#8243; width=&#8220;1\/2&#8243;][vc_column_text uncode_shortcode_id=&#8220;150422&#8243;]Wir sind &#8222;AIC Tech&#8220;. Mit mehr als 20 Jahren Erfahrung bieten wir heute zuverl\u00e4ssige, erprobte und leistungsstarke L\u00f6sungen und Anlagen f\u00fcr <strong>Abgasreinigung, Prozessautomatisierung und SPS-Programmierung<\/strong>. Bisher haben wir erfolgreich Projekte in Litauen, Lettland, Estland, Polen, Schweden und Finnland umgesetzt.<\/p>\n<p>&#8222;AIC Tech&#8220; verspricht, Ihre Bed\u00fcrfnisse sorgf\u00e4ltig und effizient zu erf\u00fcllen. Bei jedem Projekt legen wir Wert auf umweltfreundliche L\u00f6sungen f\u00fcr eine nachhaltigere Zukunft. Wir sind au\u00dferdem auf Prozessautomatisierung spezialisiert, die es Ihnen erm\u00f6glicht, Ihre Gesch\u00e4ftsabl\u00e4ufe zu optimieren und konsistente und zuverl\u00e4ssige Ergebnisse zu gew\u00e4hrleisten. Unser Ziel ist es, unseren Kunden Werkzeuge zur Verf\u00fcgung zu stellen, die ihre Arbeit reibungsloser und effizienter machen.<\/p>\n<p>Jedes Projekt, ob gro\u00df oder klein, erh\u00e4lt die ungeteilte Aufmerksamkeit unseres Teams. Wir gew\u00e4hrleisten qualitativ hochwertige Ergebnisse vom Anfang bis zum Ende Ihres Projekts. Unsere Experten sorgen f\u00fcr ein reibungsloses Erlebnis und stellen sicher, dass Ihre Gesch\u00e4ftsanforderungen nach h\u00f6chsten Standards umgesetzt werden.[\/vc_column_text][\/vc_column_inner][\/vc_row_inner][\/vc_column][\/vc_row][vc_row][vc_column width=&#8220;1\/1&#8243;][vc_custom_heading text_size=&#8220;h4&#8243; uncode_shortcode_id=&#8220;153031&#8243;]Unser Team ist stets bestrebt, sich von diesen Werten leiten zu lassen:[\/vc_custom_heading][vc_column_text uncode_shortcode_id=&#8220;896844&#8243;]EFFIZIENZ \u2013 unsere Automatisierungs- und SPS-Programmierl\u00f6sungen sind darauf ausgelegt, selbst komplexeste Aufgaben effizient zu bew\u00e4ltigen und dabei die Kundenbed\u00fcrfnisse zu ber\u00fccksichtigen. Durch Prozessoptimierung und Verlustminimierung steigern unsere L\u00f6sungen die Produktivit\u00e4t Ihres Betriebs. In einer Zeit, in der Zeit Geld ist, sorgen unsere fortschrittlichen Systeme daf\u00fcr, dass Sie mit weniger Aufwand optimale Ergebnisse erzielen und sich einen Wettbewerbsvorteil verschaffen.<\/p>\n<p>NACHHALTIGKEIT \u2013 unsere Abgasreinigungsl\u00f6sungen sind darauf ausgelegt, saubere Energie zu erzeugen und den Weg in eine nachhaltige Energiezukunft zu ebnen. Mit modernsten Technologien setzen wir uns daf\u00fcr ein, unseren CO2 Fu\u00dfabdruck zu reduzieren und umweltfreundlichere Energie zu f\u00f6rdern. Lassen Sie uns zusammenarbeiten und in einen saubereren, ges\u00fcnderen Planeten f\u00fcr zuk\u00fcnftige Generationen investieren.<\/p>\n<p>TECHNOLOGIE \u2013 unsere Experten bieten innovative Technologien, die Ihren Gesch\u00e4ftsanforderungen gerecht werden. Das AIC Tech-Team analysiert st\u00e4ndig die neuesten Technologien und passt sie an Ihre Branche an. Von Softwarel\u00f6sungen bis hin zur Entwicklung technischer Anlagen \u2013 unser Team ist immer bereit.<\/p>\n<p>QUALIT\u00c4T \u2013 wir \u00fcberwachen aktiv die Qualit\u00e4t unserer L\u00f6sungen und Dienstleistungen, um zuverl\u00e4ssige, langfristige L\u00f6sungen anbieten zu k\u00f6nnen, die schnell und qualitativ hochwertig umgesetzt werden. Bei unserer Arbeit befolgen wir stets die strengsten Qualit\u00e4tskontrollstandards.<\/p>\n<p>WARTUNG \u2013 wir bieten auch Filterinspektion, Service, Reparatur und Wartung f\u00fcr von uns und nicht von uns installierten Filter an. Unsere umfassenden Wartungspakete gew\u00e4hrleisten die Langlebigkeit und Effizienz Ihrer Systeme, sparen Ihnen zuk\u00fcnftige Kosten und reduzieren potenzielle Ausfallzeiten.<\/p>\n<p>TEAMARBEIT \u2013 wir glauben, dass ein starkes Team und eine zuverl\u00e4ssige Partnerschaft Werte sind, die es uns erm\u00f6glichen, zu wachsen und unsere h\u00f6chsten Ziele zu erreichen. In unserer Zusammenarbeit verbinden wir gegenseitigen Respekt, streben langfristige Beziehungen zu unseren Kunden an und schaffen ein Umfeld, das es uns erm\u00f6glicht, unsere h\u00f6chsten Ziele zu erreichen.[\/vc_column_text][\/vc_column][\/vc_row][vc_row][vc_column width=&#8220;1\/1&#8243;][vc_single_image media=&#8220;2244&#8243; media_width_percent=&#8220;100&#8243; uncode_shortcode_id=&#8220;193990&#8243;][\/vc_column][\/vc_row]<\/p>\n<\/div>","protected":false},"excerpt":{"rendered":"<p>[vc_row row_height_percent=&#8220;100&#8243; overlay_alpha=&#8220;50&#8243; gutter_size=&#8220;3&#8243; column_width_percent=&#8220;100&#8243; shift_y=&#8220;0&#8243; z_index=&#8220;0&#8243;][vc_column column_width_percent=&#8220;100&#8243; position_vertical=&#8220;middle&#8220; gutter_size=&#8220;3&#8243; overlay_alpha=&#8220;50&#8243; shift_x=&#8220;0&#8243; shift_y=&#8220;0&#8243; shift_y_down=&#8220;0&#8243; z_index=&#8220;0&#8243; medium_width=&#8220;0&#8243; mobile_width=&#8220;0&#8243; width=&#8220;1\/1&#8243;][vc_row_inner row_inner_height_percent=&#8220;0&#8243; overlay_alpha=&#8220;50&#8243; [&hellip;]<\/p>\n","protected":false},"author":1,"featured_media":0,"parent":0,"menu_order":0,"comment_status":"closed","ping_status":"closed","template":"","meta":{"footnotes":""},"class_list":["post-2243","page","type-page","status-publish","hentry"],"yoast_head":"<!-- This site is optimized with the Yoast SEO plugin v27.6 - https:\/\/yoast.com\/product\/yoast-seo-wordpress\/ -->\n<title>About us - AIC Tech<\/title>\n<meta name=\"description\" content=\"AIC Tech heute zuverl\u00e4ssige, erprobte und leistungsstarke L\u00f6sungen und Anlagen f\u00fcr Abgasreinigung, Prozessautomatisierung und SPS-Pro...\" \/>\n<meta name=\"robots\" content=\"index, follow, max-snippet:-1, max-image-preview:large, max-video-preview:-1\" \/>\n<link rel=\"canonical\" href=\"https:\/\/allincontainer.eu\/de\/ueber-uns\/\" \/>\n<meta property=\"og:locale\" content=\"de_DE\" \/>\n<meta property=\"og:type\" content=\"article\" \/>\n<meta property=\"og:title\" content=\"About us - AIC Tech\" \/>\n<meta property=\"og:description\" content=\"AIC Tech heute zuverl\u00e4ssige, erprobte und leistungsstarke L\u00f6sungen und Anlagen f\u00fcr Abgasreinigung, Prozessautomatisierung und SPS-Pro...\" \/>\n<meta property=\"og:url\" content=\"https:\/\/allincontainer.eu\/de\/ueber-uns\/\" \/>\n<meta property=\"og:site_name\" content=\"AIC\" \/>\n<meta property=\"article:modified_time\" content=\"2026-05-13T08:13:28+00:00\" \/>\n<meta name=\"twitter:card\" content=\"summary_large_image\" \/>\n<meta name=\"twitter:label1\" content=\"Gesch\u00e4tzte Lesezeit\" \/>\n\t<meta name=\"twitter:data1\" content=\"3\u00a0Minuten\" \/>\n<script type=\"application\/ld+json\" class=\"yoast-schema-graph\">{\"@context\":\"https:\\\/\\\/schema.org\",\"@graph\":[{\"@type\":\"WebPage\",\"@id\":\"https:\\\/\\\/allincontainer.eu\\\/de\\\/ueber-uns\\\/\",\"url\":\"https:\\\/\\\/allincontainer.eu\\\/de\\\/ueber-uns\\\/\",\"name\":\"About us - AIC Tech\",\"isPartOf\":{\"@id\":\"https:\\\/\\\/allincontainer.eu\\\/#website\"},\"datePublished\":\"2021-04-30T11:27:03+00:00\",\"dateModified\":\"2026-05-13T08:13:28+00:00\",\"description\":\"AIC Tech heute zuverl\u00e4ssige, erprobte und leistungsstarke L\u00f6sungen und Anlagen f\u00fcr Abgasreinigung, Prozessautomatisierung und SPS-Pro...\",\"breadcrumb\":{\"@id\":\"https:\\\/\\\/allincontainer.eu\\\/de\\\/ueber-uns\\\/#breadcrumb\"},\"inLanguage\":\"de\",\"potentialAction\":[{\"@type\":\"ReadAction\",\"target\":[\"https:\\\/\\\/allincontainer.eu\\\/de\\\/ueber-uns\\\/\"]}]},{\"@type\":\"BreadcrumbList\",\"@id\":\"https:\\\/\\\/allincontainer.eu\\\/de\\\/ueber-uns\\\/#breadcrumb\",\"itemListElement\":[{\"@type\":\"ListItem\",\"position\":1,\"name\":\"Home\",\"item\":\"https:\\\/\\\/allincontainer.eu\\\/de\\\/\"},{\"@type\":\"ListItem\",\"position\":2,\"name\":\"\u00dcBER UNS\"}]},{\"@type\":\"WebSite\",\"@id\":\"https:\\\/\\\/allincontainer.eu\\\/#website\",\"url\":\"https:\\\/\\\/allincontainer.eu\\\/\",\"name\":\"AIC\",\"description\":\"Filters and Automation\",\"potentialAction\":[{\"@type\":\"SearchAction\",\"target\":{\"@type\":\"EntryPoint\",\"urlTemplate\":\"https:\\\/\\\/allincontainer.eu\\\/?s={search_term_string}\"},\"query-input\":{\"@type\":\"PropertyValueSpecification\",\"valueRequired\":true,\"valueName\":\"search_term_string\"}}],\"inLanguage\":\"de\"}]}<\/script>\n<!-- \/ Yoast SEO plugin. -->","yoast_head_json":{"title":"About us - AIC Tech","description":"AIC Tech heute zuverl\u00e4ssige, erprobte und leistungsstarke L\u00f6sungen und Anlagen f\u00fcr Abgasreinigung, Prozessautomatisierung und SPS-Pro...","robots":{"index":"index","follow":"follow","max-snippet":"max-snippet:-1","max-image-preview":"max-image-preview:large","max-video-preview":"max-video-preview:-1"},"canonical":"https:\/\/allincontainer.eu\/de\/ueber-uns\/","og_locale":"de_DE","og_type":"article","og_title":"About us - AIC Tech","og_description":"AIC Tech heute zuverl\u00e4ssige, erprobte und leistungsstarke L\u00f6sungen und Anlagen f\u00fcr Abgasreinigung, Prozessautomatisierung und SPS-Pro...","og_url":"https:\/\/allincontainer.eu\/de\/ueber-uns\/","og_site_name":"AIC","article_modified_time":"2026-05-13T08:13:28+00:00","twitter_card":"summary_large_image","twitter_misc":{"Gesch\u00e4tzte Lesezeit":"3\u00a0Minuten"},"schema":{"@context":"https:\/\/schema.org","@graph":[{"@type":"WebPage","@id":"https:\/\/allincontainer.eu\/de\/ueber-uns\/","url":"https:\/\/allincontainer.eu\/de\/ueber-uns\/","name":"About us - AIC Tech","isPartOf":{"@id":"https:\/\/allincontainer.eu\/#website"},"datePublished":"2021-04-30T11:27:03+00:00","dateModified":"2026-05-13T08:13:28+00:00","description":"AIC Tech heute zuverl\u00e4ssige, erprobte und leistungsstarke L\u00f6sungen und Anlagen f\u00fcr Abgasreinigung, Prozessautomatisierung und SPS-Pro...","breadcrumb":{"@id":"https:\/\/allincontainer.eu\/de\/ueber-uns\/#breadcrumb"},"inLanguage":"de","potentialAction":[{"@type":"ReadAction","target":["https:\/\/allincontainer.eu\/de\/ueber-uns\/"]}]},{"@type":"BreadcrumbList","@id":"https:\/\/allincontainer.eu\/de\/ueber-uns\/#breadcrumb","itemListElement":[{"@type":"ListItem","position":1,"name":"Home","item":"https:\/\/allincontainer.eu\/de\/"},{"@type":"ListItem","position":2,"name":"\u00dcBER UNS"}]},{"@type":"WebSite","@id":"https:\/\/allincontainer.eu\/#website","url":"https:\/\/allincontainer.eu\/","name":"AIC","description":"Filters and Automation","potentialAction":[{"@type":"SearchAction","target":{"@type":"EntryPoint","urlTemplate":"https:\/\/allincontainer.eu\/?s={search_term_string}"},"query-input":{"@type":"PropertyValueSpecification","valueRequired":true,"valueName":"search_term_string"}}],"inLanguage":"de"}]}},"_links":{"self":[{"href":"https:\/\/allincontainer.eu\/de\/wp-json\/wp\/v2\/pages\/2243","targetHints":{"allow":["GET"]}}],"collection":[{"href":"https:\/\/allincontainer.eu\/de\/wp-json\/wp\/v2\/pages"}],"about":[{"href":"https:\/\/allincontainer.eu\/de\/wp-json\/wp\/v2\/types\/page"}],"author":[{"embeddable":true,"href":"https:\/\/allincontainer.eu\/de\/wp-json\/wp\/v2\/users\/1"}],"replies":[{"embeddable":true,"href":"https:\/\/allincontainer.eu\/de\/wp-json\/wp\/v2\/comments?post=2243"}],"version-history":[{"count":6,"href":"https:\/\/allincontainer.eu\/de\/wp-json\/wp\/v2\/pages\/2243\/revisions"}],"predecessor-version":[{"id":2460,"href":"https:\/\/allincontainer.eu\/de\/wp-json\/wp\/v2\/pages\/2243\/revisions\/2460"}],"wp:attachment":[{"href":"https:\/\/allincontainer.eu\/de\/wp-json\/wp\/v2\/media?parent=2243"}],"curies":[{"name":"wp","href":"https:\/\/api.w.org\/{rel}","templated":true}]}}