{"id":2209,"date":"2021-04-30T11:07:49","date_gmt":"2021-04-30T11:07:49","guid":{"rendered":"https:\/\/allincontainer.eu\/aic-filters-and-automation\/"},"modified":"2026-05-13T10:31:18","modified_gmt":"2026-05-13T07:31:18","slug":"aic-filters-and-automation","status":"publish","type":"page","link":"https:\/\/allincontainer.eu\/de\/","title":{"rendered":"AIC Tech: Elektrofilter und Prozessautomatisierung"},"content":{"rendered":"<div class=\"wpb-content-wrapper\"><p>[vc_row unlock_row_content=&#8220;yes&#8220; row_height_percent=&#8220;100&#8243; override_padding=&#8220;yes&#8220; h_padding=&#8220;0&#8243; top_padding=&#8220;0&#8243; bottom_padding=&#8220;0&#8243; overlay_alpha=&#8220;50&#8243; equal_height=&#8220;yes&#8220; gutter_size=&#8220;0&#8243; column_width_percent=&#8220;100&#8243; shift_y=&#8220;0&#8243; z_index=&#8220;0&#8243;][vc_column column_width_percent=&#8220;100&#8243; position_vertical=&#8220;middle&#8220; align_horizontal=&#8220;align_center&#8220; gutter_size=&#8220;3&#8243; overlay_alpha=&#8220;50&#8243; shift_x=&#8220;0&#8243; shift_y=&#8220;0&#8243; shift_y_down=&#8220;0&#8243; z_index=&#8220;0&#8243; medium_width=&#8220;0&#8243; mobile_width=&#8220;0&#8243; width=&#8220;1\/2&#8243;][vc_row_inner row_inner_height_percent=&#8220;0&#8243; overlay_alpha=&#8220;50&#8243; equal_height=&#8220;yes&#8220; gutter_size=&#8220;4&#8243; shift_y=&#8220;0&#8243; z_index=&#8220;0&#8243; limit_content=&#8220;&#8220;][vc_column_inner column_width_percent=&#8220;100&#8243; position_vertical=&#8220;middle&#8220; align_horizontal=&#8220;align_center&#8220; gutter_size=&#8220;3&#8243; override_padding=&#8220;yes&#8220; column_padding=&#8220;3&#8243; overlay_alpha=&#8220;50&#8243; shift_x=&#8220;0&#8243; shift_y=&#8220;0&#8243; shift_y_down=&#8220;0&#8243; z_index=&#8220;0&#8243; medium_width=&#8220;0&#8243; mobile_width=&#8220;0&#8243; width=&#8220;1\/1&#8243;][vc_custom_heading text_weight=&#8220;600&#8243; text_height=&#8220;&#8220; uncode_shortcode_id=&#8220;104749&#8243;]Elektrofilter[\/vc_custom_heading][vc_custom_heading text_color=&#8220;color-wayh&#8220; heading_semantic=&#8220;h5&#8243; text_font=&#8220;font-987757&#8243; text_size=&#8220;h5&#8243; text_weight=&#8220;400&#8243; text_height=&#8220;&#8220; uncode_shortcode_id=&#8220;116796&#8243; text_color_type=&#8220;uncode-palette&#8220;]Elektrofilter z\u00e4hlen zu den effektivsten und zuverl\u00e4ssigsten Methoden der Abgasreinigung. Unsere Technologie tr\u00e4gt zur Einhaltung der EU-Richtlinie 2015\/2193 zur Begrenzung von Emissionen aus Verbrennungsanlagen in die Luft bei.[\/vc_custom_heading][vc_button button_color=&#8220;color-115100&#8243; radius=&#8220;btn-circle&#8220; border_width=&#8220;0&#8243; width=&#8220;150&#8243; link=&#8220;url:https%3A%2F%2Fallincontainer.eu%2Fde%2Felektrofilter%2F|title:Apie%20mus|&#8220; button_color_type=&#8220;uncode-palette&#8220; uncode_shortcode_id=&#8220;130444&#8243;]AUSF\u00dcHRLICHER[\/vc_button][\/vc_column_inner][\/vc_row_inner][\/vc_column][vc_column column_width_percent=&#8220;100&#8243; position_vertical=&#8220;middle&#8220; gutter_size=&#8220;3&#8243; back_image=&#8220;2210&#8243; overlay_alpha=&#8220;50&#8243; shift_x=&#8220;0&#8243; shift_y=&#8220;0&#8243; shift_y_down=&#8220;0&#8243; z_index=&#8220;0&#8243; medium_width=&#8220;0&#8243; mobile_width=&#8220;0&#8243; width=&#8220;1\/2&#8243; uncode_shortcode_id=&#8220;113961&#8243;][\/vc_column][\/vc_row][vc_row unlock_row_content=&#8220;yes&#8220; row_height_percent=&#8220;100&#8243; override_padding=&#8220;yes&#8220; h_padding=&#8220;0&#8243; top_padding=&#8220;0&#8243; bottom_padding=&#8220;0&#8243; overlay_alpha=&#8220;50&#8243; equal_height=&#8220;yes&#8220; gutter_size=&#8220;0&#8243; column_width_percent=&#8220;100&#8243; shift_y=&#8220;0&#8243; z_index=&#8220;0&#8243; row_name=&#8220;automatizavimas&#8220;][vc_column column_width_percent=&#8220;100&#8243; position_vertical=&#8220;middle&#8220; gutter_size=&#8220;3&#8243; overlay_alpha=&#8220;50&#8243; shift_x=&#8220;0&#8243; shift_y=&#8220;0&#8243; shift_y_down=&#8220;0&#8243; z_index=&#8220;0&#8243; medium_width=&#8220;0&#8243; mobile_width=&#8220;0&#8243; width=&#8220;1\/2&#8243; uncode_shortcode_id=&#8220;197600&#8243;][vc_row_inner row_inner_height_percent=&#8220;0&#8243; overlay_alpha=&#8220;50&#8243; equal_height=&#8220;yes&#8220; gutter_size=&#8220;4&#8243; shift_y=&#8220;0&#8243; z_index=&#8220;0&#8243; limit_content=&#8220;&#8220;][vc_column_inner column_width_percent=&#8220;100&#8243; position_vertical=&#8220;middle&#8220; align_horizontal=&#8220;align_center&#8220; gutter_size=&#8220;3&#8243; override_padding=&#8220;yes&#8220; column_padding=&#8220;3&#8243; overlay_color=&#8220;color-gyho&#8220; overlay_alpha=&#8220;50&#8243; shift_x=&#8220;0&#8243; shift_y=&#8220;0&#8243; shift_y_down=&#8220;0&#8243; z_index=&#8220;0&#8243; medium_width=&#8220;0&#8243; mobile_width=&#8220;0&#8243; width=&#8220;1\/1&#8243; uncode_shortcode_id=&#8220;207123&#8243; overlay_color_type=&#8220;uncode-palette&#8220;][vc_custom_heading text_weight=&#8220;600&#8243; text_height=&#8220;&#8220; uncode_shortcode_id=&#8220;559431&#8243;]Prozessautomatisierung[\/vc_custom_heading][vc_custom_heading text_color=&#8220;color-wayh&#8220; heading_semantic=&#8220;h5&#8243; text_font=&#8220;font-987757&#8243; text_size=&#8220;h5&#8243; text_weight=&#8220;400&#8243; text_height=&#8220;&#8220; uncode_shortcode_id=&#8220;727976&#8243; text_color_type=&#8220;uncode-palette&#8220;]Unser Team entwickelt Software f\u00fcr speicherprogrammierbare Steuerungen (SPS) \u2013 einen wesentlichen Bestandteil der industriellen Automatisierung, die erm\u00f6glicht die Erstellung und Implementierung von Steuerungsprogrammen nach Kundenwunsch. Ein SPS-Steuerungssystem kann alle in der Prozessautomatisierung verwendeten \u00dcberwachungs- und Steuerungsfunktionen \u00fcbernehmen.[\/vc_custom_heading][vc_button button_color=&#8220;color-115100&#8243; radius=&#8220;btn-circle&#8220; border_width=&#8220;0&#8243; width=&#8220;150&#8243; link=&#8220;url:https%3A%2F%2Fallincontainer.eu%2Flt%2Fplc-programavimas%2F|title:Apie%20mus|&#8220; button_color_type=&#8220;uncode-palette&#8220; uncode_shortcode_id=&#8220;104967&#8243;]AUSF\u00dcHRLICHER[\/vc_button][vc_single_image media=&#8220;2227&#8243; media_width_percent=&#8220;100&#8243; media_ratio=&#8220;one-one&#8220; uncode_shortcode_id=&#8220;636094&#8243;][\/vc_column_inner][\/vc_row_inner][\/vc_column][vc_column column_width_percent=&#8220;100&#8243; position_vertical=&#8220;middle&#8220; align_horizontal=&#8220;align_center&#8220; gutter_size=&#8220;3&#8243; overlay_alpha=&#8220;50&#8243; shift_x=&#8220;0&#8243; shift_y=&#8220;0&#8243; shift_y_down=&#8220;0&#8243; z_index=&#8220;0&#8243; medium_width=&#8220;0&#8243; mobile_width=&#8220;0&#8243; width=&#8220;1\/2&#8243;][vc_row_inner row_inner_height_percent=&#8220;0&#8243; overlay_alpha=&#8220;50&#8243; equal_height=&#8220;yes&#8220; gutter_size=&#8220;4&#8243; shift_y=&#8220;0&#8243; z_index=&#8220;0&#8243; limit_content=&#8220;&#8220;][vc_column_inner column_width_percent=&#8220;100&#8243; position_vertical=&#8220;middle&#8220; align_horizontal=&#8220;align_center&#8220; gutter_size=&#8220;3&#8243; override_padding=&#8220;yes&#8220; column_padding=&#8220;3&#8243; overlay_color=&#8220;color-uydo&#8220; overlay_alpha=&#8220;50&#8243; shift_x=&#8220;0&#8243; shift_y=&#8220;0&#8243; shift_y_down=&#8220;0&#8243; z_index=&#8220;0&#8243; medium_width=&#8220;0&#8243; mobile_width=&#8220;0&#8243; width=&#8220;1\/1&#8243; uncode_shortcode_id=&#8220;264027&#8243; overlay_color_type=&#8220;uncode-palette&#8220;][vc_custom_heading text_weight=&#8220;600&#8243; text_height=&#8220;&#8220; uncode_shortcode_id=&#8220;113438&#8243;]Gewebefilter[\/vc_custom_heading][vc_custom_heading text_color=&#8220;color-wayh&#8220; heading_semantic=&#8220;h5&#8243; text_font=&#8220;font-987757&#8243; text_size=&#8220;h5&#8243; text_weight=&#8220;400&#8243; text_height=&#8220;&#8220; uncode_shortcode_id=&#8220;114876&#8243; text_color_type=&#8220;uncode-palette&#8220;]Gewebefilter sind effektive Partikelfilter, die den Aussto\u00df von Schwefeldioxid und anderen Partikeln kontrollieren. AIC Tech bietet verschiedene Gewebefiltertypen an, die f\u00fcr unterschiedliche Temperaturen, Abgaskonzentrationen oder andere individuelle Anforderungen geeignet sind.[\/vc_custom_heading][vc_button button_color=&#8220;color-115100&#8243; radius=&#8220;btn-circle&#8220; border_width=&#8220;0&#8243; button_color_type=&#8220;uncode-palette&#8220; uncode_shortcode_id=&#8220;282143&#8243; link=&#8220;url:https%3A%2F%2Fallincontainer.eu%2Fde%2Fgewebefilter%2F|title:Rankoviniai%20filtrai&#8220;]AUSF\u00dcHRLICHER[\/vc_button][vc_single_image media=&#8220;2316&#8243; media_width_percent=&#8220;100&#8243; media_ratio=&#8220;one-one&#8220; uncode_shortcode_id=&#8220;291114&#8243;][\/vc_column_inner][\/vc_row_inner][\/vc_column][\/vc_row][vc_row row_height_percent=&#8220;0&#8243; override_padding=&#8220;yes&#8220; h_padding=&#8220;2&#8243; top_padding=&#8220;5&#8243; bottom_padding=&#8220;5&#8243; back_color=&#8220;color-lxmt&#8220; overlay_alpha=&#8220;50&#8243; equal_height=&#8220;yes&#8220; gutter_size=&#8220;3&#8243; column_width_percent=&#8220;100&#8243; shift_y=&#8220;0&#8243; z_index=&#8220;0&#8243;][vc_column column_width_percent=&#8220;100&#8243; gutter_size=&#8220;2&#8243; overlay_alpha=&#8220;50&#8243; radius=&#8220;std&#8220; shadow=&#8220;std&#8220; shift_x=&#8220;0&#8243; shift_y=&#8220;0&#8243; shift_y_down=&#8220;0&#8243; z_index=&#8220;0&#8243; medium_width=&#8220;0&#8243; mobile_width=&#8220;0&#8243; width=&#8220;1\/3&#8243;][vc_row_inner limit_content=&#8220;&#8220;][vc_column_inner column_width_percent=&#8220;100&#8243; position_vertical=&#8220;middle&#8220; align_horizontal=&#8220;align_center&#8220; gutter_size=&#8220;3&#8243; override_padding=&#8220;yes&#8220; column_padding=&#8220;2&#8243; back_color=&#8220;color-xsdn&#8220; overlay_alpha=&#8220;50&#8243; radius=&#8220;std&#8220; shift_x=&#8220;0&#8243; shift_y=&#8220;0&#8243; shift_y_down=&#8220;0&#8243; z_index=&#8220;0&#8243; medium_width=&#8220;0&#8243; mobile_width=&#8220;0&#8243; width=&#8220;1\/1&#8243;][vc_empty_space empty_h=&#8220;1&#8243;][vc_single_image media=&#8220;2217&#8243; media_width_percent=&#8220;46&#8243; alignment=&#8220;center&#8220;][vc_custom_heading heading_semantic=&#8220;h3&#8243; text_size=&#8220;h4&#8243; text_height=&#8220;&#8220; uncode_shortcode_id=&#8220;691328&#8243;]Hohe Abgasreinigung 5 mg\/m3 bis auf ein Minimum[\/vc_custom_heading][vc_empty_space empty_h=&#8220;2&#8243;][\/vc_column_inner][\/vc_row_inner][\/vc_column][vc_column column_width_percent=&#8220;100&#8243; gutter_size=&#8220;2&#8243; overlay_alpha=&#8220;50&#8243; shadow=&#8220;std&#8220; shift_x=&#8220;0&#8243; shift_y=&#8220;0&#8243; shift_y_down=&#8220;0&#8243; z_index=&#8220;0&#8243; medium_width=&#8220;0&#8243; mobile_width=&#8220;0&#8243; width=&#8220;1\/3&#8243;][vc_row_inner limit_content=&#8220;&#8220;][vc_column_inner column_width_percent=&#8220;100&#8243; position_vertical=&#8220;middle&#8220; align_horizontal=&#8220;align_center&#8220; gutter_size=&#8220;3&#8243; override_padding=&#8220;yes&#8220; column_padding=&#8220;2&#8243; back_color=&#8220;color-xsdn&#8220; overlay_alpha=&#8220;50&#8243; radius=&#8220;std&#8220; shift_x=&#8220;0&#8243; shift_y=&#8220;0&#8243; shift_y_down=&#8220;0&#8243; z_index=&#8220;0&#8243; medium_width=&#8220;0&#8243; mobile_width=&#8220;0&#8243; width=&#8220;1\/1&#8243;][vc_empty_space empty_h=&#8220;1&#8243;][vc_single_image media=&#8220;2218&#8243; media_width_percent=&#8220;46&#8243; alignment=&#8220;center&#8220;][vc_custom_heading heading_semantic=&#8220;h3&#8243; text_size=&#8220;h4&#8243; text_height=&#8220;&#8220; uncode_shortcode_id=&#8220;128744&#8243;]Qualit\u00e4tsprodukte mit einer Lebensdauer von 15-20 Jahren[\/vc_custom_heading][vc_empty_space empty_h=&#8220;2&#8243;][\/vc_column_inner][\/vc_row_inner][\/vc_column][vc_column column_width_percent=&#8220;100&#8243; gutter_size=&#8220;2&#8243; overlay_alpha=&#8220;50&#8243; shadow=&#8220;std&#8220; shift_x=&#8220;0&#8243; shift_y=&#8220;0&#8243; shift_y_down=&#8220;0&#8243; z_index=&#8220;0&#8243; medium_width=&#8220;0&#8243; mobile_width=&#8220;0&#8243; width=&#8220;1\/3&#8243;][vc_row_inner limit_content=&#8220;&#8220;][vc_column_inner column_width_percent=&#8220;100&#8243; position_vertical=&#8220;middle&#8220; align_horizontal=&#8220;align_center&#8220; gutter_size=&#8220;3&#8243; override_padding=&#8220;yes&#8220; column_padding=&#8220;2&#8243; back_color=&#8220;color-xsdn&#8220; overlay_alpha=&#8220;50&#8243; radius=&#8220;std&#8220; shift_x=&#8220;0&#8243; shift_y=&#8220;0&#8243; shift_y_down=&#8220;0&#8243; z_index=&#8220;0&#8243; medium_width=&#8220;0&#8243; mobile_width=&#8220;0&#8243; width=&#8220;1\/1&#8243;][vc_empty_space empty_h=&#8220;1&#8243;][vc_single_image media=&#8220;2219&#8243; media_width_percent=&#8220;46&#8243; alignment=&#8220;center&#8220;][vc_custom_heading heading_semantic=&#8220;h3&#8243; text_size=&#8220;h4&#8243; text_height=&#8220;&#8220; uncode_shortcode_id=&#8220;122081&#8243;]Einfache Wartung und Instandhaltung der Ger\u00e4te[\/vc_custom_heading][vc_empty_space empty_h=&#8220;2&#8243;][\/vc_column_inner][\/vc_row_inner][\/vc_column][\/vc_row][vc_row unlock_row_content=&#8220;yes&#8220; row_height_percent=&#8220;100&#8243; override_padding=&#8220;yes&#8220; h_padding=&#8220;0&#8243; top_padding=&#8220;0&#8243; bottom_padding=&#8220;0&#8243; overlay_alpha=&#8220;50&#8243; equal_height=&#8220;yes&#8220; gutter_size=&#8220;3&#8243; column_width_percent=&#8220;100&#8243; shift_y=&#8220;0&#8243; z_index=&#8220;0&#8243;][vc_column column_width_percent=&#8220;100&#8243; position_vertical=&#8220;middle&#8220; gutter_size=&#8220;3&#8243; back_image=&#8220;2286&#8243; overlay_alpha=&#8220;50&#8243; shift_x=&#8220;0&#8243; shift_y=&#8220;0&#8243; shift_y_down=&#8220;0&#8243; z_index=&#8220;0&#8243; medium_width=&#8220;0&#8243; mobile_width=&#8220;0&#8243; width=&#8220;1\/2&#8243; uncode_shortcode_id=&#8220;189793&#8243;][\/vc_column][vc_column column_width_percent=&#8220;100&#8243; position_vertical=&#8220;middle&#8220; align_horizontal=&#8220;align_center&#8220; gutter_size=&#8220;3&#8243; overlay_alpha=&#8220;50&#8243; shift_x=&#8220;0&#8243; shift_y=&#8220;0&#8243; shift_y_down=&#8220;0&#8243; z_index=&#8220;0&#8243; medium_width=&#8220;0&#8243; mobile_width=&#8220;0&#8243; width=&#8220;1\/2&#8243;][vc_row_inner row_inner_height_percent=&#8220;0&#8243; overlay_alpha=&#8220;50&#8243; equal_height=&#8220;yes&#8220; gutter_size=&#8220;4&#8243; shift_y=&#8220;0&#8243; z_index=&#8220;0&#8243; limit_content=&#8220;&#8220;][vc_column_inner column_width_percent=&#8220;100&#8243; position_vertical=&#8220;middle&#8220; align_horizontal=&#8220;align_center&#8220; gutter_size=&#8220;3&#8243; overlay_alpha=&#8220;50&#8243; shift_x=&#8220;0&#8243; shift_y=&#8220;0&#8243; shift_y_down=&#8220;0&#8243; z_index=&#8220;0&#8243; medium_width=&#8220;0&#8243; mobile_width=&#8220;0&#8243; width=&#8220;1\/1&#8243;][vc_custom_heading text_weight=&#8220;600&#8243; text_height=&#8220;&#8220; uncode_shortcode_id=&#8220;400086&#8243;]Warum wir?[\/vc_custom_heading][vc_column_text uncode_shortcode_id=&#8220;222139&#8243;]<\/p>\n<h5>&gt; Wir entwickeln Abgasreinigungsausr\u00fcstung, die Ihren Anforderungen entsprechen<\/h5>\n<h5>&gt; Wir f\u00fchren ein Audit der Parameter der Verbrennungsanlage durch<\/h5>\n<h5>&gt; Wir unterst\u00fctzen Sie bei der vollst\u00e4ndigen Einhaltung der EU-Richtlinien<\/h5>\n<h5>&gt; Wir gew\u00e4hren bis zu 5 Jahre Garantie<\/h5>\n<h5><span style=\"font-family: -apple-system, BlinkMacSystemFont, 'Segoe UI', Roboto, Oxygen-Sans, Ubuntu, Cantarell, 'Helvetica Neue', sans-serif;\">&gt; Service- und Beratungsleistungen (Garantie- und Nachgarantiezeit) \u2013 24 Stunden am Tag.<\/span><\/h5>\n<h5><span style=\"font-family: -apple-system, BlinkMacSystemFont, 'Segoe UI', Roboto, Oxygen-Sans, Ubuntu, Cantarell, 'Helvetica Neue', sans-serif;\">&gt; Installationsservices<\/span><\/h5>\n<h5><\/h5>\n<p>&nbsp;<\/p>\n<p>&nbsp;<\/p>\n<p>&nbsp;<\/p>\n<p>&nbsp;<\/p>\n<p>&nbsp;<\/p>\n<p>[\/vc_column_text][vc_button button_color=&#8220;color-115100&#8243; radius=&#8220;btn-circle&#8220; border_width=&#8220;0&#8243; width=&#8220;150&#8243; link=&#8220;url:https%3A%2F%2Fallincontainer.eu%2Fde%2Fueber-uns%2F|title:Apie%20mus&#8220; button_color_type=&#8220;uncode-palette&#8220; uncode_shortcode_id=&#8220;963652&#8243;]\u00dcBER UNS[\/vc_button][\/vc_column_inner][\/vc_row_inner][\/vc_column][\/vc_row][vc_row][vc_column column_width_percent=&#8220;100&#8243; gutter_size=&#8220;3&#8243; overlay_alpha=&#8220;50&#8243; shadow=&#8220;lg&#8220; shift_x=&#8220;0&#8243; shift_y=&#8220;0&#8243; shift_y_down=&#8220;0&#8243; z_index=&#8220;0&#8243; medium_width=&#8220;0&#8243; mobile_width=&#8220;0&#8243; width=&#8220;1\/2&#8243; uncode_shortcode_id=&#8220;107781&#8243;][vc_single_image media=&#8220;2231&#8243; media_width_percent=&#8220;50&#8243; alignment=&#8220;center&#8220; uncode_shortcode_id=&#8220;195965&#8243;][vc_column_text uncode_shortcode_id=&#8220;200033&#8243;]<\/p>\n<p style=\"text-align: center;\" data-start=\"0\" data-end=\"352\">Unser offizieller Partner in Finnland ist B &amp; A Energy, ein Unternehmen, das energieeffiziente und umweltfreundliche Produktionssysteme mit umfassenden Energiel\u00f6sungen entwickelt. Gemeinsam werden wir hocheffiziente Elektrofilter auf dem finnischen Markt einf\u00fchren \u2013 eine wichtige Technologie, die die Luftverschmutzung reduziert und zur Einhaltung von Umweltstandards beitr\u00e4gt.<\/p>\n<p style=\"text-align: center;\" data-start=\"354\" data-end=\"518\" data-is-last-node=\"\" data-is-only-node=\"\"><strong>B &amp; A Energy OY<\/strong><br data-start=\"373\" data-end=\"376\" \/>Kalevan puistotie 24 A 56, 33500 Tampere, Finnland\u00a0<br data-start=\"428\" data-end=\"431\" \/>+358 6 781 21 31 | <a rel=\"noopener\" data-start=\"455\" data-end=\"471\">info@baenergy.fi<\/a><br data-start=\"471\" data-end=\"474\" \/><a href=\"http:\/\/www.baenergy.fi\/\" target=\"_new\" rel=\"noopener\" data-start=\"477\" data-end=\"518\" data-is-last-node=\"\">www.baenergy.fi<\/a><\/p>\n<p>[\/vc_column_text][\/vc_column][vc_column column_width_percent=&#8220;100&#8243; gutter_size=&#8220;3&#8243; overlay_alpha=&#8220;50&#8243; shadow=&#8220;lg&#8220; shift_x=&#8220;0&#8243; shift_y=&#8220;0&#8243; shift_y_down=&#8220;0&#8243; z_index=&#8220;0&#8243; medium_width=&#8220;0&#8243; mobile_width=&#8220;0&#8243; width=&#8220;1\/2&#8243; uncode_shortcode_id=&#8220;105524&#8243;][vc_single_image media=&#8220;2232&#8243; media_width_percent=&#8220;97&#8243; uncode_shortcode_id=&#8220;111755&#8243;][vc_row_inner limit_content=&#8220;&#8220;][vc_column_inner width=&#8220;1\/1&#8243;][vc_column_text uncode_shortcode_id=&#8220;141121&#8243;]<\/p>\n<p style=\"text-align: center;\">Das Team von &#8222;AIC Tech&#8220; ist in Zusammenarbeit mit Kraft Powercon zertifizierter KRAFT Classic- und SmartKraft-Kundendienst- und Servicepartner. Mit dieser Zertifizierung sind wir bereit, zuverl\u00e4ssige Dienstleistungen und technische Wartung in Litauen, Lettland und Estland anzubieten.<\/p>\n<p style=\"text-align: center;\">KRAFT Classic ist ein zuverl\u00e4ssiger und langlebiger Hochspannungstransformator f\u00fcr Branchen, die stabile elektrische Energie ben\u00f6tigen.<\/p>\n<p style=\"text-align: center;\">SmartKraft bietet Fern\u00fcberwachungs- und Energiesparfunktionen, die Unternehmen dabei helfen, ihren StromverbAbgas zu optimieren und Kosten zu senken.<\/p>\n<p>[\/vc_column_text][\/vc_column_inner][\/vc_row_inner][\/vc_column][\/vc_row]<\/p>\n<\/div>","protected":false},"excerpt":{"rendered":"<p>[vc_row unlock_row_content=&#8220;yes&#8220; row_height_percent=&#8220;100&#8243; override_padding=&#8220;yes&#8220; h_padding=&#8220;0&#8243; top_padding=&#8220;0&#8243; bottom_padding=&#8220;0&#8243; overlay_alpha=&#8220;50&#8243; equal_height=&#8220;yes&#8220; gutter_size=&#8220;0&#8243; column_width_percent=&#8220;100&#8243; shift_y=&#8220;0&#8243; z_index=&#8220;0&#8243;][vc_column column_width_percent=&#8220;100&#8243; position_vertical=&#8220;middle&#8220; align_horizontal=&#8220;align_center&#8220; gutter_size=&#8220;3&#8243; overlay_alpha=&#8220;50&#8243; shift_x=&#8220;0&#8243; shift_y=&#8220;0&#8243; [&hellip;]<\/p>\n","protected":false},"author":1,"featured_media":0,"parent":0,"menu_order":0,"comment_status":"closed","ping_status":"closed","template":"","meta":{"footnotes":""},"class_list":["post-2209","page","type-page","status-publish","hentry"],"yoast_head":"<!-- This site is optimized with the Yoast SEO plugin v27.6 - https:\/\/yoast.com\/product\/yoast-seo-wordpress\/ -->\n<title>AIC Tech - Elektrofilter - Prozessautomatisier<\/title>\n<meta name=\"description\" content=\"AIC Tech Einrichtungen und L\u00f6sungen f\u00fcr die Abgasreinigung, Prozessautomatisierung und SPS-Programmierung anbieten.\" \/>\n<meta name=\"robots\" content=\"index, follow, max-snippet:-1, max-image-preview:large, max-video-preview:-1\" \/>\n<link rel=\"canonical\" href=\"https:\/\/allincontainer.eu\/de\/\" \/>\n<meta property=\"og:locale\" content=\"de_DE\" \/>\n<meta property=\"og:type\" content=\"article\" \/>\n<meta property=\"og:title\" content=\"AIC Tech - Elektrofilter - Prozessautomatisier\" \/>\n<meta property=\"og:description\" content=\"AIC Tech Einrichtungen und L\u00f6sungen f\u00fcr die Abgasreinigung, Prozessautomatisierung und SPS-Programmierung anbieten.\" \/>\n<meta property=\"og:url\" content=\"https:\/\/allincontainer.eu\/de\/\" \/>\n<meta property=\"og:site_name\" content=\"AIC\" \/>\n<meta property=\"article:modified_time\" content=\"2026-05-13T07:31:18+00:00\" \/>\n<meta name=\"twitter:card\" content=\"summary_large_image\" \/>\n<meta name=\"twitter:label1\" content=\"Gesch\u00e4tzte Lesezeit\" \/>\n\t<meta name=\"twitter:data1\" content=\"8\u00a0Minuten\" \/>\n<script type=\"application\/ld+json\" class=\"yoast-schema-graph\">{\"@context\":\"https:\\\/\\\/schema.org\",\"@graph\":[{\"@type\":\"WebPage\",\"@id\":\"https:\\\/\\\/allincontainer.eu\\\/de\\\/\",\"url\":\"https:\\\/\\\/allincontainer.eu\\\/de\\\/\",\"name\":\"AIC Tech - Elektrofilter - Prozessautomatisier\",\"isPartOf\":{\"@id\":\"https:\\\/\\\/allincontainer.eu\\\/#website\"},\"datePublished\":\"2021-04-30T11:07:49+00:00\",\"dateModified\":\"2026-05-13T07:31:18+00:00\",\"description\":\"AIC Tech Einrichtungen und L\u00f6sungen f\u00fcr die Abgasreinigung, Prozessautomatisierung und SPS-Programmierung anbieten.\",\"breadcrumb\":{\"@id\":\"https:\\\/\\\/allincontainer.eu\\\/de\\\/#breadcrumb\"},\"inLanguage\":\"de\",\"potentialAction\":[{\"@type\":\"ReadAction\",\"target\":[\"https:\\\/\\\/allincontainer.eu\\\/de\\\/\"]}]},{\"@type\":\"BreadcrumbList\",\"@id\":\"https:\\\/\\\/allincontainer.eu\\\/de\\\/#breadcrumb\",\"itemListElement\":[{\"@type\":\"ListItem\",\"position\":1,\"name\":\"Home\",\"item\":\"https:\\\/\\\/allincontainer.eu\\\/de\\\/\"},{\"@type\":\"ListItem\",\"position\":2,\"name\":\"AIC Tech: Elektrofilter und Prozessautomatisierung\"}]},{\"@type\":\"WebSite\",\"@id\":\"https:\\\/\\\/allincontainer.eu\\\/#website\",\"url\":\"https:\\\/\\\/allincontainer.eu\\\/\",\"name\":\"AIC\",\"description\":\"Filters and Automation\",\"potentialAction\":[{\"@type\":\"SearchAction\",\"target\":{\"@type\":\"EntryPoint\",\"urlTemplate\":\"https:\\\/\\\/allincontainer.eu\\\/?s={search_term_string}\"},\"query-input\":{\"@type\":\"PropertyValueSpecification\",\"valueRequired\":true,\"valueName\":\"search_term_string\"}}],\"inLanguage\":\"de\"}]}<\/script>\n<!-- \/ Yoast SEO plugin. -->","yoast_head_json":{"title":"AIC Tech - Elektrofilter - Prozessautomatisier","description":"AIC Tech Einrichtungen und L\u00f6sungen f\u00fcr die Abgasreinigung, Prozessautomatisierung und SPS-Programmierung anbieten.","robots":{"index":"index","follow":"follow","max-snippet":"max-snippet:-1","max-image-preview":"max-image-preview:large","max-video-preview":"max-video-preview:-1"},"canonical":"https:\/\/allincontainer.eu\/de\/","og_locale":"de_DE","og_type":"article","og_title":"AIC Tech - Elektrofilter - Prozessautomatisier","og_description":"AIC Tech Einrichtungen und L\u00f6sungen f\u00fcr die Abgasreinigung, Prozessautomatisierung und SPS-Programmierung anbieten.","og_url":"https:\/\/allincontainer.eu\/de\/","og_site_name":"AIC","article_modified_time":"2026-05-13T07:31:18+00:00","twitter_card":"summary_large_image","twitter_misc":{"Gesch\u00e4tzte Lesezeit":"8\u00a0Minuten"},"schema":{"@context":"https:\/\/schema.org","@graph":[{"@type":"WebPage","@id":"https:\/\/allincontainer.eu\/de\/","url":"https:\/\/allincontainer.eu\/de\/","name":"AIC Tech - Elektrofilter - Prozessautomatisier","isPartOf":{"@id":"https:\/\/allincontainer.eu\/#website"},"datePublished":"2021-04-30T11:07:49+00:00","dateModified":"2026-05-13T07:31:18+00:00","description":"AIC Tech Einrichtungen und L\u00f6sungen f\u00fcr die Abgasreinigung, Prozessautomatisierung und SPS-Programmierung anbieten.","breadcrumb":{"@id":"https:\/\/allincontainer.eu\/de\/#breadcrumb"},"inLanguage":"de","potentialAction":[{"@type":"ReadAction","target":["https:\/\/allincontainer.eu\/de\/"]}]},{"@type":"BreadcrumbList","@id":"https:\/\/allincontainer.eu\/de\/#breadcrumb","itemListElement":[{"@type":"ListItem","position":1,"name":"Home","item":"https:\/\/allincontainer.eu\/de\/"},{"@type":"ListItem","position":2,"name":"AIC Tech: Elektrofilter und Prozessautomatisierung"}]},{"@type":"WebSite","@id":"https:\/\/allincontainer.eu\/#website","url":"https:\/\/allincontainer.eu\/","name":"AIC","description":"Filters and Automation","potentialAction":[{"@type":"SearchAction","target":{"@type":"EntryPoint","urlTemplate":"https:\/\/allincontainer.eu\/?s={search_term_string}"},"query-input":{"@type":"PropertyValueSpecification","valueRequired":true,"valueName":"search_term_string"}}],"inLanguage":"de"}]}},"_links":{"self":[{"href":"https:\/\/allincontainer.eu\/de\/wp-json\/wp\/v2\/pages\/2209","targetHints":{"allow":["GET"]}}],"collection":[{"href":"https:\/\/allincontainer.eu\/de\/wp-json\/wp\/v2\/pages"}],"about":[{"href":"https:\/\/allincontainer.eu\/de\/wp-json\/wp\/v2\/types\/page"}],"author":[{"embeddable":true,"href":"https:\/\/allincontainer.eu\/de\/wp-json\/wp\/v2\/users\/1"}],"replies":[{"embeddable":true,"href":"https:\/\/allincontainer.eu\/de\/wp-json\/wp\/v2\/comments?post=2209"}],"version-history":[{"count":10,"href":"https:\/\/allincontainer.eu\/de\/wp-json\/wp\/v2\/pages\/2209\/revisions"}],"predecessor-version":[{"id":2445,"href":"https:\/\/allincontainer.eu\/de\/wp-json\/wp\/v2\/pages\/2209\/revisions\/2445"}],"wp:attachment":[{"href":"https:\/\/allincontainer.eu\/de\/wp-json\/wp\/v2\/media?parent=2209"}],"curies":[{"name":"wp","href":"https:\/\/api.w.org\/{rel}","templated":true}]}}